{"id":2820,"date":"2021-10-13T18:28:23","date_gmt":"2021-10-13T16:28:23","guid":{"rendered":"https:\/\/antcube.shop\/produkt\/ameisen-ausbruchsschutz-ol-10ml\/"},"modified":"2026-04-22T17:06:20","modified_gmt":"2026-04-22T15:06:20","slug":"ameisen-ausbruchsschutz-ol-10ml","status":"publish","type":"product","link":"https:\/\/antcube.shop\/lv\/products\/ameisen-ausbruchsschutz-ol-10ml\/","title":{"rendered":"E\u013c\u013ca aizsardz\u012bbai pret skudru izb\u0113g\u0161anu 10ml"},"content":{"rendered":"<p><strong>Saturs:<\/strong> 10 ml (pietiek apm\u0113ram 10-15 metriem 2 cm platas sloksnes)<\/p>\n<p><strong>Kr\u0101sa:<\/strong> caursp\u012bd\u012bgs, bezkr\u0101sains<\/p>\n<p><strong>Materi\u0101ls:<\/strong> uz paraf\u012bna e\u013c\u013cas b\u0101zes<\/p>\n<p><strong>Priek\u0161roc\u012bbas:<\/strong> Var uzkl\u0101t uz vis\u0101m glud\u0101m virsm\u0101m, piem\u0113ram, stikla vai plastmasas:<\/p>\n<p><strong>Tr\u016bkumi:<\/strong> Lielu koloniju gad\u012bjum\u0101 dz\u012bvnieki, staig\u0101jot pa e\u013c\u013cas virsmu, var izklied\u0113t e\u013c\u013cu pa stiklu, t\u0101p\u0113c stikls laika gait\u0101 ir j\u0101att\u012bra.<\/p>\n<p><strong>Pieteikums:<\/strong> Pl\u0113vei j\u0101b\u016bt apm\u0113ram 3 reizes plat\u0101kai pie iek\u0161\u0113j\u0101s malas, nek\u0101 skudras ir garas, un tai j\u0101b\u016bt uzkl\u0101tai bez pil\u0113\u0161anas.<\/p>\n<p><strong>Atjauno\u0161ana:<\/strong> 2-4 m\u0113ne\u0161i atkar\u012bb\u0101 no kolonijas lieluma un sezonas.<\/p>\n<p><strong>Piez\u012bme:<\/strong> Dz\u012bvniekiem ar e\u013c\u013cu j\u0101saskaras tikai ar \"k\u0101j\u0101m\". Lielu pilienu veido\u0161an\u0101s gad\u012bjum\u0101 past\u0101v risks, ka dz\u012bvnieki var ieb\u0101zt galvu pilien\u0101 un aizdusa no e\u013c\u013cas.<\/p>\n<p><a href=\"https:\/\/antcube.shop\/wp-content\/uploads\/2022\/02\/ant_escape_protection_oil_en.pdf\">Dro\u0161\u012bbas datu lapa aizsardz\u012bbai pret skudru izlau\u0161anos, (PDF 0,1 MB)<\/a><br \/>\n(Satur: dro\u0161\u012bbas instrukcijas)<\/p>\n<p>&nbsp;<\/p>","protected":false},"excerpt":{"rendered":"<p>Saturs: Kr\u0101sa: caursp\u012bd\u012bga, bezkr\u0101saina Materi\u0101ls: paraf\u012bna e\u013c\u013cas b\u0101ze Priek\u0161roc\u012bbas: Var uzkl\u0101t uz vis\u0101m glud\u0101m virsm\u0101m, piem\u0113ram, stikla vai plastmasas: Tr\u016bkumi: lielu koloniju gad\u012bjum\u0101 dz\u012bvnieki, staig\u0101jot pa e\u013c\u013cas virsmu, var izplat\u012bt e\u013c\u013cu pa stiklu,","protected":false},"featured_media":303,"comment_status":"open","ping_status":"closed","template":"","meta":{"_acf_changed":false,"content-type":"","_monsterinsights_skip_tracking":false,"_monsterinsights_sitenote_active":false,"_monsterinsights_sitenote_note":"","_monsterinsights_sitenote_category":0},"product_brand":[],"product_cat":[237],"product_tag":[],"class_list":{"0":"post-2820","1":"product","2":"type-product","3":"status-publish","4":"has-post-thumbnail","6":"product_cat-tools","8":"first","9":"instock","10":"taxable","11":"shipping-taxable","12":"purchasable","13":"product-type-simple"},"acf":[],"aioseo_notices":[],"jetpack_sharing_enabled":true,"_links":{"self":[{"href":"https:\/\/antcube.shop\/lv\/wp-json\/wp\/v2\/product\/2820","targetHints":{"allow":["GET"]}}],"collection":[{"href":"https:\/\/antcube.shop\/lv\/wp-json\/wp\/v2\/product"}],"about":[{"href":"https:\/\/antcube.shop\/lv\/wp-json\/wp\/v2\/types\/product"}],"replies":[{"embeddable":true,"href":"https:\/\/antcube.shop\/lv\/wp-json\/wp\/v2\/comments?post=2820"}],"wp:featuredmedia":[{"embeddable":true,"href":"https:\/\/antcube.shop\/lv\/wp-json\/wp\/v2\/media\/303"}],"wp:attachment":[{"href":"https:\/\/antcube.shop\/lv\/wp-json\/wp\/v2\/media?parent=2820"}],"wp:term":[{"taxonomy":"product_brand","embeddable":true,"href":"https:\/\/antcube.shop\/lv\/wp-json\/wp\/v2\/product_brand?post=2820"},{"taxonomy":"product_cat","embeddable":true,"href":"https:\/\/antcube.shop\/lv\/wp-json\/wp\/v2\/product_cat?post=2820"},{"taxonomy":"product_tag","embeddable":true,"href":"https:\/\/antcube.shop\/lv\/wp-json\/wp\/v2\/product_tag?post=2820"}],"curies":[{"name":"wp","href":"https:\/\/api.w.org\/{rel}","templated":true}]}}