{"id":2818,"date":"2021-10-13T18:27:45","date_gmt":"2021-10-13T16:27:45","guid":{"rendered":"https:\/\/antcube.shop\/produkt\/schlauch-transparent-14-10-mm\/"},"modified":"2026-04-18T22:32:11","modified_gmt":"2026-04-18T20:32:11","slug":"schlauch-transparent-14-10-mm","status":"publish","type":"product","link":"https:\/\/antcube.shop\/lv\/products\/schlauch-transparent-14-10-mm\/","title":{"rendered":"Caursp\u012bd\u012bga \u0161\u013c\u016btene 14\/10 mm"},"content":{"rendered":"<p><strong>Izm\u0113ri:<\/strong><br \/>\n\u0100r\u0113jais diametrs: 14 mm<br \/>\nIek\u0161\u0113jais diametrs: 10 mm<br \/>\nSienas biezums: 2 mm<\/p>\n<p><strong>Garums:<\/strong> 1 metrs (iesp\u0113jams l\u012bdz 50 metriem vien\u0101 gabal\u0101)<\/p>\n<p><strong>Apraksts:<\/strong> Caursp\u012bd\u012bgas PVC caurules <strong>bez mar\u0137\u0113juma<\/strong>. Ide\u0101li piem\u0113rots skudru taku ier\u012bko\u0161anai vai formik\u0101riju savieno\u0161anai.<\/p>\n<p><strong>Piez\u012bme:<\/strong> \u0160\u012bs ir netoksiskas p\u0101rtikas \u0161\u013c\u016btenes.<\/p>","protected":false},"excerpt":{"rendered":"<p><img decoding=\"async\" src=\"\/shop\/images\/rolle-1m.gif\" alt=\"\" \/><\/p>","protected":false},"featured_media":359,"comment_status":"open","ping_status":"closed","template":"","meta":{"_acf_changed":false,"content-type":"","_monsterinsights_skip_tracking":false,"_monsterinsights_sitenote_active":false,"_monsterinsights_sitenote_note":"","_monsterinsights_sitenote_category":0},"product_brand":[],"product_cat":[120],"product_tag":[],"class_list":{"0":"post-2818","1":"product","2":"type-product","3":"status-publish","4":"has-post-thumbnail","6":"product_cat-hoses","8":"first","9":"instock","10":"taxable","11":"shipping-taxable","12":"purchasable","13":"product-type-simple"},"acf":[],"aioseo_notices":[],"jetpack_sharing_enabled":true,"_links":{"self":[{"href":"https:\/\/antcube.shop\/lv\/wp-json\/wp\/v2\/product\/2818","targetHints":{"allow":["GET"]}}],"collection":[{"href":"https:\/\/antcube.shop\/lv\/wp-json\/wp\/v2\/product"}],"about":[{"href":"https:\/\/antcube.shop\/lv\/wp-json\/wp\/v2\/types\/product"}],"replies":[{"embeddable":true,"href":"https:\/\/antcube.shop\/lv\/wp-json\/wp\/v2\/comments?post=2818"}],"wp:featuredmedia":[{"embeddable":true,"href":"https:\/\/antcube.shop\/lv\/wp-json\/wp\/v2\/media\/359"}],"wp:attachment":[{"href":"https:\/\/antcube.shop\/lv\/wp-json\/wp\/v2\/media?parent=2818"}],"wp:term":[{"taxonomy":"product_brand","embeddable":true,"href":"https:\/\/antcube.shop\/lv\/wp-json\/wp\/v2\/product_brand?post=2818"},{"taxonomy":"product_cat","embeddable":true,"href":"https:\/\/antcube.shop\/lv\/wp-json\/wp\/v2\/product_cat?post=2818"},{"taxonomy":"product_tag","embeddable":true,"href":"https:\/\/antcube.shop\/lv\/wp-json\/wp\/v2\/product_tag?post=2818"}],"curies":[{"name":"wp","href":"https:\/\/api.w.org\/{rel}","templated":true}]}}