{"id":2816,"date":"2021-10-13T18:27:16","date_gmt":"2021-10-13T16:27:16","guid":{"rendered":"https:\/\/antcube.shop\/produkt\/pinzette-federstahl-breit-weich\/"},"modified":"2026-04-07T19:55:11","modified_gmt":"2026-04-07T17:55:11","slug":"pincetes-spiede-stellas-plasa-miksta","status":"publish","type":"product","link":"https:\/\/antcube.shop\/lv\/products\/pincetes-spiede-stellas-plasa-miksta\/","title":{"rendered":"Pincete atsperu t\u0113rauda - plata - m\u012bksta"},"content":{"rendered":"<p><strong>Garums:<\/strong> 115 mm<\/p>\n<p><strong>Materi\u0101ls:<\/strong> atsperu t\u0113rauds 0,25 mm<\/p>\n<p><strong>Apraksts:<\/strong> Atsperu t\u0113rauda pincete. Ide\u0101li piem\u0113rots skudru \"pacel\u0161anai\", jo ar \u0161\u0101da veida pincetes spiediens ir nedaudz ierobe\u017eots, un t\u0101p\u0113c skudras nav tik viegli \"saspiest\".<\/p>","protected":false},"excerpt":{"rendered":"<p>Garums: 115 mm, Materi\u0101ls: atsperu t\u0113rauds<\/p>","protected":false},"featured_media":5603,"comment_status":"open","ping_status":"closed","template":"","meta":{"_acf_changed":false,"content-type":"","_monsterinsights_skip_tracking":false,"_monsterinsights_sitenote_active":false,"_monsterinsights_sitenote_note":"","_monsterinsights_sitenote_category":0},"product_brand":[],"product_cat":[237],"product_tag":[],"class_list":{"0":"post-2816","1":"product","2":"type-product","3":"status-publish","4":"has-post-thumbnail","6":"product_cat-tools","8":"first","9":"instock","10":"taxable","11":"shipping-taxable","12":"purchasable","13":"product-type-simple"},"acf":[],"aioseo_notices":[],"jetpack_sharing_enabled":true,"_links":{"self":[{"href":"https:\/\/antcube.shop\/lv\/wp-json\/wp\/v2\/product\/2816","targetHints":{"allow":["GET"]}}],"collection":[{"href":"https:\/\/antcube.shop\/lv\/wp-json\/wp\/v2\/product"}],"about":[{"href":"https:\/\/antcube.shop\/lv\/wp-json\/wp\/v2\/types\/product"}],"replies":[{"embeddable":true,"href":"https:\/\/antcube.shop\/lv\/wp-json\/wp\/v2\/comments?post=2816"}],"wp:featuredmedia":[{"embeddable":true,"href":"https:\/\/antcube.shop\/lv\/wp-json\/wp\/v2\/media\/5603"}],"wp:attachment":[{"href":"https:\/\/antcube.shop\/lv\/wp-json\/wp\/v2\/media?parent=2816"}],"wp:term":[{"taxonomy":"product_brand","embeddable":true,"href":"https:\/\/antcube.shop\/lv\/wp-json\/wp\/v2\/product_brand?post=2816"},{"taxonomy":"product_cat","embeddable":true,"href":"https:\/\/antcube.shop\/lv\/wp-json\/wp\/v2\/product_cat?post=2816"},{"taxonomy":"product_tag","embeddable":true,"href":"https:\/\/antcube.shop\/lv\/wp-json\/wp\/v2\/product_tag?post=2816"}],"curies":[{"name":"wp","href":"https:\/\/api.w.org\/{rel}","templated":true}]}}