{"id":2751,"date":"2021-10-08T12:07:03","date_gmt":"2021-10-08T10:07:03","guid":{"rendered":"https:\/\/antcube.shop\/produkt\/antcube-starter-set-m-20x20-wiese\/"},"modified":"2026-03-30T12:53:16","modified_gmt":"2026-03-30T10:53:16","slug":"antcube-starter-set-m-20x20-wiese","status":"publish","type":"product","link":"https:\/\/antcube.shop\/lv\/products\/antcube-starter-set-m-20x20-wiese\/","title":{"rendered":"ANTCUBE Starter Set M - 20\u00d720 - P\u013cava"},"content":{"rendered":"<p><strong>Saturs:<\/strong><br \/>\n1x ANTCUBE - Arena 20x20x10 - plakans<br \/>\n1x skudru ar\u0113nas r\u0101mis 20\u00d720<br \/>\n1x skudru ar\u0113nas v\u0101ks 20\u00d720<br \/>\n4x ar\u0113nas v\u0101ka stiprin\u0101juma punkts<br \/>\n2x ANTCUBE - skudru ferma - L - 20\u00d720 - vertik\u0101l\u0101 st\u0101vokl\u012b<\/p>\n<p>1x 0,5 m caursp\u012bd\u012bga caurule 14\/10 mm<br \/>\n2x ANTCUBE - Sarkana folija 20\u00d720 - filtrs<br \/>\n1x l\u012bmes skavas - caursp\u012bd\u012bgas 2 gab.<br \/>\n1x substr\u0101ts - p\u013cava - 1kg<br \/>\n1x Formicarium granulas 200ml - smil\u0161kr\u0101sas kr\u0101s\u0101<\/p>\n<p>2x Grid insert acrylic &#8211; 50 mm with sealing ring<br \/>\n1x Grid insert acrylic &#8211; 27 mm with sealing ring<br \/>\n1x Grid cap &#8211; 10mm &#8211; stainless steel<\/p>\n<p>1x tvertnes \u0161\u013c\u016btenes savienot\u0101js 27-14,16,20 mm - caursp\u012bd\u012bgs<br \/>\n1x E\u013c\u013ca aizsardz\u012bbai pret skudru izb\u0113g\u0161anu 10ml<br \/>\n1x Pincete atsperu t\u0113rauda - plata - m\u012bksta<br \/>\n1x Pincete plastmasas caursp\u012bd\u012bga<br \/>\n1x Plastmasas pipete 3ml<br \/>\n1x rokas lupa - 2x - 30 mm<br \/>\n1x putu t\u012br\u012bt\u0101js 150x18x2,5 mm<\/p>\n<p>1x drinking clear 5ml &#8211; sponge<br \/>\n1x Feeding dish white rectangle &#8211; 3 compartments<br \/>\n1x Dzeramais trauks 2ml - 360 gr\u0101di<br \/>\n1x Foil thermometer &#8211; farm<br \/>\n1x Foil thermometer display<br \/>\n1x foto mugura - p\u013cava - 20\u00d710<\/p>\n<p><strong>Apraksts:<\/strong><br \/>\n\u0160is starta komplekts ir piem\u0113rots vis\u0101m skudru sug\u0101m, kas dz\u012bvo p\u013cav\u0101s un laukos.<\/p>\n<p>Piln\u012bb\u0101 caursp\u012bd\u012bg\u0101 saimniec\u012bb\u0101 (ligzd\u0101), lai aizpild\u012btu saimniec\u012bbu, tiek izmantots \"Augsne - tuksnesis\". Ja nepiecie\u0161ams, caur 50 mm caurumiem v\u0101k\u0101 var pievienot papildu modu\u013cus, piem\u0113ram, atsevi\u0161\u0137i pieejamos miglot\u0101jus, ventilatorus vai apgaismojumu. K\u0101 alternat\u012bva ir pievienoti piem\u0113roti formik\u0101rija aizb\u0101\u017e\u0146i, lai aiztais\u012btu atveres. Ja nepiecie\u0161ams, formik\u0101riju var darbin\u0101t ar\u012b atv\u0113rtu, vienk\u0101r\u0161i piestiprinot no\u0146emamo r\u0101mi un uz malas uzkl\u0101jot skudru izk\u013c\u016b\u0161anas aizsardz\u012bbas e\u013c\u013cu. \"Dzeramais kor\u012btis 2 ml - 360 gr\u0101di\" ir paredz\u0113ts medus\/cukura \u0161\u0137\u012bdumam, \"Dzeramais kor\u012btis caursp\u012bd\u012bgs 20 ml - s\u016bklis\" - \u016bdenim. \"Mini termohigrometru\" var piestiprin\u0101t pie r\u0101mja vai v\u0101ka, un tas par\u0101da klimata v\u0113rt\u012bbas.<\/p>\n<p><strong>Svar\u012bgi:<\/strong> Pirms lieto\u0161anas substr\u0101tu samitriniet, lai mais\u012bjums var\u0113tu saist\u012bties un nostiprin\u0101ties skudru ferm\u0101. Turkl\u0101t, ja substr\u0101ts ir p\u0101r\u0101k sauss un putek\u013cains, skudru elpce\u013ci var tikt aizsprostoti un slikt\u0101kaj\u0101 gad\u012bjum\u0101 dz\u012bvnieki var aizdusa.<\/p>\n<p><strong>Ieteikums: <\/strong>M\u0113s iesak\u0101m izmantot 2 mm augstu substr\u0101ta sl\u0101ni, lai dz\u012bvnieki nevar\u0113tu ierakt ar\u0113n\u0101 un t\u0101 viet\u0101 izmantotu \u0161im nol\u016bkam paredz\u0113to fermu. M\u0113s ar\u012b iesak\u0101m, lai ligzdu materi\u0101ls ferm\u0101 (smiltis\/m\u0101ls, Digfix u. c.) b\u016btu viegli uzb\u0113rts vien\u0101 viet\u0101, lai dz\u012bvniekiem b\u016btu viegl\u0101k rakt.<\/p>\n<p><strong>Piez\u012bmes par ra\u017eo\u0161anu<\/strong><br \/>\nStikls tiek sagriezts atbilsto\u0161i izm\u0113ram saska\u0146\u0101 ar DIN 1249 ar pielaidi +\/- 1 mm. \u012apa\u0161i maz\u0101m skudru sug\u0101m ir nepiecie\u0161ama papildu aizsardz\u012bba pret izlau\u0161anos.<\/p>\n<p><strong>Piez\u012bmes par saimniec\u012bbu<\/strong><br \/>\nPievienojot vai atvienojot \u0161\u013c\u016btenes, \u0146emiet v\u0113r\u0101 \u0161\u0101dus nor\u0101d\u012bjumus:<br \/>\nJa caurul\u012bti ir \u013coti gr\u016bti ievietot savienojuma ligzd\u0101, ligzda ir viegli j\u0101noberz\u0113 ar pilienu m\u016bsu e\u013c\u013cas vai pulvera aizsardz\u012bbai pret izlau\u0161anos. P\u0113c tam \u0161\u013c\u016btene j\u0101uzstumj uz savienojuma ligzdas, veicot pagrie\u017eamas vai skr\u016bv\u0113jamas kust\u012bbas, nesasprindzinot ligzdu ar kust\u012bb\u0101m uz aug\u0161u un uz leju. Tas pats attiecas ar\u012b uz \u0161\u013c\u016bte\u0146u no\u0146em\u0161anu no saimniec\u012bbas savienojuma ligzdas. L\u016bdzu, vienk\u0101r\u0161i neno\u0146emiet to!<\/p>\n<p><strong>Instrukcijas: <\/strong>(2023. gada versija, atjaunin\u0101t\u0101 2024. gada versija b\u016bs pieejama ne v\u0113l\u0101k k\u0101 04\/2024. gad\u0101)<\/p>\n<p>- DE <a href=\"https:\/\/www.antstore.net\/shop\/images\/info\/de\/Gebrauchsanweisung%20Starter%20Set%20Habitat.pdf\" data-cke-saved-href=\"https:\/\/www.antstore.net\/shop\/images\/info\/de\/Gebrauchsanweisung%20Starter%20Set%20Habitat.pdf\">Gebrauchsanweisung Starter Set Habitat<\/a> (PDF 3,21 MB)<\/p>\n<p>- LV <a href=\"https:\/\/www.antstore.net\/shop\/images\/info\/en\/Instructions%20for%20use%20-%20Starter%20Set%20Habitat.pdf\" data-cke-saved-href=\"https:\/\/www.antstore.net\/shop\/images\/info\/en\/Instructions%20for%20use%20-%20Starter%20Set%20Habitat.pdf\">Lieto\u0161anas instrukcija - S\u0101kuma komplekts Habitat<\/a> (PDF 3,21 MB)<\/p>\n<p>- ES <a href=\"https:\/\/www.antstore.net\/shop\/images\/info\/es\/Manual%20de%20instrucciones%20-%20Set%20de%20inicio%20H%C3%A1bitat.pdf\" data-cke-saved-href=\"https:\/\/www.antstore.net\/shop\/images\/info\/es\/Manual%20de%20instrucciones%20-%20Set%20de%20inicio%20H%C3%A1bitat.pdf\">Manual de instrucciones - Set de inicio H\u00e1bitat<\/a> (PDF 3,21 MB)<\/p>\n<p>- FR <a href=\"https:\/\/www.antstore.net\/shop\/images\/info\/fr\/Manuel%20d'instruction%20-%20Kit%20de%20d%C3%A9marrage%20Habitat.pdf\" data-cke-saved-href=\"https:\/\/www.antstore.net\/shop\/images\/info\/fr\/Manuel%20d'instruction%20-%20Kit%20de%20d%C3%A9marrage%20Habitat.pdf\">Manu\u0101ls ar instrukcij\u0101m - Demar\u0101\u017eas komplekts Habitat<\/a> (PDF 3,21 MB)<\/p>\n<p>&nbsp;<\/p>","protected":false},"excerpt":{"rendered":"<p>The set consists of 26 parts and is for all ant species that live in fields or meadows.<br \/>\nIzm\u0113rs: <span style=\"background-color: #ffffff; color: #00a859;\"><strong>M<\/strong><\/span><\/p>","protected":false},"featured_media":5451,"comment_status":"open","ping_status":"closed","template":"","meta":{"_acf_changed":false,"content-type":"","_monsterinsights_skip_tracking":false,"_monsterinsights_sitenote_active":false,"_monsterinsights_sitenote_note":"","_monsterinsights_sitenote_category":0},"product_brand":[],"product_cat":[73,74],"product_tag":[],"class_list":{"0":"post-2751","1":"product","2":"type-product","3":"status-publish","4":"has-post-thumbnail","6":"product_cat-starter-sets","7":"product_cat-starter-sets-habitat","9":"first","10":"instock","11":"taxable","12":"shipping-taxable","13":"purchasable","14":"product-type-simple"},"acf":[],"aioseo_notices":[],"jetpack_sharing_enabled":true,"_links":{"self":[{"href":"https:\/\/antcube.shop\/lv\/wp-json\/wp\/v2\/product\/2751","targetHints":{"allow":["GET"]}}],"collection":[{"href":"https:\/\/antcube.shop\/lv\/wp-json\/wp\/v2\/product"}],"about":[{"href":"https:\/\/antcube.shop\/lv\/wp-json\/wp\/v2\/types\/product"}],"replies":[{"embeddable":true,"href":"https:\/\/antcube.shop\/lv\/wp-json\/wp\/v2\/comments?post=2751"}],"wp:featuredmedia":[{"embeddable":true,"href":"https:\/\/antcube.shop\/lv\/wp-json\/wp\/v2\/media\/5451"}],"wp:attachment":[{"href":"https:\/\/antcube.shop\/lv\/wp-json\/wp\/v2\/media?parent=2751"}],"wp:term":[{"taxonomy":"product_brand","embeddable":true,"href":"https:\/\/antcube.shop\/lv\/wp-json\/wp\/v2\/product_brand?post=2751"},{"taxonomy":"product_cat","embeddable":true,"href":"https:\/\/antcube.shop\/lv\/wp-json\/wp\/v2\/product_cat?post=2751"},{"taxonomy":"product_tag","embeddable":true,"href":"https:\/\/antcube.shop\/lv\/wp-json\/wp\/v2\/product_tag?post=2751"}],"curies":[{"name":"wp","href":"https:\/\/api.w.org\/{rel}","templated":true}]}}