{"id":2744,"date":"2021-10-08T12:05:54","date_gmt":"2021-10-08T10:05:54","guid":{"rendered":"https:\/\/antcube.shop\/produkt\/antcube-starter-set-s-20x20-wald\/"},"modified":"2026-04-07T10:39:01","modified_gmt":"2026-04-07T08:39:01","slug":"antcube-starter-set-s-20x20-forest","status":"publish","type":"product","link":"https:\/\/antcube.shop\/lv\/products\/antcube-starter-set-s-20x20-forest\/","title":{"rendered":"ANTCUBE Starter Set S - 20\u00d720 - Me\u017es"},"content":{"rendered":"<p><strong>Saturs:<\/strong><br \/>\n1x Cricket Jam 25g<br \/>\n1x Me\u017ea medus (Wa) - uzpilde 10ml<\/p>\n<p>1x ANTCUBE - Arena 20x20x10 - plakans<br \/>\n1x skudru ar\u0113nas r\u0101mis 20\u00d720<br \/>\n1x skudru ar\u0113nas v\u0101ks 20\u00d720<br \/>\n4x ar\u0113nas v\u0101ka stiprin\u0101juma punkts<br \/>\n2x ANTCUBE - skudru ferma - L - 20\u00d720 - vertik\u0101l\u0101 st\u0101vokl\u012b<\/p>\n<p>1x 0,5 m caursp\u012bd\u012bga caurule 10\/06 mm<br \/>\n2x ANTCUBE - Sarkana folija 20\u00d720 - filtrs<br \/>\n1x l\u012bmes skavas - caursp\u012bd\u012bgas 2 gab.<br \/>\n1x substr\u0101ts - me\u017es - 1kg<br \/>\n1x Formicarien granulas 200 ml - melnas<\/p>\n<p>1x re\u017e\u0123a ieliktnis - 50 mm - ner\u016bs\u0113jo\u0161ais t\u0113rauds<br \/>\n1x Formik\u0101rija aizb\u0101zni 50 mm caurumam<br \/>\n1x Formicarium aizb\u0101zni 27 mm caurumam<br \/>\n1x Formik\u0101ra v\u0101ci\u0146\u0161 6 mm ligzdai<\/p>\n<p>1x baseina savienot\u0101js B-27 un S-10-16 mm M25 - komplekts<br \/>\n1x Dzeramais trauks 2ml - 360 gr\u0101di<br \/>\n1x dzeramais trauks caursp\u012bd\u012bgs 20ml - s\u016bklis<br \/>\n1x b\u013coda caursp\u012bd\u012bga 1\u00d720 - s\u016bklis<br \/>\nMini termohigrometrs analogais - displejs - piekaramais<br \/>\n1x Aizsardz\u012bbas e\u013c\u013ca pret skudr\u0101m 10ml<br \/>\n1x Pincete atsperu t\u0113rauda - plata - m\u012bksta<br \/>\n1x Pincete plastmasas caursp\u012bd\u012bga<br \/>\n1x plastmasas pipete 3ml<br \/>\n1x rokas lupa - 2x - 30 mm<br \/>\n1x putu t\u012br\u012bt\u0101js 150x18x2,5mm<br \/>\n1x foto mugura - me\u017es - 20\u00d710<\/p>\n<p><strong>Apraksts:<\/strong><br \/>\n\u0160is me\u017ea s\u0101kuma komplekts ir piem\u0113rots vis\u0101m skudru sug\u0101m, kas dz\u012bvo me\u017ea zem\u0113.<\/p>\n<p>Piln\u012bb\u0101 caursp\u012bd\u012bg\u0101 saimniec\u012bb\u0101 (ligzd\u0101), lai aizpild\u012btu saimniec\u012bbu, tiek izmantots \"Augsne - tuksnesis\". Ja nepiecie\u0161ams, caur 50 mm caurumiem v\u0101k\u0101 var pievienot papildu modu\u013cus, piem\u0113ram, atsevi\u0161\u0137i pieejamos miglot\u0101jus, ventilatorus vai apgaismojumu. K\u0101 alternat\u012bva ir pievienoti piem\u0113roti formik\u0101rija aizb\u0101\u017e\u0146i, lai aiztais\u012btu atveres. Ja nepiecie\u0161ams, formik\u0101riju var darbin\u0101t ar\u012b atv\u0113rtu, vienk\u0101r\u0161i piestiprinot no\u0146emamo r\u0101mi un uz malas uzkl\u0101jot skudru izk\u013c\u016b\u0161anas aizsardz\u012bbas e\u013c\u013cu. \"Dzeramais kor\u012btis 2 ml - 360 gr\u0101di\" ir paredz\u0113ts medus\/cukura \u0161\u0137\u012bdumam, \"Dzeramais kor\u012btis caursp\u012bd\u012bgs 20 ml - s\u016bklis\" - \u016bdenim. \"Mini termohigrometru\" var piestiprin\u0101t pie r\u0101mja vai v\u0101ka, un tas par\u0101da klimata v\u0113rt\u012bbas.<\/p>\n<p><strong>Svar\u012bgi:<\/strong> Pirms lieto\u0161anas substr\u0101tu samitriniet, lai mais\u012bjums var\u0113tu saist\u012bties un nostiprin\u0101ties skudru ferm\u0101. Turkl\u0101t, ja substr\u0101ts ir p\u0101r\u0101k sauss un putek\u013cains, skudru elpce\u013ci var tikt aizsprostoti un slikt\u0101kaj\u0101 gad\u012bjum\u0101 dz\u012bvnieki var aizdusa.<\/p>\n<p><strong>Ieteikums:<\/strong> M\u0113s iesak\u0101m izmantot 2 mm augstu substr\u0101ta sl\u0101ni, lai dz\u012bvnieki nevar\u0113tu ierakt ar\u0113n\u0101 un t\u0101 viet\u0101 izmantotu \u0161im nol\u016bkam paredz\u0113to fermu. M\u0113s ar\u012b iesak\u0101m, lai ligzdu materi\u0101ls ferm\u0101 (smiltis\/m\u0101ls, Digfix u. c.) b\u016btu viegli uzb\u0113rts vien\u0101 viet\u0101, lai dz\u012bvniekiem b\u016btu viegl\u0101k rakt.<\/p>\n<p><strong>Piez\u012bmes par ra\u017eo\u0161anu<\/strong><br \/>\nStikls tiek sagriezts atbilsto\u0161i izm\u0113ram saska\u0146\u0101 ar DIN 1249 ar pielaidi +\/- 1 mm. \u012apa\u0161i maz\u0101m skudru sug\u0101m ir nepiecie\u0161ama papildu aizsardz\u012bba pret izlau\u0161anos.<\/p>\n<p><strong>Piez\u012bmes par saimniec\u012bbu<\/strong><br \/>\nPievienojot vai atvienojot \u0161\u013c\u016btenes, \u0146emiet v\u0113r\u0101 \u0161\u0101dus nor\u0101d\u012bjumus:<br \/>\nJa caurul\u012bti ir \u013coti gr\u016bti ievietot savienojuma ligzd\u0101, ligzda ir viegli j\u0101noberz\u0113 ar pilienu m\u016bsu e\u013c\u013cas vai pulvera aizsardz\u012bbai pret izlau\u0161anos. P\u0113c tam \u0161\u013c\u016btene j\u0101uzstumj uz savienojuma ligzdas, veicot pagrie\u017eamas vai skr\u016bv\u0113jamas kust\u012bbas, nesasprindzinot ligzdu ar kust\u012bb\u0101m uz aug\u0161u un uz leju. Tas pats attiecas ar\u012b uz \u0161\u013c\u016bte\u0146u no\u0146em\u0161anu no saimniec\u012bbas savienojuma ligzdas. L\u016bdzu, vienk\u0101r\u0161i neno\u0146emiet to!<\/p>\n<p><strong>Instrukcijas:<\/strong> (2023. gada versija, atjaunin\u0101t\u0101 2024. gada versija b\u016bs pieejama ne v\u0113l\u0101k k\u0101 04\/2024. gad\u0101)<\/p>\n<p>- DE <a href=\"https:\/\/www.antstore.net\/shop\/images\/info\/de\/Gebrauchsanweisung%20Starter%20Set%20Habitat.pdf\">Gebrauchsanweisung Starter Set Habitat<\/a> (PDF 3,21 MB)<\/p>\n<p>- LV <a href=\"https:\/\/www.antstore.net\/shop\/images\/info\/en\/Instructions%20for%20use%20-%20Starter%20Set%20Habitat.pdf\">Lieto\u0161anas instrukcija - S\u0101kuma komplekts Habitat<\/a> (PDF 3,21 MB)<\/p>\n<p>- ES <a href=\"https:\/\/www.antstore.net\/shop\/images\/info\/es\/Manual%20de%20instrucciones%20-%20Set%20de%20inicio%20H%C3%A1bitat.pdf\">Manual de instrucciones - Set de inicio H\u00e1bitat<\/a> (PDF 3,21 MB)<\/p>\n<p>- FR <a href=\"https:\/\/www.antstore.net\/shop\/images\/info\/fr\/Manuel%20d'instruction%20-%20Kit%20de%20d%C3%A9marrage%20Habitat.pdf\">Manu\u0101ls ar instrukcij\u0101m - Demar\u0101\u017eas komplekts Habitat<\/a> (PDF 3,21 MB)<\/p>\n<p><strong>Piez\u012bmes par me\u017ea medu (Wa) - uzpildes iepakojums 10ml<\/strong><br \/>\nSaturs: 10 ml<\/p>\n<p><strong>Apraksts:<\/strong> Tas ir t\u012bri dab\u012bgs produkts. Medus tiek ieg\u016bts no me\u017eiem, t\u0101p\u0113c tas ir ide\u0101li piem\u0113rots me\u017ea skudru sug\u0101m.<br \/>\nBar\u012bbas caurul\u012bti var ievietot veselu formik\u0101rij\u0101, vai ar\u012b p\u0113c vajadz\u012bbas\/atbilsto\u0161i kolonijas lielumam pievienot maz\u0101ku daudzumu bar\u012bbas b\u013codi\u0146\u0101. Bar\u012bba j\u0101pat\u0113r\u0113 apm\u0113ram 3 dienu laik\u0101, cit\u0101di past\u0101v pel\u0113juma risks, un t\u0101 pa\u0161a iemesla d\u0113\u013c pirms atk\u0101rtotas uzpild\u012b\u0161anas izt\u012briet bar\u012bbas b\u013codu.<\/p>\n<p><strong>Lieto\u0161ana:<\/strong><br \/>\nMe\u017ea medus = medus\u0113d\u0101ju skudru sug\u0101m (Meliphagidae)<br \/>\n\u0160\u012b ir papildbar\u012bba<br \/>\nTo var pied\u0101v\u0101t dz\u012bvniekiem k\u0101 pieg\u0101di. T\u0101 k\u0101 mitruma ietekm\u0113 samazin\u0101s cukura koncentr\u0101cija un s\u0101kas ferment\u0101cijas process, bar\u012bba j\u0101maina ik p\u0113c 3 dien\u0101m. Pirms atk\u0101rtotas lieto\u0161anas r\u016bp\u012bgi izt\u012briet barotavu\/caurul\u012bti.<br \/>\nKad iepakojums ir atv\u0113rts, tas j\u0101glab\u0101 cie\u0161i aizv\u0113rts l\u012bdz der\u012bguma termi\u0146a beig\u0101m.<\/p>\n<p><strong>Satur:<\/strong> Medus sast\u0101vda\u013cas kopum\u0101, proporcijas at\u0161\u0137iras atkar\u012bb\u0101 no medus veida.<br \/>\n- aptuveni 38 % aug\u013cu cukura (fruktozes)<br \/>\n- aptuveni 32 % dekstroze (glikoze)<br \/>\n- aptuveni 20 % \u016bdens<br \/>\n- aptuveni 5 % polisahar\u012bdu<br \/>\n- aptuveni 5 % vitam\u012bni (B1, B2, B6, C, H).<br \/>\nminer\u0101lvielas (k\u0101lijs, kalcijs, var\u0161, dzelzs, n\u0101trijs, magnijs, fosfors, cinks un citi mikroelementi). Aminosk\u0101bes (prol\u012bns, leic\u012bns, fenilalan\u012bns, alan\u012bns, histid\u012bns, izoleic\u012bns, glutam\u012bnsk\u0101be, argin\u012bns, asparag\u012bnsk\u0101be u. c.) Organisk\u0101s sk\u0101bes Fermenti (fermenti) Aromatiz\u0113t\u0101ji Inhib\u012bni (antibakteri\u0101las vielas) Ziedi Putek\u0161\u0146i<\/p>\n<p><strong>Uzglab\u0101\u0161ana:<\/strong> Lai nodro\u0161in\u0101tu bar\u012bbas kvalit\u0101ti, bar\u012bba j\u0101uzglab\u0101 tum\u0161\u0101 un saus\u0101 viet\u0101.<\/p>\n<p><strong>Piez\u012bme:<\/strong><br \/>\nPapildu bar\u012bba medus\u0113d\u012bgaj\u0101m skudr\u0101m.<br \/>\nSast\u0101vs, anal\u012btisk\u0101s sast\u0101vda\u013cas, der\u012bguma termi\u0146\u0161 un partijas numurs ir nor\u0101d\u012bts iepakojuma informat\u012bvaj\u0101 materi\u0101l\u0101.<\/p>\n<p>Inform\u0101cijas t\u0101lrunis +49 30 439703870<\/p>\n<p><strong>Atbild\u012bg\u0101 veterin\u0101r\u0101 un p\u0101rtikas inspekcija:<\/strong><br \/>\nSteglitz veterin\u0101rais birojs<br \/>\nK\u00f6nigin-Luise-Str. 92<br \/>\n14195 Berl\u012bne<\/p>\n<p><strong>Piez\u012bmes par kriketa iev\u0101r\u012bjumu:<\/strong><br \/>\nM\u016bsu blan\u0161\u0113tie cvingri ir vienk\u0101r\u0161s veids, k\u0101 nodro\u0161in\u0101t skudras ar svaigi konserv\u0113tu prote\u012bnu bar\u012bbu, nebarojot dz\u012bvus kukai\u0146us. Sast\u0101v\u0101 eso\u0161ie c\u012brusi (Acheta domesticus) ir saudz\u012bgi blan\u0161\u0113ti, lai nodro\u0161in\u0101tu uzturv\u0113rt\u012bbas, gar\u0161as un arom\u0101ta saglab\u0101\u0161anu. Turkl\u0101t \u0161\u0101d\u0101 veid\u0101 tiek m\u012bkstin\u0101ts kukai\u0146u hit\u012bna apvalks, lai tas b\u016btu viegl\u0101k sagremojams. Kolag\u0113na olbaltumvielu saites tiek sa\u0161\u0137eltas, lai skudras var\u0113tu t\u0101s lab\u0101k izmantot. Konserv\u0113tu Acheta domesticus konservu uzturv\u0113rt\u012bba ir t\u0101da pati k\u0101 dz\u012bviem c\u012brul\u012b\u0161iem, bet tie ir viegl\u0101k sagremojami.<\/p>\n<p>Cricket Jam nav piem\u0113rots t\u0101du skudru sugu med\u012bb\u0101m, kur\u0101m nepiecie\u0161ama dz\u012bva bar\u012bba (piem\u0113ram, poner\u012bni (liel\u0101s skudras), piem\u0113ram, Harpegnathos vai Odontomachus).<\/p>\n<p><strong>Papildu priek\u0161roc\u012bbas:<\/strong><br \/>\nGarant\u0113ti bez \u0113rc\u0113m<br \/>\nVar sadal\u012bt porcij\u0101s un at\u0161\u0137aid\u012bt ar \u016bdeni<br \/>\nSteriliz\u0113ts un iepakots vakuum\u0101<br \/>\nBez piedev\u0101m<br \/>\nVitikul\u012b\u0161i, kas ieg\u016bti ilgtsp\u0113j\u012bg\u0101, t\u012bri biolo\u0123isk\u0101 audz\u0113\u0161an\u0101 un baroti ar biolo\u0123iskiem atkritumiem.<\/p>\n<p><strong>Piez\u012bme:<\/strong><br \/>\nP\u0113c atv\u0113r\u0161anas var uzglab\u0101t ledusskap\u012b apm\u0113ram \u010detras dienas. Ilg\u0101ks der\u012bguma termi\u0146\u0161, ja sasald\u0113.<br \/>\nUzman\u012bbu: Vispirms porciju, p\u0113c tam iesald\u0113jiet.<\/p>","protected":false},"excerpt":{"rendered":"<p>Komplekt\u0101 ir 42 gabali, un tas ir paredz\u0113ts vis\u0101m skudru sug\u0101m, kas dz\u012bvo me\u017ea augsn\u0113.<br \/>\nIzm\u0113rs: <span style=\"color: #ff8c00;\"><strong>S<\/strong><\/span><\/p>","protected":false},"featured_media":5450,"comment_status":"open","ping_status":"closed","template":"","meta":{"_acf_changed":false,"content-type":"","_monsterinsights_skip_tracking":false,"_monsterinsights_sitenote_active":false,"_monsterinsights_sitenote_note":"","_monsterinsights_sitenote_category":0},"product_brand":[],"product_cat":[73,74],"product_tag":[],"class_list":{"0":"post-2744","1":"product","2":"type-product","3":"status-publish","4":"has-post-thumbnail","6":"product_cat-starter-sets","7":"product_cat-starter-sets-habitat","9":"first","10":"outofstock","11":"taxable","12":"shipping-taxable","13":"purchasable","14":"product-type-simple"},"acf":[],"aioseo_notices":[],"jetpack_sharing_enabled":true,"_links":{"self":[{"href":"https:\/\/antcube.shop\/lv\/wp-json\/wp\/v2\/product\/2744","targetHints":{"allow":["GET"]}}],"collection":[{"href":"https:\/\/antcube.shop\/lv\/wp-json\/wp\/v2\/product"}],"about":[{"href":"https:\/\/antcube.shop\/lv\/wp-json\/wp\/v2\/types\/product"}],"replies":[{"embeddable":true,"href":"https:\/\/antcube.shop\/lv\/wp-json\/wp\/v2\/comments?post=2744"}],"wp:featuredmedia":[{"embeddable":true,"href":"https:\/\/antcube.shop\/lv\/wp-json\/wp\/v2\/media\/5450"}],"wp:attachment":[{"href":"https:\/\/antcube.shop\/lv\/wp-json\/wp\/v2\/media?parent=2744"}],"wp:term":[{"taxonomy":"product_brand","embeddable":true,"href":"https:\/\/antcube.shop\/lv\/wp-json\/wp\/v2\/product_brand?post=2744"},{"taxonomy":"product_cat","embeddable":true,"href":"https:\/\/antcube.shop\/lv\/wp-json\/wp\/v2\/product_cat?post=2744"},{"taxonomy":"product_tag","embeddable":true,"href":"https:\/\/antcube.shop\/lv\/wp-json\/wp\/v2\/product_tag?post=2744"}],"curies":[{"name":"wp","href":"https:\/\/api.w.org\/{rel}","templated":true}]}}