{"id":2740,"date":"2021-10-08T12:05:15","date_gmt":"2021-10-08T10:05:15","guid":{"rendered":"https:\/\/antcube.shop\/produkt\/antcube-starter-set-l-20x20-gips\/"},"modified":"2026-04-07T13:50:33","modified_gmt":"2026-04-07T11:50:33","slug":"antcube-starter-set-l-20x20-gips","status":"publish","type":"product","link":"https:\/\/antcube.shop\/lv\/products\/antcube-starter-set-l-20x20-gips\/","title":{"rendered":"ANTCUBE Starter Set L - 20\u00d720 - \u0122ipsis"},"content":{"rendered":"<p><strong>Saturs:<\/strong><br \/>\n1x ANTCUBE - Arena 20x20x10 - plakans<br \/>\n1x skudru ar\u0113nas r\u0101mis 20\u00d720<br \/>\n1x skudru ar\u0113nas v\u0101ks 20\u00d720<br \/>\n4x ar\u0113nas v\u0101ka stiprin\u0101juma punkts<br \/>\n1x ANTCUBE - skudru ferma - L - 20\u00d720 - vertik\u0101l\u0101 st\u0101vokl\u012b<\/p>\n<p>1x ANTCUBE - \u0123ip\u0161a ligzda 20\u00d720 - vertik\u0101l\u0101 st\u0101vokl\u012b<br \/>\n1x 0,5 m caursp\u012bd\u012bga \u0161\u013c\u016btene 20\/16 mm<br \/>\n2x ANTCUBE - Sarkana folija 20\u00d720 - filtrs<br \/>\n1x pa\u0161l\u012bm\u0113jo\u0161i klip\u0161i - caursp\u012bd\u012bgi 2 gab.<br \/>\n1x substr\u0101ts - smil\u0161m\u0101ls balts - 1000g<\/p>\n<p>2x Grid insert acrylic &#8211; 50 mm with sealing ring<br \/>\n1x Grid insert acrylic &#8211; 27 mm with sealing ring<br \/>\n1x re\u017e\u0123a v\u0101ci\u0146\u0161 - 16 mm - ner\u016bs\u0113jo\u0161ais t\u0113rauds<\/p>\n<p>1x tvertnes \u0161\u013c\u016btenes savienot\u0101js 27-14,16,20 mm - caursp\u012bd\u012bgs<br \/>\n1x E\u013c\u013ca aizsardz\u012bbai pret skudru izb\u0113g\u0161anu 10ml<br \/>\n1x Pincete atsperu t\u0113rauda - plata - m\u012bksta<br \/>\n1x Pincete plastmasas caursp\u012bd\u012bga<br \/>\n1x Plastmasas pipete 3ml<br \/>\n1x rokas lupa - 2x - 30 mm<br \/>\n1x putu t\u012br\u012bt\u0101js 150x18x2,5 mm<\/p>\n<p>1x drinking clear 5ml &#8211; sponge<br \/>\n1x Feeding dish white rectangle &#8211; 3 compartments<br \/>\n1x Drinking trough 2ml &#8211; 360 Degrees<\/p>\n<p>1x Foil thermometer &#8211; farm<br \/>\n1x Foil thermometer display<\/p>\n<p><strong>Apraksts:<\/strong><br \/>\n\u0160is \u0123ip\u0161a startera komplekts ar saliekam\u0101m ej\u0101m un kamer\u0101m ir piem\u0113rots da\u017e\u0101d\u0101m skudru sug\u0101m, \u012bpa\u0161i t\u0101m, kas ligzdo starp akme\u0146iem vai zem akme\u0146iem, un t\u0101m, kas rak\u0146\u0101jas augsn\u0113.<\/p>\n<p>The &#8220;ANTCUBE &#8211; plaster nest&#8221; can be inserted into the fully transparent farm. Alternatively, you can also use the &#8220;Soil &#8211; sand-clay white&#8221; to fill the farm or to close off some of the chambers of the gypsum nest. Additional modules can be connected via the 50 mm holes in the cover if required, e.g. the separately available foggers, fans or lights. Alternatively, suitable grid inserts and formicarium plugs to close the openings are included in the scope of delivery. If desired, the formicarium can also be operated open by simply placing the removable frame on top and applying the ant escape protection oil to the edge. The &#8220;Drinking trough 2ml &#8211; 360 degrees&#8221; is intended for honey\/sugar solution, the &#8220;Drinking trough clear 5ml &#8211; sponge&#8221; for water. The &#8220;Foil thermometer display&#8221; can be attached to the frame or the cover and displays the climate values.<\/p>\n<p><strong>Svar\u012bgi:<\/strong> Pirms lieto\u0161anas substr\u0101tu samitriniet, lai mais\u012bjums var\u0113tu saist\u012bties un nostiprin\u0101ties skudru ferm\u0101. Turkl\u0101t, ja substr\u0101ts ir p\u0101r\u0101k sauss un putek\u013cains, skudru elpce\u013ci var tikt aizsprostoti un slikt\u0101kaj\u0101 gad\u012bjum\u0101 dz\u012bvnieki var aizdusa.<\/p>\n<p><strong>Ieteikums:<\/strong> M\u0113s iesak\u0101m iekl\u0101t 2 mm augstu substr\u0101ta sl\u0101ni, lai dz\u012bvnieki nevar\u0113tu ierakt ar\u0113n\u0101 un t\u0101 viet\u0101 izmantotu \u0161im nol\u016bkam paredz\u0113to fermu.<\/p>\n<p><strong>Piez\u012bme:<\/strong> Ligzda j\u0101izmanto saus\u0101 vai nedaudz mitr\u0101 formik\u0101rij\u0101. Ja ligzdu tur past\u0101v\u012bgi mitru, materi\u0101ls var sapel\u0113t.<\/p>\n<p><strong>Piez\u012bme par saimniec\u012bbu<\/strong><br \/>\nPievienojot vai atvienojot \u0161\u013c\u016btenes, \u0146emiet v\u0113r\u0101 \u0161\u0101dus nor\u0101d\u012bjumus:<br \/>\nJa caurul\u012bti ir \u013coti gr\u016bti ievietot savienojuma ligzd\u0101, ligzda ir viegli j\u0101noberz\u0113 ar pilienu m\u016bsu e\u013c\u013cas vai pulvera aizsardz\u012bbai pret izlau\u0161anos. P\u0113c tam \u0161\u013c\u016btene j\u0101uzstumj uz savienojuma ligzdas, veicot pagrie\u017eamas vai skr\u016bv\u0113jamas kust\u012bbas, nesasprindzinot ligzdu ar kust\u012bb\u0101m uz aug\u0161u un uz leju. Tas pats attiecas ar\u012b uz \u0161\u013c\u016bte\u0146u no\u0146em\u0161anu no saimniec\u012bbas savienojuma ligzdas. L\u016bdzu, vienk\u0101r\u0161i neno\u0146emiet to!<\/p>\n<p><strong>Instrukcijas:<\/strong> (2023. gada versija, atjaunin\u0101t\u0101 2024. gada versija b\u016bs pieejama ne v\u0113l\u0101k k\u0101 04\/2024. gad\u0101)<\/p>\n<p>- DE <a href=\"https:\/\/www.antstore.net\/shop\/images\/info\/de\/Gebrauchsanweisung%20Starter%20Set%20Gips.pdf\" data-cke-saved-href=\"https:\/\/www.antstore.net\/shop\/images\/info\/de\/Gebrauchsanweisung%20Starter%20Set%20Gips.pdf\">Gebrauchsanweisung Starter Set Gips<\/a> (PDF 2,66 MB)<\/p>\n<p>- LV <a href=\"https:\/\/www.antstore.net\/shop\/images\/info\/en\/Instructions%20for%20use%20-%20Starter%20Set%20Plaster.pdf\" data-cke-saved-href=\"https:\/\/www.antstore.net\/shop\/images\/info\/en\/Instructions%20for%20use%20-%20Starter%20Set%20Plaster.pdf\">Lieto\u0161anas instrukcija - Starter komplekts \u0123ipsis<\/a> (PDF 2,66 MB)<\/p>\n<p>- ES <a href=\"https:\/\/www.antstore.net\/shop\/images\/info\/es\/Manual%20de%20instrucciones%20-%20Set%20de%20inicio%20de%20yeso.pdf\" data-cke-saved-href=\"https:\/\/www.antstore.net\/shop\/images\/info\/es\/Manual%20de%20instrucciones%20-%20Set%20de%20inicio%20de%20yeso.pdf\">Manual de instrucciones - Set de inicio de yeso<\/a> (PDF 2,66 MB)<\/p>\n<p>- FR <a href=\"https:\/\/www.antstore.net\/shop\/images\/info\/fr\/Manuel%20d'instruction%20-%20Kit%20de%20d%C3%A9marrage%20pl%C3%A2tre.pdf\" data-cke-saved-href=\"https:\/\/www.antstore.net\/shop\/images\/info\/fr\/Manuel%20d'instruction%20-%20Kit%20de%20d%C3%A9marrage%20pl%C3%A2tre.pdf\">Manu\u0101ls ar instrukciju - Demar\u0101\u017eas komplekts pl\u00e2tre<\/a> (PDF 2,66 MB)<\/p>","protected":false},"excerpt":{"rendered":"<p>The set consists of 25 parts and is suitable for various ant species, especially those that nest between or under stones and dig in the ground.<br \/>\nIzm\u0113rs: <span style=\"color: #0000ff;\"><strong>L<\/strong><\/span><\/p>","protected":false},"featured_media":5447,"comment_status":"open","ping_status":"closed","template":"","meta":{"_acf_changed":false,"content-type":"","_monsterinsights_skip_tracking":false,"_monsterinsights_sitenote_active":false,"_monsterinsights_sitenote_note":"","_monsterinsights_sitenote_category":0},"product_brand":[],"product_cat":[73,77],"product_tag":[],"class_list":{"0":"post-2740","1":"product","2":"type-product","3":"status-publish","4":"has-post-thumbnail","6":"product_cat-starter-sets","7":"product_cat-starter-sets-gypsum","9":"first","10":"instock","11":"taxable","12":"shipping-taxable","13":"purchasable","14":"product-type-simple"},"acf":[],"aioseo_notices":[],"jetpack_sharing_enabled":true,"_links":{"self":[{"href":"https:\/\/antcube.shop\/lv\/wp-json\/wp\/v2\/product\/2740","targetHints":{"allow":["GET"]}}],"collection":[{"href":"https:\/\/antcube.shop\/lv\/wp-json\/wp\/v2\/product"}],"about":[{"href":"https:\/\/antcube.shop\/lv\/wp-json\/wp\/v2\/types\/product"}],"replies":[{"embeddable":true,"href":"https:\/\/antcube.shop\/lv\/wp-json\/wp\/v2\/comments?post=2740"}],"wp:featuredmedia":[{"embeddable":true,"href":"https:\/\/antcube.shop\/lv\/wp-json\/wp\/v2\/media\/5447"}],"wp:attachment":[{"href":"https:\/\/antcube.shop\/lv\/wp-json\/wp\/v2\/media?parent=2740"}],"wp:term":[{"taxonomy":"product_brand","embeddable":true,"href":"https:\/\/antcube.shop\/lv\/wp-json\/wp\/v2\/product_brand?post=2740"},{"taxonomy":"product_cat","embeddable":true,"href":"https:\/\/antcube.shop\/lv\/wp-json\/wp\/v2\/product_cat?post=2740"},{"taxonomy":"product_tag","embeddable":true,"href":"https:\/\/antcube.shop\/lv\/wp-json\/wp\/v2\/product_tag?post=2740"}],"curies":[{"name":"wp","href":"https:\/\/api.w.org\/{rel}","templated":true}]}}