{"id":2738,"date":"2021-10-08T12:04:55","date_gmt":"2021-10-08T10:04:55","guid":{"rendered":"https:\/\/antcube.shop\/produkt\/antcube-starter-set-fur-messor-spec\/"},"modified":"2026-04-08T23:49:19","modified_gmt":"2026-04-08T21:49:19","slug":"antcube-starter-set-fur-messor-spec","status":"publish","type":"product","link":"https:\/\/antcube.shop\/lv\/products\/antcube-starter-set-fur-messor-spec\/","title":{"rendered":"ANTCUBE starta komplekts Messor vai Harvester skudr\u0101m"},"content":{"rendered":"<p><strong>Saturs:<\/strong><br \/>\n1x ANTCUBE - Arena 20x20x10 - plakans<br \/>\n1x skudru ar\u0113nas r\u0101mis 20\u00d720<br \/>\n1x skudru ar\u0113nas v\u0101ks 20\u00d720<br \/>\n4x ar\u0113nas v\u0101ka stiprin\u0101juma punkts<br \/>\n2x ANTCUBE - skudru ferma - L - 20\u00d720 - vertik\u0101l\u0101 st\u0101vokl\u012b<\/p>\n<p>2x ANTCUBE - Digfix plate 20\u00d720 - M<br \/>\n1x 1 m caursp\u012bd\u012bga caurule 14\/10 mm<br \/>\n2x ANTCUBE - Sarkana folija 20\u00d720 - filtrs<br \/>\n2x l\u012bmsp\u012bles - caursp\u012bd\u012bgas 2 gab.<br \/>\n1x substr\u0101ts - tuksnesis - 1 kg<\/p>\n<p>1x foto aizmugures siena - tuksnesis - 20\u00d710<\/p>\n<p>2x Grid insert acrylic &#8211; 50 mm with sealing ring<br \/>\n1x Grid insert acrylic &#8211; 27 mm with sealing ring<br \/>\n1x Grid cap &#8211; 10mm &#8211; stainless steel<\/p>\n<p>1x drinking clear 5ml &#8211; sponge<br \/>\n1x Feeding dish white rectangle &#8211; 3 compartments<\/p>\n<p>2x Foil thermometer &#8211; farm<br \/>\n1x Foil thermometer display<\/p>\n<p>1x tvertnes \u0161\u013c\u016btenes savienot\u0101js 27-14,16,20 mm - caursp\u012bd\u012bgs<br \/>\n1x E\u013c\u013ca aizsardz\u012bbai pret skudru izb\u0113g\u0161anu 10ml<br \/>\n1x Pincete atsperu t\u0113rauda - plata - m\u012bksta<br \/>\n1x Pincete plastmasas caursp\u012bd\u012bga<br \/>\n1x Plastmasas pipete 3ml<br \/>\n1x rokas lupa - 2x - 30 mm<br \/>\n1x putu t\u012br\u012bt\u0101js 150x18x2,5 mm<\/p>\n<p><strong>Apraksts:<\/strong><br \/>\nThis starter set is especially suitable for various species of the genus Messor or Pogonomyrmex.\u00a0One of these two farms is intended for storing grains\/seeds and ant bread. To prevent the grains\/seeds stored there from germinating or molding, it should remain completely dry.<\/p>\n<p>The &#8220;Digfix plates&#8221; can be inserted into the fully transparent farms. Alternatively, however, you can also use the &#8220;Soil &#8211; Desert&#8221; to fill the farms. If required, additional modules can be connected via the 50 mm holes in the cover, e.g. the separately available foggers, fans or lights. Alternatively, suitable grid inserts to close the openings are included in the scope of delivery. If desired, the formicarium can also be operated open by simply attaching the removable outbreak protection frame and applying the ant outbreak protection oil to the edge. The &#8220;Drinking trough clear 5 ml &#8211; sponge&#8221; is intended for water. The &#8220;Foil thermometer display&#8221; can be attached to the frame or cover and displays the climate values.<\/p>\n<p><strong>Svar\u012bgi:<\/strong> Pirms lieto\u0161anas samitriniet substr\u0101tu, lai mais\u012bjums var\u0113tu saist\u012bties un nostiprin\u0101ties skudru ferm\u0101. Turkl\u0101t, ja substr\u0101ts ir p\u0101r\u0101k sauss un putek\u013cains, skudru elpce\u013ci var tikt aizsprostoti un slikt\u0101kaj\u0101 gad\u012bjum\u0101 dz\u012bvnieki var aizdusa.<\/p>\n<p><strong>Ieteikums:<\/strong> M\u0113s iesak\u0101m izmantot 2 mm augstu substr\u0101ta sl\u0101ni, lai dz\u012bvnieki nevar\u0113tu ierakt ar\u0113n\u0101 un t\u0101 viet\u0101 izmantotu \u0161im nol\u016bkam paredz\u0113to fermu. M\u0113s ar\u012b iesak\u0101m, lai ligzdu materi\u0101ls ferm\u0101 (smiltis\/m\u0101ls, Digfix u. c.) b\u016btu viegli uzb\u0113rts vien\u0101 viet\u0101, lai dz\u012bvniekiem b\u016btu viegl\u0101k rakt.<\/p>\n<p><strong>Piez\u012bmes par ra\u017eo\u0161anu<\/strong><br \/>\nStikls tiek griezts saska\u0146\u0101 ar DIN 1249 ar pielaidi +\/;- 1 mm. \u012apa\u0161i maz\u0101m skudru sug\u0101m ir nepiecie\u0161ama papildu aizsardz\u012bba pret skudru izb\u0113g\u0161anu.<\/p>\n<p><strong>Piez\u012bmes par saimniec\u012bbu<\/strong><br \/>\nPievienojot vai atvienojot \u0161\u013c\u016btenes, \u0146emiet v\u0113r\u0101 \u0161\u0101dus nor\u0101d\u012bjumus:<br \/>\nJa caurul\u012bti ir \u013coti gr\u016bti ievietot savienojuma ligzd\u0101, ligzda ir viegli j\u0101noberz\u0113 ar pilienu m\u016bsu e\u013c\u013cas vai pulvera aizsardz\u012bbai pret izlau\u0161anos. P\u0113c tam \u0161\u013c\u016btene j\u0101uzstumj uz savienojuma ligzdas, veicot pagrie\u017eamas vai skr\u016bv\u0113jamas kust\u012bbas, nesasprindzinot ligzdu ar kust\u012bb\u0101m uz aug\u0161u un uz leju. Tas pats attiecas ar\u012b uz \u0161\u013c\u016bte\u0146u no\u0146em\u0161anu no saimniec\u012bbas savienojuma ligzdas. L\u016bdzu, vienk\u0101r\u0161i neno\u0146emiet to!<\/p>\n<p><strong>Piez\u012bme par Digfix:<\/strong> Dabisk\u0101 kr\u0101sa var b\u016bt no za\u013cas\/pel\u0113ki br\u016bnas l\u012bdz zemes br\u016bnai. Kr\u0101sas tonis neietekm\u0113 kvalit\u0101ti.<\/p>\n<p><strong>Instrukcijas:<\/strong>\u00a0(2023. gada versija, atjaunin\u0101t\u0101 2024. gada versija b\u016bs pieejama ne v\u0113l\u0101k k\u0101 04\/2024. gad\u0101)<\/p>\n<p><span style=\"font-weight: 400;\">- DE <\/span><a href=\"https:\/\/www.antstore.net\/shop\/images\/info\/de\/Gebrauchsanweisung%20Starter%20Set%20Ernteameisen.pdf\" data-cke-saved-href=\"https:\/\/www.antstore.net\/shop\/images\/info\/de\/Gebrauchsanweisung%20Starter%20Set%20Ernteameisen.pdf\"><span style=\"font-weight: 400;\">Gebrauchsanweisung Starter Set Ernteameisen<\/span><\/a><span style=\"font-weight: 400;\"> (PDF 2,50 MB)<\/span><\/p>\n<p><span style=\"font-weight: 400;\">- LV <\/span><a href=\"https:\/\/www.antstore.net\/shop\/images\/info\/en\/Instructions%20for%20use%20-%20Starter%20Set%20for%20Harvester%20Ants.pdf\" data-cke-saved-href=\"https:\/\/www.antstore.net\/shop\/images\/info\/en\/Instructions%20for%20use%20-%20Starter%20Set%20for%20Harvester%20Ants.pdf\"><span style=\"font-weight: 400;\">Lieto\u0161anas instrukcija - S\u0101kuma komplekts skudrul\u012b\u0161u nov\u0101c\u0113j\u0101m<\/span><\/a><span style=\"font-weight: 400;\"> (PDF 2,50 MB)<\/span><\/p>\n<p><span style=\"font-weight: 400;\">- ES <\/span><a href=\"https:\/\/www.antstore.net\/shop\/images\/info\/es\/Manual%20de%20instrucciones%20-%20Set%20de%20inicio%20para%20las%20hormigas%20de%20la%20cosecha%20_%20messor.pdf\" data-cke-saved-href=\"https:\/\/www.antstore.net\/shop\/images\/info\/es\/Manual%20de%20instrucciones%20-%20Set%20de%20inicio%20para%20las%20hormigas%20de%20la%20cosecha%20_%20messor.pdf\"><span style=\"font-weight: 400;\">Manual de instrucciones - Set de inicio para las hormigas de la cosecha _ messor<\/span><\/a><span style=\"font-weight: 400;\"> (PDF 2,50 MB)<\/span><\/p>\n<p><span style=\"font-weight: 400;\">- FR <\/span><a href=\"https:\/\/www.antstore.net\/shop\/images\/info\/fr\/Manuel%20d'instruction%20-%20Kit%20de%20d%C3%A9marrage%20pour%20les%20fourmis%20moissonneuses_%20Messor.pdf\" data-cke-saved-href=\"https:\/\/www.antstore.net\/shop\/images\/info\/fr\/Manuel%20d'instruction%20-%20Kit%20de%20d%C3%A9marrage%20pour%20les%20fourmis%20moissonneuses_%20Messor.pdf\"><span style=\"font-weight: 400;\">Manuel d'instruction - Kit de d\u00e9marrage pour les fourmis moissonneuses_ Messor<\/span><\/a><span style=\"font-weight: 400;\"> (PDF 2,50 MB)<\/span><\/p>","protected":false},"excerpt":{"rendered":"<p>The set consists of 30 parts and\u00a0is ideal for all grain-collecting ants species.<br \/>\nIzm\u0113rs: <span style=\"color: #00a859;\"><strong>M<\/strong><\/span><\/p>","protected":false},"featured_media":1101,"comment_status":"open","ping_status":"closed","template":"","meta":{"_acf_changed":false,"content-type":"","_monsterinsights_skip_tracking":false,"_monsterinsights_sitenote_active":false,"_monsterinsights_sitenote_note":"","_monsterinsights_sitenote_category":0},"product_brand":[],"product_cat":[353,73],"product_tag":[],"class_list":{"0":"post-2738","1":"product","2":"type-product","3":"status-publish","4":"has-post-thumbnail","6":"product_cat-starter-sets-for-harvester-ants","7":"product_cat-starter-sets","9":"first","10":"instock","11":"taxable","12":"shipping-taxable","13":"purchasable","14":"product-type-simple"},"acf":[],"aioseo_notices":[],"jetpack_sharing_enabled":true,"_links":{"self":[{"href":"https:\/\/antcube.shop\/lv\/wp-json\/wp\/v2\/product\/2738","targetHints":{"allow":["GET"]}}],"collection":[{"href":"https:\/\/antcube.shop\/lv\/wp-json\/wp\/v2\/product"}],"about":[{"href":"https:\/\/antcube.shop\/lv\/wp-json\/wp\/v2\/types\/product"}],"replies":[{"embeddable":true,"href":"https:\/\/antcube.shop\/lv\/wp-json\/wp\/v2\/comments?post=2738"}],"wp:featuredmedia":[{"embeddable":true,"href":"https:\/\/antcube.shop\/lv\/wp-json\/wp\/v2\/media\/1101"}],"wp:attachment":[{"href":"https:\/\/antcube.shop\/lv\/wp-json\/wp\/v2\/media?parent=2738"}],"wp:term":[{"taxonomy":"product_brand","embeddable":true,"href":"https:\/\/antcube.shop\/lv\/wp-json\/wp\/v2\/product_brand?post=2738"},{"taxonomy":"product_cat","embeddable":true,"href":"https:\/\/antcube.shop\/lv\/wp-json\/wp\/v2\/product_cat?post=2738"},{"taxonomy":"product_tag","embeddable":true,"href":"https:\/\/antcube.shop\/lv\/wp-json\/wp\/v2\/product_tag?post=2738"}],"curies":[{"name":"wp","href":"https:\/\/api.w.org\/{rel}","templated":true}]}}