{"id":2737,"date":"2021-10-08T12:04:45","date_gmt":"2021-10-08T10:04:45","guid":{"rendered":"https:\/\/antcube.shop\/produkt\/antcube-starter-set-fur-blattschneiderarten-gros\/"},"modified":"2026-04-15T12:56:37","modified_gmt":"2026-04-15T10:56:37","slug":"antcube-starter-set-fur-blattschneiderarten-gros","status":"publish","type":"product","link":"https:\/\/antcube.shop\/lv\/products\/antcube-starter-set-fur-blattschneiderarten-gros\/","title":{"rendered":"ANTCUBE - S\u0101kuma komplekts skudr\u0101m Lapu griez\u0113j\u0101m - liels"},"content":{"rendered":"<p><span data-text-color=\"alert\"><strong>Pieg\u0101de iesp\u0113jama tikai ar p\u0101rs\u016bt\u012b\u0161anu uz paletes.<\/strong><\/span><\/p>\n<p><strong>Ietver:<\/strong><\/p>\n<p>1x ANTCUBE Arena 30x30x60 ar b\u012bd\u0101m\u0101m durv\u012bm<br \/>\n1x b\u012bd\u0101mo durvju r\u0101mis<br \/>\n2x ANTCUBE Arena 30x30x30cm<br \/>\n3x skudru ar\u0113nas r\u0101mis 30x30cm<br \/>\n3x skudru ar\u0113nas p\u0101rkl\u0101js 30x30cm<br \/>\n12x ar\u0113nas v\u0101ka stiprin\u0101juma punkts<\/p>\n<p>1x skudru caurule - krist\u0101ldzidra 50 mm - 1 m (uz pus\u0113m)<br \/>\n1x substr\u0101ts - lietus me\u017es - 1 kg<br \/>\n1x Formicarium granulas 200ml - smil\u0161kr\u0101sas kr\u0101s\u0101<br \/>\n3x Formicarium b\u0101ze 30\u00d730<\/p>\n<p>3x Formicarium plug for 50mm hole<br \/>\n10x Grid insert acrylic &#8211; 50 mm with sealing ring<br \/>\n4x tvertnes savienot\u0101js no 1 1\/2\u2033 l\u012bdz 50 mm - krist\u0101ldzidrs<br \/>\n4x Formik\u0101rija uzgrieznis 1 1\/2 collas - krist\u0101ldzidrs<\/p>\n<p>1x Foil thermometer Display<br \/>\n1x drinking clear 5ml &#8211; sponge<br \/>\n1x pincete atsperu t\u0113rauda - plata - m\u012bksta<br \/>\n1x Formicarium pincete - plastmasas<br \/>\n1x rokas lupa - 2x - 30 mm<br \/>\n1x e\u013c\u013ca aizsardz\u012bbai pret skudru izb\u0113g\u0161anu 10ml<br \/>\n1x putu t\u012br\u012bt\u0101js 150x18x2,5mm<br \/>\n0,5 litru smidzin\u0101t\u0101ja pudele - misi\u0146a uzgalis<br \/>\n1x ro\u017eu ziedlapi\u0146as 100g - kalt\u0113tas<br \/>\n2x foto aizmugures siena - lietus me\u017es - 30\u00d730<br \/>\n1x foto aizmugures siena - lietus me\u017es - 30\u00d760 - augsta<\/p>\n<p><strong>Apraksts:<\/strong><br \/>\nThis expandable starter set for all leafcutter ant species contains, in addition to the optimally adapted formicarium, the appropriate accessories for keeping these ants. The voluminous basins allow easy handling for feeding and cleaning. The large holes (50 mm) and tubes not only make it easy to observe the ants, they also allow the animals to remove large pieces of leaf. The stainless steel mesh inserts ensure good ventilation and are robust against mechanical impact. Even large colonies of leaf-cutter ants, which are very fond of cutting, are unable to penetrate them. The sturdy screw sockets are also absolutely bite-proof.. If necessary, the humidity can be increased using the spray bottle.<\/p>\n<p><strong>Svar\u012bgi:<\/strong> Pirms lieto\u0161anas substr\u0101tu samitriniet, lai mais\u012bjums var\u0113tu saist\u012bties un nostiprin\u0101ties skudru ferm\u0101. Turkl\u0101t, ja substr\u0101ts ir p\u0101r\u0101k sauss un putek\u013cains, skudru elpce\u013ci var tikt aizsprostoti un slikt\u0101kaj\u0101 gad\u012bjum\u0101 dz\u012bvnieki var aizdusa.<\/p>\n<p><strong>Piez\u012bmes par ra\u017eo\u0161anu<\/strong><br \/>\nStikls tiek sagriezts atbilsto\u0161i izm\u0113ram saska\u0146\u0101 ar DIN 1249 ar pielaidi +\/- 1 mm. \u012apa\u0161i maz\u0101m skudru sug\u0101m ir nepiecie\u0161ama papildu aizsardz\u012bba pret izb\u0113g\u0161anu.<\/p>\n<p><strong>B\u012bd\u0101mo durvju ar\u0113nas apraksts: <\/strong>M\u016bsu ANTCUBE ar\u0113na 30x30x60 ar b\u012bd\u0101m\u0101m durv\u012bm tika izstr\u0101d\u0101ta, lai var\u0113tu \u0113rti str\u0101d\u0101t pat piln\u0101 formik\u0101rij\u0101. T\u0101s ir \u012bpa\u0161i noder\u012bgas k\u0101 formik\u0101rijs skudrul\u012bt\u0113m (Polyrhachis un Oecophylla), jo t\u0101m pat\u012bk b\u016bv\u0113t uz aug\u0161u un t\u0101m ir nepiecie\u0161ams saimniekaugs. Da\u017ek\u0101rt var b\u016bt gr\u016bti no formik\u0101rija apak\u0161\u0101 eso\u0161ajiem dz\u012bvniekiem izvad\u012bt atkritumus, piem\u0113ram. Ar \u0161o \u012bpa\u0161i piel\u0101goto tvertni tas nav probl\u0113ma. B\u012bd\u0101m\u0101s durvis ir \u013coti praktiskas ar\u012b Acromyrmex vai Atta lapkoku skudru barotav\u0101m, jo augu atliekas un citus atkritumus var viegli izmest. J\u016bs varat izmantot ar\u012b b\u012bd\u0101mo durvju r\u0101mi (vien\u012bbas Nr. 1005648), lai nov\u0113rstu dz\u012bvnieku izb\u0113g\u0161anu darba laik\u0101.<\/p>","protected":false},"excerpt":{"rendered":"<p>The set consists of 47 parts and is suitable for all leaf cutter ant species.<br \/>\nIzm\u0113rs: <span style=\"color: #ed1c24;\"><strong>XL<\/strong><\/span><\/p>","protected":false},"featured_media":7665,"comment_status":"open","ping_status":"closed","template":"","meta":{"_acf_changed":false,"content-type":"","_monsterinsights_skip_tracking":false,"_monsterinsights_sitenote_active":false,"_monsterinsights_sitenote_note":"","_monsterinsights_sitenote_category":0},"product_brand":[484],"product_cat":[73,79],"product_tag":[],"class_list":{"0":"post-2737","1":"product","2":"type-product","3":"status-publish","4":"has-post-thumbnail","6":"product_brand-antcube","7":"product_cat-starter-sets","8":"product_cat-starter-sets-for-leafcutter-ants","9":"product_shipping_class-forwarding-on-pallet","11":"first","12":"instock","13":"taxable","14":"shipping-taxable","15":"purchasable","16":"product-type-simple"},"acf":[],"aioseo_notices":[],"jetpack_sharing_enabled":true,"_links":{"self":[{"href":"https:\/\/antcube.shop\/lv\/wp-json\/wp\/v2\/product\/2737","targetHints":{"allow":["GET"]}}],"collection":[{"href":"https:\/\/antcube.shop\/lv\/wp-json\/wp\/v2\/product"}],"about":[{"href":"https:\/\/antcube.shop\/lv\/wp-json\/wp\/v2\/types\/product"}],"replies":[{"embeddable":true,"href":"https:\/\/antcube.shop\/lv\/wp-json\/wp\/v2\/comments?post=2737"}],"wp:featuredmedia":[{"embeddable":true,"href":"https:\/\/antcube.shop\/lv\/wp-json\/wp\/v2\/media\/7665"}],"wp:attachment":[{"href":"https:\/\/antcube.shop\/lv\/wp-json\/wp\/v2\/media?parent=2737"}],"wp:term":[{"taxonomy":"product_brand","embeddable":true,"href":"https:\/\/antcube.shop\/lv\/wp-json\/wp\/v2\/product_brand?post=2737"},{"taxonomy":"product_cat","embeddable":true,"href":"https:\/\/antcube.shop\/lv\/wp-json\/wp\/v2\/product_cat?post=2737"},{"taxonomy":"product_tag","embeddable":true,"href":"https:\/\/antcube.shop\/lv\/wp-json\/wp\/v2\/product_tag?post=2737"}],"curies":[{"name":"wp","href":"https:\/\/api.w.org\/{rel}","templated":true}]}}