{"id":2734,"date":"2021-10-08T12:04:16","date_gmt":"2021-10-08T10:04:16","guid":{"rendered":"https:\/\/antcube.shop\/produkt\/antcube-arena-20x20x20-combi-l\/"},"modified":"2026-04-07T11:39:23","modified_gmt":"2026-04-07T09:39:23","slug":"antcube-arena-20x20x20-combi-l","status":"publish","type":"product","link":"https:\/\/antcube.shop\/lv\/products\/antcube-arena-20x20x20-combi-l\/","title":{"rendered":"ANTCUBE - Arena 20x20x20 - Combi L"},"content":{"rendered":"<p><strong>Izm\u0113ri:<\/strong> 20x20x20 cm; 4 mm stikla biezums<\/p>\n<p><strong>Materi\u0101ls:<\/strong> ar silikonu l\u012bm\u0113ts stikls<\/p>\n<p><strong>Savienojums:<\/strong> 2x caurums 27 mm (2x 10 mm caurums ligzdas zon\u0101)<\/p>\n<p><strong>Pl\u0101ksnes att\u0101lums ligzdas laukums:<\/strong> aptuveni 20 mm<\/p>\n<p><strong>Apraksts:<\/strong> Skudru ar\u0113n\u0101 - Combi ir ferma jeb ligzdu zona, kas ir integr\u0113ta formik\u0101rij\u0101. Skudras var piek\u013c\u016bt ligzdas zonai no ar\u0113nas caur div\u0101m iek\u0161\u0113j\u0101m 10 mm atver\u0113m.<\/p>\n<p><strong>Pazi\u0146ojums:<\/strong><br \/>\nJa izmantojat m\u016bsu ligzdu ielikt\u0146us (piem\u0113ram, kor\u0137a, \u0123ip\u0161a), l\u016bdzu, \u0146emiet v\u0113r\u0101, ka tie ir par 8 mm \u0161aur\u0101ki, jo tie s\u0101kotn\u0113ji tika izstr\u0101d\u0101ti, lai atbilstu m\u016bsu \u0161aur\u0101k\u0101m skudru ferm\u0101m, k\u0101 ar\u012b ar\u0113nas ielikt\u0146iem! \u0160aj\u0101 gad\u012bjum\u0101 atstarpi starp t\u0101m b\u016btu j\u0101aizpilda ar pildvielu, piem\u0113ram, \u0123ipsi vai m\u0101lu.<\/p>\n<p>&nbsp;<\/p>","protected":false},"excerpt":{"rendered":"<p>Savienojums: 2x caurums 27 mm<br \/>\nIzm\u0113rs: <span style=\"color: #0000ff;\"><strong>L<\/strong><\/span><\/p>","protected":false},"featured_media":328,"comment_status":"open","ping_status":"closed","template":"","meta":{"_acf_changed":false,"content-type":"","_monsterinsights_skip_tracking":false,"_monsterinsights_sitenote_active":false,"_monsterinsights_sitenote_note":"","_monsterinsights_sitenote_category":0},"product_brand":[],"product_cat":[85,83,86],"product_tag":[],"class_list":{"0":"post-2734","1":"product","2":"type-product","3":"status-publish","4":"has-post-thumbnail","6":"product_cat-ant-arenas","7":"product_cat-antfarms-l","8":"product_cat-formicariums","10":"first","11":"instock","12":"taxable","13":"shipping-taxable","14":"purchasable","15":"product-type-simple"},"acf":[],"aioseo_notices":[],"jetpack_sharing_enabled":true,"_links":{"self":[{"href":"https:\/\/antcube.shop\/lv\/wp-json\/wp\/v2\/product\/2734","targetHints":{"allow":["GET"]}}],"collection":[{"href":"https:\/\/antcube.shop\/lv\/wp-json\/wp\/v2\/product"}],"about":[{"href":"https:\/\/antcube.shop\/lv\/wp-json\/wp\/v2\/types\/product"}],"replies":[{"embeddable":true,"href":"https:\/\/antcube.shop\/lv\/wp-json\/wp\/v2\/comments?post=2734"}],"wp:featuredmedia":[{"embeddable":true,"href":"https:\/\/antcube.shop\/lv\/wp-json\/wp\/v2\/media\/328"}],"wp:attachment":[{"href":"https:\/\/antcube.shop\/lv\/wp-json\/wp\/v2\/media?parent=2734"}],"wp:term":[{"taxonomy":"product_brand","embeddable":true,"href":"https:\/\/antcube.shop\/lv\/wp-json\/wp\/v2\/product_brand?post=2734"},{"taxonomy":"product_cat","embeddable":true,"href":"https:\/\/antcube.shop\/lv\/wp-json\/wp\/v2\/product_cat?post=2734"},{"taxonomy":"product_tag","embeddable":true,"href":"https:\/\/antcube.shop\/lv\/wp-json\/wp\/v2\/product_tag?post=2734"}],"curies":[{"name":"wp","href":"https:\/\/api.w.org\/{rel}","templated":true}]}}