{"id":2731,"date":"2021-10-08T12:03:05","date_gmt":"2021-10-08T10:03:05","guid":{"rendered":"https:\/\/antcube.shop\/produkt\/temnothorax-crassispinus\/"},"modified":"2023-03-21T15:14:23","modified_gmt":"2023-03-21T14:14:23","slug":"temnothorax-crassispinus-2","status":"publish","type":"product","link":"https:\/\/antcube.shop\/lv\/products\/temnothorax-crassispinus-2\/","title":{"rendered":"Temnothorax crassispinus"},"content":{"rendered":"<p>&nbsp;<\/p>\n<table border=\"1\" cellspacing=\"1\" cellpadding=\"1\">\n<tbody>\n<tr>\n<td><strong>Lat. Nosaukums:<\/strong><\/td>\n<td><strong><img data-recalc-dims=\"1\" loading=\"lazy\" decoding=\"async\" src=\"https:\/\/i0.wp.com\/www.antstore.net\/shop\/images\/icons\/ants\/lateinname.jpg?resize=30%2C30&#038;ssl=1\" alt=\"\" width=\"30\" height=\"30\" \/><\/strong><\/td>\n<td><em>Temnothorax crassispinus<\/em><\/td>\n<\/tr>\n<tr>\n<td><strong>Visp\u0101rpie\u0146emtais nosaukums<\/strong>:<\/td>\n<td><strong><img data-recalc-dims=\"1\" loading=\"lazy\" decoding=\"async\" src=\"https:\/\/i0.wp.com\/www.antstore.net\/shop\/images\/icons\/ants\/trivialname.jpg?resize=30%2C30&#038;ssl=1\" alt=\"\" width=\"30\" height=\"30\" \/><\/strong><\/td>\n<td><\/td>\n<\/tr>\n<tr>\n<td><strong>Taksonomija:<\/strong><\/td>\n<td><strong><img data-recalc-dims=\"1\" loading=\"lazy\" decoding=\"async\" src=\"https:\/\/i0.wp.com\/www.antstore.net\/shop\/images\/icons\/ants\/taxonomie.jpg?resize=30%2C30&#038;ssl=1\" alt=\"\" width=\"30\" height=\"30\" \/><\/strong><\/td>\n<td><strong>Apak\u0161dzimene:<\/strong> Myrmicinae <strong>cilts:<\/strong> Formicoxenini<\/td>\n<\/tr>\n<tr>\n<td><strong>L\u012bme\u0146a uztur\u0113\u0161ana:<\/strong><\/td>\n<td><strong><img data-recalc-dims=\"1\" loading=\"lazy\" decoding=\"async\" src=\"https:\/\/i0.wp.com\/www.antstore.net\/shop\/images\/icons\/ants\/haltungsklasse.jpg?resize=30%2C30&#038;ssl=1\" alt=\"\" width=\"30\" height=\"30\" \/><\/strong><\/td>\n<td><strong>(1)<\/strong> piem\u0113rots ies\u0101c\u0113jiem<\/td>\n<\/tr>\n<tr>\n<td><strong>Izplat\u012b\u0161ana:<\/strong><\/td>\n<td><strong><img data-recalc-dims=\"1\" loading=\"lazy\" decoding=\"async\" src=\"https:\/\/i0.wp.com\/www.antstore.net\/shop\/images\/icons\/ants\/verbreitung.jpg?resize=30%2C30&#038;ssl=1\" alt=\"\" width=\"30\" height=\"30\" \/><\/strong><\/td>\n<td>Zieme\u013cv\u0101cij\u0101 un Austrumv\u0101cij\u0101 uz austrumiem no Uckerm\u00fcnde - Wittstock - Leipzig<\/td>\n<\/tr>\n<tr>\n<td><strong>Dz\u012bvotnes vide:<\/strong><\/td>\n<td><strong><img data-recalc-dims=\"1\" loading=\"lazy\" decoding=\"async\" src=\"https:\/\/i0.wp.com\/www.antstore.net\/shop\/images\/icons\/ants\/habitat.jpg?resize=30%2C30&#038;ssl=1\" alt=\"\" width=\"30\" height=\"30\" \/><\/strong><\/td>\n<td>L\u012bdz\u012bgs Temnothorax nylanderi dod priek\u0161roku jauktiem me\u017eiem, bet bie\u017ei sastopams ar\u012b sausos prie\u017eu me\u017eos.<\/td>\n<\/tr>\n<tr>\n<td><strong>Kolonijas forma:<\/strong><\/td>\n<td><strong><img data-recalc-dims=\"1\" loading=\"lazy\" decoding=\"async\" src=\"https:\/\/i0.wp.com\/www.antstore.net\/shop\/images\/icons\/ants\/Kolonieform.jpg?resize=30%2C30&#038;ssl=1\" alt=\"\" width=\"30\" height=\"30\" \/><\/strong><\/td>\n<td>viendzimuma, vasaras m\u0113ne\u0161os bie\u017ei bez m\u0101tes, daudzdzimuma.<\/td>\n<\/tr>\n<tr>\n<td><strong>Karaliene:<\/strong><\/td>\n<td><strong><img data-recalc-dims=\"1\" loading=\"lazy\" decoding=\"async\" src=\"https:\/\/i0.wp.com\/www.antstore.net\/shop\/images\/icons\/ants\/koenigin.jpg?resize=30%2C30&#038;ssl=1\" alt=\"\" width=\"30\" height=\"30\" \/><\/strong><\/td>\n<td><strong>Izm\u0113rs:<\/strong> 3,5 - 4,7 mm <strong>Kr\u0101sa:<\/strong> piem\u0113ram, darbinieks, tum\u0161\u0101ks<\/td>\n<\/tr>\n<tr>\n<td><strong>Darbinieks:<\/strong><\/td>\n<td><img data-recalc-dims=\"1\" loading=\"lazy\" decoding=\"async\" src=\"https:\/\/i0.wp.com\/www.antstore.net\/shop\/images\/icons\/ants\/arbeiterin.jpg?resize=30%2C30&#038;ssl=1\" alt=\"\" width=\"30\" height=\"30\" \/><\/td>\n<td><strong>Izm\u0113rs: <\/strong>2,3 - 3,5 mm <strong>Kr\u0101sa: <\/strong>dzeltens l\u012bdz dzelten\u012bgi br\u016bns, gasteris tum\u0161i br\u016bns<\/td>\n<\/tr>\n<tr>\n<td><strong>Kareivis:<\/strong><\/td>\n<td><img data-recalc-dims=\"1\" loading=\"lazy\" decoding=\"async\" src=\"https:\/\/i0.wp.com\/www.antstore.net\/shop\/images\/icons\/ants\/soldaten.jpg?resize=30%2C30&#038;ssl=1\" alt=\"\" width=\"30\" height=\"30\" \/><\/td>\n<td>\u00a0 nav kl\u0101t<\/td>\n<\/tr>\n<tr>\n<td><strong>V\u012brie\u0161i:<\/strong><\/td>\n<td><img data-recalc-dims=\"1\" loading=\"lazy\" decoding=\"async\" src=\"https:\/\/i0.wp.com\/www.antstore.net\/shop\/images\/icons\/ants\/maennchen.jpg?resize=30%2C30&#038;ssl=1\" alt=\"\" width=\"30\" height=\"30\" \/><\/td>\n<td><b><strong>Izm\u0113rs: <\/strong><\/b>2,5 - 3,5 mm<b><strong> Kr\u0101sa: <\/strong><\/b>k\u0101 karaliene<\/td>\n<\/tr>\n<tr>\n<td><strong>P\u0101rtika:<\/strong><\/td>\n<td><img data-recalc-dims=\"1\" loading=\"lazy\" decoding=\"async\" src=\"https:\/\/i0.wp.com\/www.antstore.net\/shop\/images\/icons\/ants\/nahrung.jpg?resize=30%2C30&#038;ssl=1\" alt=\"\" width=\"30\" height=\"30\" \/><\/td>\n<td>Medus\u016bdens un kukai\u0146i, piem\u0113ram, t\u0101di divsp\u0101r\u0146i k\u0101 mu\u0161as vai mosk\u012bti.<\/td>\n<\/tr>\n<tr>\n<td><strong>Mitrums:<\/strong><\/td>\n<td><strong><img data-recalc-dims=\"1\" loading=\"lazy\" decoding=\"async\" src=\"https:\/\/i0.wp.com\/www.antstore.net\/shop\/images\/icons\/ants\/feuchtigkeit.jpg?resize=30%2C30&#038;ssl=1\" alt=\"\" width=\"30\" height=\"30\" \/><\/strong><\/td>\n<td><b><strong>Ar\u0113na: <\/strong><\/b>30 &#8211; 50% <b><strong>Nestpart: <\/strong><\/b>50 &#8211; 60%<\/td>\n<\/tr>\n<tr>\n<td><strong>Temperat\u016bra:<\/strong><\/td>\n<td><strong><img data-recalc-dims=\"1\" loading=\"lazy\" decoding=\"async\" src=\"https:\/\/i0.wp.com\/www.antstore.net\/shop\/images\/icons\/ants\/temperatur.jpg?resize=30%2C30&#038;ssl=1\" alt=\"\" width=\"30\" height=\"30\" \/><\/strong><\/td>\n<td><b><strong>Ar\u0113na: <\/strong><\/b>18 - 28\u00b0C <b><strong>Nestpart: <\/strong><\/b>21 - 24\u00b0C<\/td>\n<\/tr>\n<tr>\n<td><strong>Hibern\u0101cija:<\/strong><\/td>\n<td><img data-recalc-dims=\"1\" loading=\"lazy\" decoding=\"async\" src=\"https:\/\/i0.wp.com\/www.antstore.net\/shop\/images\/icons\/ants\/winterruhe.jpg?resize=30%2C30&#038;ssl=1\" alt=\"\" width=\"30\" height=\"30\" \/><\/td>\n<td>\u00a0 j\u0101, no oktobra beig\u0101m l\u012bdz marta beig\u0101m, 5 - 8\u00b0C.<\/td>\n<\/tr>\n<tr>\n<td><strong>Ligzdas tips:<\/strong><\/td>\n<td><\/td>\n<td>\u00a0 b\u016bv\u0113 ligzdu dzelk\u0161\u0146os, koci\u0146os, zem mizas vai dzelk\u0161\u0146iem.<\/td>\n<\/tr>\n<tr>\n<td><strong>Formicarium tips:<\/strong><\/td>\n<td><img data-recalc-dims=\"1\" loading=\"lazy\" decoding=\"async\" src=\"https:\/\/i0.wp.com\/www.antstore.net\/shop\/images\/icons\/ants\/formicarienart.jpg?resize=30%2C30&#038;ssl=1\" alt=\"\" width=\"30\" height=\"30\" \/><\/td>\n<td><\/td>\n<\/tr>\n<tr>\n<td><strong>Formik\u0101rija izm\u0113rs:<\/strong><\/td>\n<td><strong><img data-recalc-dims=\"1\" loading=\"lazy\" decoding=\"async\" src=\"https:\/\/i0.wp.com\/www.antstore.net\/shop\/images\/icons\/ants\/formicariengroesse.jpg?resize=30%2C30&#038;ssl=1\" alt=\"\" width=\"30\" height=\"30\" \/><\/strong><\/td>\n<td><strong>Izm\u0113rs:<\/strong><span style=\"color: #000000;\"> S<\/span><\/td>\n<\/tr>\n<tr>\n<td><strong>Substr\u0101ts:<\/strong><\/td>\n<td><strong><img data-recalc-dims=\"1\" loading=\"lazy\" decoding=\"async\" src=\"https:\/\/i0.wp.com\/www.antstore.net\/shop\/images\/icons\/ants\/substrat.jpg?resize=30%2C30&#038;ssl=1\" alt=\"\" width=\"30\" height=\"30\" \/><\/strong><\/td>\n<td><b><strong>Saimniec\u012bba: <\/strong><\/b>Kor\u0137is, gai\u0161\u0101 koksne <b><strong>Ar\u0113na:<\/strong> &#8211;<\/b><\/td>\n<\/tr>\n<tr>\n<td><strong>St\u0101d\u012b\u0161ana:<\/strong><\/td>\n<td><img data-recalc-dims=\"1\" loading=\"lazy\" decoding=\"async\" src=\"https:\/\/i0.wp.com\/www.antstore.net\/shop\/images\/icons\/ants\/bepflanzung.jpg?resize=30%2C30&#038;ssl=1\" alt=\"\" width=\"30\" height=\"30\" \/><\/td>\n<td>nav nepiecie\u0161ams<\/td>\n<\/tr>\n<tr>\n<td><strong>Apdare:<\/strong><\/td>\n<td><img data-recalc-dims=\"1\" loading=\"lazy\" decoding=\"async\" src=\"https:\/\/i0.wp.com\/www.antstore.net\/shop\/images\/icons\/ants\/dekoration.jpg?resize=30%2C30&#038;ssl=1\" alt=\"\" width=\"30\" height=\"30\" \/><\/td>\n<td>Zari, saknes, koku s\u0113klas, ozolz\u012bles, ozolz\u012bles<\/td>\n<\/tr>\n<tr>\n<td><strong>Apraksts:<\/strong><\/td>\n<td><img data-recalc-dims=\"1\" loading=\"lazy\" decoding=\"async\" src=\"https:\/\/i0.wp.com\/www.antstore.net\/shop\/images\/icons\/ants\/beschreibung.jpg?resize=30%2C30&#038;ssl=1\" alt=\"\" width=\"30\" height=\"30\" \/><\/td>\n<td>Temnothorax crassispinus ir mierm\u012bl\u012bga skudru suga, kas, non\u0101kot kontakt\u0101 ar cit\u0101m skudr\u0101m, metas uz zemes.  Temnothorax crassispinus nav probl\u0113mu dz\u012bvot kop\u0101 ar cit\u0101m skudr\u0101m, piem\u0113ram, Camponotus.<\/td>\n<\/tr>\n<tr>\n<td><strong>Att\u012bst\u012bba:<\/strong><\/td>\n<td><strong><img data-recalc-dims=\"1\" loading=\"lazy\" decoding=\"async\" src=\"https:\/\/i0.wp.com\/www.antstore.net\/shop\/images\/icons\/ants\/entwicklung.jpg?resize=30%2C30&#038;ssl=1\" alt=\"\" width=\"30\" height=\"30\" \/><\/strong><\/td>\n<td><strong>Laul\u012bbas lidojums: <\/strong>siltos vakaros no j\u016blija vidus l\u012bdz septembra vidum<br \/>\n<strong>Fonds:\u00a0 <\/strong>Klaustr\u0101la (bez baro\u0161anas), bet iesp\u0113jama ar\u012b pleometroze vai adopcija.<br \/>\n<strong>Kolonijas lielums:\u00a0 <\/strong>reti vair\u0101k nek\u0101 100 darbinieku<\/td>\n<\/tr>\n<tr>\n<td><strong>Daudzums:<\/strong><\/td>\n<td><img data-recalc-dims=\"1\" loading=\"lazy\" decoding=\"async\" src=\"https:\/\/i0.wp.com\/www.antstore.net\/shop\/images\/icons\/ants\/menge.jpg?resize=30%2C30&#038;ssl=1\" alt=\"\" width=\"30\" height=\"30\" \/><\/td>\n<td>\u00a0viena p\u0101rojusies m\u0101te ar str\u0101dniekiem (sk. atlasi); peru bar\u012bba (atkar\u012bb\u0101 no sezonas un att\u012bst\u012bbas).<\/td>\n<\/tr>\n<tr>\n<td><strong>T\u012bmek\u013ca saites:<\/strong><\/td>\n<td><a href=\"http:\/\/www.antstore.net\/viewforum.php?f=9\"><span style=\"color: #0000ff;\"><img data-recalc-dims=\"1\" loading=\"lazy\" decoding=\"async\" src=\"https:\/\/i0.wp.com\/www.antstore.net\/shop\/images\/icons\/ants\/weblinks.jpg?resize=30%2C30&#038;ssl=1\" alt=\"\" width=\"30\" height=\"30\" \/><\/span><\/a><\/td>\n<td><a href=\"http:\/\/www.antstore.net\/viewforum.php?f=124\"><span style=\"color: #0000ff;\">- Forums<\/span><\/a><\/p>\n<p><span style=\"color: #0000ff;\"><a href=\"http:\/\/www.antweb.org\/description.do?name=mimicus&amp;genus=myrmecocystus&amp;rank=species&amp;project=bajaants\">- Atsauce uz avotu<\/a><\/span><\/td>\n<\/tr>\n<\/tbody>\n<\/table>\n<p>&nbsp;<\/p>","protected":false},"excerpt":{"rendered":"<p>1. uztur\u0113\u0161anas l\u012bmenis - \u013coti mazas sugas<br \/>\nIzm\u0113rs: <strong>S<\/strong><\/p>","protected":false},"featured_media":3325,"comment_status":"open","ping_status":"closed","template":"","meta":{"_acf_changed":false,"content-type":"","_monsterinsights_skip_tracking":false,"_monsterinsights_sitenote_active":false,"_monsterinsights_sitenote_note":"","_monsterinsights_sitenote_category":0},"product_brand":[],"product_cat":[107,112,108,109],"product_tag":[],"class_list":{"0":"post-2731","1":"product","2":"type-product","3":"status-publish","4":"has-post-thumbnail","6":"product_cat-ants","7":"product_cat-asia","8":"product_cat-northern-europe","9":"product_cat-southern-europe","11":"first","12":"instock","13":"product-type-external"},"acf":[],"aioseo_notices":[],"jetpack_sharing_enabled":true,"_links":{"self":[{"href":"https:\/\/antcube.shop\/lv\/wp-json\/wp\/v2\/product\/2731","targetHints":{"allow":["GET"]}}],"collection":[{"href":"https:\/\/antcube.shop\/lv\/wp-json\/wp\/v2\/product"}],"about":[{"href":"https:\/\/antcube.shop\/lv\/wp-json\/wp\/v2\/types\/product"}],"replies":[{"embeddable":true,"href":"https:\/\/antcube.shop\/lv\/wp-json\/wp\/v2\/comments?post=2731"}],"wp:featuredmedia":[{"embeddable":true,"href":"https:\/\/antcube.shop\/lv\/wp-json\/wp\/v2\/media\/3325"}],"wp:attachment":[{"href":"https:\/\/antcube.shop\/lv\/wp-json\/wp\/v2\/media?parent=2731"}],"wp:term":[{"taxonomy":"product_brand","embeddable":true,"href":"https:\/\/antcube.shop\/lv\/wp-json\/wp\/v2\/product_brand?post=2731"},{"taxonomy":"product_cat","embeddable":true,"href":"https:\/\/antcube.shop\/lv\/wp-json\/wp\/v2\/product_cat?post=2731"},{"taxonomy":"product_tag","embeddable":true,"href":"https:\/\/antcube.shop\/lv\/wp-json\/wp\/v2\/product_tag?post=2731"}],"curies":[{"name":"wp","href":"https:\/\/api.w.org\/{rel}","templated":true}]}}