{"id":2728,"date":"2021-10-08T12:02:35","date_gmt":"2021-10-08T10:02:35","guid":{"rendered":"https:\/\/antcube.shop\/produkt\/antcube-starter-set-fur-blattschneiderarten-klein\/"},"modified":"2026-04-01T13:27:59","modified_gmt":"2026-04-01T11:27:59","slug":"skudru-kubu-starteru-komplekts-lapu-griezejiem-ant-maziem","status":"publish","type":"product","link":"https:\/\/antcube.shop\/lv\/products\/skudru-kubu-starteru-komplekts-lapu-griezejiem-ant-maziem\/","title":{"rendered":"ANTCUBE - S\u0101kuma komplekts skudr\u0101m lapu griez\u0113j\u0101m - mazs"},"content":{"rendered":"<p><span data-text-color=\"alert\"><strong>JAUNUMS no 04\/2024:<\/strong><\/span><br \/>\n<strong>Tagad barotava tiek pieg\u0101d\u0101ta k\u0101 20x20x40 cm augsta ar\u0113na. Tas atst\u0101j vair\u0101k vietas bar\u012bbai.<\/strong><br \/>\n<strong>M\u0113s esam aizst\u0101ju\u0161i vecos savienot\u0101jus ar piln\u012bgi caursp\u012bd\u012bgiem jauniem savienot\u0101jiem, tostarp piln\u012bgi caursp\u012bd\u012bgiem uzgrie\u017e\u0146iem.<\/strong><br \/>\n<strong>Visiem baseiniem esam pievienoju\u0161i ar\u012b formik\u0101rija spilventi\u0146us (m\u0113be\u013cu un baseinu aizsardz\u012bba un aizsardz\u012bba pret vibr\u0101ciju).<\/strong><\/p>\n<p>&nbsp;<\/p>\n<p><strong>Ietver:<\/strong><\/p>\n<p>2x ANTCUBE Arena 20x20x20cm<br \/>\n1x ANTCUBE Arena 20x20x40cm augsta<br \/>\n3x skudru ar\u0113nas r\u0101mis 20x20cm<br \/>\n3x skudru ar\u0113nas p\u0101rkl\u0101js 20x20cm<br \/>\n12x ar\u0113nas v\u0101ka stiprin\u0101juma punkts<\/p>\n<p>1x skudru caurule - krist\u0101ldzidra 32 mm - 1 m (uz pus\u0113m)<br \/>\n1x substr\u0101ts - lietus me\u017es - 1 kg<br \/>\n1x Formicarium granulas 200ml - smil\u0161kr\u0101sas kr\u0101s\u0101<br \/>\n3x formik\u0101rija pamatne 20\u00d720<\/p>\n<p>2x formik\u0101rija aizb\u0101\u017e\u0146i 50 mm caurumam<br \/>\n5x Grid insert acrylic &#8211; 50 mm with sealing ring<br \/>\n2x Grid insert acrylic &#8211; 27 mm with sealing ring<br \/>\n4x tvertnes savienot\u0101js 3\/4\u2033 l\u012bdz 32 mm - krist\u0101ldzidrs<br \/>\n4x Formik\u0101rija uzgrieznis 3\/4 collas - krist\u0101ldzidrs<\/p>\n<p>1x Foil thermometer Display<br \/>\n1x drinking clear 5ml &#8211; sponge<br \/>\n1x Pincete atsperu t\u0113rauda - plata - m\u012bksta<br \/>\n1x Formicarium pincete - plastmasas<br \/>\n1x rokas lupa - 2x - 30 mm<br \/>\n1x e\u013c\u013ca aizsardz\u012bbai pret skudru uzliesmojumiem 10ml<br \/>\n1x putu t\u012br\u012bt\u0101js 150x18x2,5mm<br \/>\n0,5 litru smidzin\u0101t\u0101ja pudele - misi\u0146a uzgalis<br \/>\n1x ro\u017eu ziedlapi\u0146as 100g - kalt\u0113tas<br \/>\n2x foto aizmugures siena - lietus me\u017es - 20\u00d720<br \/>\n1x foto aizmugures siena - lietus me\u017es - 20\u00d740 augstums<\/p>\n<p><strong>Apraksts:<\/strong><br \/>\nThis expandable starter set for all leafcutter ant species contains, in addition to the optimally adapted formicarium, the appropriate accessories for keeping these ants. The basins are easy to use for feeding and cleaning. The large holes (27 mm) and tubes not only make it easy to observe the ants, they also allow the animals to remove large pieces of leaf. The stainless steel mesh inserts ensure good ventilation and are robust against mechanical impact. Even large colonies of leaf-cutter ants, which are very fond of cutting, are unable to penetrate them. The sturdy tube connectors are also absolutely bite-proof. The humidity can be increased using the spray bottle.<\/p>\n<p><strong>Svar\u012bgi:<\/strong> Pirms lieto\u0161anas substr\u0101tu samitriniet, lai mais\u012bjums var\u0113tu saist\u012bties un nostiprin\u0101ties skudru ferm\u0101. Turkl\u0101t, ja substr\u0101ts ir p\u0101r\u0101k sauss un putek\u013cains, skudru elpce\u013ci var tikt aizsprostoti un slikt\u0101kaj\u0101 gad\u012bjum\u0101 dz\u012bvnieki var aizdusa.<\/p>\n<p><strong>Piez\u012bmes par ra\u017eo\u0161anu<\/strong><br \/>\nStikls tiek sagriezts atbilsto\u0161i izm\u0113ram saska\u0146\u0101 ar DIN 1249 ar pielaidi +\/- 1 mm. \u012apa\u0161i maz\u0101m skudru sug\u0101m ir nepiecie\u0161ama papildu aizsardz\u012bba pret izb\u0113g\u0161anu.<\/p>","protected":false},"excerpt":{"rendered":"<p>Komplekt\u0101 ir 43 da\u013cas<br \/>\nIzm\u0113rs: <span style=\"color: #ed1c24;\"><strong>XL<\/strong><\/span><\/p>","protected":false},"featured_media":7666,"comment_status":"open","ping_status":"closed","template":"","meta":{"_acf_changed":false,"content-type":"","_monsterinsights_skip_tracking":false,"_monsterinsights_sitenote_active":false,"_monsterinsights_sitenote_note":"","_monsterinsights_sitenote_category":0},"product_brand":[],"product_cat":[73,79],"product_tag":[],"class_list":{"0":"post-2728","1":"product","2":"type-product","3":"status-publish","4":"has-post-thumbnail","6":"product_cat-starter-sets","7":"product_cat-starter-sets-for-leafcutter-ants","9":"first","10":"instock","11":"taxable","12":"shipping-taxable","13":"purchasable","14":"product-type-simple"},"acf":[],"aioseo_notices":[],"jetpack_sharing_enabled":true,"_links":{"self":[{"href":"https:\/\/antcube.shop\/lv\/wp-json\/wp\/v2\/product\/2728","targetHints":{"allow":["GET"]}}],"collection":[{"href":"https:\/\/antcube.shop\/lv\/wp-json\/wp\/v2\/product"}],"about":[{"href":"https:\/\/antcube.shop\/lv\/wp-json\/wp\/v2\/types\/product"}],"replies":[{"embeddable":true,"href":"https:\/\/antcube.shop\/lv\/wp-json\/wp\/v2\/comments?post=2728"}],"wp:featuredmedia":[{"embeddable":true,"href":"https:\/\/antcube.shop\/lv\/wp-json\/wp\/v2\/media\/7666"}],"wp:attachment":[{"href":"https:\/\/antcube.shop\/lv\/wp-json\/wp\/v2\/media?parent=2728"}],"wp:term":[{"taxonomy":"product_brand","embeddable":true,"href":"https:\/\/antcube.shop\/lv\/wp-json\/wp\/v2\/product_brand?post=2728"},{"taxonomy":"product_cat","embeddable":true,"href":"https:\/\/antcube.shop\/lv\/wp-json\/wp\/v2\/product_cat?post=2728"},{"taxonomy":"product_tag","embeddable":true,"href":"https:\/\/antcube.shop\/lv\/wp-json\/wp\/v2\/product_tag?post=2728"}],"curies":[{"name":"wp","href":"https:\/\/api.w.org\/{rel}","templated":true}]}}