{"id":2711,"date":"2021-10-08T11:59:55","date_gmt":"2021-10-08T09:59:55","guid":{"rendered":"https:\/\/antcube.shop\/produkt\/crematogaster-rogenhoferi\/"},"modified":"2023-03-21T16:10:38","modified_gmt":"2023-03-21T15:10:38","slug":"crematogaster-rogenhoferi","status":"publish","type":"product","link":"https:\/\/antcube.shop\/lv\/products\/crematogaster-rogenhoferi\/","title":{"rendered":"Crematogaster rogenhoferi"},"content":{"rendered":"<table border=\"1\" cellspacing=\"1\" cellpadding=\"1\">\n<tbody>\n<tr>\n<td><strong>Lat\u012b\u0146u nosaukums:<\/strong><\/td>\n<td><strong><img data-recalc-dims=\"1\" loading=\"lazy\" decoding=\"async\" src=\"https:\/\/i0.wp.com\/www.antstore.net\/shop\/images\/icons\/ants\/lateinname.jpg?resize=30%2C30&#038;ssl=1\" alt=\"\" width=\"30\" height=\"30\" \/><\/strong><\/td>\n<td><em>Crematogaster rogenhoferi<\/em><\/td>\n<\/tr>\n<tr>\n<td><strong>Trivialname:<\/strong><\/td>\n<td><strong><img data-recalc-dims=\"1\" loading=\"lazy\" decoding=\"async\" src=\"https:\/\/i0.wp.com\/www.antstore.net\/shop\/images\/icons\/ants\/trivialname.jpg?resize=30%2C30&#038;ssl=1\" alt=\"\" width=\"30\" height=\"30\" \/><\/strong><\/td>\n<td>&#8211;<\/td>\n<\/tr>\n<tr>\n<td><strong>Taksonomija:<\/strong><\/td>\n<td><strong><img data-recalc-dims=\"1\" loading=\"lazy\" decoding=\"async\" src=\"https:\/\/i0.wp.com\/www.antstore.net\/shop\/images\/icons\/ants\/taxonomie.jpg?resize=30%2C30&#038;ssl=1\" alt=\"\" width=\"30\" height=\"30\" \/><\/strong><\/td>\n<td><strong>Apak\u0161dzimene:<\/strong> Myrmicinae <strong>cilts:<\/strong> Crematogastrini<\/td>\n<\/tr>\n<tr>\n<td><strong>Uztur\u0113\u0161anas l\u012bmenis:<\/strong><\/td>\n<td><strong><img data-recalc-dims=\"1\" loading=\"lazy\" decoding=\"async\" src=\"https:\/\/i0.wp.com\/www.antstore.net\/shop\/images\/icons\/ants\/haltungsklasse.jpg?resize=30%2C30&#038;ssl=1\" alt=\"\" width=\"30\" height=\"30\" \/><\/strong><\/td>\n<td><strong>(2)<\/strong>\u00a0augst\u0101kas pras\u012bbas attiec\u012bb\u0101 uz klimata un b\u0113g\u0161anas nov\u0113r\u0161anu.<\/td>\n<\/tr>\n<tr>\n<td><strong>Izplat\u012b\u0161ana:<\/strong><\/td>\n<td><strong><img data-recalc-dims=\"1\" loading=\"lazy\" decoding=\"async\" src=\"https:\/\/i0.wp.com\/www.antstore.net\/shop\/images\/icons\/ants\/verbreitung.jpg?resize=30%2C30&#038;ssl=1\" alt=\"\" width=\"30\" height=\"30\" \/><\/strong><\/td>\n<td>Dienvidaustrum\u0101zija<\/td>\n<\/tr>\n<tr>\n<td><strong>Pierast:<\/strong><\/td>\n<td><strong><img data-recalc-dims=\"1\" loading=\"lazy\" decoding=\"async\" src=\"https:\/\/i0.wp.com\/www.antstore.net\/shop\/images\/icons\/ants\/habitat.jpg?resize=30%2C30&#038;ssl=1\" alt=\"\" width=\"30\" height=\"30\" \/><\/strong><\/td>\n<td>tropu lietus me\u017es<\/td>\n<\/tr>\n<tr>\n<td><strong>Kolonijas forma:<\/strong><\/td>\n<td><strong><img data-recalc-dims=\"1\" loading=\"lazy\" decoding=\"async\" src=\"https:\/\/i0.wp.com\/www.antstore.net\/shop\/images\/icons\/ants\/Kolonieform.jpg?resize=30%2C30&#038;ssl=1\" alt=\"\" width=\"30\" height=\"30\" \/><\/strong><\/td>\n<td>fakultat\u012bvs polig\u012bns<\/td>\n<\/tr>\n<tr>\n<td><strong>Karaliene:<\/strong><\/td>\n<td><strong><img data-recalc-dims=\"1\" loading=\"lazy\" decoding=\"async\" src=\"https:\/\/i0.wp.com\/www.antstore.net\/shop\/images\/icons\/ants\/koenigin.jpg?resize=30%2C30&#038;ssl=1\" alt=\"\" width=\"30\" height=\"30\" \/><\/strong><\/td>\n<td><strong>Izm\u0113rs:<\/strong> 10 mm\u00a0<strong>Kr\u0101sa:<\/strong> b\u0113\u0161s, Gaster br\u016bns<\/td>\n<\/tr>\n<tr>\n<td><strong>Darbinieks:<\/strong><\/td>\n<td><img data-recalc-dims=\"1\" loading=\"lazy\" decoding=\"async\" src=\"https:\/\/i0.wp.com\/www.antstore.net\/shop\/images\/icons\/ants\/arbeiterin.jpg?resize=30%2C30&#038;ssl=1\" alt=\"\" width=\"30\" height=\"30\" \/><\/td>\n<td><strong>Izm\u0113rs:<\/strong> 3 - 4 mm <strong>Kr\u0101sa:<\/strong> b\u0113\u0161s Gaster br\u016bns<\/td>\n<\/tr>\n<tr>\n<td><strong>Kareivis:<\/strong><\/td>\n<td><img data-recalc-dims=\"1\" loading=\"lazy\" decoding=\"async\" src=\"https:\/\/i0.wp.com\/www.antstore.net\/shop\/images\/icons\/ants\/soldaten.jpg?resize=30%2C30&#038;ssl=1\" alt=\"\" width=\"30\" height=\"30\" \/><\/td>\n<td>nav kl\u0101t<\/td>\n<\/tr>\n<tr>\n<td><strong>V\u012brie\u0161i:<\/strong><\/td>\n<td><img data-recalc-dims=\"1\" loading=\"lazy\" decoding=\"async\" src=\"https:\/\/i0.wp.com\/www.antstore.net\/shop\/images\/icons\/ants\/maennchen.jpg?resize=30%2C30&#038;ssl=1\" alt=\"\" width=\"30\" height=\"30\" \/><\/td>\n<td><strong>Izm\u0113rs:<\/strong> 3,5 mm\u00a0<strong>Kr\u0101sa:<\/strong>\u00a0br\u016bngani dzelten\u0101 kr\u0101s\u0101, k\u0101jas un antenas b\u0101lgani dzeltenas<\/td>\n<\/tr>\n<tr>\n<td><strong>Nutrion:<\/strong><\/td>\n<td><img data-recalc-dims=\"1\" loading=\"lazy\" decoding=\"async\" src=\"https:\/\/i0.wp.com\/www.antstore.net\/shop\/images\/icons\/ants\/nahrung.jpg?resize=30%2C30&#038;ssl=1\" alt=\"\" width=\"30\" height=\"30\" \/><\/td>\n<td>medus\u016bdens un kukai\u0146i, piem\u0113ram, mu\u0161as un c\u012brul\u012b\u0161i.<\/td>\n<\/tr>\n<tr>\n<td><strong>Gaisa mitrums:<\/strong><\/td>\n<td><strong><img data-recalc-dims=\"1\" loading=\"lazy\" decoding=\"async\" src=\"https:\/\/i0.wp.com\/www.antstore.net\/shop\/images\/icons\/ants\/feuchtigkeit.jpg?resize=30%2C30&#038;ssl=1\" alt=\"\" width=\"30\" height=\"30\" \/><\/strong><\/td>\n<td><strong>Ar\u0113na:<\/strong> 60 &#8211; 70% <strong>Nestpart:<\/strong> 60 &#8211; 80%<\/td>\n<\/tr>\n<tr>\n<td><strong>Temperat\u016bra:<\/strong><\/td>\n<td><strong><img data-recalc-dims=\"1\" loading=\"lazy\" decoding=\"async\" src=\"https:\/\/i0.wp.com\/www.antstore.net\/shop\/images\/icons\/ants\/temperatur.jpg?resize=30%2C30&#038;ssl=1\" alt=\"\" width=\"30\" height=\"30\" \/><\/strong><\/td>\n<td><strong>Ar\u0113na:<\/strong> 21 - 30\u00b0C <strong>Nestpart:<\/strong> 21 - 28\u00b0C<\/td>\n<\/tr>\n<tr>\n<td><strong>Hibern\u0101cija:<\/strong><\/td>\n<td><img data-recalc-dims=\"1\" loading=\"lazy\" decoding=\"async\" src=\"https:\/\/i0.wp.com\/www.antstore.net\/shop\/images\/icons\/ants\/winterruhe.jpg?resize=30%2C30&#038;ssl=1\" alt=\"\" width=\"30\" height=\"30\" \/><\/td>\n<td>nav<\/td>\n<\/tr>\n<tr>\n<td><strong>Nestform:<\/strong><\/td>\n<td><img data-recalc-dims=\"1\" loading=\"lazy\" decoding=\"async\" src=\"https:\/\/i0.wp.com\/www.antstore.net\/shop\/images\/icons\/ants\/nestform.jpg?resize=30%2C30&#038;ssl=1\" alt=\"\" width=\"30\" height=\"30\" \/><\/td>\n<td>ap zariem un zari\u0146iem b\u016bv\u0113 pap\u012brm\u0113tel\u012bti<\/td>\n<\/tr>\n<tr>\n<td><strong>Formicaria veids:<\/strong><\/td>\n<td><img data-recalc-dims=\"1\" loading=\"lazy\" decoding=\"async\" src=\"https:\/\/i0.wp.com\/www.antstore.net\/shop\/images\/icons\/ants\/formicarienart.jpg?resize=30%2C30&#038;ssl=1\" alt=\"\" width=\"30\" height=\"30\" \/><\/td>\n<td>Farm, Farmbasin, Basin, Framebasin, Island, Acrylcylinder<\/td>\n<\/tr>\n<tr>\n<td><strong>Formicaria izm\u0113rs:<\/strong><\/td>\n<td><strong><img data-recalc-dims=\"1\" loading=\"lazy\" decoding=\"async\" src=\"https:\/\/i0.wp.com\/www.antstore.net\/shop\/images\/icons\/ants\/formicariengroesse.jpg?resize=30%2C30&#038;ssl=1\" alt=\"\" width=\"30\" height=\"30\" \/><\/strong><\/td>\n<td><strong>Izm\u0113rs:<\/strong> <strong><span style=\"color: #339966;\">M<\/span><\/strong> &#8211; <strong>XL<\/strong><\/td>\n<\/tr>\n<tr>\n<td><strong>Substr\u0101ts:<\/strong><\/td>\n<td><strong><img data-recalc-dims=\"1\" loading=\"lazy\" decoding=\"async\" src=\"https:\/\/i0.wp.com\/www.antstore.net\/shop\/images\/icons\/ants\/substrat.jpg?resize=30%2C30&#038;ssl=1\" alt=\"\" width=\"30\" height=\"30\" \/><\/strong><\/td>\n<td><strong>Saimniec\u012bba:<\/strong> Smil\u0161m\u0101ls, kor\u0137is\u00a0 <strong>Ar\u0113na: <\/strong>Smil\u0161m\u0101ls, zari, koksne, saknes,<\/td>\n<\/tr>\n<tr>\n<td><strong>St\u0101d\u012b\u0161ana:<\/strong><\/td>\n<td><img data-recalc-dims=\"1\" loading=\"lazy\" decoding=\"async\" src=\"https:\/\/i0.wp.com\/www.antstore.net\/shop\/images\/icons\/ants\/bepflanzung.jpg?resize=30%2C30&#038;ssl=1\" alt=\"\" width=\"30\" height=\"30\" \/><\/td>\n<td>l\u012bdz\u012bgi tropu lietus me\u017eiem.<\/td>\n<\/tr>\n<tr>\n<td><strong>Apdare:<\/strong><\/td>\n<td><img data-recalc-dims=\"1\" loading=\"lazy\" decoding=\"async\" src=\"https:\/\/i0.wp.com\/www.antstore.net\/shop\/images\/icons\/ants\/dekoration.jpg?resize=30%2C30&#038;ssl=1\" alt=\"\" width=\"30\" height=\"30\" \/><\/td>\n<td>akme\u0146i, lapas, zari\u0146i, kor\u0137is<\/td>\n<\/tr>\n<tr>\n<td><strong>Apraksts:<\/strong><\/td>\n<td><img data-recalc-dims=\"1\" loading=\"lazy\" decoding=\"async\" src=\"https:\/\/i0.wp.com\/www.antstore.net\/shop\/images\/icons\/ants\/beschreibung.jpg?resize=30%2C30&#038;ssl=1\" alt=\"\" width=\"30\" height=\"30\" \/><\/td>\n<td>Crematogaster rogenhoferi b\u016bv\u0113 ligzdas kokos, galvenok\u0101rt no 2,5 m l\u012bdz 4,5 m augstum\u0101. Ligzdas ir aptuveni 22 cm garas un 10 cm platas. Ar\u012b tad, ja izmantojat salu formik\u0101riju, ieteicams ligzdu aizkl\u0101t ar citu baseinu. Tas ar\u012b atvieglo vajadz\u012bg\u0101 mitruma uztur\u0113\u0161anu.<\/td>\n<\/tr>\n<tr>\n<td><strong>Att\u012bst\u012bba:<\/strong><\/td>\n<td><strong><img data-recalc-dims=\"1\" loading=\"lazy\" decoding=\"async\" src=\"https:\/\/i0.wp.com\/www.antstore.net\/shop\/images\/icons\/ants\/entwicklung.jpg?resize=30%2C30&#038;ssl=1\" alt=\"\" width=\"30\" height=\"30\" \/><\/strong><\/td>\n<td><strong>p\u0101ro\u0161an\u0101s lidojums:<\/strong> &#8211;<br \/>\n<strong>dibin\u0101\u0161anas:<\/strong>\u00a0 klaustr\u0101le<br \/>\n<strong>Divpadsmitpirkstu zarnas:<\/strong> da\u017ei t\u016bksto\u0161i darbinieku<\/td>\n<\/tr>\n<tr>\n<td><strong>Daudzums:<\/strong><\/td>\n<td><img data-recalc-dims=\"1\" loading=\"lazy\" decoding=\"async\" src=\"https:\/\/i0.wp.com\/www.antstore.net\/shop\/images\/icons\/ants\/menge.jpg?resize=30%2C30&#038;ssl=1\" alt=\"\" width=\"30\" height=\"30\" \/><\/td>\n<td>viena apaug\u013cota m\u0101te ar str\u0101dniekiem (sk. atlasi); m\u0101tes (atkar\u012bb\u0101 no sezonas un att\u012bst\u012bbas).<\/td>\n<\/tr>\n<tr>\n<td><strong>T\u012bmek\u013ca saites:<\/strong><\/td>\n<td><a href=\"http:\/\/www.antstore.net\/viewforum.php?f=9\"><span style=\"color: #0000ff;\"><img data-recalc-dims=\"1\" loading=\"lazy\" decoding=\"async\" src=\"https:\/\/i0.wp.com\/www.antstore.net\/shop\/images\/icons\/ants\/weblinks.jpg?resize=30%2C30&#038;ssl=1\" alt=\"\" width=\"30\" height=\"30\" \/><\/span><\/a><\/td>\n<td><a href=\"http:\/\/www.antstore.net\/viewforum.php?f=130\"><span style=\"color: #0000ff;\">- Forums<\/span><\/a><\/p>\n<p><span style=\"color: #0000ff;\"><a href=\"http:\/\/www.antweb.org\/description.do?genus=crematogaster&amp;name=rogenhoferi&amp;rank=species&amp;project=allantwebants\">- Atsauce<\/a><\/span><\/td>\n<\/tr>\n<\/tbody>\n<\/table>","protected":false},"excerpt":{"rendered":"<p>2. uztur\u0113\u0161anas l\u012bmenis - 3. riska l\u012bmenis<br \/>\nIzm\u0113rs:<span style=\"color: #000000;\"> <strong><span style=\"color: #339966;\">M<\/span><\/strong><\/span> &#8211; <strong>XL<\/strong><\/p>","protected":false},"featured_media":3349,"comment_status":"open","ping_status":"closed","template":"","meta":{"_acf_changed":false,"content-type":"","_monsterinsights_skip_tracking":false,"_monsterinsights_sitenote_active":false,"_monsterinsights_sitenote_note":"","_monsterinsights_sitenote_category":0},"product_brand":[],"product_cat":[107,112],"product_tag":[],"class_list":{"0":"post-2711","1":"product","2":"type-product","3":"status-publish","4":"has-post-thumbnail","6":"product_cat-ants","7":"product_cat-asia","9":"first","10":"instock","11":"product-type-external"},"acf":[],"aioseo_notices":[],"jetpack_sharing_enabled":true,"_links":{"self":[{"href":"https:\/\/antcube.shop\/lv\/wp-json\/wp\/v2\/product\/2711","targetHints":{"allow":["GET"]}}],"collection":[{"href":"https:\/\/antcube.shop\/lv\/wp-json\/wp\/v2\/product"}],"about":[{"href":"https:\/\/antcube.shop\/lv\/wp-json\/wp\/v2\/types\/product"}],"replies":[{"embeddable":true,"href":"https:\/\/antcube.shop\/lv\/wp-json\/wp\/v2\/comments?post=2711"}],"wp:featuredmedia":[{"embeddable":true,"href":"https:\/\/antcube.shop\/lv\/wp-json\/wp\/v2\/media\/3349"}],"wp:attachment":[{"href":"https:\/\/antcube.shop\/lv\/wp-json\/wp\/v2\/media?parent=2711"}],"wp:term":[{"taxonomy":"product_brand","embeddable":true,"href":"https:\/\/antcube.shop\/lv\/wp-json\/wp\/v2\/product_brand?post=2711"},{"taxonomy":"product_cat","embeddable":true,"href":"https:\/\/antcube.shop\/lv\/wp-json\/wp\/v2\/product_cat?post=2711"},{"taxonomy":"product_tag","embeddable":true,"href":"https:\/\/antcube.shop\/lv\/wp-json\/wp\/v2\/product_tag?post=2711"}],"curies":[{"name":"wp","href":"https:\/\/api.w.org\/{rel}","templated":true}]}}