{"id":2694,"date":"2021-10-08T11:57:21","date_gmt":"2021-10-08T09:57:21","guid":{"rendered":"https:\/\/antcube.shop\/produkt\/myrmica-rubra\/"},"modified":"2023-03-21T17:25:14","modified_gmt":"2023-03-21T16:25:14","slug":"myrmica-rubra","status":"publish","type":"product","link":"https:\/\/antcube.shop\/lv\/products\/myrmica-rubra\/","title":{"rendered":"Myrmica rubra"},"content":{"rendered":"<table border=\"1\" cellspacing=\"1\" cellpadding=\"1\">\n<tbody>\n<tr>\n<td><strong>Lat\u012b\u0146u nosaukums:<\/strong><\/td>\n<td><strong><img data-recalc-dims=\"1\" loading=\"lazy\" decoding=\"async\" src=\"https:\/\/i0.wp.com\/www.antstore.net\/shop\/images\/icons\/ants\/lateinname.jpg?resize=30%2C30&#038;ssl=1\" alt=\"\" width=\"30\" height=\"30\" \/><\/strong><\/td>\n<td><i>Myrmica rubra<\/i><\/td>\n<\/tr>\n<tr>\n<td><strong>Trivialname:<\/strong><\/td>\n<td><strong><img data-recalc-dims=\"1\" loading=\"lazy\" decoding=\"async\" src=\"https:\/\/i0.wp.com\/www.antstore.net\/shop\/images\/icons\/ants\/trivialname.jpg?resize=30%2C30&#038;ssl=1\" alt=\"\" width=\"30\" height=\"30\" \/><\/strong><\/td>\n<td>Eiropas ugunsdz\u0113s\u0113js<\/td>\n<\/tr>\n<tr>\n<td><strong>Taksonomija:<\/strong><\/td>\n<td><strong><img data-recalc-dims=\"1\" loading=\"lazy\" decoding=\"async\" src=\"https:\/\/i0.wp.com\/www.antstore.net\/shop\/images\/icons\/ants\/taxonomie.jpg?resize=30%2C30&#038;ssl=1\" alt=\"\" width=\"30\" height=\"30\" \/><\/strong><\/td>\n<td><strong>Apak\u0161dzimene:<\/strong> Myrmicinae\u00a0<strong>cilts:<\/strong> Myrmicini<\/td>\n<\/tr>\n<tr>\n<td><strong>Uztur\u0113\u0161anas l\u012bmenis:<\/strong><\/td>\n<td><strong><img data-recalc-dims=\"1\" loading=\"lazy\" decoding=\"async\" src=\"https:\/\/i0.wp.com\/www.antstore.net\/shop\/images\/icons\/ants\/haltungsklasse.jpg?resize=30%2C30&#038;ssl=1\" alt=\"\" width=\"30\" height=\"30\" \/><\/strong><\/td>\n<td><strong>(1)<\/strong> viegli kopjamas, t\u0101m ir sp\u0113c\u012bgs dz\u0113liens, l\u012bdz\u012bgs dzelo\u0146ainajam neitlijam.<\/td>\n<\/tr>\n<tr>\n<td><strong>Distrib\u016bcija:<\/strong><\/td>\n<td><strong><img data-recalc-dims=\"1\" loading=\"lazy\" decoding=\"async\" src=\"https:\/\/i0.wp.com\/www.antstore.net\/shop\/images\/icons\/ants\/verbreitung.jpg?resize=30%2C30&#038;ssl=1\" alt=\"\" width=\"30\" height=\"30\" \/><\/strong><\/td>\n<td>no Lielbrit\u0101nijas l\u012bdz Vidus\u0101zijai, kop\u0161 18. gadsimta ar\u012b Zieme\u013camerik\u0101.<\/td>\n<\/tr>\n<tr>\n<td><strong>Pierast:<\/strong><\/td>\n<td><strong><img data-recalc-dims=\"1\" loading=\"lazy\" decoding=\"async\" src=\"https:\/\/i0.wp.com\/www.antstore.net\/shop\/images\/icons\/ants\/habitat.jpg?resize=30%2C30&#038;ssl=1\" alt=\"\" width=\"30\" height=\"30\" \/><\/strong><\/td>\n<td>dod priek\u0161roku mitr\u0101m viet\u0101m, piem\u0113ram, p\u013cav\u0101m vai atkl\u0101tiem me\u017eiem, un izvair\u0101s no atkl\u0101t\u0101m viet\u0101m bez ve\u0123et\u0101cijas.<\/td>\n<\/tr>\n<tr>\n<td><strong>Kolonijas forma:<\/strong><\/td>\n<td><strong><img data-recalc-dims=\"1\" loading=\"lazy\" decoding=\"async\" src=\"https:\/\/i0.wp.com\/www.antstore.net\/shop\/images\/icons\/ants\/Kolonieform.jpg?resize=30%2C30&#038;ssl=1\" alt=\"\" width=\"30\" height=\"30\" \/><\/strong><\/td>\n<td>daudzsiev\u012bba<\/td>\n<\/tr>\n<tr>\n<td><strong>Karaliene:<\/strong><\/td>\n<td><strong><img data-recalc-dims=\"1\" loading=\"lazy\" decoding=\"async\" src=\"https:\/\/i0.wp.com\/www.antstore.net\/shop\/images\/icons\/ants\/koenigin.jpg?resize=30%2C30&#038;ssl=1\" alt=\"\" width=\"30\" height=\"30\" \/><\/strong><\/td>\n<td><strong>Izm\u0113rs:<\/strong> 5 - 7,5 mm <strong>Kr\u0101sa:<\/strong> purpursarkanais (tum\u0161i sarkans)<\/td>\n<\/tr>\n<tr>\n<td><strong>Darbinieks:<\/strong><\/td>\n<td><img data-recalc-dims=\"1\" loading=\"lazy\" decoding=\"async\" src=\"https:\/\/i0.wp.com\/www.antstore.net\/shop\/images\/icons\/ants\/arbeiterin.jpg?resize=30%2C30&#038;ssl=1\" alt=\"\" width=\"30\" height=\"30\" \/><\/td>\n<td><strong>Izm\u0113rs:<\/strong> 4 - 6 mm <strong>Kr\u0101sa:<\/strong> purpursarkans (tum\u0161i sarkans) l\u012bdz br\u016bni oran\u017es, Gaster sp\u012bd\u012bgs<\/td>\n<\/tr>\n<tr>\n<td><strong>Kareivis:<\/strong><\/td>\n<td><img data-recalc-dims=\"1\" loading=\"lazy\" decoding=\"async\" src=\"https:\/\/i0.wp.com\/www.antstore.net\/shop\/images\/icons\/ants\/soldaten.jpg?resize=30%2C30&#038;ssl=1\" alt=\"\" width=\"30\" height=\"30\" \/><\/td>\n<td>nav kl\u0101t<\/td>\n<\/tr>\n<tr>\n<td><strong>V\u012brie\u0161i:<\/strong><\/td>\n<td><img data-recalc-dims=\"1\" loading=\"lazy\" decoding=\"async\" src=\"https:\/\/i0.wp.com\/www.antstore.net\/shop\/images\/icons\/ants\/maennchen.jpg?resize=30%2C30&#038;ssl=1\" alt=\"\" width=\"30\" height=\"30\" \/><\/td>\n<td><strong>Izm\u0113rs:<\/strong> 4 - 5 mm<strong> Kr\u0101sa:<\/strong> melns , pl\u0101ns<\/td>\n<\/tr>\n<tr>\n<td><strong>Nutrion:<\/strong><\/td>\n<td><img data-recalc-dims=\"1\" loading=\"lazy\" decoding=\"async\" src=\"https:\/\/i0.wp.com\/www.antstore.net\/shop\/images\/icons\/ants\/nahrung.jpg?resize=30%2C30&#038;ssl=1\" alt=\"\" width=\"30\" height=\"30\" \/><\/td>\n<td>Medus\u016bdens un kukai\u0146i, piem\u0113ram, t\u0101di divsp\u0101r\u0146i k\u0101 mu\u0161as vai mosk\u012bti.<\/td>\n<\/tr>\n<tr>\n<td><strong>Gaisa mitrums:<\/strong><\/td>\n<td><strong><img data-recalc-dims=\"1\" loading=\"lazy\" decoding=\"async\" src=\"https:\/\/i0.wp.com\/www.antstore.net\/shop\/images\/icons\/ants\/feuchtigkeit.jpg?resize=30%2C30&#038;ssl=1\" alt=\"\" width=\"30\" height=\"30\" \/><\/strong><\/td>\n<td><strong>Ar\u0113na:<\/strong> 30 &#8211; 50% <strong>Nestpart:<\/strong> 50 &#8211; 70%<\/td>\n<\/tr>\n<tr>\n<td><strong>Temperat\u016bra:<\/strong><\/td>\n<td><strong><img data-recalc-dims=\"1\" loading=\"lazy\" decoding=\"async\" src=\"https:\/\/i0.wp.com\/www.antstore.net\/shop\/images\/icons\/ants\/temperatur.jpg?resize=30%2C30&#038;ssl=1\" alt=\"\" width=\"30\" height=\"30\" \/><\/strong><\/td>\n<td><strong>Ar\u0113na:<\/strong> 18 - 28\u00b0C <strong>Nestpart:<\/strong> 21 - 24\u00b0C<\/td>\n<\/tr>\n<tr>\n<td><strong>Hibern\u0101cija:<\/strong><\/td>\n<td><img data-recalc-dims=\"1\" loading=\"lazy\" decoding=\"async\" src=\"https:\/\/i0.wp.com\/www.antstore.net\/shop\/images\/icons\/ants\/winterruhe.jpg?resize=30%2C30&#038;ssl=1\" alt=\"\" width=\"30\" height=\"30\" \/><\/td>\n<td>j\u0101, no oktobra beig\u0101m l\u012bdz marta beig\u0101m, 5 - 8\u00b0C.<\/td>\n<\/tr>\n<tr>\n<td><strong>Nestform:<\/strong><\/td>\n<td><img data-recalc-dims=\"1\" loading=\"lazy\" decoding=\"async\" src=\"https:\/\/i0.wp.com\/www.antstore.net\/shop\/images\/icons\/ants\/nestform.jpg?resize=30%2C30&#038;ssl=1\" alt=\"\" width=\"30\" height=\"30\" \/><\/td>\n<td>Ligzdo augsn\u0113, sapuvu\u0161\u0101 koksn\u0113 un zem akme\u0146iem.<\/td>\n<\/tr>\n<tr>\n<td><strong>Formicaria veids:<\/strong><\/td>\n<td><img data-recalc-dims=\"1\" loading=\"lazy\" decoding=\"async\" src=\"https:\/\/i0.wp.com\/www.antstore.net\/shop\/images\/icons\/ants\/formicarienart.jpg?resize=30%2C30&#038;ssl=1\" alt=\"\" width=\"30\" height=\"30\" \/><\/td>\n<td>Ferma, Farmbasin, Baseins, Framebasin, Sala, Acrylcylinder, Digfix<\/td>\n<\/tr>\n<tr>\n<td><strong>Formicaria izm\u0113rs:<\/strong><\/td>\n<td><strong><img data-recalc-dims=\"1\" loading=\"lazy\" decoding=\"async\" src=\"https:\/\/i0.wp.com\/www.antstore.net\/shop\/images\/icons\/ants\/formicariengroesse.jpg?resize=30%2C30&#038;ssl=1\" alt=\"\" width=\"30\" height=\"30\" \/><\/strong><\/td>\n<td><strong>Izm\u0113rs:<\/strong>\u00a0<strong> S - M<\/strong><\/td>\n<\/tr>\n<tr>\n<td><strong>Substr\u0101ts:<\/strong><\/td>\n<td><strong><img data-recalc-dims=\"1\" loading=\"lazy\" decoding=\"async\" src=\"https:\/\/i0.wp.com\/www.antstore.net\/shop\/images\/icons\/ants\/substrat.jpg?resize=30%2C30&#038;ssl=1\" alt=\"\" width=\"30\" height=\"30\" \/><\/strong><\/td>\n<td><strong>Saimniec\u012bba:<\/strong> Smil\u0161u putas\u00a0<strong>Ar\u0113na:<\/strong> Smiltis, smiltis, smil\u0161m\u0101ls, pel\u0113jums, koksne<\/td>\n<\/tr>\n<tr>\n<td><strong>St\u0101d\u012b\u0161ana:<\/strong><\/td>\n<td><img data-recalc-dims=\"1\" loading=\"lazy\" decoding=\"async\" src=\"https:\/\/i0.wp.com\/www.antstore.net\/shop\/images\/icons\/ants\/bepflanzung.jpg?resize=30%2C30&#038;ssl=1\" alt=\"\" width=\"30\" height=\"30\" \/><\/td>\n<td>l\u012bdz\u012bgi k\u0101 me\u017ea plat\u012bbas ar s\u016bn\u0101m, z\u0101li un citiem augiem.<\/td>\n<\/tr>\n<tr>\n<td><strong>Apdare:<\/strong><\/td>\n<td><img data-recalc-dims=\"1\" loading=\"lazy\" decoding=\"async\" src=\"https:\/\/i0.wp.com\/www.antstore.net\/shop\/images\/icons\/ants\/dekoration.jpg?resize=30%2C30&#038;ssl=1\" alt=\"\" width=\"30\" height=\"30\" \/><\/td>\n<td>Zari, saknes, koku s\u0113klas<\/td>\n<\/tr>\n<tr>\n<td><strong>Apraksts:<\/strong><\/td>\n<td><img data-recalc-dims=\"1\" loading=\"lazy\" decoding=\"async\" src=\"https:\/\/i0.wp.com\/www.antstore.net\/shop\/images\/icons\/ants\/beschreibung.jpg?resize=30%2C30&#038;ssl=1\" alt=\"\" width=\"30\" height=\"30\" \/><\/td>\n<td>Kolonija ir iztur\u012bga, akt\u012bva un nedaudz agres\u012bva, viegli kopjama. T\u0101s var dzelt, ja j\u016btas aizskartas (l\u012bdz\u012bgi k\u0101 n\u0101tres). Dod priek\u0161roku stipri samitrin\u0101tai ligzdai.<\/td>\n<\/tr>\n<tr>\n<td><strong>Att\u012bst\u012bba:<\/strong><\/td>\n<td><strong><img data-recalc-dims=\"1\" loading=\"lazy\" decoding=\"async\" src=\"https:\/\/i0.wp.com\/www.antstore.net\/shop\/images\/icons\/ants\/entwicklung.jpg?resize=30%2C30&#038;ssl=1\" alt=\"\" width=\"30\" height=\"30\" \/><\/strong><\/td>\n<td><strong>p\u0101ro\u0161an\u0101s lidojums:<\/strong> silt\u0101s dien\u0101s no augusta l\u012bdz septembrim<br \/>\n<strong>dibin\u0101\u0161anas:<\/strong>\u00a0 semiklaustr\u0101ls (karaliene v\u0101c p\u0101rtiku)<br \/>\nno olas l\u012bdz pieaugu\u0161am str\u0101dniekam aptuveni 6 ned\u0113\u013cas (atkar\u012bb\u0101 no temperat\u016bras).<br \/>\n<strong>Divpadsmitpirkstu zarnas:<\/strong> l\u012bdz 20 000 indiv\u012bdu<\/td>\n<\/tr>\n<tr>\n<td><strong>Daudzums:<\/strong><\/td>\n<td><img data-recalc-dims=\"1\" loading=\"lazy\" decoding=\"async\" src=\"https:\/\/i0.wp.com\/www.antstore.net\/shop\/images\/icons\/ants\/menge.jpg?resize=30%2C30&#038;ssl=1\" alt=\"\" width=\"30\" height=\"30\" \/><\/td>\n<td>viena apaug\u013cota m\u0101te ar str\u0101dniekiem (sk. atlasi); m\u0101tes (atkar\u012bb\u0101 no sezonas un att\u012bst\u012bbas).<\/td>\n<\/tr>\n<tr>\n<td><strong>T\u012bmek\u013ca saites:<\/strong><\/td>\n<td><a href=\"http:\/\/www.antstore.net\/viewforum.php?f=9\"><span style=\"color: #0000ff;\"><img data-recalc-dims=\"1\" loading=\"lazy\" decoding=\"async\" src=\"https:\/\/i0.wp.com\/www.antstore.net\/shop\/images\/icons\/ants\/weblinks.jpg?resize=30%2C30&#038;ssl=1\" alt=\"\" width=\"30\" height=\"30\" \/><\/span><\/a><\/td>\n<td><a href=\"http:\/\/www.antstore.net\/viewforum.php?f=26\"><span style=\"color: #0000ff;\">- Forums<\/span><\/a><\/p>\n<p><span style=\"color: #0000ff;\"><a href=\"http:\/\/www.antweb.org\/description.do?genus=myrmica&amp;name=rubra&amp;rank=species\">- Atsauce<\/a><\/span><\/td>\n<\/tr>\n<\/tbody>\n<\/table>","protected":false},"excerpt":{"rendered":"<p>1. l\u012bme\u0146a uztur\u0113\u0161ana<br \/>\nIzm\u0113rs:<span style=\"color: #000000;\"> <strong>S <\/strong><strong>&#8211;<\/strong>\u00a0<strong><span style=\"color: #339966;\">M<\/span><\/strong><\/span><\/p>","protected":false},"featured_media":576,"comment_status":"open","ping_status":"closed","template":"","meta":{"_acf_changed":false,"content-type":"","_monsterinsights_skip_tracking":false,"_monsterinsights_sitenote_active":false,"_monsterinsights_sitenote_note":"","_monsterinsights_sitenote_category":0},"product_brand":[],"product_cat":[107,112,108,109],"product_tag":[],"class_list":{"0":"post-2694","1":"product","2":"type-product","3":"status-publish","4":"has-post-thumbnail","6":"product_cat-ants","7":"product_cat-asia","8":"product_cat-northern-europe","9":"product_cat-southern-europe","11":"first","12":"instock","13":"product-type-external"},"acf":[],"aioseo_notices":[],"jetpack_sharing_enabled":true,"_links":{"self":[{"href":"https:\/\/antcube.shop\/lv\/wp-json\/wp\/v2\/product\/2694","targetHints":{"allow":["GET"]}}],"collection":[{"href":"https:\/\/antcube.shop\/lv\/wp-json\/wp\/v2\/product"}],"about":[{"href":"https:\/\/antcube.shop\/lv\/wp-json\/wp\/v2\/types\/product"}],"replies":[{"embeddable":true,"href":"https:\/\/antcube.shop\/lv\/wp-json\/wp\/v2\/comments?post=2694"}],"wp:featuredmedia":[{"embeddable":true,"href":"https:\/\/antcube.shop\/lv\/wp-json\/wp\/v2\/media\/576"}],"wp:attachment":[{"href":"https:\/\/antcube.shop\/lv\/wp-json\/wp\/v2\/media?parent=2694"}],"wp:term":[{"taxonomy":"product_brand","embeddable":true,"href":"https:\/\/antcube.shop\/lv\/wp-json\/wp\/v2\/product_brand?post=2694"},{"taxonomy":"product_cat","embeddable":true,"href":"https:\/\/antcube.shop\/lv\/wp-json\/wp\/v2\/product_cat?post=2694"},{"taxonomy":"product_tag","embeddable":true,"href":"https:\/\/antcube.shop\/lv\/wp-json\/wp\/v2\/product_tag?post=2694"}],"curies":[{"name":"wp","href":"https:\/\/api.w.org\/{rel}","templated":true}]}}