{"id":2673,"date":"2021-10-04T15:33:49","date_gmt":"2021-10-04T13:33:49","guid":{"rendered":"https:\/\/antcube.shop\/produkt\/antcube-starter-set-l-20x20-combi\/"},"modified":"2026-04-06T16:57:09","modified_gmt":"2026-04-06T14:57:09","slug":"antcube-starter-set-l-20x20-combi","status":"publish","type":"product","link":"https:\/\/antcube.shop\/lv\/products\/antcube-starter-set-l-20x20-combi\/","title":{"rendered":"ANTCUBE Starter komplekts L - 20\u00d720 - Combi"},"content":{"rendered":"<p><strong>Saturs:<\/strong><br \/>\n1x ANTCUBE - Arena 20x20x20 - Combi L<br \/>\n1x skudru ar\u0113nas v\u0101ks 20\u00d720<br \/>\n4x ar\u0113nas v\u0101ka stiprin\u0101juma punkts<br \/>\n2x Formicarium aizb\u0101\u017e\u0146i 27 mm caurumam<br \/>\n2x Formicarium aizb\u0101zni 50 mm caurumam<br \/>\n1x substr\u0101ts - smil\u0161m\u0101la smil\u0161kr\u0101sas b\u0113\u0161s - 1000g<br \/>\n1x dzirdin\u0101t\u0101js 2ml - 360 gr\u0101di<br \/>\n1x dish clear 1&#215;20 &#8211; sponge<br \/>\n1x rokas lupa - 2x - 30 mm<br \/>\n1x pincete plastmasas caursp\u012bd\u012bga<br \/>\n1x plastmasas pipete 3ml<br \/>\n1x Skudru b\u0113g\u0161anas e\u013c\u013ca 10ml<br \/>\n1x putu t\u012br\u012bt\u0101js 150x18x2,5mm<\/p>\n<p><strong>Apraksts:<\/strong><br \/>\n\u0160is s\u0101kuma komplekts - Combi ir piem\u0113rots liel\u0101kajai da\u013cai skudru sugu, kas rak\u0146\u0101jas augsn\u0113.<br \/>\nKomplekts ir \u013coti kompakts, un taj\u0101 iek\u013cautie piederumi ir samazin\u0101ti l\u012bdz svar\u012bg\u0101kajiem.<br \/>\nT\u0101p\u0113c tas ir l\u0113ts komplekts, kas izgatavots no augstas kvalit\u0101tes materi\u0101liem un ir ide\u0101li piem\u0113rots ies\u0101c\u0113jiem skudru audz\u0113\u0161an\u0101.<br \/>\nIek\u013cautais smil\u0161u - m\u0101lains smil\u0161kr\u0101sas substr\u0101ts ir labi pie\u0146emams liel\u0101kajai da\u013cai skudru sugu.<\/p>\n<p>P\u0113c izv\u0113les ar\u0113nas ligzdu zon\u0101 var ievietot citus augsnes substr\u0101tus vai ligzdu ielikt\u0146us.<br \/>\nPie ieteikumiem (skatiet t\u0101l\u0101k) atrad\u012bsiet v\u0113l citus noder\u012bgus piederumus.<\/p>\n<p><strong>Ieteikums:<\/strong> M\u0113s iesak\u0101m izmantot 2 mm augstu substr\u0101ta sl\u0101ni, lai dz\u012bvnieki nevar\u0113tu ierakt ar\u0113n\u0101 un t\u0101 viet\u0101 izmantotu \u0161im nol\u016bkam paredz\u0113to fermu. M\u0113s ar\u012b iesak\u0101m, lai ligzdu materi\u0101ls ferm\u0101 (smiltis\/m\u0101ls, Digfix u. c.) b\u016btu viegli uzb\u0113rts vien\u0101 viet\u0101, lai dz\u012bvniekiem b\u016btu viegl\u0101k rakt.<\/p>\n<p><strong>Svar\u012bgi:<\/strong> Pirms lieto\u0161anas substr\u0101tu samitriniet, lai mais\u012bjums var\u0113tu saist\u012bties un nostiprin\u0101ties skudru ferm\u0101. Turkl\u0101t p\u0101r\u0101k sauss un putek\u013cains substr\u0101ts var izrais\u012bt skudru elpo\u0161anas ce\u013cu nosprostojumu, un slikt\u0101kaj\u0101 gad\u012bjum\u0101 dz\u012bvnieki var aizdusa.<\/p>\n<p><strong>Pazi\u0146ojums:<\/strong><br \/>\nLietojot m\u016bsu ligzdu ielikt\u0146us, l\u016bdzu, \u0146emiet v\u0113r\u0101, ka tie ir par 8 mm \u0161aur\u0101ki, jo tie s\u0101kotn\u0113ji tika izstr\u0101d\u0101ti, lai atbilstu m\u016bsu \u0161aur\u0101k\u0101m skudru ferm\u0101m, k\u0101 ar\u012b ar\u0113nas ielikt\u0146iem! \u0160eit starp t\u0101m eso\u0161\u0101 telpa b\u016btu j\u0101aizpilda ar pildvielu, piem\u0113ram, apmetumu vai m\u0101lu.<\/p>\n<p><strong>Piez\u012bmes par ra\u017eo\u0161anu<\/strong><br \/>\nStikls tiek griezts saska\u0146\u0101 ar DIN 1249 ar pielaidi +\/- 1 mm. \u012apa\u0161i maz\u0101m skudru sug\u0101m ir nepiecie\u0161ama papildu aizsardz\u012bba pret izb\u0113g\u0161anu.<\/p>\n<p><strong>Instrukcijas:<\/strong><br \/>\n- DE Lieto\u0161anas instrukcija Starter Set Combi (PDF 7,98 MB)<br \/>\n- LV Lieto\u0161anas instrukcija - Starter komplekts Combi (PDF 7,94 MB)<br \/>\n- ES instrukciju rokasgr\u0101mata - Combi s\u0101kuma komplekts (PDF 7,94 MB)<br \/>\n- FR Manu\u0101ls ar instrukcij\u0101m - Combi p\u0101rb\u016bves komplekts (PDF 7,95 MB)<\/p>","protected":false},"excerpt":{"rendered":"<p>Komplekt\u0101 ir 18 da\u013cas, un tas ir piem\u0113rots vis\u0101m skudru sug\u0101m.<br \/>\nIzm\u0113rs: <span style=\"color: #0000ff;\"><strong>L<\/strong><\/span><\/p>","protected":false},"featured_media":5445,"comment_status":"open","ping_status":"closed","template":"","meta":{"_acf_changed":false,"content-type":"","_monsterinsights_skip_tracking":false,"_monsterinsights_sitenote_active":false,"_monsterinsights_sitenote_note":"","_monsterinsights_sitenote_category":0},"product_brand":[],"product_cat":[73,78],"product_tag":[],"class_list":{"0":"post-2673","1":"product","2":"type-product","3":"status-publish","4":"has-post-thumbnail","6":"product_cat-starter-sets","7":"product_cat-starter-sets-combi","9":"first","10":"instock","11":"taxable","12":"shipping-taxable","13":"purchasable","14":"product-type-simple"},"acf":[],"aioseo_notices":[],"jetpack_sharing_enabled":true,"_links":{"self":[{"href":"https:\/\/antcube.shop\/lv\/wp-json\/wp\/v2\/product\/2673","targetHints":{"allow":["GET"]}}],"collection":[{"href":"https:\/\/antcube.shop\/lv\/wp-json\/wp\/v2\/product"}],"about":[{"href":"https:\/\/antcube.shop\/lv\/wp-json\/wp\/v2\/types\/product"}],"replies":[{"embeddable":true,"href":"https:\/\/antcube.shop\/lv\/wp-json\/wp\/v2\/comments?post=2673"}],"wp:featuredmedia":[{"embeddable":true,"href":"https:\/\/antcube.shop\/lv\/wp-json\/wp\/v2\/media\/5445"}],"wp:attachment":[{"href":"https:\/\/antcube.shop\/lv\/wp-json\/wp\/v2\/media?parent=2673"}],"wp:term":[{"taxonomy":"product_brand","embeddable":true,"href":"https:\/\/antcube.shop\/lv\/wp-json\/wp\/v2\/product_brand?post=2673"},{"taxonomy":"product_cat","embeddable":true,"href":"https:\/\/antcube.shop\/lv\/wp-json\/wp\/v2\/product_cat?post=2673"},{"taxonomy":"product_tag","embeddable":true,"href":"https:\/\/antcube.shop\/lv\/wp-json\/wp\/v2\/product_tag?post=2673"}],"curies":[{"name":"wp","href":"https:\/\/api.w.org\/{rel}","templated":true}]}}