{"id":12444,"date":"2025-09-30T10:08:25","date_gmt":"2025-09-30T08:08:25","guid":{"rendered":"https:\/\/antcube.shop\/en\/product\/poster-lasius-niger-lebensweise-70x50\/"},"modified":"2026-04-15T09:42:33","modified_gmt":"2026-04-15T07:42:33","slug":"plakats-lasius-niger-dzivesveids-70x50","status":"publish","type":"product","link":"https:\/\/antcube.shop\/lv\/products\/plakats-lasius-niger-dzivesveids-70x50\/","title":{"rendered":"Plak\u0101ts - Lasius niger dz\u012bvesveids - 70\u00d750"},"content":{"rendered":"<p><strong>Izm\u0113ri:<\/strong> 70\u00d750 cm<\/p>\n<p><strong>Materi\u0101ls:<\/strong> Lateksa pap\u012brs<br \/>\n\u0160is pap\u012brs ir \u016bdensnecaurlaid\u012bgs, noslauc\u0101ms, iztur\u012bgs, videi draudz\u012bgs, jo nesatur videi kait\u012bgus \u0161\u0137\u012bdin\u0101t\u0101jus un nodro\u0161ina izcilu drukas kvalit\u0101ti.<\/p>\n<p><strong>Apraksts:<\/strong> \u0160is plak\u0101ts sniedz skaidru p\u0101rskatu par Lasius niger - meln\u0101s skudras - dz\u012bvesveidu. T\u0101 ir viena no visizplat\u012bt\u0101kaj\u0101m un paz\u012bstam\u0101kaj\u0101m skudru sug\u0101m Eirop\u0101 un, iesp\u0113jams, pat viena no popul\u0101r\u0101kaj\u0101m savas \u0123ints p\u0101rst\u0101v\u0113m pasaul\u0113.<\/p>\n<p><strong>Svar\u012bgi - papildu inform\u0101cija:<\/strong> <a href=\"https:\/\/www.ants.de\/link\/1006\">\u0160eit<\/a> uz plak\u0101ta atrad\u012bsiet detaliz\u0113tu atsevi\u0161\u0137u ainu aprakstu. Tie nav pievienoti, bet ir pieejami un izdruk\u0101jami atsevi\u0161\u0137i, izmantojot \u0161o saiti. <a href=\"https:\/\/www.ants.de\/link\/1006\">https:\/\/www.ants.de\/link\/1006<\/a><\/p>","protected":false},"excerpt":{"rendered":"<p>Izm\u0113rs: 70\u00d750 cm<\/p>","protected":false},"featured_media":12453,"comment_status":"open","ping_status":"closed","template":"","meta":{"_acf_changed":false,"content-type":"","_monsterinsights_skip_tracking":false,"_monsterinsights_sitenote_active":false,"_monsterinsights_sitenote_note":"","_monsterinsights_sitenote_category":0},"product_brand":[484],"product_cat":[547,500,245],"product_tag":[],"class_list":{"0":"post-12444","1":"product","2":"type-product","3":"status-publish","4":"has-post-thumbnail","6":"product_brand-antcube","7":"product_cat-all-products","8":"product_cat-ant-posters-and-teaching-aids","9":"product_cat-merchandise","11":"first","12":"instock","13":"taxable","14":"shipping-taxable","15":"purchasable","16":"product-type-simple"},"acf":[],"aioseo_notices":[],"jetpack_sharing_enabled":true,"_links":{"self":[{"href":"https:\/\/antcube.shop\/lv\/wp-json\/wp\/v2\/product\/12444","targetHints":{"allow":["GET"]}}],"collection":[{"href":"https:\/\/antcube.shop\/lv\/wp-json\/wp\/v2\/product"}],"about":[{"href":"https:\/\/antcube.shop\/lv\/wp-json\/wp\/v2\/types\/product"}],"replies":[{"embeddable":true,"href":"https:\/\/antcube.shop\/lv\/wp-json\/wp\/v2\/comments?post=12444"}],"wp:featuredmedia":[{"embeddable":true,"href":"https:\/\/antcube.shop\/lv\/wp-json\/wp\/v2\/media\/12453"}],"wp:attachment":[{"href":"https:\/\/antcube.shop\/lv\/wp-json\/wp\/v2\/media?parent=12444"}],"wp:term":[{"taxonomy":"product_brand","embeddable":true,"href":"https:\/\/antcube.shop\/lv\/wp-json\/wp\/v2\/product_brand?post=12444"},{"taxonomy":"product_cat","embeddable":true,"href":"https:\/\/antcube.shop\/lv\/wp-json\/wp\/v2\/product_cat?post=12444"},{"taxonomy":"product_tag","embeddable":true,"href":"https:\/\/antcube.shop\/lv\/wp-json\/wp\/v2\/product_tag?post=12444"}],"curies":[{"name":"wp","href":"https:\/\/api.w.org\/{rel}","templated":true}]}}