{"id":12437,"date":"2025-09-30T10:02:33","date_gmt":"2025-09-30T08:02:33","guid":{"rendered":"https:\/\/antcube.shop\/en\/product\/poster-anatomie-der-ameisen-lasius-niger-70x100\/"},"modified":"2026-01-12T12:43:18","modified_gmt":"2026-01-12T11:43:18","slug":"plakats-skudru-anatomija-lasius-niger-70x100","status":"publish","type":"product","link":"https:\/\/antcube.shop\/lv\/products\/plakats-skudru-anatomija-lasius-niger-70x100\/","title":{"rendered":"Plak\u0101ts - Skudru anatomija - Lasius niger - 70\u00d7100"},"content":{"rendered":"<p><strong>Izm\u0113ri:<\/strong> 70\u00d7100 cm<\/p>\n<p><strong>Materi\u0101ls:<\/strong> Lateksa pap\u012brs<br \/>\n\u0160is pap\u012brs ir \u016bdensnecaurlaid\u012bgs, noslauc\u0101ms, iztur\u012bgs, videi draudz\u012bgs, jo nesatur videi kait\u012bgus \u0161\u0137\u012bdin\u0101t\u0101jus un nodro\u0161ina izcilu drukas kvalit\u0101ti.<\/p>\n<p><strong>Apraksts:<\/strong> \u0160aj\u0101 plak\u0101t\u0101 ir att\u0113lota meln\u0101s skudras (Lasius niger) anatomija. Detaliz\u0113t\u0101s ilustr\u0101cij\u0101s par\u0101d\u012btas svar\u012bg\u0101k\u0101s \u0137erme\u0146a iek\u0161\u0113j\u0101s un \u0101r\u0113j\u0101s paz\u012bmes un org\u0101ni, kas \u013cauj viegli izprast \u0161\u012bs pla\u0161i izplat\u012bt\u0101s skudru sugas uzb\u016bvi. Ide\u0101li piem\u0113rots k\u0101 m\u0101c\u012bbu materi\u0101ls skol\u0101m un universit\u0101t\u0113m vai k\u0101 dekorat\u012bvs kolekcion\u0113\u0161anas priek\u0161mets.<\/p>\n<p><strong>Svar\u012bgi - papildu inform\u0101cija:<\/strong> <a href=\"https:\/\/www.ants.de\/link\/1101\">\u0160eit<\/a> uz plak\u0101ta atrad\u012bsiet detaliz\u0113tu atsevi\u0161\u0137u ainu aprakstu. Tie nav pievienoti plak\u0101tam, bet ir pieejami un izdruk\u0101jami atsevi\u0161\u0137i, izmantojot \u0161o saiti. <a href=\"https:\/\/www.ants.de\/link\/1101\">https:\/\/www.ants.de\/link\/1101<\/a><\/p>","protected":false},"excerpt":{"rendered":"<p>Izm\u0113rs: 70\u00d7100 cm<\/p>","protected":false},"featured_media":12454,"comment_status":"open","ping_status":"closed","template":"","meta":{"_acf_changed":false,"content-type":"","_monsterinsights_skip_tracking":false,"_monsterinsights_sitenote_active":false,"_monsterinsights_sitenote_note":"","_monsterinsights_sitenote_category":0},"product_brand":[484],"product_cat":[547,500,245],"product_tag":[],"class_list":{"0":"post-12437","1":"product","2":"type-product","3":"status-publish","4":"has-post-thumbnail","6":"product_brand-antcube","7":"product_cat-all-products","8":"product_cat-ant-posters-and-teaching-aids","9":"product_cat-merchandise","11":"first","12":"instock","13":"taxable","14":"shipping-taxable","15":"purchasable","16":"product-type-simple"},"acf":[],"aioseo_notices":[],"jetpack_sharing_enabled":true,"_links":{"self":[{"href":"https:\/\/antcube.shop\/lv\/wp-json\/wp\/v2\/product\/12437","targetHints":{"allow":["GET"]}}],"collection":[{"href":"https:\/\/antcube.shop\/lv\/wp-json\/wp\/v2\/product"}],"about":[{"href":"https:\/\/antcube.shop\/lv\/wp-json\/wp\/v2\/types\/product"}],"replies":[{"embeddable":true,"href":"https:\/\/antcube.shop\/lv\/wp-json\/wp\/v2\/comments?post=12437"}],"wp:featuredmedia":[{"embeddable":true,"href":"https:\/\/antcube.shop\/lv\/wp-json\/wp\/v2\/media\/12454"}],"wp:attachment":[{"href":"https:\/\/antcube.shop\/lv\/wp-json\/wp\/v2\/media?parent=12437"}],"wp:term":[{"taxonomy":"product_brand","embeddable":true,"href":"https:\/\/antcube.shop\/lv\/wp-json\/wp\/v2\/product_brand?post=12437"},{"taxonomy":"product_cat","embeddable":true,"href":"https:\/\/antcube.shop\/lv\/wp-json\/wp\/v2\/product_cat?post=12437"},{"taxonomy":"product_tag","embeddable":true,"href":"https:\/\/antcube.shop\/lv\/wp-json\/wp\/v2\/product_tag?post=12437"}],"curies":[{"name":"wp","href":"https:\/\/api.w.org\/{rel}","templated":true}]}}