{"id":12435,"date":"2025-09-30T10:01:28","date_gmt":"2025-09-30T08:01:28","guid":{"rendered":"https:\/\/antcube.shop\/en\/product\/antcube-digfix-30x30-liegend\/"},"modified":"2026-04-14T09:35:10","modified_gmt":"2026-04-14T07:35:10","slug":"antcube-digfix-30x30-gulus","status":"publish","type":"product","link":"https:\/\/antcube.shop\/lv\/products\/antcube-digfix-30x30-gulus\/","title":{"rendered":"ANTCUBE - Digfix 30\u00d730 - gu\u013cus"},"content":{"rendered":"<p><strong>Izm\u0113ri:<\/strong> 280x280x28 mm<\/p>\n<p><strong>Materi\u0101ls:<\/strong> Digfix<\/p>\n<p><strong>Pieteikums:<\/strong><br \/>\nPiem\u0113rots tikai m\u016bsu ANTCUBE - Nest 30\u00d730 - horizont\u0101li<\/p>\n<p><strong>Apraksts:<\/strong><br \/>\n\u0160\u012b Digfix ligzda, kas izgatavota no \u012bpa\u0161a materi\u0101la, kur\u0101 var ierakt, ir izstr\u0101d\u0101ta t\u0101, lai perfekti ieder\u0113tos m\u016bsu ANTCUBE 30\u00d730 horizont\u0101laj\u0101s ligzd\u0101s. Pl\u0101ksni var izmantot gan sausu, gan samitrin\u0101tu, un t\u0101 ir piem\u0113rota daudz\u0101m skudru sug\u0101m - \u012bpa\u0161i t\u0101m, kas ligzdo smilt\u012bs vai (atmiru\u0161\u0101) kok\u0101. T\u0101 ir praktiska alternat\u012bva smil\u0161u un m\u0101la mais\u012bjumiem vai kor\u0137a ligzdu ielikt\u0146iem.<\/p>\n<p>\u012apa\u0161a priek\u0161roc\u012bba ir t\u0101, ka mitruma l\u012bmeni var viegli kontrol\u0113t: pl\u0101ksne redzami maina kr\u0101su, t\u0101d\u0113j\u0101di \u013caujot optim\u0101li noteikt mitruma l\u012bmeni. At\u0161\u0137ir\u012bb\u0101 no smil\u0161m\u0101la mais\u012bjumiem skudru audz\u0113tavas iek\u0161\u0113j\u0101s pl\u0101ksnes paliek t\u012bras, jo uz t\u0101m nepiel\u012bp nek\u0101ds va\u013c\u012bgs substr\u0101ts.<\/p>\n<p>Pateicoties t\u0101 stabilajai strukt\u016brai, materi\u0101ls past\u0101v\u012bgi saglab\u0101 skudru rad\u012btos tune\u013cus un kameras, nesabr\u016bkot - dro\u0161ai un dabiskai rak\u0161anas pieredzei.<\/p>","protected":false},"excerpt":{"rendered":"<p>Ma\u00dfe: 280x280x28mm<\/p>","protected":false},"featured_media":0,"comment_status":"open","ping_status":"closed","template":"","meta":{"_acf_changed":false,"content-type":"","_monsterinsights_skip_tracking":false,"_monsterinsights_sitenote_active":false,"_monsterinsights_sitenote_note":"","_monsterinsights_sitenote_category":0},"product_brand":[484],"product_cat":[547,257,87,88],"product_tag":[],"class_list":{"0":"post-12435","1":"product","2":"type-product","3":"status-publish","5":"product_brand-antcube","6":"product_cat-all-products","7":"product_cat-new-innovatve-products","8":"product_cat-nest-insets","9":"product_cat-digfix","11":"first","12":"instock","13":"taxable","14":"shipping-taxable","15":"purchasable","16":"product-type-simple"},"acf":[],"aioseo_notices":[],"jetpack_sharing_enabled":true,"_links":{"self":[{"href":"https:\/\/antcube.shop\/lv\/wp-json\/wp\/v2\/product\/12435","targetHints":{"allow":["GET"]}}],"collection":[{"href":"https:\/\/antcube.shop\/lv\/wp-json\/wp\/v2\/product"}],"about":[{"href":"https:\/\/antcube.shop\/lv\/wp-json\/wp\/v2\/types\/product"}],"replies":[{"embeddable":true,"href":"https:\/\/antcube.shop\/lv\/wp-json\/wp\/v2\/comments?post=12435"}],"wp:attachment":[{"href":"https:\/\/antcube.shop\/lv\/wp-json\/wp\/v2\/media?parent=12435"}],"wp:term":[{"taxonomy":"product_brand","embeddable":true,"href":"https:\/\/antcube.shop\/lv\/wp-json\/wp\/v2\/product_brand?post=12435"},{"taxonomy":"product_cat","embeddable":true,"href":"https:\/\/antcube.shop\/lv\/wp-json\/wp\/v2\/product_cat?post=12435"},{"taxonomy":"product_tag","embeddable":true,"href":"https:\/\/antcube.shop\/lv\/wp-json\/wp\/v2\/product_tag?post=12435"}],"curies":[{"name":"wp","href":"https:\/\/api.w.org\/{rel}","templated":true}]}}