{"id":12287,"date":"2025-09-02T09:53:14","date_gmt":"2025-09-02T07:53:14","guid":{"rendered":"https:\/\/antcube.shop\/en\/product\/antcube-nest-20x20-liegend\/"},"modified":"2026-04-01T13:28:22","modified_gmt":"2026-04-01T11:28:22","slug":"antcube-ligzda-20x20-gul","status":"publish","type":"product","link":"https:\/\/antcube.shop\/lv\/products\/antcube-ligzda-20x20-gul\/","title":{"rendered":"ANTCUBE - ligzda 20\u00d720 - gu\u013cus"},"content":{"rendered":"<p><strong>Izm\u0113ri:<\/strong><br \/>\nLigzda: 190 x 190 x 28 mm<br \/>\nStikla v\u0101ks: 190 x 190 x 4 mm<\/p>\n<p><strong>Materi\u0101ls:<\/strong><br \/>\nPeldo\u0161ais stikls, plastmasa<\/p>\n<p><strong>Kr\u0101sa:<\/strong><br \/>\nKrist\u0101ldzidrs<\/p>\n<p><strong>Saturs:<\/strong><br \/>\n1x ANTCUBE - ligzda 20\u00d720 - horizont\u0101la ar div\u0101m savienojuma ligzd\u0101m L 20\/16<br \/>\n1x stikla v\u0101ks ar 27 mm caurumu<\/p>\n<p><strong>Savienojums:<\/strong> 2x 14\/16\/18\/20 x 20 mm ligzda<\/p>\n<p>14\/10 \u0161\u013c\u016btene ir stingri ievietota 14 mm ligzd\u0101.<br \/>\n20\/16 \u0161\u013c\u016btene ir stingri piestiprin\u0101ta pie pirm\u0101 16 mm so\u013ca.<br \/>\n22\/18 \u0161\u013c\u016btene cie\u0161i piegu\u013c otrajam 20 mm pak\u0101pienam.<\/p>\n<p><strong>Apraksts: <\/strong>M\u016bsu horizont\u0101laj\u0101 ligzd\u0101 ir divas savienojuma ligzdas, kur\u0101m var pievienot \u0161\u013c\u016btenes vai caurules. T\u0101s var ar\u012b dro\u0161i nosl\u0113gt ar atbilsto\u0161iem plastmasas vai sieta v\u0101ci\u0146iem.<\/p>\n<p>Liel\u0101k\u0101m skudru sug\u0101m, piem\u0113ram, da\u017e\u0101d\u0101m Camponotus sug\u0101m, m\u0113s iesak\u0101m to kombin\u0113t ar k\u0101du no m\u016bsu atsevi\u0161\u0137i pieejamaj\u0101m kor\u0137a ligzd\u0101m. Tom\u0113r ligzdu var aizpild\u012bt ar\u012b ar augsnes substr\u0101tu.<\/p>\n<p>V\u0101ku var no\u0146emt, un tas stingri un dro\u0161i piegu\u013c skudru fermai, pateicoties t\u0101 gumijotajai malai. Pa vidu ir 27 mm caurums, kas tiek izmantots, lai mitrin\u0101tu ligzdas iek\u0161pusi. Atkar\u012bb\u0101 no v\u0113lam\u0101 mitruma \u0161o atveri var aizv\u0113rt ar sieta ieliktni vai formik\u0101rija aizb\u0101zni.<\/p>\n<p>K\u0101 papildapr\u012bkojums ir pieejams sarkans p\u0101rkl\u0101js, kas padara ligzdu tum\u0161\u0101ku un atkar\u012bb\u0101 no audz\u0113jam\u0101s sugas var pozit\u012bvi ietekm\u0113t kolonijas att\u012bst\u012bbu.<\/p>\n<p><strong>Ra\u017eo\u0161anas inform\u0101cija<\/strong><br \/>\nStikls ir griezts saska\u0146\u0101 ar DIN 1249 ar +\/- 1 mm pielaidi. \u012apa\u0161i maz\u0101m skudru sug\u0101m ir nepiecie\u0161ama papildu aizsardz\u012bba pret izlau\u0161anos.<\/p>\n<p><strong>Piez\u012bme par savienojuma ligzd\u0101m<\/strong><br \/>\nPievienojot vai atvienojot \u0161\u013c\u016btenes, \u0146emiet v\u0113r\u0101 \u0161\u0101dus nor\u0101d\u012bjumus:<br \/>\nJa \u0161\u013c\u016bteni ir \u013coti gr\u016bti ievietot savienojuma ligzd\u0101, ligzda ir viegli j\u0101noberz\u0113 ar pilienu m\u016bsu e\u013c\u013cas vai pulvera pret izlau\u0161anos. P\u0113c tam \u0161\u013c\u016btene j\u0101uzstumj uz savienot\u0101ja, to pagrie\u017eot vai skr\u016bv\u0113jot, nespie\u017eot savienot\u0101ju uz aug\u0161u vai uz leju. Tas pats attiecas uz \u0161\u013c\u016bte\u0146u no\u0146em\u0161anu no savienot\u0101ja. L\u016bdzu, vienk\u0101r\u0161i neno\u0146emiet t\u0101s!<\/p>","protected":false},"excerpt":{"rendered":"<p>Savienojums: 2x 14\/16\/18\/20 mm ligzda<br \/>\nIzm\u0113rs: L<\/p>","protected":false},"featured_media":12292,"comment_status":"open","ping_status":"closed","template":"","meta":{"_acf_changed":false,"content-type":"","_monsterinsights_skip_tracking":false,"_monsterinsights_sitenote_active":false,"_monsterinsights_sitenote_note":"","_monsterinsights_sitenote_category":0},"product_brand":[484],"product_cat":[257,80,83,86],"product_tag":[],"class_list":{"0":"post-12287","1":"product","2":"type-product","3":"status-publish","4":"has-post-thumbnail","6":"product_brand-antcube","7":"product_cat-new-innovatve-products","8":"product_cat-antfarms","9":"product_cat-antfarms-l","10":"product_cat-formicariums","12":"first","13":"instock","14":"taxable","15":"shipping-taxable","16":"purchasable","17":"product-type-simple"},"acf":[],"aioseo_notices":[],"jetpack_sharing_enabled":true,"_links":{"self":[{"href":"https:\/\/antcube.shop\/lv\/wp-json\/wp\/v2\/product\/12287","targetHints":{"allow":["GET"]}}],"collection":[{"href":"https:\/\/antcube.shop\/lv\/wp-json\/wp\/v2\/product"}],"about":[{"href":"https:\/\/antcube.shop\/lv\/wp-json\/wp\/v2\/types\/product"}],"replies":[{"embeddable":true,"href":"https:\/\/antcube.shop\/lv\/wp-json\/wp\/v2\/comments?post=12287"}],"wp:featuredmedia":[{"embeddable":true,"href":"https:\/\/antcube.shop\/lv\/wp-json\/wp\/v2\/media\/12292"}],"wp:attachment":[{"href":"https:\/\/antcube.shop\/lv\/wp-json\/wp\/v2\/media?parent=12287"}],"wp:term":[{"taxonomy":"product_brand","embeddable":true,"href":"https:\/\/antcube.shop\/lv\/wp-json\/wp\/v2\/product_brand?post=12287"},{"taxonomy":"product_cat","embeddable":true,"href":"https:\/\/antcube.shop\/lv\/wp-json\/wp\/v2\/product_cat?post=12287"},{"taxonomy":"product_tag","embeddable":true,"href":"https:\/\/antcube.shop\/lv\/wp-json\/wp\/v2\/product_tag?post=12287"}],"curies":[{"name":"wp","href":"https:\/\/api.w.org\/{rel}","templated":true}]}}