{"id":12285,"date":"2025-09-02T09:52:58","date_gmt":"2025-09-02T07:52:58","guid":{"rendered":"https:\/\/antcube.shop\/en\/product\/antcube-korknest-20x20-liegend\/"},"modified":"2026-04-17T10:11:08","modified_gmt":"2026-04-17T08:11:08","slug":"antcube-corknest-20x20-guleja","status":"publish","type":"product","link":"https:\/\/antcube.shop\/lv\/products\/antcube-corknest-20x20-guleja\/","title":{"rendered":"ANTCUBE - Corknest 20\u00d720 - gu\u013cus"},"content":{"rendered":"<p><strong>Izm\u0113ri:<\/strong> 180x180x28 mm<\/p>\n<p><strong>Materi\u0101ls: <\/strong>Kor\u0137is (smalks)<\/p>\n<p><strong>Pieteikums:<\/strong><br \/>\nPiem\u0113rots tikai m\u016bsu ANTCUBE - Nest 20\u00d720 - horizont\u0101li<\/p>\n<p><strong>Apraksts:\u00a0<\/strong><br \/>\n\u0160\u012b kor\u0137a ligzda ar iepriek\u0161 izveidotiem tune\u013ciem un kamer\u0101m ir piem\u0113rota daudz\u0101m skudru sug\u0101m, \u012bpa\u0161i t\u0101m, kas ligzdo (miru\u0161\u0101) kok\u0101. Tai ir divi caurumi, kas kalpo k\u0101 ligzdas ieejas.<\/p>\n<p>Kor\u0137is ir dabisks, \u0137\u012bmiski neitr\u0101ls materi\u0101ls. T\u0101 strukt\u016bra ir necaurlaid\u012bga \u0161\u0137idrumiem, \u0137\u012bmiski nerea\u0123\u0113, t\u0101p\u0113c ilgi saglab\u0101jas neskarta. Tom\u0113r past\u0101v\u012bgi augsts mitruma saturs var veicin\u0101t puvi un sa\u012bsin\u0101t ligzdas kalpo\u0161anas laiku. Kopum\u0101 kor\u0137is ir \u013coti iztur\u012bgs pret p\u016b\u0161anu un s\u0113n\u012b\u0161u un pel\u0113juma inv\u0101ziju. T\u0101 \u012bpa\u0161\u0101 virsma un strukt\u016bra nodro\u0161ina maz piem\u0113rotu augsni s\u0113n\u012bt\u0113m. Tom\u0113r p\u0101rtikas atliekas, ekskrementi vai citas organiskas vielas var veicin\u0101t pel\u0113juma aug\u0161anu.<\/p>\n<p>T\u0101p\u0113c m\u0113s iesak\u0101m kor\u0137a ligzd\u0101s tur\u0113t skudru sugas no saus\u0101kiem re\u0123ioniem. Tom\u0113r taj\u0101s var izmitin\u0101t ar\u012b sugas no mitr\u0101kiem biotopiem - liel\u0101kajai da\u013cai no t\u0101m puve nav probl\u0113ma. Daudzas Zieme\u013ceirop\u0101 sastopam\u0101s skudru sugas, piem\u0113ram, Camponotus herculeanus vai Formica fusca, ir pat dabiski piel\u0101goju\u0161\u0101s sapuvu\u0161ai vai da\u013c\u0113ji sapuvu\u0161ai koksnei.<\/p>","protected":false},"excerpt":{"rendered":"<p>Izm\u0113rs: 180x180x28 mm<\/p>","protected":false},"featured_media":12290,"comment_status":"open","ping_status":"closed","template":"","meta":{"_acf_changed":false,"content-type":"","_monsterinsights_skip_tracking":false,"_monsterinsights_sitenote_active":false,"_monsterinsights_sitenote_note":"","_monsterinsights_sitenote_category":0},"product_brand":[484],"product_cat":[257,87,89],"product_tag":[],"class_list":{"0":"post-12285","1":"product","2":"type-product","3":"status-publish","4":"has-post-thumbnail","6":"product_brand-antcube","7":"product_cat-new-innovatve-products","8":"product_cat-nest-insets","9":"product_cat-cork","11":"first","12":"instock","13":"taxable","14":"shipping-taxable","15":"purchasable","16":"product-type-simple"},"acf":[],"aioseo_notices":[],"jetpack_sharing_enabled":true,"_links":{"self":[{"href":"https:\/\/antcube.shop\/lv\/wp-json\/wp\/v2\/product\/12285","targetHints":{"allow":["GET"]}}],"collection":[{"href":"https:\/\/antcube.shop\/lv\/wp-json\/wp\/v2\/product"}],"about":[{"href":"https:\/\/antcube.shop\/lv\/wp-json\/wp\/v2\/types\/product"}],"replies":[{"embeddable":true,"href":"https:\/\/antcube.shop\/lv\/wp-json\/wp\/v2\/comments?post=12285"}],"wp:featuredmedia":[{"embeddable":true,"href":"https:\/\/antcube.shop\/lv\/wp-json\/wp\/v2\/media\/12290"}],"wp:attachment":[{"href":"https:\/\/antcube.shop\/lv\/wp-json\/wp\/v2\/media?parent=12285"}],"wp:term":[{"taxonomy":"product_brand","embeddable":true,"href":"https:\/\/antcube.shop\/lv\/wp-json\/wp\/v2\/product_brand?post=12285"},{"taxonomy":"product_cat","embeddable":true,"href":"https:\/\/antcube.shop\/lv\/wp-json\/wp\/v2\/product_cat?post=12285"},{"taxonomy":"product_tag","embeddable":true,"href":"https:\/\/antcube.shop\/lv\/wp-json\/wp\/v2\/product_tag?post=12285"}],"curies":[{"name":"wp","href":"https:\/\/api.w.org\/{rel}","templated":true}]}}