{"id":11493,"date":"2025-04-25T14:46:45","date_gmt":"2025-04-25T12:46:45","guid":{"rendered":"https:\/\/antcube.shop\/en\/product\/poster-ameisen-lebenszyklus-lasius-niger-70x100\/"},"modified":"2026-01-12T12:41:45","modified_gmt":"2026-01-12T11:41:45","slug":"plakata-skudru-dzives-cikls-lasius-niger-70x100","status":"publish","type":"product","link":"https:\/\/antcube.shop\/lv\/products\/plakata-skudru-dzives-cikls-lasius-niger-70x100\/","title":{"rendered":"Plak\u0101ts - Skudru dz\u012bves cikls - Lasius niger 70\u00d7100"},"content":{"rendered":"<p>Skudru dz\u012bves cikls - Lasius niger - Skudru plak\u0101ts un m\u0101c\u012bbu l\u012bdzeklis skol\u0101m\/ b\u0113rnud\u0101rziem.<\/p>\n<p><strong>Apraksts pieejams v\u0101cu, ang\u013cu, sp\u0101\u0146u un fran\u010du valod\u0101<\/strong><\/p>\n<p><strong>Izm\u0113ri:<\/strong> 70\u00d7100 cm<\/p>\n<p><strong>Materi\u0101ls:<\/strong> Lateksa pap\u012brs<br \/>\n\u0160is pap\u012brs ir \u016bdensnecaurlaid\u012bgs, noslauc\u0101ms, iztur\u012bgs, videi draudz\u012bgs, jo nesatur videi kait\u012bgus \u0161\u0137\u012bdin\u0101t\u0101jus un nodro\u0161ina izcilu drukas kvalit\u0101ti.<\/p>\n<p><strong>Apraksts:<\/strong> \u0160aj\u0101 plak\u0101t\u0101 sniegts p\u0101rskats par skudru att\u012bst\u012bbas stadij\u0101m no olas l\u012bdz str\u0101dniekam, izmantojot skudru sugas Lasius niger piem\u0113ru.<\/p>\n<p><strong>Svar\u012bgi - papildu inform\u0101cija:<\/strong> <a href=\"https:\/\/www.ants.de\/link\/1100\">\u0160eit<\/a> uz plak\u0101ta atrad\u012bsiet detaliz\u0113tu atsevi\u0161\u0137u ainu aprakstu. Tie nav pievienoti plak\u0101tam, bet ir pieejami un izdruk\u0101jami atsevi\u0161\u0137i, izmantojot \u0161o saiti. <a href=\"https:\/\/www.ants.de\/link\/1100\">https:\/\/www.ants.de\/link\/1100<\/a><\/p>","protected":false},"excerpt":{"rendered":"<p>Skudru dz\u012bves cikls - Lasius niger - Skudru plak\u0101ts un m\u0101c\u012bbu l\u012bdzeklis skol\u0101m\/ b\u0113rnud\u0101rziem. Apraksts pieejams v\u0101cu, ang\u013cu, sp\u0101\u0146u un fran\u010du valod\u0101: 50x70 cm Materi\u0101ls: \u0160is pap\u012brs ir \u016bdensnecaurlaid\u012bgs, noslauc\u0101ms, iztur\u012bgs, videi draudz\u012bgs, jo nesatur videi kait\u012bgus \u0161\u0137\u012bdin\u0101t\u0101jus un nodro\u0161ina izcilu drukas kvalit\u0101ti. Apraksts: \u0160is plak\u0101ts","protected":false},"featured_media":11403,"comment_status":"open","ping_status":"closed","template":"","meta":{"_acf_changed":false,"content-type":"","_monsterinsights_skip_tracking":false,"_monsterinsights_sitenote_active":false,"_monsterinsights_sitenote_note":"","_monsterinsights_sitenote_category":0},"product_brand":[484],"product_cat":[500],"product_tag":[],"class_list":{"0":"post-11493","1":"product","2":"type-product","3":"status-publish","4":"has-post-thumbnail","6":"product_brand-antcube","7":"product_cat-ant-posters-and-teaching-aids","9":"first","10":"instock","11":"taxable","12":"shipping-taxable","13":"purchasable","14":"product-type-simple"},"acf":[],"aioseo_notices":[],"jetpack_sharing_enabled":true,"_links":{"self":[{"href":"https:\/\/antcube.shop\/lv\/wp-json\/wp\/v2\/product\/11493","targetHints":{"allow":["GET"]}}],"collection":[{"href":"https:\/\/antcube.shop\/lv\/wp-json\/wp\/v2\/product"}],"about":[{"href":"https:\/\/antcube.shop\/lv\/wp-json\/wp\/v2\/types\/product"}],"replies":[{"embeddable":true,"href":"https:\/\/antcube.shop\/lv\/wp-json\/wp\/v2\/comments?post=11493"}],"wp:featuredmedia":[{"embeddable":true,"href":"https:\/\/antcube.shop\/lv\/wp-json\/wp\/v2\/media\/11403"}],"wp:attachment":[{"href":"https:\/\/antcube.shop\/lv\/wp-json\/wp\/v2\/media?parent=11493"}],"wp:term":[{"taxonomy":"product_brand","embeddable":true,"href":"https:\/\/antcube.shop\/lv\/wp-json\/wp\/v2\/product_brand?post=11493"},{"taxonomy":"product_cat","embeddable":true,"href":"https:\/\/antcube.shop\/lv\/wp-json\/wp\/v2\/product_cat?post=11493"},{"taxonomy":"product_tag","embeddable":true,"href":"https:\/\/antcube.shop\/lv\/wp-json\/wp\/v2\/product_tag?post=11493"}],"curies":[{"name":"wp","href":"https:\/\/api.w.org\/{rel}","templated":true}]}}