{"id":11413,"date":"2025-04-11T16:43:25","date_gmt":"2025-04-11T14:43:25","guid":{"rendered":"https:\/\/antcube.shop\/en\/product\/light-strip-pro-40cm\/"},"modified":"2026-03-27T13:58:51","modified_gmt":"2026-03-27T12:58:51","slug":"gaismas-sloksnes-pro-40cm","status":"publish","type":"product","link":"https:\/\/antcube.shop\/lv\/products\/gaismas-sloksnes-pro-40cm\/","title":{"rendered":"Gaismas josla Pro 40cm"},"content":{"rendered":"<p><strong>Saturs:<\/strong><br \/>\n1x LED gaismas josla Pro<br \/>\n1x kron\u0161teins mont\u0101\u017eai pie griestiem, ieskaitot skr\u016bves<br \/>\n1x t\u012bkla kontaktdak\u0161a ar sl\u0113dzi<\/p>\n<p><strong>Tehniskie dati:<\/strong><br \/>\nIzm\u0113ri: 400x124x42 mm<br \/>\nApgaismojums: LED<br \/>\nEner\u0123ijas pat\u0113ri\u0146\u0161: 16 W<br \/>\nGaismas pl\u016bsma: 2200 lm (140 lm\/W)<br \/>\nGaismas kr\u0101sa: 6000K<br \/>\nKalpo\u0161anas laiks: ~ 25 000 h<br \/>\nKabe\u013ca garums: 145 cm<\/p>\n<p><strong>Materi\u0101ls:<\/strong> plastmasa<\/p>\n<p><strong>Kr\u0101sa:<\/strong> melns<\/p>\n<p><strong>Apraksts:<\/strong><br \/>\nLED apgaismojums formik\u0101riem, viv\u0101rijiem un ter\u0101rijiem ar izm\u0113riem 60x30x60.<br \/>\nAizsarg\u0101tas pret \u016bdens \u0161\u013cakat\u0101m atbilsto\u0161i IP65, t\u0101p\u0113c gaismas sloksnes ir ide\u0101li piem\u0113rotas tropu ter\u0101rijiem. Pateicoties zemajai siltuma att\u012bst\u012bbai, Light Strip lampas ir \u013coti piem\u0113rotas ar\u012b sug\u0101m ar zem\u0101k\u0101m siltuma pras\u012bb\u0101m.<\/p>","protected":false},"excerpt":{"rendered":"<p><span style=\"font-weight: 400;\">Ener\u0123ijas pat\u0113ri\u0146\u0161: 16 W<\/span><\/p>","protected":false},"featured_media":11368,"comment_status":"open","ping_status":"closed","template":"","meta":{"_acf_changed":false,"content-type":"","_monsterinsights_skip_tracking":false,"_monsterinsights_sitenote_active":false,"_monsterinsights_sitenote_note":"","_monsterinsights_sitenote_category":0},"product_brand":[],"product_cat":[359,257,119],"product_tag":[],"class_list":{"0":"post-11413","1":"product","2":"type-product","3":"status-publish","4":"has-post-thumbnail","6":"product_cat-light-heat-humidity","7":"product_cat-new-innovatve-products","8":"product_cat-formicarium-components","10":"first","11":"instock","12":"taxable","13":"shipping-taxable","14":"purchasable","15":"product-type-simple"},"acf":[],"aioseo_notices":[],"jetpack_sharing_enabled":true,"_links":{"self":[{"href":"https:\/\/antcube.shop\/lv\/wp-json\/wp\/v2\/product\/11413","targetHints":{"allow":["GET"]}}],"collection":[{"href":"https:\/\/antcube.shop\/lv\/wp-json\/wp\/v2\/product"}],"about":[{"href":"https:\/\/antcube.shop\/lv\/wp-json\/wp\/v2\/types\/product"}],"replies":[{"embeddable":true,"href":"https:\/\/antcube.shop\/lv\/wp-json\/wp\/v2\/comments?post=11413"}],"wp:featuredmedia":[{"embeddable":true,"href":"https:\/\/antcube.shop\/lv\/wp-json\/wp\/v2\/media\/11368"}],"wp:attachment":[{"href":"https:\/\/antcube.shop\/lv\/wp-json\/wp\/v2\/media?parent=11413"}],"wp:term":[{"taxonomy":"product_brand","embeddable":true,"href":"https:\/\/antcube.shop\/lv\/wp-json\/wp\/v2\/product_brand?post=11413"},{"taxonomy":"product_cat","embeddable":true,"href":"https:\/\/antcube.shop\/lv\/wp-json\/wp\/v2\/product_cat?post=11413"},{"taxonomy":"product_tag","embeddable":true,"href":"https:\/\/antcube.shop\/lv\/wp-json\/wp\/v2\/product_tag?post=11413"}],"curies":[{"name":"wp","href":"https:\/\/api.w.org\/{rel}","templated":true}]}}