{"id":11411,"date":"2025-04-11T16:41:28","date_gmt":"2025-04-11T14:41:28","guid":{"rendered":"https:\/\/antcube.shop\/en\/product\/light-strip-20-erweiterung\/"},"modified":"2026-03-16T10:38:25","modified_gmt":"2026-03-16T09:38:25","slug":"gaismas-sloksnes-20-pagarinajums","status":"publish","type":"product","link":"https:\/\/antcube.shop\/lv\/products\/gaismas-sloksnes-20-pagarinajums\/","title":{"rendered":"Gaismas josla 20 pagarin\u0101jums"},"content":{"rendered":"<p><strong>Saturs:<\/strong><br \/>\n1x Gaismas josla LED mini 14cm<br \/>\n1x kron\u0161teins mont\u0101\u017eai pie griestiem, ieskaitot skr\u016bves<br \/>\n1x savienojuma kabelis<br \/>\n1x savienojuma kontaktdak\u0161a<\/p>\n<p><strong>Tehniskie dati:<\/strong><br \/>\nIzm\u0113ri: 140x60x9 mm<br \/>\nApgaismojums: LED<br \/>\nEner\u0123ijas pat\u0113ri\u0146\u0161: 2 W<br \/>\nGaismas pl\u016bsma: 210 lm (105 lm\/W)<br \/>\nGaismas kr\u0101sa: 3000K \/ 4000K \/ 6500K<br \/>\nKalpo\u0161anas laiks: ~ 25 000 h<br \/>\nKabe\u013ca garums: 30 cm<br \/>\nDimmable<\/p>\n<p><strong>Materi\u0101ls:<\/strong> Plastmasa<\/p>\n<p><strong>Kr\u0101sa:<\/strong> balta<\/p>\n<p><strong>Apraksts:<\/strong><br \/>\nIde\u0101li piem\u0113rots vis\u0101m skudru sug\u0101m. Dienas gaismai l\u012bdz\u012bgs spektrs ar labu formik\u0101rija apgaismojumu. Nav nev\u0113lamas siltuma emisijas, \u013coti energoefekt\u012bvs.<br \/>\n\u0160\u012b LED lampa ir piem\u0113rota 20x20x20, 20x20x10 un 20x10x10 izm\u0113ra formik\u0101rij\u0101m un viv\u0101rij\u0101m. To var vienk\u0101r\u0161i novietot uz v\u0101ka. Spilgtumu var regul\u0113t 10 l\u012bme\u0146os, un var iestat\u012bt 3 da\u017e\u0101das gaismas kr\u0101sas, s\u0101kot no \"auksti baltas\" l\u012bdz \"dabiskai\" un \"siltai\" gaismai. Formik\u0101rij\u0101m ar platumu 40 cm var ievietot divas lampas vienu otr\u0101. No augstuma, kas p\u0101rsniedz 30 cm, apak\u0161\u0101 non\u0101k tikai nedaudz gaismas.<\/p>\n<p><strong>Svar\u012bgi:<\/strong> Bez baro\u0161anas avota! Darbojas tikai kop\u0101 ar gaismas joslu 20 (1005742) vai 30 (1005742).<br \/>\nPiem\u0113ram, 6 lampas 20 (l\u012bdz 12 vatu) var savienot virkn\u0113 ar baro\u0161anas bloku.<\/p>","protected":false},"excerpt":{"rendered":"<p><span style=\"font-weight: 400;\">Ener\u0123ijas pat\u0113ri\u0146\u0161: 2 W<\/span><\/p>","protected":false},"featured_media":11377,"comment_status":"open","ping_status":"closed","template":"","meta":{"_acf_changed":false,"content-type":"","_monsterinsights_skip_tracking":false,"_monsterinsights_sitenote_active":false,"_monsterinsights_sitenote_note":"","_monsterinsights_sitenote_category":0},"product_brand":[],"product_cat":[359,257,119],"product_tag":[],"class_list":{"0":"post-11411","1":"product","2":"type-product","3":"status-publish","4":"has-post-thumbnail","6":"product_cat-light-heat-humidity","7":"product_cat-new-innovatve-products","8":"product_cat-formicarium-components","10":"first","11":"instock","12":"taxable","13":"shipping-taxable","14":"purchasable","15":"product-type-simple"},"acf":[],"aioseo_notices":[],"jetpack_sharing_enabled":true,"_links":{"self":[{"href":"https:\/\/antcube.shop\/lv\/wp-json\/wp\/v2\/product\/11411","targetHints":{"allow":["GET"]}}],"collection":[{"href":"https:\/\/antcube.shop\/lv\/wp-json\/wp\/v2\/product"}],"about":[{"href":"https:\/\/antcube.shop\/lv\/wp-json\/wp\/v2\/types\/product"}],"replies":[{"embeddable":true,"href":"https:\/\/antcube.shop\/lv\/wp-json\/wp\/v2\/comments?post=11411"}],"wp:featuredmedia":[{"embeddable":true,"href":"https:\/\/antcube.shop\/lv\/wp-json\/wp\/v2\/media\/11377"}],"wp:attachment":[{"href":"https:\/\/antcube.shop\/lv\/wp-json\/wp\/v2\/media?parent=11411"}],"wp:term":[{"taxonomy":"product_brand","embeddable":true,"href":"https:\/\/antcube.shop\/lv\/wp-json\/wp\/v2\/product_brand?post=11411"},{"taxonomy":"product_cat","embeddable":true,"href":"https:\/\/antcube.shop\/lv\/wp-json\/wp\/v2\/product_cat?post=11411"},{"taxonomy":"product_tag","embeddable":true,"href":"https:\/\/antcube.shop\/lv\/wp-json\/wp\/v2\/product_tag?post=11411"}],"curies":[{"name":"wp","href":"https:\/\/api.w.org\/{rel}","templated":true}]}}