{"id":11410,"date":"2025-04-11T16:40:32","date_gmt":"2025-04-11T14:40:32","guid":{"rendered":"https:\/\/antcube.shop\/en\/product\/light-strip-30\/"},"modified":"2026-02-26T10:38:57","modified_gmt":"2026-02-26T09:38:57","slug":"gaismas-sloksne-30","status":"publish","type":"product","link":"https:\/\/antcube.shop\/lv\/products\/gaismas-sloksne-30\/","title":{"rendered":"Gaismas josla 30"},"content":{"rendered":"<p><strong>Saturs:<\/strong><br \/>\n1x Gaismas josla LED mini 28cm<br \/>\n1x kron\u0161teins mont\u0101\u017eai pie griestiem, ieskaitot skr\u016bves<br \/>\n1x t\u012bkla kontaktdak\u0161a ar sl\u0113dzi<\/p>\n<p><strong>Tehniskie dati:<\/strong><br \/>\nIzm\u0113ri: 280x60x9 mm<br \/>\nApgaismojums: LED<br \/>\nEner\u0123ijas pat\u0113ri\u0146\u0161: 4W<br \/>\nGaismas pl\u016bsma: 490 lm (123 lm\/W)<br \/>\nGaismas kr\u0101sa: 3000K \/ 4000K \/ 6500K<br \/>\nKalpo\u0161anas laiks: ~ 25 000 h<br \/>\nKabe\u013ca garums: 156 cm<br \/>\nDimmable<\/p>\n<p><strong>Materi\u0101ls:<\/strong> Plastmasa<\/p>\n<p><strong>Kr\u0101sa:<\/strong> balta<\/p>\n<p><strong>Apraksts:<\/strong><br \/>\nIde\u0101li piem\u0113rots vis\u0101m skudru sug\u0101m. Dienas gaismai l\u012bdz\u012bgs spektrs ar labu formik\u0101rija apgaismojumu. Nav nev\u0113lamas siltuma emisijas, \u013coti energoefekt\u012bvs.<br \/>\n\u0160\u012b LED lampa ir piem\u0113rota formik\u0101rij\u0101m un viv\u0101rij\u0101m ar izm\u0113riem 30x30x30, 30x30x20 un 30x30x10. To var vienk\u0101r\u0161i novietot uz v\u0101ka. Spilgtumu var regul\u0113t 10 l\u012bme\u0146os, un var iestat\u012bt 3 da\u017e\u0101das gaismas kr\u0101sas, s\u0101kot no \"auksti baltas\" l\u012bdz \"dabiskai\" un \"siltai\" gaismai. Var pas\u016bt\u012bt pagarin\u0101jumu formik\u0101rij\u0101m ar platumu 60 cm. Tas ir nor\u0101d\u012bts t\u0101l\u0101k rakst\u0101. No augstuma, kas p\u0101rsniedz 30 cm, apak\u0161\u0101 non\u0101k tikai nedaudz gaismas.<\/p>","protected":false},"excerpt":{"rendered":"<p><span style=\"font-weight: 400;\">Ener\u0123ijas pat\u0113ri\u0146\u0161: 4W<\/span><\/p>","protected":false},"featured_media":11376,"comment_status":"open","ping_status":"closed","template":"","meta":{"_acf_changed":false,"content-type":"","_monsterinsights_skip_tracking":false,"_monsterinsights_sitenote_active":false,"_monsterinsights_sitenote_note":"","_monsterinsights_sitenote_category":0},"product_brand":[],"product_cat":[359,257,119],"product_tag":[],"class_list":{"0":"post-11410","1":"product","2":"type-product","3":"status-publish","4":"has-post-thumbnail","6":"product_cat-light-heat-humidity","7":"product_cat-new-innovatve-products","8":"product_cat-formicarium-components","10":"first","11":"outofstock","12":"taxable","13":"shipping-taxable","14":"purchasable","15":"product-type-simple"},"acf":[],"aioseo_notices":[],"jetpack_sharing_enabled":true,"_links":{"self":[{"href":"https:\/\/antcube.shop\/lv\/wp-json\/wp\/v2\/product\/11410","targetHints":{"allow":["GET"]}}],"collection":[{"href":"https:\/\/antcube.shop\/lv\/wp-json\/wp\/v2\/product"}],"about":[{"href":"https:\/\/antcube.shop\/lv\/wp-json\/wp\/v2\/types\/product"}],"replies":[{"embeddable":true,"href":"https:\/\/antcube.shop\/lv\/wp-json\/wp\/v2\/comments?post=11410"}],"wp:featuredmedia":[{"embeddable":true,"href":"https:\/\/antcube.shop\/lv\/wp-json\/wp\/v2\/media\/11376"}],"wp:attachment":[{"href":"https:\/\/antcube.shop\/lv\/wp-json\/wp\/v2\/media?parent=11410"}],"wp:term":[{"taxonomy":"product_brand","embeddable":true,"href":"https:\/\/antcube.shop\/lv\/wp-json\/wp\/v2\/product_brand?post=11410"},{"taxonomy":"product_cat","embeddable":true,"href":"https:\/\/antcube.shop\/lv\/wp-json\/wp\/v2\/product_cat?post=11410"},{"taxonomy":"product_tag","embeddable":true,"href":"https:\/\/antcube.shop\/lv\/wp-json\/wp\/v2\/product_tag?post=11410"}],"curies":[{"name":"wp","href":"https:\/\/api.w.org\/{rel}","templated":true}]}}