{"id":11408,"date":"2025-04-11T16:39:04","date_gmt":"2025-04-11T14:39:04","guid":{"rendered":"https:\/\/antcube.shop\/en\/product\/fotoruckwand-regenwald-60x60\/"},"modified":"2026-03-26T10:55:56","modified_gmt":"2026-03-26T09:55:56","slug":"foto-aizmugures-siena-60x60-lietus-mezs","status":"publish","type":"product","link":"https:\/\/antcube.shop\/lv\/products\/foto-aizmugures-siena-60x60-lietus-mezs\/","title":{"rendered":"Foto aizmugur\u0113j\u0101 siena 60\u00d760 lietus me\u017es"},"content":{"rendered":"<p><strong>Izm\u0113ri:<\/strong> 60x60cm<\/p>\n<p><strong>Materi\u0101ls:<\/strong> Glanc\u0113ts folijas pap\u012brs<\/p>\n<p><strong>Saturs:<\/strong> 1x foto aizmugur\u0113j\u0101 siena<\/p>\n<p><strong>Apraksts:<\/strong> \u0160is foto fons j\u0101piestiprina formik\u0101rija aizmugur\u0113 no \u0101rpuses, lai rad\u012btu skudru dabiskajai dz\u012bves videi atbilsto\u0161as vides iespaidu.<\/p>","protected":false},"excerpt":{"rendered":"<p>Izm\u0113ri: Izm\u0113ri: 60x60cm Materi\u0101ls: Materi\u0101ls: glanc\u0113ts folijas pap\u012brs Sast\u0101vs: Sast\u0101vs: 1x foto aizmugures siena Apraksts: \u0160is foto fons j\u0101piestiprina formik\u0101rija aizmugur\u0113 no \u0101rpuses, lai rad\u012btu skudru dabiskajai dz\u012bves videi atbilsto\u0161as vides iespaidu.<\/p>","protected":false},"featured_media":5530,"comment_status":"open","ping_status":"closed","template":"","meta":{"_acf_changed":false,"content-type":"","_monsterinsights_skip_tracking":false,"_monsterinsights_sitenote_active":false,"_monsterinsights_sitenote_note":"","_monsterinsights_sitenote_category":0},"product_brand":[484],"product_cat":[97,106],"product_tag":[],"class_list":{"0":"post-11408","1":"product","2":"type-product","3":"status-publish","4":"has-post-thumbnail","6":"product_brand-antcube","7":"product_cat-photo-backwalls","8":"product_cat-rainforest-photo-backwall","10":"first","11":"instock","12":"taxable","13":"shipping-taxable","14":"purchasable","15":"product-type-simple"},"acf":[],"aioseo_notices":[],"jetpack_sharing_enabled":true,"_links":{"self":[{"href":"https:\/\/antcube.shop\/lv\/wp-json\/wp\/v2\/product\/11408","targetHints":{"allow":["GET"]}}],"collection":[{"href":"https:\/\/antcube.shop\/lv\/wp-json\/wp\/v2\/product"}],"about":[{"href":"https:\/\/antcube.shop\/lv\/wp-json\/wp\/v2\/types\/product"}],"replies":[{"embeddable":true,"href":"https:\/\/antcube.shop\/lv\/wp-json\/wp\/v2\/comments?post=11408"}],"wp:featuredmedia":[{"embeddable":true,"href":"https:\/\/antcube.shop\/lv\/wp-json\/wp\/v2\/media\/5530"}],"wp:attachment":[{"href":"https:\/\/antcube.shop\/lv\/wp-json\/wp\/v2\/media?parent=11408"}],"wp:term":[{"taxonomy":"product_brand","embeddable":true,"href":"https:\/\/antcube.shop\/lv\/wp-json\/wp\/v2\/product_brand?post=11408"},{"taxonomy":"product_cat","embeddable":true,"href":"https:\/\/antcube.shop\/lv\/wp-json\/wp\/v2\/product_cat?post=11408"},{"taxonomy":"product_tag","embeddable":true,"href":"https:\/\/antcube.shop\/lv\/wp-json\/wp\/v2\/product_tag?post=11408"}],"curies":[{"name":"wp","href":"https:\/\/api.w.org\/{rel}","templated":true}]}}