{"id":11407,"date":"2025-04-11T16:38:16","date_gmt":"2025-04-11T14:38:16","guid":{"rendered":"https:\/\/antcube.shop\/en\/product\/terracube-60x30x60-terrarium-mit-schiebetur\/"},"modified":"2026-04-02T12:12:14","modified_gmt":"2026-04-02T10:12:14","slug":"terracube-60x30x60-terarijs-ar-bidamam-durvim","status":"publish","type":"product","link":"https:\/\/antcube.shop\/lv\/products\/terracube-60x30x60-terarijs-ar-bidamam-durvim\/","title":{"rendered":"TERRACUBE 60x30x60 ter\u0101rijs ar b\u012bd\u0101m\u0101m durv\u012bm"},"content":{"rendered":"<p><strong>TERRACUBE Ter\u0101rijs 60x30x60 ar b\u012bd\u0101m\u0101m durv\u012bm un 2x 50 mm atver\u0113m.<\/strong><\/p>\n<p><strong>Izm\u0113ri:<\/strong> 600 x 300 x 600 mm; 4 mm stikla biezums<br \/>\n<strong>Materi\u0101ls:<\/strong> float stikls<br \/>\n<strong>Savienojums:<\/strong> 2x 50 mm caurums (2x s\u0101nos)<\/p>\n<p><strong>Priek\u0161\u0113j\u0101 atv\u0113r\u0161ana (b\u012bd\u0101m\u0101s durvis):<\/strong> 300\u00d7300 mm<br \/>\nB\u0101ra augstums: 12,5 cm<br \/>\nStie\u0146a platums: 4 cm<\/p>\n<p><strong>Apraksts:<\/strong><br \/>\n<strong>TERRACUBE - Piln\u012bb\u0101 caursp\u012bd\u012bga modul\u0101r\u0101 ter\u0101rija sist\u0113ma ar p\u0101rdom\u0101t\u0101m deta\u013c\u0101m<\/strong><br \/>\nTERRACUBE ter\u0101rijiem ir maksim\u0101la caursp\u012bd\u012bba (360\u00b0) un elegants, skaidrs dizains. Visas malas ir prec\u012bzi piel\u012bm\u0113tas, lai neb\u016btu redzamas kaitino\u0161as silikona \u0161uves. Ar\u012b izmantotais silikons ir piln\u012bgi caursp\u012bd\u012bgs - lai iek\u0161puse b\u016btu p\u0101rredzama no vis\u0101m pus\u0113m.<\/p>\n<p><strong>Izsmalcin\u0101ti ventil\u0101cijas un tehnisk\u0101s piek\u013cuves punkti<\/strong><br \/>\n<strong>Divi s\u0101nu caurumi (katrs \u00d8 50 mm) nodro\u0161ina elast\u012bgas izmanto\u0161anas iesp\u0113jas:<\/strong><br \/>\nTos var izmantot vai nu papildu ventil\u0101cijai, vai ar\u012b k\u0101 piek\u013cuvi tehnolo\u0123ij\u0101m, piem\u0113ram, termo\/hiprometriem, miglot\u0101jiem, sild\u012b\u0161anas akme\u0146iem un daudz kam citam.<\/p>\n<p>P\u0101rsegs tiek p\u0101rdots atsevi\u0161\u0137i un ir pieejams da\u017e\u0101d\u0101s versij\u0101s - ar da\u017e\u0101d\u0101m ventil\u0101cijas zon\u0101m un caurumiem papildu ventil\u0101cijai vai tehniskiem piederumiem, piem\u0113ram, lietus sist\u0113m\u0101m vai ventilatoriem, atkar\u012bb\u0101 no biotopa.<\/p>\n<p><strong>Dro\u0161s re\u017e\u0123is - piem\u0113rots ar\u012b maziem dz\u012bvniekiem<\/strong><br \/>\nNer\u016bs\u0113jo\u0161\u0101 t\u0113rauda ventil\u0101cijas re\u017e\u0123is ar smalku sieti\u0146u uz stie\u0146a ir tik bl\u012bvs, ka no t\u0101 nevar izk\u013c\u016bt pat t\u0101das s\u012bkas sugas k\u0101 aug\u013cu mu\u0161as (Drosophila) vai skudras. To balsta iztur\u012bga perfor\u0113ta alum\u012bnija pl\u0101ksne. Tas padara \u0161o koncepciju ner\u016bs\u0113jo\u0161u (neprasa lielu apkopi un ir iztur\u012bga) un stabilu pat pret liel\u0101ku r\u0101pu\u013cu meh\u0101nisku iedarb\u012bbu.<\/p>\n<p><strong>B\u012bd\u0101m\u0101s durvis - praktiskas un gandr\u012bz neredzamas<\/strong><br \/>\nPraktisk\u0101s b\u012bd\u0101m\u0101s durvis ir apr\u012bkotas ar caursp\u012bd\u012bgu rokturi, kas atrodas uz tikpat caursp\u012bd\u012bga kron\u0161teina. Tas noz\u012bm\u0113, ka uzman\u012bbas centr\u0101 vienm\u0113r ir ar m\u012blest\u012bbu veidots interjers vai taj\u0101 tur\u0113tie dz\u012bvnieki.<\/p>\n<p><strong>Modul\u0101r\u0101 sist\u0113ma - savienojiet ter\u0101rijus kop\u0101<\/strong><br \/>\nVair\u0101ki TERRACUBE ter\u0101riji var tikt savienoti kop\u0101, pateicoties caurumiem s\u0101nos un atbilsto\u0161iem caursp\u012bd\u012bgiem akrila savienot\u0101jiem vai caurul\u0113m.<br \/>\nPiem\u0113ram, skudru koloniju var tur\u0113t blakus tvertn\u0113 k\u0101 bar\u012bbas avotu r\u0101pu\u013ciem - ar dro\u0161u atk\u0101p\u0161an\u0101s vietu, ja r\u0101pu\u013ci nevar izk\u013c\u016bt cauri caurulei. \u0160\u0101d\u0101 veid\u0101 var elast\u012bgi papla\u0161in\u0101t ar\u012b veselas sist\u0113mas, piem\u0113ram, vard\u0113m vai salamandr\u0101m.<\/p>\n<p><strong>Piez\u012bme:<\/strong> Stikls tiek sagriezts atbilsto\u0161i izm\u0113ram saska\u0146\u0101 ar DIN 1249 ar pielaidi +\/- 1 mm. \u012apa\u0161i maz\u0101m skudru sug\u0101m ir nepiecie\u0161ama papildu aizsardz\u012bba pret izb\u0113g\u0161anu.<\/p>","protected":false},"excerpt":{"rendered":"<p>TERRACUBE Ter\u0101rijs 60x30x60 ar b\u012bd\u0101m\u0101m durv\u012bm un 2x 50 mm atver\u0113m. Izm\u0113ri: 600 x 300 x 600 mm; 4 mm stikla biezums Materi\u0101ls: pludin\u0101t\u0101 stikla savienojums: 2x 50 mm caurums (2x s\u0101nos) Priek\u0161\u0113jais atv\u0113rums (b\u012bd\u0101m\u0101s durvis): B\u0101ra augstums: 12,5 cm B\u0101ra platums: 4 cm Apraksts: TERRACUBE - piln\u012bb\u0101 caursp\u012bd\u012bga modul\u0101r\u0101 ter\u0101rija sist\u0113ma.","protected":false},"featured_media":11397,"comment_status":"open","ping_status":"closed","template":"","meta":{"_acf_changed":false,"content-type":"","_monsterinsights_skip_tracking":false,"_monsterinsights_sitenote_active":false,"_monsterinsights_sitenote_note":"","_monsterinsights_sitenote_category":0},"product_brand":[499],"product_cat":[257],"product_tag":[],"class_list":{"0":"post-11407","1":"product","2":"type-product","3":"status-publish","4":"has-post-thumbnail","6":"product_brand-terracube","7":"product_cat-new-innovatve-products","8":"product_shipping_class-forwarding-on-pallet","10":"first","11":"instock","12":"taxable","13":"shipping-taxable","14":"purchasable","15":"product-type-simple"},"acf":[],"aioseo_notices":[],"jetpack_sharing_enabled":true,"_links":{"self":[{"href":"https:\/\/antcube.shop\/lv\/wp-json\/wp\/v2\/product\/11407","targetHints":{"allow":["GET"]}}],"collection":[{"href":"https:\/\/antcube.shop\/lv\/wp-json\/wp\/v2\/product"}],"about":[{"href":"https:\/\/antcube.shop\/lv\/wp-json\/wp\/v2\/types\/product"}],"replies":[{"embeddable":true,"href":"https:\/\/antcube.shop\/lv\/wp-json\/wp\/v2\/comments?post=11407"}],"wp:featuredmedia":[{"embeddable":true,"href":"https:\/\/antcube.shop\/lv\/wp-json\/wp\/v2\/media\/11397"}],"wp:attachment":[{"href":"https:\/\/antcube.shop\/lv\/wp-json\/wp\/v2\/media?parent=11407"}],"wp:term":[{"taxonomy":"product_brand","embeddable":true,"href":"https:\/\/antcube.shop\/lv\/wp-json\/wp\/v2\/product_brand?post=11407"},{"taxonomy":"product_cat","embeddable":true,"href":"https:\/\/antcube.shop\/lv\/wp-json\/wp\/v2\/product_cat?post=11407"},{"taxonomy":"product_tag","embeddable":true,"href":"https:\/\/antcube.shop\/lv\/wp-json\/wp\/v2\/product_tag?post=11407"}],"curies":[{"name":"wp","href":"https:\/\/api.w.org\/{rel}","templated":true}]}}