{"id":11405,"date":"2025-04-11T16:36:21","date_gmt":"2025-04-11T14:36:21","guid":{"rendered":"https:\/\/antcube.shop\/en\/product\/nestkugel-ps-10-cm-klar\/"},"modified":"2026-04-02T12:12:14","modified_gmt":"2026-04-02T10:12:14","slug":"ligzda-bumba-ps-10cm-caurspidiga","status":"publish","type":"product","link":"https:\/\/antcube.shop\/lv\/products\/ligzda-bumba-ps-10cm-caurspidiga\/","title":{"rendered":"Nest bumba PS 10cm caursp\u012bd\u012bga"},"content":{"rendered":"<p><strong>Izm\u0113ri:<\/strong> 10 cm diametrs<\/p>\n<p><strong>Kr\u0101sa:<\/strong> br\u016bns \/ b\u0113\u0161s<\/p>\n<p><strong>Materi\u0101ls:<\/strong> V\u012bnogul\u0101ju augs<\/p>\n<p><strong>Apraksts:<\/strong> Dobums ir ide\u0101la sl\u0113ptuve un ligzdo\u0161anas vieta skudr\u0101m.<\/p>\n<p><strong>Piez\u012bme:<\/strong> T\u0101 k\u0101 \u0161is ir dab\u012bgs produkts, att\u0113ls var at\u0161\u0137irties no pieg\u0101d\u0101t\u0101 produkta.<\/p>","protected":false},"excerpt":{"rendered":"<p>Izm\u0113rs: 10 x 10 x 10 cm<\/p>","protected":false},"featured_media":11420,"comment_status":"open","ping_status":"closed","template":"","meta":{"_acf_changed":false,"content-type":"","_monsterinsights_skip_tracking":false,"_monsterinsights_sitenote_active":false,"_monsterinsights_sitenote_note":"","_monsterinsights_sitenote_category":0},"product_brand":[485],"product_cat":[257,119,239],"product_tag":[],"class_list":{"0":"post-11405","1":"product","2":"type-product","3":"status-publish","4":"has-post-thumbnail","6":"product_brand-antstore","7":"product_cat-new-innovatve-products","8":"product_cat-formicarium-components","9":"product_cat-useful-additions","11":"first","12":"instock","13":"taxable","14":"shipping-taxable","15":"purchasable","16":"product-type-simple"},"acf":[],"aioseo_notices":[],"jetpack_sharing_enabled":true,"_links":{"self":[{"href":"https:\/\/antcube.shop\/lv\/wp-json\/wp\/v2\/product\/11405","targetHints":{"allow":["GET"]}}],"collection":[{"href":"https:\/\/antcube.shop\/lv\/wp-json\/wp\/v2\/product"}],"about":[{"href":"https:\/\/antcube.shop\/lv\/wp-json\/wp\/v2\/types\/product"}],"replies":[{"embeddable":true,"href":"https:\/\/antcube.shop\/lv\/wp-json\/wp\/v2\/comments?post=11405"}],"wp:featuredmedia":[{"embeddable":true,"href":"https:\/\/antcube.shop\/lv\/wp-json\/wp\/v2\/media\/11420"}],"wp:attachment":[{"href":"https:\/\/antcube.shop\/lv\/wp-json\/wp\/v2\/media?parent=11405"}],"wp:term":[{"taxonomy":"product_brand","embeddable":true,"href":"https:\/\/antcube.shop\/lv\/wp-json\/wp\/v2\/product_brand?post=11405"},{"taxonomy":"product_cat","embeddable":true,"href":"https:\/\/antcube.shop\/lv\/wp-json\/wp\/v2\/product_cat?post=11405"},{"taxonomy":"product_tag","embeddable":true,"href":"https:\/\/antcube.shop\/lv\/wp-json\/wp\/v2\/product_tag?post=11405"}],"curies":[{"name":"wp","href":"https:\/\/api.w.org\/{rel}","templated":true}]}}