{"id":11137,"date":"2025-03-06T15:59:48","date_gmt":"2025-03-06T14:59:48","guid":{"rendered":"https:\/\/antcube.shop\/en\/product\/antcube-arena-60x30x60-mit-schiebetur\/"},"modified":"2026-01-12T12:41:14","modified_gmt":"2026-01-12T11:41:14","slug":"antcube-arena-60x30x60-ar-bidamam-durvim","status":"publish","type":"product","link":"https:\/\/antcube.shop\/lv\/products\/antcube-arena-60x30x60-ar-bidamam-durvim\/","title":{"rendered":"ANTCUBE Arena 60x30x60 ar b\u012bd\u0101m\u0101m durv\u012bm"},"content":{"rendered":"<p><strong>ANTCUBE Arena 60x30x60 ar b\u012bd\u0101m\u0101m durv\u012bm un 4x 50 mm atver\u0113m.<\/strong><\/p>\n<p><strong>Izm\u0113ri:<\/strong> 600 x 300 x 600 mm; 4 mm stikla biezums<br \/>\n<strong>Materi\u0101ls:<\/strong> float stikls<br \/>\n<strong>Savienojums:<\/strong> 4x 50 mm caurumi (2x s\u0101nos un 2x priek\u0161pus\u0113)<\/p>\n<p><strong>Priek\u0161\u0113j\u0101 atv\u0113r\u0161ana (b\u012bd\u0101m\u0101s durvis):<\/strong> 300\u00d7300 mm<\/p>\n<p><strong>Apraksts:<\/strong> M\u016bsu ANTCUBE ar\u0113na 60x30x60 ar b\u012bd\u0101m\u0101m durv\u012bm tika izstr\u0101d\u0101ta, lai var\u0113tu \u0113rti str\u0101d\u0101t pat piln\u0101 formik\u0101rij\u0101. T\u0101 ir piem\u0113rota ar\u012b k\u0101 papla\u0161in\u0101jums m\u016bsu ar\u0113nai ar b\u012bd\u0101m\u0101m durv\u012bm 60x30x30. At\u0161\u0137ir\u012bba ir jaunie caurumi priek\u0161pus\u0113, lai rad\u012btu papildu ventil\u0101ciju vai, ja s\u0101nos nav vietas, lai caur priek\u0161\u0113jiem savienojumiem savienotu papildu ar\u0113nas ar akrila caurul\u0113m. T\u0101s ir \u012bpa\u0161i noder\u012bgas k\u0101 formik\u0101rijs skudrul\u012bt\u0113m (Polyrhachis un Oecophylla), jo t\u0101m pat\u012bk b\u016bv\u0113ties uz aug\u0161u un t\u0101m nepiecie\u0161ams saimniekaugs. Ar\u012b t\u0101das koku sugas k\u0101 Tetraponera priec\u0101jas par k\u0101p\u0161anas iesp\u0113j\u0101m. Da\u017ek\u0101rt var b\u016bt gr\u016bti no formik\u0101rija apak\u0161\u0101 eso\u0161ajiem dz\u012bvniekiem izvad\u012bt atkritumus, piem\u0113ram. Ar \u0161o \u012bpa\u0161i piel\u0101goto tvertni tas nav probl\u0113ma. B\u012bd\u0101m\u0101s durvis ir \u013coti praktiskas ar\u012b Acromyrmex vai Atta lapkoku skudru barotav\u0101s, jo augu atliekas un citus atkritumus var viegli izmest. Aug\u0161\u0113jai atverei atsevi\u0161\u0137i ir pieejams ar\u012b 60\u00d730 izlau\u0161an\u0101s aizsargr\u0101mis un 60\u00d730 ar\u0113nas v\u0101ks ar vai bez liel\u0101kas ventil\u0101cijas zonas.<\/p>\n<p><strong>Piez\u012bme:<\/strong> Stikls tiek sagriezts atbilsto\u0161i izm\u0113ram saska\u0146\u0101 ar DIN 1249 ar pielaidi +\/- 1 mm. \u012apa\u0161i maz\u0101m skudru sug\u0101m ir nepiecie\u0161ama papildu aizsardz\u012bba pret izb\u0113g\u0161anu.<\/p>","protected":false},"excerpt":{"rendered":"<p>Savienojums: 4x caurums 50 mm<\/p>","protected":false},"featured_media":11138,"comment_status":"open","ping_status":"closed","template":"","meta":{"_acf_changed":false,"content-type":"","_monsterinsights_skip_tracking":false,"_monsterinsights_sitenote_active":false,"_monsterinsights_sitenote_note":"","_monsterinsights_sitenote_category":0},"product_brand":[484],"product_cat":[257,85,86],"product_tag":[],"class_list":{"0":"post-11137","1":"product","2":"type-product","3":"status-publish","4":"has-post-thumbnail","6":"product_brand-antcube","7":"product_cat-new-innovatve-products","8":"product_cat-ant-arenas","9":"product_cat-formicariums","10":"product_shipping_class-forwarding-on-pallet","12":"first","13":"instock","14":"taxable","15":"shipping-taxable","16":"purchasable","17":"product-type-simple"},"acf":[],"aioseo_notices":[],"jetpack_sharing_enabled":true,"_links":{"self":[{"href":"https:\/\/antcube.shop\/lv\/wp-json\/wp\/v2\/product\/11137","targetHints":{"allow":["GET"]}}],"collection":[{"href":"https:\/\/antcube.shop\/lv\/wp-json\/wp\/v2\/product"}],"about":[{"href":"https:\/\/antcube.shop\/lv\/wp-json\/wp\/v2\/types\/product"}],"replies":[{"embeddable":true,"href":"https:\/\/antcube.shop\/lv\/wp-json\/wp\/v2\/comments?post=11137"}],"wp:featuredmedia":[{"embeddable":true,"href":"https:\/\/antcube.shop\/lv\/wp-json\/wp\/v2\/media\/11138"}],"wp:attachment":[{"href":"https:\/\/antcube.shop\/lv\/wp-json\/wp\/v2\/media?parent=11137"}],"wp:term":[{"taxonomy":"product_brand","embeddable":true,"href":"https:\/\/antcube.shop\/lv\/wp-json\/wp\/v2\/product_brand?post=11137"},{"taxonomy":"product_cat","embeddable":true,"href":"https:\/\/antcube.shop\/lv\/wp-json\/wp\/v2\/product_cat?post=11137"},{"taxonomy":"product_tag","embeddable":true,"href":"https:\/\/antcube.shop\/lv\/wp-json\/wp\/v2\/product_tag?post=11137"}],"curies":[{"name":"wp","href":"https:\/\/api.w.org\/{rel}","templated":true}]}}