{"id":10988,"date":"2025-01-29T13:27:22","date_gmt":"2025-01-29T12:27:22","guid":{"rendered":"https:\/\/antcube.shop\/en\/product\/bundle-offer-pheidole-pallidula\/"},"modified":"2026-04-06T12:17:12","modified_gmt":"2026-04-06T10:17:12","slug":"saisku-piedavajums-pheidole-pallidula","status":"publish","type":"product","link":"https:\/\/antcube.shop\/lv\/products\/saisku-piedavajums-pheidole-pallidula\/","title":{"rendered":"Komplekta pied\u0101v\u0101jums - Crematogaster scutellaris"},"content":{"rendered":"<p id=\"docs-internal-guid-f360e18f-7fff-1fa7-2486-66b6ea8170c9\" dir=\"ltr\"><span data-text-color=\"secondary\"><strong>Komplekt\u0101 ietilpst skudru kolonija Crematogaster scutellaris (karaliene ar 5-10 str\u0101dniec\u0113m un mazu\u013ciem), starta komplekts Digfix S, 2x formik\u0101rija spilventi\u0146i un tuksne\u0161a foto fons.<\/strong><\/span><\/p>\n<p dir=\"ltr\"><span data-text-color=\"alert\"><strong>Tikai l\u012bdz kr\u0101jumu beig\u0101m.<\/strong><\/span><\/p>\n<h2 dir=\"ltr\"><strong>Viss nepiecie\u0161amais Crematogaster scutellaris skudru kolonijai<\/strong><\/h2>\n<p dir=\"ltr\">\u0160aj\u0101 komplekt\u0101 ir viss nepiecie\u0161amais, lai veiksm\u012bgi uztur\u0113tu Crematogaster scutellaris koloniju pirmajos audz\u0113\u0161anas m\u0113ne\u0161os. Tas ir ide\u0101li piem\u0113rots ies\u0101c\u0113jiem, un to var viegli papla\u0161in\u0101t.<\/p>\n<h3 dir=\"ltr\"><strong>Skudru suga Crematogaster scutellaris<\/strong><\/h3>\n<p>Crematogaster scutellaris ir p\u0101rsvar\u0101 vis\u0113d\u0101ja skudru suga, kas pat\u0113r\u0113 gan augu, gan dz\u012bvnieku bar\u012bbu. T\u0101 ir pla\u0161i izplat\u012bta vis\u0101 Vidusj\u016bras re\u0123ion\u0101 un sastopama ar\u012b Centr\u0101leiropas dienvidu da\u013c\u0101. \u0160ai sugai rakstur\u012bgs rakstur\u012bgs bumbierveid\u012bgs v\u0113ders, ko t\u0101 b\u012bstam\u012bbas gad\u012bjum\u0101 pace\u013c uz aug\u0161u - t\u0101 ir p\u0101rsteidzo\u0161a uzved\u012bba, lai atbaid\u012btu ienaidniekus.<\/p>\n<p>Kolonij\u0101s parasti ir viena m\u0101te (monog\u012bnas), bet var b\u016bt ar\u012b vair\u0101kas m\u0101tes. Str\u0101dnieki ir akt\u012bvi un zi\u0146k\u0101r\u012bgi un ener\u0123iski aizst\u0101v savas ligzdas. Crematogaster scutellaris ir \u012bpa\u0161i labi paz\u012bstama ar savu sp\u0113ju ligzdot atmiru\u0161\u0101 koksn\u0113 vai koku dobumos.<\/p>\n<h3 dir=\"ltr\"><strong>Crematogaster scutellaris ligzda<\/strong><\/h3>\n<p dir=\"ltr\">T\u0101 k\u0101 \u0161\u012b suga dod priek\u0161roku ligzdo\u0161anai saus\u0101 atmiru\u0161\u0101 koksn\u0113 vai plais\u0101s un spraug\u0101s, \u0161aj\u0101 komplekt\u0101 ir Digfix ligzdas ieliktnis. Tas \u013cauj labi redz\u0113t ligzdas iek\u0161pusi un imit\u0113 dabiskos apst\u0101k\u013cus. Alternat\u012bvi t\u0101s var tur\u0113t kor\u0137a vai koka ligzd\u0101s, kas ir \u013coti tuvas to dabiskajai dz\u012bves videi.<\/p>\n<h3 dir=\"ltr\"><strong>Crematogaster scutellaris bar\u012bba<\/strong><\/h3>\n<p dir=\"ltr\">Crematogaster scutellaris ir vis\u0113d\u0101js, kas dod priek\u0161roku saldiem \u0161\u0137idrumiem, piem\u0113ram, medum vai cukura \u0161\u0137\u012bdumiem. Tai nepiecie\u0161ama ar\u012b olbaltumviel\u0101m bag\u0101ta bar\u012bba, piem\u0113ram, mazi kukai\u0146i, jo \u012bpa\u0161i mazu\u013cu audz\u0113\u0161anai. Savva\u013c\u0101 tas barojas ar\u012b ar koku sul\u0101m un s\u012bkiem posmk\u0101jiem.<\/p>\n<h3 dir=\"ltr\"><strong>Klimata apst\u0101k\u013ci Crematogaster scutellaris<\/strong><\/h3>\n<p dir=\"ltr\">Mitrums:<br \/>\nAr\u0113na: 30 - 50%<br \/>\nLigzdas plat\u012bba: 50 - 60%<br \/>\nTemperat\u016bra:<br \/>\nAr\u0113na: 24 - 30\u00b0C<br \/>\nLigzdas plat\u012bba: 22 - 28\u00b0C<\/p>\n<p dir=\"ltr\">Crematogaster scutellaris ir ide\u0101li piem\u0113rots gan ies\u0101c\u0113jiem, gan pieredz\u0113ju\u0161iem skudru audz\u0113t\u0101jiem. T\u0101 akt\u012bv\u0101 uzved\u012bba, p\u0101rsteidzo\u0161\u0101 \u0137erme\u0146a forma un kr\u0101sa, k\u0101 ar\u012b ligzdu b\u016bv\u0113\u0161anas metode \u013cauj g\u016bt aizraujo\u0161u ieskatu skudru kolonijas dz\u012bv\u0113.<\/p>\n<p dir=\"ltr\"><strong>Saturs:<\/strong><br \/>\n1x skudru kolonija Crematogaster scutellaris (karaliene + 5-10 str\u0101dnieku + mazu\u013ci)<br \/>\n1x cukura un medus \u0161\u0137\u012bdums (SH) - uzpildes iepakojums 10ml<br \/>\n1x veseli blan\u0161\u0113ti cvingri 10g<br \/>\n1x formik\u0101rija spilventi\u0146\u0161 - 20x20cm<br \/>\n1x Formik\u0101rija spilventi\u0146\u0161 - 20x6cm<br \/>\n1x tuksne\u0161a foto fons 20\u00d710<br \/>\n1x ANTCUBE - Arena 20x20x10 - plakans<br \/>\n1x Arena r\u0101mis 20\u00d720<br \/>\n1x Ar\u0113nas v\u0101ks 20\u00d720<br \/>\n4x Ar\u0113nas v\u0101ka stiprin\u0101juma punkts<br \/>\n1x ANTCUBE - skudru ferma - S - 20\u00d720 - st\u0101vo\u0161s<br \/>\n1x ANTCUBE - Digfix plate 20\u00d720 - S<br \/>\n1x 0,5 m caursp\u012bd\u012bga caurule 10\/06 mm<br \/>\nANTCUBE - Sarkana pl\u0113ve 20\u00d720 - Filtrs<br \/>\n1x pa\u0161l\u012bm\u0113jo\u0161i klip\u0161i - caursp\u012bd\u012bgi - 2 gab.<br \/>\n1x substr\u0101ts - smil\u0161m\u0101la smil\u0161m\u0101la b\u0113\u0161s - 200g<br \/>\n1x sieta ieliktnis - 50 mm - ner\u016bs\u0113jo\u0161ais t\u0113rauds<br \/>\n1x formicaria kontaktdak\u0161a 50 mm caurumam<br \/>\n1x formicaria kontaktdak\u0161a 27 mm caurumam<br \/>\n1x formicaria v\u0101ci\u0146\u0161 6 mm ligzdai<br \/>\n1x baseina savienot\u0101js B-27 un S-10-16 mm M25 - komplekts<br \/>\n1x 2 ml padev\u0113js - 360\u00b0<br \/>\n1x caursp\u012bd\u012bgs dzeramais trauks 20ml - s\u016bklis<br \/>\n1x caursp\u012bd\u012bgs p\u0101rtikas kr\u016bz\u012btis 1\u00d720 - s\u016bklis<br \/>\n1x mini termohigrometrs analogais - piekaramais displejs<br \/>\n1x pulveris aizsardz\u012bbai pret skudru izb\u0113g\u0161anu 10ml<br \/>\n1x pincete atsperu t\u0113rauda - plata - m\u012bksta<br \/>\n1x pincete plastmasas caursp\u012bd\u012bga<br \/>\n1x plastmasas pipete 3ml<br \/>\n1x rokas lupa - 2x - 30 mm<br \/>\n1x putu t\u012br\u012bt\u0101js 150x18x2,5 mm<\/p>\n<p dir=\"ltr\"><strong>Apraksts:<\/strong><br \/>\nDigfix starta komplekts ir piem\u0113rots da\u017e\u0101d\u0101m skudru sug\u0101m, jo \u012bpa\u0161i t\u0101m, kas ligzdo smilt\u012bs un (atmiru\u0161\u0101) koksn\u0113. To var tur\u0113t saus\u0101 vai nedaudz mitr\u0101 veid\u0101.<br \/>\nCaursp\u012bd\u012bgo fermu var izmantot kop\u0101 ar ANTCUBE Digfix pl\u0101ksni. Skudras pa\u0161as izrok tune\u013cus un kameras materi\u0101l\u0101. Ja nepiecie\u0161ams, caur 50 mm caurumiem v\u0101k\u0101 var pievienot papildu modu\u013cus, piem\u0113ram, atsevi\u0161\u0137i pieejamos miglot\u0101jus, ventilatorus vai apgaismojumu. K\u0101 alternat\u012bva ir pievienoti atbilsto\u0161i formik\u0101riju aizb\u0101\u017e\u0146i, lai aiztais\u012btu atveres. Ja v\u0113laties, formik\u0101riju var izmantot ar\u012b atkl\u0101t\u0101 veid\u0101, vienk\u0101r\u0161i novietojot no\u0146emamo r\u0101mi uz zemes un uz t\u0101 malas uzsm\u0113r\u0113jot e\u013c\u013cu aizsardz\u012bbai pret skudr\u0101m. Laist\u0101m\u0101 kanna 2 ml - 360 gr\u0101di\" ir paredz\u0113ta medus\/cukura \u0161\u0137\u012bdumam, \"laist\u0101m\u0101 kanna caursp\u012bd\u012bga 20 ml - s\u016bklis\" - \u016bdenim. Mini termohigrometru\" var piestiprin\u0101t pie r\u0101mja vai v\u0101ka, un tas r\u0101da klimata v\u0113rt\u012bbas.<\/p>\n<p dir=\"ltr\"><span data-text-color=\"alert\"><strong>Svar\u012bgi:<\/strong><\/span> Pirms lieto\u0161anas samitriniet augsni, lai mais\u012bjums var\u0113tu saist\u012bties un nostiprin\u0101ties skudru ferm\u0101. Turkl\u0101t p\u0101r\u0101k sausa un putek\u013caina zeme var izrais\u012bt skudru elpce\u013cu nosprostojumu, kas slikt\u0101kaj\u0101 gad\u012bjum\u0101 var izrais\u012bt to nosmak\u0161anu.<\/p>\n<p dir=\"ltr\"><strong>Ieteikums:<\/strong> M\u0113s iesak\u0101m iekl\u0101t 2 mm augstu substr\u0101ta sl\u0101ni, lai dz\u012bvnieki nevar\u0113tu pa\u0161i ierakt ar\u0113n\u0101 un t\u0101 viet\u0101 izmantotu \u0161im nol\u016bkam paredz\u0113to fermu. M\u0113s ar\u012b iesak\u0101m viegli caurdurt ferm\u0101 eso\u0161o ligzdo\u0161anas materi\u0101lu (smiltis\/m\u0101lu, Digfix u. c.) vien\u0101 viet\u0101, lai dz\u012bvniekiem b\u016btu viegl\u0101k rakt.<br \/>\n<strong>Piez\u012bme:<\/strong> Ligzdu var izmantot saus\u0101 vai mitr\u0101 formikum\u0101. Ja ligzdu past\u0101v\u012bgi tur mitru (p\u0101r\u0101k mitru), p\u0101rtikas atliekas var izrais\u012bt pel\u0113juma veido\u0161anos.<br \/>\n<strong>Piez\u012bme par Digfix:<\/strong> Dabisk\u0101 kr\u0101sa var b\u016bt no za\u013cgani pel\u0113kbr\u016bnas l\u012bdz zemes br\u016bnai. Kr\u0101sai nav nek\u0101das ietekmes uz kvalit\u0101ti.<\/p>\n<p dir=\"ltr\"><strong>Piez\u012bmes par ra\u017eo\u0161anu<\/strong><br \/>\nStikls ir griezts saska\u0146\u0101 ar DIN 1249 ar +\/- 1 mm pielaidi. \u012apa\u0161i maz\u0101m skudru sug\u0101m ir nepiecie\u0161ama papildu aizsardz\u012bba pret izlau\u0161anos.<\/p>\n<p dir=\"ltr\"><strong>Piez\u012bmes par saimniec\u012bbu<\/strong><br \/>\nSavienojot vai atvienojot caurules, j\u0101iev\u0113ro \u0161\u0101das pras\u012bbas:<br \/>\nJa caurul\u012bti ir gr\u016bti piestiprin\u0101t pie savienot\u0101ja, uz savienot\u0101ja j\u0101uzpilina piliens m\u016bsu e\u013c\u013cas vai pulvera pret izkri\u0161anu. P\u0113c tam caurul\u012bte uz savienot\u0101ja j\u0101uzspie\u017e, to pagrie\u017eot vai uzskr\u016bv\u0113jot, nespie\u017eot savienot\u0101ju uz aug\u0161u un uz leju. Tas pats attiecas ar\u012b uz cauru\u013cu no\u0146em\u0161anu no fermas savienot\u0101ja. L\u016bdzu, nevelciet t\u0101s vienk\u0101r\u0161i nost!<\/p>\n<p dir=\"ltr\"><strong>Piez\u012bmes par Cricket Jam:<\/strong><br \/>\nM\u016bsu Cricket Jam ir vienk\u0101r\u0161s veids, k\u0101 nodro\u0161in\u0101t skudras ar svaigi konserv\u0113tu prote\u012bnu bar\u012bbu, nebarojot dz\u012bvus kukai\u0146us. \u0112dieni (Acheta domesticus) ir saudz\u012bgi pagatavoti, lai nodro\u0161in\u0101tu uzturv\u0113rt\u012bbas, gar\u0161as un arom\u0101ta saglab\u0101\u0161anu. Turkl\u0101t \u0161\u0101d\u0101 veid\u0101 tiek m\u012bkstin\u0101ts kukai\u0146u hit\u012bna eksoskelets, lai tas b\u016btu viegl\u0101k sagremojams. Kolag\u0113na prote\u012bna savienojumi tiek sa\u0161\u0137elti, lai skudras tos var\u0113tu lab\u0101k izmantot. No konservu k\u0101rbas ieg\u016btajiem Acheta domesticus ir t\u0101da pati uzturv\u0113rt\u012bba k\u0101 dz\u012bviem c\u012brul\u012b\u0161iem, bet tie ir viegl\u0101k sagremojami.<br \/>\nCricket Jam nav piem\u0113rots t\u0101du skudru sugu med\u012bb\u0101m, kur\u0101m nepiecie\u0161ama dz\u012bva bar\u012bba (piem\u0113ram, poner\u012bni (liel\u0101s skudras), piem\u0113ram, Harpegnathos vai Odontomachus).<\/p>\n<p dir=\"ltr\"><strong>Papildu priek\u0161roc\u012bbas:<\/strong><br \/>\nGarant\u0113ta \u0113r\u010du neesam\u012bba<br \/>\nVar sadal\u012bt porcij\u0101s un at\u0161\u0137aid\u012bt ar \u016bdeni<br \/>\nSteriliz\u0113ts un iepakots vakuum\u0101<br \/>\nBez piedev\u0101m<br \/>\nVitikul\u012b\u0161i, kas ieg\u016bti ilgtsp\u0113j\u012bg\u0101, t\u012bri biolo\u0123isk\u0101 audz\u0113\u0161an\u0101 un baroti ar biolo\u0123iskiem atkritumiem.<\/p>\n<p dir=\"ltr\"><strong>Piez\u012bme:<\/strong><br \/>\nP\u0113c atv\u0113r\u0161anas var uzglab\u0101t ledusskap\u012b apm\u0113ram \u010detras dienas. Ilg\u0101ks der\u012bguma termi\u0146\u0161 ir sasald\u0113jot.<\/p>\n<p dir=\"ltr\"><strong>Uzman\u012bbu<\/strong>: Vispirms sadaliet porcij\u0101s, p\u0113c tam sasald\u0113jiet.<\/p>\n<p dir=\"ltr\"><strong>Piez\u012bmes par cukura un medus \u0161\u0137\u012bdumu (ZH) - uzpildes iepakojums 10ml<\/strong><br \/>\nSaturs: 10 ml<\/p>\n<p dir=\"ltr\"><strong>Apraksts:<\/strong> Tas ir produkts, kas sast\u0101v no da\u017e\u0101diem og\u013chidr\u0101tiem (piem\u0113ram, medus un cukura).<\/p>\n<p dir=\"ltr\"><strong>Pieteikums:<\/strong> Bar\u012bbas caurul\u012bti var ievietot veselu formik\u0101rij\u0101 vai ar\u012b atkar\u012bb\u0101 no kolonijas vajadz\u012bb\u0101m\/izm\u0113ra var ievietot maz\u0101ku daudzumu bar\u012bbas b\u013codi\u0146\u0101. Bar\u012bba j\u0101pat\u0113r\u0113 apm\u0113ram 3 dienu laik\u0101, cit\u0101di past\u0101v pel\u0113juma risks. \u0160\u0101 pa\u0161a iemesla d\u0113\u013c pirms atk\u0101rtotas uzpild\u012b\u0161anas bar\u012bbas b\u013codu izt\u012briet.<\/p>\n<p dir=\"ltr\"><strong>Lieto\u0161ana:<\/strong><br \/>\nCukura un medus \u0161\u0137\u012bdums = cukuru\/medu \u0113do\u0161\u0101m skudru sug\u0101m<br \/>\nTas ir papildu \u0113diens<br \/>\nTo var pied\u0101v\u0101t dz\u012bvniekiem k\u0101 pieg\u0101di. T\u0101 k\u0101 mitruma ietekm\u0113 samazin\u0101s cukura koncentr\u0101cija un s\u0101kas ferment\u0101cijas process, bar\u012bba j\u0101maina ik p\u0113c 3 dien\u0101m. Pirms atk\u0101rtotas lieto\u0161anas r\u016bp\u012bgi izt\u012briet bar\u012bbas b\u013codu\/caurul\u012bti.<br \/>\nP\u0113c atv\u0113r\u0161anas iepakojums j\u0101uzglab\u0101 cie\u0161i aizv\u0113rts (ja tas tiek uzglab\u0101ts saus\u0101 viet\u0101) un j\u0101izlieto l\u012bdz nor\u0101d\u012btajam datumam (der\u012bguma termi\u0146\u0161).<\/p>\n<p dir=\"ltr\"><strong>Satur:<\/strong><br \/>\nFruktoze 27 l\u012bdz 44%,<br \/>\nglikoze 22 l\u012bdz 41%,<br \/>\nsaharozi l\u012bdz 5%,<br \/>\nmaltoze 4 l\u012bdz 14%,<br \/>\nciti kompleksie cukuri 1 l\u012bdz 14%.<br \/>\nTauki: 0 g<br \/>\nOg\u013chidr\u0101ti: 92g<br \/>\nOlbaltumvielas: 0 g<br \/>\nS\u0101ls: 0 g<\/p>\n<p dir=\"ltr\"><strong>Uzglab\u0101\u0161ana:<\/strong> Lai nodro\u0161in\u0101tu bar\u012bbas kvalit\u0101ti, t\u0101 j\u0101uzglab\u0101 tum\u0161\u0101 un saus\u0101 viet\u0101.<\/p>\n<p dir=\"ltr\"><strong>Piez\u012bme:<\/strong><br \/>\nSast\u0101vs, anal\u012btisk\u0101s sast\u0101vda\u013cas, der\u012bguma termi\u0146\u0161 un partijas numurs ir nor\u0101d\u012bts iepakojuma lieto\u0161anas pam\u0101c\u012bb\u0101.<br \/>\nInform\u0101cijas t\u0101lrunis +49 30 439703870<\/p>\n<p dir=\"ltr\"><strong>Kompetent\u0101 veterin\u0101r\u0101 un p\u0101rtikas uzraudz\u012bbas iest\u0101de:<\/strong><br \/>\nVeterin\u0101rais birojs Steglitz<br \/>\nK\u00f6nigin-Luise-Str. 92<br \/>\n14195 Berl\u012bne<\/p>","protected":false},"excerpt":{"rendered":"<p>Komplekt\u0101 ir 34 da\u013cas<\/p>","protected":false},"featured_media":10983,"comment_status":"open","ping_status":"closed","template":"","meta":{"_acf_changed":false,"content-type":"","_monsterinsights_skip_tracking":false,"_monsterinsights_sitenote_active":false,"_monsterinsights_sitenote_note":"","_monsterinsights_sitenote_category":0},"product_brand":[484],"product_cat":[355,73],"product_tag":[],"class_list":{"0":"post-10988","1":"product","2":"type-product","3":"status-publish","4":"has-post-thumbnail","6":"product_brand-antcube","7":"product_cat-bundle-offers","8":"product_cat-starter-sets","10":"first","11":"instock","12":"taxable","13":"shipping-taxable","14":"purchasable","15":"product-type-simple"},"acf":[],"aioseo_notices":[],"jetpack_sharing_enabled":true,"_links":{"self":[{"href":"https:\/\/antcube.shop\/lv\/wp-json\/wp\/v2\/product\/10988","targetHints":{"allow":["GET"]}}],"collection":[{"href":"https:\/\/antcube.shop\/lv\/wp-json\/wp\/v2\/product"}],"about":[{"href":"https:\/\/antcube.shop\/lv\/wp-json\/wp\/v2\/types\/product"}],"replies":[{"embeddable":true,"href":"https:\/\/antcube.shop\/lv\/wp-json\/wp\/v2\/comments?post=10988"}],"wp:featuredmedia":[{"embeddable":true,"href":"https:\/\/antcube.shop\/lv\/wp-json\/wp\/v2\/media\/10983"}],"wp:attachment":[{"href":"https:\/\/antcube.shop\/lv\/wp-json\/wp\/v2\/media?parent=10988"}],"wp:term":[{"taxonomy":"product_brand","embeddable":true,"href":"https:\/\/antcube.shop\/lv\/wp-json\/wp\/v2\/product_brand?post=10988"},{"taxonomy":"product_cat","embeddable":true,"href":"https:\/\/antcube.shop\/lv\/wp-json\/wp\/v2\/product_cat?post=10988"},{"taxonomy":"product_tag","embeddable":true,"href":"https:\/\/antcube.shop\/lv\/wp-json\/wp\/v2\/product_tag?post=10988"}],"curies":[{"name":"wp","href":"https:\/\/api.w.org\/{rel}","templated":true}]}}