{"id":899,"date":"2021-08-22T15:12:45","date_gmt":"2021-08-22T13:12:45","guid":{"rendered":"https:\/\/antcube.shop\/?page_id=899"},"modified":"2023-12-14T13:30:00","modified_gmt":"2023-12-14T12:30:00","slug":"faq-veikals","status":"publish","type":"page","link":"https:\/\/antcube.shop\/lv\/faq-veikals\/","title":{"rendered":"Bie\u017e\u0101k uzdotie jaut\u0101jumi Veikals"},"content":{"rendered":"<div id=\"gap-950911204\" class=\"gap-element clearfix\" style=\"display:block; height:auto;\">\n\t\t\n<style>\n#gap-950911204 {\n  padding-top: 200px;\n}\n@media (min-width:850px) {\n  #gap-950911204 {\n    padding-top: 175px;\n  }\n}\n<\/style>\n\t<\/div>\n\t\n\n\t<div id=\"text-2041531326\" class=\"text\">\n\t\t\n\n<h1>Bie\u017e\u0101k uzdotie jaut\u0101jumi Veikals \u00a0<\/h1>\n<h2>Bie\u017e\u0101k uzdotie jaut\u0101jumi par m\u016bsu produktiem vai m\u016bsu veikalu kopum\u0101<\/h2>\n\t\t\n<style>\n#text-2041531326 {\n  text-align: center;\n}\n<\/style>\n\t<\/div>\n\t\n<div class=\"row align-center\"  id=\"row-604467466\">\n\n\n\t<div id=\"col-1161437496\" class=\"col small-12 large-12\"  >\n\t\t\t\t<div class=\"col-inner\"  >\n\t\t\t\n\t\t\t\n\n<div class=\"accordion\">\n\n\t<div id=\"accordion-1843890016\" class=\"accordion-item\">\n\t\t<a id=\"accordion-1843890016-label\" class=\"accordion-title plain\" href=\"#accordion-item-you-do-not-know-what-ant-species-to-keep-or-which-formicarium-you-should-use?\" aria-expanded=\"false\" aria-controls=\"accordion-1843890016-content\">\n\t\t\t<button class=\"toggle\" aria-label=\"P\u0101rsl\u0113gt\"><i class=\"icon-angle-down\" aria-hidden=\"true\"><\/i><\/button>\n\t\t\t<span>J\u016bs nezin\u0101t, k\u0101das skudru sugas tur\u0113t vai k\u0101du formik\u0101riju izmantot?<\/span>\n\t\t<\/a>\n\t\t<div id=\"accordion-1843890016-content\" class=\"accordion-inner\" aria-labelledby=\"accordion-1843890016-label\">\n\t\t\t\n\n<p>Izm\u0113\u0123iniet m\u016bsu \"Skudru mekl\u0113t\u0101ju\" vai \"Formik\u0101riju mekl\u0113t\u0101ju\" - M\u016bsu tie\u0161saistes klientu apkalpo\u0161anas dienests<\/p>\n<p><a href=\"https:\/\/antcube.shop\/ant-finder\/\">Atrodiet savu skudru sugu<\/a><\/p>\n<p><a href=\"https:\/\/antcube.shop\/formicarium-finder\/\">Atrodiet savu formik\u0101riju<\/a><\/p>\n\n\t\t<\/div>\n\t<\/div>\n\t\n\t<div id=\"accordion-312039294\" class=\"accordion-item\">\n\t\t<a id=\"accordion-312039294-label\" class=\"accordion-title plain\" href=\"#accordion-item-what-are-the-delivery-times-and-charges-for-orders-from-the-online-shop?\" aria-expanded=\"false\" aria-controls=\"accordion-312039294-content\">\n\t\t\t<button class=\"toggle\" aria-label=\"P\u0101rsl\u0113gt\"><i class=\"icon-angle-down\" aria-hidden=\"true\"><\/i><\/button>\n\t\t\t<span>K\u0101di ir pieg\u0101des termi\u0146i un maksa par pas\u016bt\u012bjumiem no interneta veikala?<\/span>\n\t\t<\/a>\n\t\t<div id=\"accordion-312039294-content\" class=\"accordion-inner\" aria-labelledby=\"accordion-312039294-label\">\n\t\t\t\n\n<p>Inform\u0101ciju par paredzamo pieg\u0101des laiku varat atrast \u0161eit:<\/p>\n<p><a href=\"https:\/\/antcube.shop\/delivery-times\/\">Pieg\u0101des laiki<\/a><\/p>\n<p>Ja v\u0113laties uzzin\u0101t par paredzamaj\u0101m pieg\u0101des izmaks\u0101m un pieg\u0101des ierobe\u017eojumiem, l\u016bdzu, skatiet \u0161eit:<\/p>\n<p><a href=\"https:\/\/antcube.shop\/shipping-costs-delivery-restrictions\/\">Pieg\u0101des izmaksas\/pieg\u0101des ierobe\u017eojumi<\/a><\/p>\n\n\t\t<\/div>\n\t<\/div>\n\t\n\t<div id=\"accordion-907003938\" class=\"accordion-item\">\n\t\t<a id=\"accordion-907003938-label\" class=\"accordion-title plain\" href=\"#accordion-item-you-have-questions-about-returns-or-refunds?\" aria-expanded=\"false\" aria-controls=\"accordion-907003938-content\">\n\t\t\t<button class=\"toggle\" aria-label=\"P\u0101rsl\u0113gt\"><i class=\"icon-angle-down\" aria-hidden=\"true\"><\/i><\/button>\n\t\t\t<span>Jums ir jaut\u0101jumi par atgrie\u0161anu vai atmaksu?<\/span>\n\t\t<\/a>\n\t\t<div id=\"accordion-907003938-content\" class=\"accordion-inner\" aria-labelledby=\"accordion-907003938-label\">\n\t\t\t\n\n<p><a href=\"https:\/\/antcube.shop\/refund-policy\/\">Atmaks\u0101\u0161anas politika<\/a><\/p>\n<p><a href=\"https:\/\/antcube.shop\/terms-and-conditions\/\">Noteikumi un nosac\u012bjumi<\/a><\/p>\n\n\t\t<\/div>\n\t<\/div>\n\t\n\t<div id=\"accordion-3775237093\" class=\"accordion-item\">\n\t\t<a id=\"accordion-3775237093-label\" class=\"accordion-title plain\" href=\"#accordion-item-which-payment-methods-are-accepted-in-the-online-shop?\" aria-expanded=\"false\" aria-controls=\"accordion-3775237093-content\">\n\t\t\t<button class=\"toggle\" aria-label=\"P\u0101rsl\u0113gt\"><i class=\"icon-angle-down\" aria-hidden=\"true\"><\/i><\/button>\n\t\t\t<span>K\u0101di maks\u0101jumu veidi tiek pie\u0146emti tie\u0161saistes veikal\u0101?<\/span>\n\t\t<\/a>\n\t\t<div id=\"accordion-3775237093-content\" class=\"accordion-inner\" aria-labelledby=\"accordion-3775237093-label\">\n\t\t\t\n\n<p>P\u0101rskatu par m\u016bsu pie\u0146emtaj\u0101m maks\u0101jumu metod\u0113m varat atrast \u0161eit:<\/p>\n<p><a href=\"https:\/\/antcube.shop\/payment-methods\/\">Maks\u0101juma metodes<\/a><\/p>\n\n\t\t<\/div>\n\t<\/div>\n\t\n\t<div id=\"accordion-2686318154\" class=\"accordion-item\">\n\t\t<a id=\"accordion-2686318154-label\" class=\"accordion-title plain\" href=\"#accordion-item-you-are-looking-for-user-manuals-for-your-starter-set?\" aria-expanded=\"false\" aria-controls=\"accordion-2686318154-content\">\n\t\t\t<button class=\"toggle\" aria-label=\"P\u0101rsl\u0113gt\"><i class=\"icon-angle-down\" aria-hidden=\"true\"><\/i><\/button>\n\t\t\t<span>J\u016bs mekl\u0113jat lietot\u0101ja rokasgr\u0101matas savam s\u0101kuma komplektam?<\/span>\n\t\t<\/a>\n\t\t<div id=\"accordion-2686318154-content\" class=\"accordion-inner\" aria-labelledby=\"accordion-2686318154-label\">\n\t\t\t\n\n<p>Atrodiet PDF lietot\u0101ja rokasgr\u0101matas, lai t\u0101s izdruk\u0101tu vai lejupiel\u0101d\u0113tu \u0161eit:<\/p>\n<p><a href=\"https:\/\/antcube.shop\/download\/\">Lejupiel\u0101d\u0113t<\/a><\/p>\n\n\t\t<\/div>\n\t<\/div>\n\t\n\t<div id=\"accordion-50073388\" class=\"accordion-item\">\n\t\t<a id=\"accordion-50073388-label\" class=\"accordion-title plain\" href=\"#accordion-item-you-need-more-information-about-certain-ant-species-or-ant-keeping-in-general?\" aria-expanded=\"false\" aria-controls=\"accordion-50073388-content\">\n\t\t\t<button class=\"toggle\" aria-label=\"P\u0101rsl\u0113gt\"><i class=\"icon-angle-down\" aria-hidden=\"true\"><\/i><\/button>\n\t\t\t<span>Jums ir nepiecie\u0161ama pla\u0161\u0101ka inform\u0101cija par konkr\u0113t\u0101m skudru sug\u0101m vai skudru audz\u0113\u0161anu kopum\u0101?<\/span>\n\t\t<\/a>\n\t\t<div id=\"accordion-50073388-content\" class=\"accordion-inner\" aria-labelledby=\"accordion-50073388-label\">\n\t\t\t\n\n<p>Bie\u017e\u0101k uzdotie jaut\u0101jumi par skudr\u0101m un skudru audz\u0113\u0161anu atrodami \u0161eit:<\/p>\n<p><a href=\"https:\/\/antcube.shop\/faq-ants\/\">Bie\u017e\u0101k uzdotie jaut\u0101jumi skudras<\/a><\/p>\n<p><a href=\"https:\/\/antcube.shop\/catching-queen-ants\/\">K\u0101 no\u0137ert skudru karalieni<\/a><\/p>\n<p><a href=\"https:\/\/antcube.shop\/ant-species\/\">Uzzini vair\u0101k par skudr\u0101m<\/a><\/p>\n<p><a href=\"https:\/\/antcube.shop\/social-media\/\">P\u0101rbaudiet m\u016bsu YouTube kan\u0101lus, tur varat atrast noder\u012bgus padomus un inform\u0101ciju.<\/a><\/p>\n\n\t\t<\/div>\n\t<\/div>\n\t\n\t<div id=\"accordion-1069747513\" class=\"accordion-item\">\n\t\t<a id=\"accordion-1069747513-label\" class=\"accordion-title plain\" href=\"#accordion-item-you-have-questions-about-our-products?\" aria-expanded=\"false\" aria-controls=\"accordion-1069747513-content\">\n\t\t\t<button class=\"toggle\" aria-label=\"P\u0101rsl\u0113gt\"><i class=\"icon-angle-down\" aria-hidden=\"true\"><\/i><\/button>\n\t\t\t<span>Jums ir jaut\u0101jumi par m\u016bsu produktiem?<\/span>\n\t\t<\/a>\n\t\t<div id=\"accordion-1069747513-content\" class=\"accordion-inner\" aria-labelledby=\"accordion-1069747513-label\">\n\t\t\t\n\n<p>Ja jums ir jaut\u0101jumi par m\u016bsu produktiem, l\u016bdzu, vispirms apskatiet attiec\u012bgo produktu aprakstu m\u016bsu veikal\u0101.<\/p>\n<p>Cit\u0101di vair\u0101k inform\u0101cijas var atrast \u0161eit:<\/p>\n<p><a href=\"https:\/\/antcube.shop\/product-information\/\">Inform\u0101cija par produktu<\/a><\/p>\n\n\t\t<\/div>\n\t<\/div>\n\t\n\n<\/div>\n\n\t\t<\/div>\n\t\t\t\t\t<\/div>\n\n\t\n\n<\/div>","protected":false},"excerpt":{"rendered":"","protected":false},"author":1,"featured_media":0,"parent":0,"menu_order":0,"comment_status":"closed","ping_status":"closed","template":"","meta":{"_acf_changed":false,"content-type":"","_monsterinsights_skip_tracking":false,"_monsterinsights_sitenote_active":false,"_monsterinsights_sitenote_note":"","_monsterinsights_sitenote_category":0,"footnotes":""},"class_list":["post-899","page","type-page","status-publish","hentry"],"acf":[],"aioseo_notices":[],"jetpack_sharing_enabled":true,"_links":{"self":[{"href":"https:\/\/antcube.shop\/lv\/wp-json\/wp\/v2\/pages\/899","targetHints":{"allow":["GET"]}}],"collection":[{"href":"https:\/\/antcube.shop\/lv\/wp-json\/wp\/v2\/pages"}],"about":[{"href":"https:\/\/antcube.shop\/lv\/wp-json\/wp\/v2\/types\/page"}],"author":[{"embeddable":true,"href":"https:\/\/antcube.shop\/lv\/wp-json\/wp\/v2\/users\/1"}],"replies":[{"embeddable":true,"href":"https:\/\/antcube.shop\/lv\/wp-json\/wp\/v2\/comments?post=899"}],"version-history":[{"count":8,"href":"https:\/\/antcube.shop\/lv\/wp-json\/wp\/v2\/pages\/899\/revisions"}],"predecessor-version":[{"id":6791,"href":"https:\/\/antcube.shop\/lv\/wp-json\/wp\/v2\/pages\/899\/revisions\/6791"}],"wp:attachment":[{"href":"https:\/\/antcube.shop\/lv\/wp-json\/wp\/v2\/media?parent=899"}],"curies":[{"name":"wp","href":"https:\/\/api.w.org\/{rel}","templated":true}]}}