{"id":727,"date":"2021-08-17T11:06:10","date_gmt":"2021-08-17T09:06:10","guid":{"rendered":"https:\/\/antcube.shop\/?page_id=727"},"modified":"2023-12-14T13:35:17","modified_gmt":"2023-12-14T12:35:17","slug":"formicarium-finder","status":"publish","type":"page","link":"https:\/\/antcube.shop\/lv\/formicarium-finder\/","title":{"rendered":"Atrodiet savu formik\u0101riju"},"content":{"rendered":"<div id=\"gap-370048708\" class=\"gap-element clearfix\" style=\"display:block; height:auto;\">\n\t\t\n<style>\n#gap-370048708 {\n  padding-top: 201px;\n}\n@media (min-width:550px) {\n  #gap-370048708 {\n    padding-top: 201px;\n  }\n}\n@media (min-width:850px) {\n  #gap-370048708 {\n    padding-top: 165px;\n  }\n}\n<\/style>\n\t<\/div>\n\t\n\n<div class=\"row\"  id=\"row-736615188\">\n\n\n\t<div id=\"col-903834592\" class=\"col small-12 large-12\"  >\n\t\t\t\t<div class=\"col-inner\"  >\n\t\t\t\n\t\t\t\n\n\t<div id=\"text-1854436596\" class=\"text\">\n\t\t\n\n<h3>ANTCUBE Formicarium mekl\u0113t\u0101js\/konfigurators<\/h3>\n<h1>Atrodiet perfektu formik\u0101riju savai skudru kolonijai<\/h1>\n<p>Lai pal\u012bdz\u0113tu jums izlemt, k\u0101da veida formik\u0101riju izmantot skudru sugai, kuru v\u0113laties tur\u0113t, \u0161eit varat izmantot m\u016bsu \"Formik\u0101riju mekl\u0113t\u0101ju\". Tas pal\u012bdz\u0113s jums iziet da\u017e\u0101dus so\u013cus un noved\u012bs j\u016bs pie piem\u0113rot\u0101k\u0101 starta komplekta.\u00a0<\/p>\n<p>\u00a0<\/p>\n\t\t\n<style>\n#text-1854436596 {\n  text-align: center;\n}\n<\/style>\n\t<\/div>\n\t\n\t<div id=\"text-3382574927\" class=\"text\">\n\t\t\n\n<p><strong>Jaut\u0101jums: Vai j\u016bsu v\u0113lam\u0101 skudru suga pieder k\u0101dai no \u0161\u012bm \u0123int\u012bm?<\/strong><\/p>\n\t\t\n<style>\n#text-3382574927 {\n  font-size: 1.45rem;\n  text-align: center;\n}\n@media (min-width:550px) {\n  #text-3382574927 {\n    font-size: 1.95rem;\n  }\n}\n<\/style>\n\t<\/div>\n\t\n\n\t\t<\/div>\n\t\t\t\t\t<\/div>\n\n\t\n\n<\/div>\n<div class=\"row row-box-shadow-3\"  id=\"row-1919063958\">\n\n\n\t<div id=\"col-795451502\" class=\"col medium-3 small-6 large-3\"  >\n\t\t\t\t<div class=\"col-inner\"  >\n\t\t\t\n\t\t\t\n\n\n  <div class=\"banner has-hover\" id=\"banner-423712590\">\n          <div class=\"banner-inner fill\">\n        <div class=\"banner-bg fill\" >\n            <img data-recalc-dims=\"1\" loading=\"lazy\" decoding=\"async\" width=\"1020\" height=\"765\" src=\"https:\/\/i0.wp.com\/antcube.shop\/wp-content\/uploads\/2021\/07\/Messor-minor-hesperius-Startbild.jpg?resize=1020%2C765&#038;ssl=1\" class=\"bg attachment-original size-original\" alt=\"Messor minor hesperius skudru m\u0101te ar str\u0101dnieci makro ANTSTORE ANTCUBE\" \/>                        <div class=\"overlay\"><\/div>            \n                    <\/div>\n\t\t\n        <div class=\"banner-layers container\">\n            <a class=\"fill\" href=\"https:\/\/antcube.shop\/formicarium-finder\/harvester-ant-formicarium\/\"><div class=\"fill banner-link\"><\/div><\/a>            \n\n   <div id=\"text-box-423594614\" class=\"text-box banner-layer x50 md-x50 lg-x50 y0 md-y0 lg-y0 res-text\">\n                                <div class=\"text-box-content text dark text-shadow-5\">\n              \n              <div class=\"text-inner text-center\">\n                  \n\n\t<div id=\"text-3485641303\" class=\"text\">\n\t\t\n\n<h5 class=\"uppercase\" data-line-height=\"xs\"><strong>Ra\u017eas nov\u0101k\u0161anas skudra<\/strong><\/h5>\n<h5 class=\"uppercase\" data-padding=\"10px\" data-line-height=\"xs\"><strong>Messor<\/strong><\/h5>\n\t\t\n<style>\n#text-3485641303 {\n  font-size: 0.75rem;\n  color: rgb(0,0,0);\n}\n#text-3485641303 > * {\n  color: rgb(0,0,0);\n}\n@media (min-width:550px) {\n  #text-3485641303 {\n    font-size: 0.75rem;\n  }\n}\n@media (min-width:850px) {\n  #text-3485641303 {\n    font-size: 1.15rem;\n  }\n}\n<\/style>\n\t<\/div>\n\t\n\n              <\/div>\n           <\/div>\n                            \n<style>\n#text-box-423594614 {\n  width: 100%;\n}\n#text-box-423594614 .text-box-content {\n  font-size: 100%;\n}\n<\/style>\n    <\/div>\n \n\n        <\/div>\n      <\/div>\n\n            \n<style>\n#banner-423712590 {\n  padding-top: 99.99%;\n}\n#banner-423712590 .overlay {\n  background-color: rgba(0, 0, 0, 0);\n}\n#banner-423712590 .banner-bg img {\n  object-position: 40% 35%;\n}\n<\/style>\n  <\/div>\n\n\n\n\t\t<\/div>\n\t\t\t\t\t<\/div>\n\n\t\n\n\t<div id=\"col-49410526\" class=\"col medium-3 small-6 large-3\"  >\n\t\t\t\t<div class=\"col-inner\"  >\n\t\t\t\n\t\t\t\n\n\n  <div class=\"banner has-hover\" id=\"banner-1398058485\">\n          <div class=\"banner-inner fill\">\n        <div class=\"banner-bg fill\" >\n            <img data-recalc-dims=\"1\" loading=\"lazy\" decoding=\"async\" width=\"1000\" height=\"1000\" src=\"https:\/\/i0.wp.com\/antcube.shop\/wp-content\/uploads\/2021\/07\/Atta-mexicana.jpg?resize=1000%2C1000&#038;ssl=1\" class=\"bg attachment-original size-original\" alt=\"Atta mexicana s\u0113ne ar str\u0101dniekiem un skudru m\u0101t\u012bti lapkoku skudru antis AnTCUBE ANTSTORE\" \/>                        <div class=\"overlay\"><\/div>            \n                    <\/div>\n\t\t\n        <div class=\"banner-layers container\">\n            <a class=\"fill\" href=\"https:\/\/antcube.shop\/formicarium-finder\/leafcutter-formicarium\/\"><div class=\"fill banner-link\"><\/div><\/a>            \n\n   <div id=\"text-box-850505638\" class=\"text-box banner-layer x50 md-x50 lg-x50 y0 md-y0 lg-y0 res-text\">\n                                <div class=\"text-box-content text dark text-shadow-5\">\n              \n              <div class=\"text-inner text-center\">\n                  \n\n\t<div id=\"text-1523739622\" class=\"text\">\n\t\t\n\n<h5 class=\"uppercase\" data-line-height=\"xs\"><strong>Lapkoku skudras<\/strong><\/h5>\n<h5 data-line-height=\"xs\"><strong>Atta vai Acromyrmex<\/strong><\/h5>\n\t\t\n<style>\n#text-1523739622 {\n  font-size: 0.75rem;\n  line-height: 0.75;\n  text-align: center;\n  color: rgb(0,0,0);\n}\n#text-1523739622 > * {\n  color: rgb(0,0,0);\n}\n@media (min-width:550px) {\n  #text-1523739622 {\n    font-size: 0.75rem;\n  }\n}\n@media (min-width:850px) {\n  #text-1523739622 {\n    font-size: 1.15rem;\n  }\n}\n<\/style>\n\t<\/div>\n\t\n\n              <\/div>\n           <\/div>\n                            \n<style>\n#text-box-850505638 {\n  width: 100%;\n}\n#text-box-850505638 .text-box-content {\n  font-size: 100%;\n}\n<\/style>\n    <\/div>\n \n\n        <\/div>\n      <\/div>\n\n              <div class=\"height-fix is-invisible\"><img data-recalc-dims=\"1\" loading=\"lazy\" decoding=\"async\" width=\"1000\" height=\"1000\" src=\"https:\/\/i0.wp.com\/antcube.shop\/wp-content\/uploads\/2021\/07\/Atta-mexicana.jpg?resize=1000%2C1000&#038;ssl=1\" class=\"attachment-original size-original\" alt=\"Atta mexicana s\u0113ne ar str\u0101dniekiem un skudru m\u0101t\u012bti lapkoku skudru antis AnTCUBE ANTSTORE\" srcset=\"https:\/\/i0.wp.com\/antcube.shop\/wp-content\/uploads\/2021\/07\/Atta-mexicana.jpg?w=1000&amp;ssl=1 1000w, https:\/\/i0.wp.com\/antcube.shop\/wp-content\/uploads\/2021\/07\/Atta-mexicana.jpg?resize=247%2C247&amp;ssl=1 247w, https:\/\/i0.wp.com\/antcube.shop\/wp-content\/uploads\/2021\/07\/Atta-mexicana.jpg?resize=100%2C100&amp;ssl=1 100w, https:\/\/i0.wp.com\/antcube.shop\/wp-content\/uploads\/2021\/07\/Atta-mexicana.jpg?resize=510%2C510&amp;ssl=1 510w, https:\/\/i0.wp.com\/antcube.shop\/wp-content\/uploads\/2021\/07\/Atta-mexicana.jpg?resize=400%2C400&amp;ssl=1 400w, https:\/\/i0.wp.com\/antcube.shop\/wp-content\/uploads\/2021\/07\/Atta-mexicana.jpg?resize=800%2C800&amp;ssl=1 800w, https:\/\/i0.wp.com\/antcube.shop\/wp-content\/uploads\/2021\/07\/Atta-mexicana.jpg?resize=280%2C280&amp;ssl=1 280w, https:\/\/i0.wp.com\/antcube.shop\/wp-content\/uploads\/2021\/07\/Atta-mexicana.jpg?resize=768%2C768&amp;ssl=1 768w\" sizes=\"auto, (max-width: 1000px) 100vw, 1000px\" \/><\/div>\n            \n<style>\n#banner-1398058485 .overlay {\n  background-color: rgba(0, 0, 0, 0);\n}\n#banner-1398058485 .banner-bg img {\n  object-position: 48% 30%;\n}\n<\/style>\n  <\/div>\n\n\n\n\t\t<\/div>\n\t\t\t\t\t<\/div>\n\n\t\n\n\t<div id=\"col-257445818\" class=\"col medium-3 small-6 large-3\"  >\n\t\t\t\t<div class=\"col-inner\"  >\n\t\t\t\n\t\t\t\n\n\n  <div class=\"banner has-hover\" id=\"banner-688639260\">\n          <div class=\"banner-inner fill\">\n        <div class=\"banner-bg fill\" >\n            <img data-recalc-dims=\"1\" loading=\"lazy\" decoding=\"async\" width=\"1000\" height=\"1000\" src=\"https:\/\/i0.wp.com\/antcube.shop\/wp-content\/uploads\/2021\/07\/Oecophylla-smaragdina-1.jpg?resize=1000%2C1000&#038;ssl=1\" class=\"bg attachment-original size-original\" alt=\"Oecophylla smaragdina skudru karaliene ar str\u0101dnieku un kukai\u0146iem makro uz balta fona ANTSTORE ANTCUBE\" \/>                        <div class=\"overlay\"><\/div>            \n                    <\/div>\n\t\t\n        <div class=\"banner-layers container\">\n            <a class=\"fill\" href=\"https:\/\/antcube.shop\/formicarium-finder\/weaver-ant-formicarium\/\"><div class=\"fill banner-link\"><\/div><\/a>            \n\n   <div id=\"text-box-614481636\" class=\"text-box banner-layer x0 md-x0 lg-x0 y0 md-y0 lg-y0 res-text\">\n                                <div class=\"text-box-content text dark text-shadow-5\">\n              \n              <div class=\"text-inner text-center\">\n                  \n\n\t<div id=\"text-605263011\" class=\"text\">\n\t\t\n\n<h5 class=\"uppercase\" data-line-height=\"xs\"><strong>T\u012bkot\u0101js skudra<\/strong><\/h5>\n<p data-line-height=\"xs\"><strong>Oecophylla vai Polyrhachis<\/strong><\/p>\n\t\t\n<style>\n#text-605263011 {\n  font-size: 0.75rem;\n  color: rgb(0,0,0);\n}\n#text-605263011 > * {\n  color: rgb(0,0,0);\n}\n@media (min-width:550px) {\n  #text-605263011 {\n    font-size: 0.75rem;\n  }\n}\n@media (min-width:850px) {\n  #text-605263011 {\n    font-size: 1.15rem;\n  }\n}\n<\/style>\n\t<\/div>\n\t\n\n              <\/div>\n           <\/div>\n                            \n<style>\n#text-box-614481636 {\n  width: 96%;\n}\n#text-box-614481636 .text-box-content {\n  font-size: 100%;\n}\n<\/style>\n    <\/div>\n \n\n        <\/div>\n      <\/div>\n\n              <div class=\"height-fix is-invisible\"><img data-recalc-dims=\"1\" loading=\"lazy\" decoding=\"async\" width=\"1000\" height=\"1000\" src=\"https:\/\/i0.wp.com\/antcube.shop\/wp-content\/uploads\/2021\/07\/Oecophylla-smaragdina-1.jpg?resize=1000%2C1000&#038;ssl=1\" class=\"attachment-original size-original\" alt=\"Oecophylla smaragdina skudru karaliene ar str\u0101dnieku un kukai\u0146iem makro uz balta fona ANTSTORE ANTCUBE\" srcset=\"https:\/\/i0.wp.com\/antcube.shop\/wp-content\/uploads\/2021\/07\/Oecophylla-smaragdina-1.jpg?w=1000&amp;ssl=1 1000w, https:\/\/i0.wp.com\/antcube.shop\/wp-content\/uploads\/2021\/07\/Oecophylla-smaragdina-1.jpg?resize=247%2C247&amp;ssl=1 247w, https:\/\/i0.wp.com\/antcube.shop\/wp-content\/uploads\/2021\/07\/Oecophylla-smaragdina-1.jpg?resize=100%2C100&amp;ssl=1 100w, https:\/\/i0.wp.com\/antcube.shop\/wp-content\/uploads\/2021\/07\/Oecophylla-smaragdina-1.jpg?resize=510%2C510&amp;ssl=1 510w, https:\/\/i0.wp.com\/antcube.shop\/wp-content\/uploads\/2021\/07\/Oecophylla-smaragdina-1.jpg?resize=400%2C400&amp;ssl=1 400w, https:\/\/i0.wp.com\/antcube.shop\/wp-content\/uploads\/2021\/07\/Oecophylla-smaragdina-1.jpg?resize=800%2C800&amp;ssl=1 800w, https:\/\/i0.wp.com\/antcube.shop\/wp-content\/uploads\/2021\/07\/Oecophylla-smaragdina-1.jpg?resize=280%2C280&amp;ssl=1 280w, https:\/\/i0.wp.com\/antcube.shop\/wp-content\/uploads\/2021\/07\/Oecophylla-smaragdina-1.jpg?resize=768%2C768&amp;ssl=1 768w\" sizes=\"auto, (max-width: 1000px) 100vw, 1000px\" \/><\/div>\n            \n<style>\n#banner-688639260 .overlay {\n  background-color: rgba(0, 0, 0, 0);\n}\n#banner-688639260 .banner-bg img {\n  object-position: 48% 53%;\n}\n<\/style>\n  <\/div>\n\n\n\n\t\t<\/div>\n\t\t\t\t\t<\/div>\n\n\t\n\n\t<div id=\"col-221060324\" class=\"col medium-3 small-6 large-3\"  >\n\t\t\t\t<div class=\"col-inner\"  >\n\t\t\t\n\t\t\t\n\n\n  <div class=\"banner has-hover\" id=\"banner-1402885624\">\n          <div class=\"banner-inner fill\">\n        <div class=\"banner-bg fill\" >\n            <img data-recalc-dims=\"1\" loading=\"lazy\" decoding=\"async\" width=\"1020\" height=\"765\" src=\"https:\/\/i0.wp.com\/antcube.shop\/wp-content\/uploads\/2021\/07\/Lasius-brunneus-Startbild.jpg?resize=1020%2C765&#038;ssl=1\" class=\"bg attachment-original size-original\" alt=\"Lasius brunneus skudru m\u0101te ar str\u0101dniekiem makro uz balta fona ANTSTORE ANTCUBE\" \/>                        <div class=\"overlay\"><\/div>            \n                    <\/div>\n\t\t\n        <div class=\"banner-layers container\">\n            <a class=\"fill\" href=\"https:\/\/antcube.shop\/formicarium-finder\/nest-type\/\"><div class=\"fill banner-link\"><\/div><\/a>            \n\n   <div id=\"text-box-135355375\" class=\"text-box banner-layer x0 md-x0 lg-x0 y0 md-y0 lg-y0 res-text\">\n                                <div class=\"text-box-content text dark text-shadow-5\">\n              \n              <div class=\"text-inner text-center\">\n                  \n\n\t<div id=\"text-412457941\" class=\"text\">\n\t\t\n\n<h5 class=\"uppercase\" data-line-height=\"xs\"><strong>Neviena no \u0161\u012bm \u0123int\u012bm<\/strong><\/h5>\n<p>\u00a0<\/p>\n\t\t\n<style>\n#text-412457941 {\n  font-size: 0.75rem;\n  color: rgb(0,0,0);\n}\n#text-412457941 > * {\n  color: rgb(0,0,0);\n}\n@media (min-width:550px) {\n  #text-412457941 {\n    font-size: 0.9rem;\n  }\n}\n@media (min-width:850px) {\n  #text-412457941 {\n    font-size: 1.15rem;\n  }\n}\n<\/style>\n\t<\/div>\n\t\n\n              <\/div>\n           <\/div>\n                            \n<style>\n#text-box-135355375 {\n  width: 100%;\n}\n#text-box-135355375 .text-box-content {\n  font-size: 100%;\n}\n<\/style>\n    <\/div>\n \n\n        <\/div>\n      <\/div>\n\n            \n<style>\n#banner-1402885624 {\n  padding-top: 99.99%;\n}\n#banner-1402885624 .overlay {\n  background-color: rgba(0, 0, 0, 0);\n}\n#banner-1402885624 .banner-bg img {\n  object-position: 21% 59%;\n}\n<\/style>\n  <\/div>\n\n\n\n\t\t<\/div>\n\t\t\t\t\t<\/div>\n\n\t\n\n<\/div>","protected":false},"excerpt":{"rendered":"","protected":false},"author":1,"featured_media":0,"parent":0,"menu_order":0,"comment_status":"closed","ping_status":"closed","template":"","meta":{"_acf_changed":false,"content-type":"","_monsterinsights_skip_tracking":false,"_monsterinsights_sitenote_active":false,"_monsterinsights_sitenote_note":"","_monsterinsights_sitenote_category":0,"footnotes":""},"class_list":["post-727","page","type-page","status-publish","hentry"],"acf":[],"aioseo_notices":[],"jetpack_sharing_enabled":true,"_links":{"self":[{"href":"https:\/\/antcube.shop\/lv\/wp-json\/wp\/v2\/pages\/727","targetHints":{"allow":["GET"]}}],"collection":[{"href":"https:\/\/antcube.shop\/lv\/wp-json\/wp\/v2\/pages"}],"about":[{"href":"https:\/\/antcube.shop\/lv\/wp-json\/wp\/v2\/types\/page"}],"author":[{"embeddable":true,"href":"https:\/\/antcube.shop\/lv\/wp-json\/wp\/v2\/users\/1"}],"replies":[{"embeddable":true,"href":"https:\/\/antcube.shop\/lv\/wp-json\/wp\/v2\/comments?post=727"}],"version-history":[{"count":10,"href":"https:\/\/antcube.shop\/lv\/wp-json\/wp\/v2\/pages\/727\/revisions"}],"predecessor-version":[{"id":6799,"href":"https:\/\/antcube.shop\/lv\/wp-json\/wp\/v2\/pages\/727\/revisions\/6799"}],"wp:attachment":[{"href":"https:\/\/antcube.shop\/lv\/wp-json\/wp\/v2\/media?parent=727"}],"curies":[{"name":"wp","href":"https:\/\/api.w.org\/{rel}","templated":true}]}}