{"id":702,"date":"2021-08-17T10:58:14","date_gmt":"2021-08-17T08:58:14","guid":{"rendered":"https:\/\/antcube.shop\/?page_id=702"},"modified":"2024-09-09T17:06:06","modified_gmt":"2024-09-09T15:06:06","slug":"catching-queen-ants","status":"publish","type":"page","link":"https:\/\/antcube.shop\/lv\/catching-queen-ants\/","title":{"rendered":"Skudru karalienes \u0137er\u0161ana"},"content":{"rendered":"<div id=\"gap-921119023\" class=\"gap-element clearfix\" style=\"display:block; height:auto;\">\n\t\t\n<style>\n#gap-921119023 {\n  padding-top: 177px;\n}\n@media (min-width:550px) {\n  #gap-921119023 {\n    padding-top: 178px;\n  }\n}\n@media (min-width:850px) {\n  #gap-921119023 {\n    padding-top: 75px;\n  }\n}\n<\/style>\n\t<\/div>\n\t\n\n\n  <div class=\"banner has-hover\" id=\"banner-1454639273\">\n          <div class=\"banner-inner fill\">\n        <div class=\"banner-bg fill\" >\n            <img loading=\"lazy\" decoding=\"async\" width=\"1020\" height=\"571\" src=\"https:\/\/i0.wp.com\/antcube.shop\/wp-content\/uploads\/2021\/09\/Screenshot-2021-09-16-150304.png?fit=1020%2C571&amp;ssl=1\" class=\"bg attachment-large size-large\" alt=\"K\u0101 no\u0137ert skudru karalieni ar m\u0113\u0123eni un atsperu t\u0113rauda pincetes pal\u012bdz\u012bbu\" \/>                        <div class=\"overlay\"><\/div>            \n                    <\/div>\n\t\t\n        <div class=\"banner-layers container\">\n            <div class=\"fill banner-link\"><\/div>            \n\n   <div id=\"text-box-1385738865\" class=\"text-box banner-layer x50 md-x50 lg-x50 y50 md-y50 lg-y50 res-text\">\n                                <div class=\"text-box-content text dark text-shadow-3\">\n              \n              <div class=\"text-inner text-center\">\n                  \n\n<h3 class=\"uppercase\"><strong>K\u0101 no\u0137ert savu pa\u0161u skudru skudru skudrul\u012bti<\/strong><\/h3>\n\n              <\/div>\n           <\/div>\n                            \n<style>\n#text-box-1385738865 {\n  width: 60%;\n}\n#text-box-1385738865 .text-box-content {\n  font-size: 100%;\n}\n<\/style>\n    <\/div>\n \n\n        <\/div>\n      <\/div>\n\n            \n<style>\n#banner-1454639273 {\n  padding-top: 400px;\n}\n#banner-1454639273 .overlay {\n  background-color: rgba(0, 0, 0, 0.17);\n}\n#banner-1454639273 .banner-bg img {\n  object-position: 56% 82%;\n}\n@media (min-width:550px) {\n  #banner-1454639273 {\n    padding-top: 500px;\n  }\n}\n<\/style>\n  <\/div>\n\n\n\t<div id=\"gap-335764382\" class=\"gap-element clearfix\" style=\"display:block; height:auto;\">\n\t\t\n<style>\n#gap-335764382 {\n  padding-top: 30px;\n}\n<\/style>\n\t<\/div>\n\t\n\n<div class=\"row\"  id=\"row-368351685\">\n\n\n\t<div id=\"col-1223581484\" class=\"col medium-6 small-12 large-6\"  >\n\t\t\t\t<div class=\"col-inner\"  >\n\t\t\t\n\t\t\t\n\n<h3>No\u0137er savu skudru m\u0101t\u012bti<\/h3>\n<p>Ja v\u0113laties no\u0137ert savu skudru m\u0101t\u012bti, ir vajadz\u012bga vai nu veiksme, vai ar\u012b sagatavo\u0161an\u0101s un izp\u0113te.\u00a0<\/p>\n<p>Skudras parasti reizi gad\u0101 veic laul\u012bbas lidojumu. Tikai \u0161aj\u0101 laik\u0101 kolonij\u0101 veidojas t\u0101 sauktie reprodukt\u012bvie dz\u012bvnieki, t. i., jaun\u0101s m\u0101tes un trusi (skudru t\u0113vi\u0146i). T\u0101s ir vien\u012bg\u0101s skudras, kas sp\u0113j lidot. P\u0113c tam, kad m\u0101t\u012btes ir p\u0101roju\u0161\u0101s ar vienu vai vair\u0101kiem t\u0113vi\u0146iem, t\u0101s nokr\u012bt sp\u0101rnus. T\u0113vi\u0146i p\u0113c neilga laika (ne ilg\u0101k k\u0101 p\u0113c da\u017e\u0101m dien\u0101m) iet boj\u0101 neatkar\u012bgi no t\u0101, vai vi\u0146i ir vai nav p\u0101roju\u0161ies. <br \/>P\u0113c tam, kad jaun\u0101s m\u0101t\u012btes ir pabeigu\u0161as p\u0101ro\u0161an\u0101s lidojumu, t\u0101s mekl\u0113 piem\u0113rotu vietu kolonijas izveido\u0161anai. T\u0101s noliek sp\u0101rnus un s\u0101k rak\u0146\u0101ties. \u0160is ir \u012bstais br\u012bdis, kad t\u0101s sav\u0101kt. Kad t\u0101m vairs nav sp\u0101rnu, varat b\u016bt dro\u0161i, ka t\u0101s ir sap\u0101rotas.<\/p>\n<p>Lab\u0101kais veids, k\u0101 tos sav\u0101kt, ir izmantot atsperu t\u0113rauda pincetes. Ar t\u0101m var satvert dz\u012bvniekus, tos nesavainot.<\/p>\n<p>Ievietojiet tos m\u0113\u0123en\u0113 vai neliel\u0101 kast\u012bt\u0113 ar caurumiem ventil\u0101cijai. Da\u017eas sugas j\u0101transport\u0113 atsevi\u0161\u0137i, citas var \u012bsu laiku tur\u0113t kop\u0101 konteiner\u0101, jo t\u0101s ir maz\u0101k agres\u012bvas sav\u0101 starp\u0101. Da\u017e\u0101das sugas vienm\u0113r j\u0101tur atsevi\u0161\u0137i.<\/p>\n<p>Lai uzzin\u0101tu, kad un kur var atrast savu skudru m\u0101t\u012bti, tagad tie\u0161saist\u0113 ir pieejamas daudzas \"laul\u012bbu lidojumu diagrammas\". M\u0113s esam pievienoju\u0161i divus piem\u0113rus t\u0101l\u0101k \u0161aj\u0101 lap\u0101.<\/p>\n<p>L\u016bdzu, p\u0101rliecinieties, ka nev\u0101cat aizsarg\u0101jamas vai apdraud\u0113tas sugas, jo vis\u0101s pasaules valst\u012bs ir vair\u0101k nek\u0101 pietiekami daudz sugu, kuru popul\u0101cijas ir \u013coti vesel\u012bgas.<\/p>\n<p><strong>Jaunlaul\u012bbas lidojuma diagramma v\u0101cu valod\u0101:<\/strong><\/p>\n<p><a href=\"https:\/\/www.ameisenforum.de\/schwarmflug.php\">Ameisenforum.de<\/a><\/p>\n<p><strong>Jaunlaul\u012bbas lidojuma diagramma ang\u013cu valod\u0101:<\/strong><\/p>\n<p><a href=\"https:\/\/antflights.com\/stats\/flights\">Antflights.com<\/a><\/p>\n\n\t\t<\/div>\n\t\t\t\t\t<\/div>\n\n\t\n\n\t<div id=\"col-1188095866\" class=\"col medium-6 small-12 large-6\"  >\n\t\t\t\t<div class=\"col-inner\"  >\n\t\t\t\n\t\t\t\n\n\t<div class=\"img has-hover x md-x lg-x y md-y lg-y\" id=\"image_1286913281\">\n\t\t<a class=\"image-lightbox lightbox-gallery\" title=\"\" href=\"https:\/\/i0.wp.com\/antcube.shop\/wp-content\/uploads\/2021\/07\/Lasius-niger.jpg?ssl=1\">\t\t\t\t\t\t<div class=\"img-inner dark\" >\n\t\t\t<img data-recalc-dims=\"1\" loading=\"lazy\" decoding=\"async\" width=\"1000\" height=\"1000\" src=\"https:\/\/i0.wp.com\/antcube.shop\/wp-content\/uploads\/2021\/07\/Lasius-niger.jpg?resize=1000%2C1000&#038;ssl=1\" class=\"attachment-original size-original\" alt=\"Lasius niger skudru karaliene makro uz balta fona\" srcset=\"https:\/\/i0.wp.com\/antcube.shop\/wp-content\/uploads\/2021\/07\/Lasius-niger.jpg?w=1000&amp;ssl=1 1000w, https:\/\/i0.wp.com\/antcube.shop\/wp-content\/uploads\/2021\/07\/Lasius-niger.jpg?resize=247%2C247&amp;ssl=1 247w, https:\/\/i0.wp.com\/antcube.shop\/wp-content\/uploads\/2021\/07\/Lasius-niger.jpg?resize=100%2C100&amp;ssl=1 100w, https:\/\/i0.wp.com\/antcube.shop\/wp-content\/uploads\/2021\/07\/Lasius-niger.jpg?resize=510%2C510&amp;ssl=1 510w, https:\/\/i0.wp.com\/antcube.shop\/wp-content\/uploads\/2021\/07\/Lasius-niger.jpg?resize=400%2C400&amp;ssl=1 400w, https:\/\/i0.wp.com\/antcube.shop\/wp-content\/uploads\/2021\/07\/Lasius-niger.jpg?resize=800%2C800&amp;ssl=1 800w, https:\/\/i0.wp.com\/antcube.shop\/wp-content\/uploads\/2021\/07\/Lasius-niger.jpg?resize=280%2C280&amp;ssl=1 280w, https:\/\/i0.wp.com\/antcube.shop\/wp-content\/uploads\/2021\/07\/Lasius-niger.jpg?resize=768%2C768&amp;ssl=1 768w\" sizes=\"auto, (max-width: 1000px) 100vw, 1000px\" \/>\t\t\t\t\t\t\n\t\t\t\t\t<\/div>\n\t\t\t\t\t\t<\/a>\t\t\n<style>\n#image_1286913281 {\n  width: 100%;\n}\n<\/style>\n\t<\/div>\n\t\n\n\t<div id=\"text-1146627151\" class=\"text\">\n\t\t\n\n<p>Lasius niger karaliene<\/p>\n\t\t\n<style>\n#text-1146627151 {\n  text-align: center;\n}\n<\/style>\n\t<\/div>\n\t\n\n\t\t<\/div>\n\t\t\t\t\t<\/div>\n\n\t\n\n<\/div>","protected":false},"excerpt":{"rendered":"","protected":false},"author":1,"featured_media":0,"parent":0,"menu_order":0,"comment_status":"closed","ping_status":"closed","template":"","meta":{"_acf_changed":false,"content-type":"","_monsterinsights_skip_tracking":false,"_monsterinsights_sitenote_active":false,"_monsterinsights_sitenote_note":"","_monsterinsights_sitenote_category":0,"footnotes":""},"class_list":["post-702","page","type-page","status-publish","hentry"],"acf":[],"aioseo_notices":[],"jetpack_sharing_enabled":true,"_links":{"self":[{"href":"https:\/\/antcube.shop\/lv\/wp-json\/wp\/v2\/pages\/702","targetHints":{"allow":["GET"]}}],"collection":[{"href":"https:\/\/antcube.shop\/lv\/wp-json\/wp\/v2\/pages"}],"about":[{"href":"https:\/\/antcube.shop\/lv\/wp-json\/wp\/v2\/types\/page"}],"author":[{"embeddable":true,"href":"https:\/\/antcube.shop\/lv\/wp-json\/wp\/v2\/users\/1"}],"replies":[{"embeddable":true,"href":"https:\/\/antcube.shop\/lv\/wp-json\/wp\/v2\/comments?post=702"}],"version-history":[{"count":10,"href":"https:\/\/antcube.shop\/lv\/wp-json\/wp\/v2\/pages\/702\/revisions"}],"predecessor-version":[{"id":9149,"href":"https:\/\/antcube.shop\/lv\/wp-json\/wp\/v2\/pages\/702\/revisions\/9149"}],"wp:attachment":[{"href":"https:\/\/antcube.shop\/lv\/wp-json\/wp\/v2\/media?parent=702"}],"curies":[{"name":"wp","href":"https:\/\/api.w.org\/{rel}","templated":true}]}}