{"id":700,"date":"2021-08-17T10:57:40","date_gmt":"2021-08-17T08:57:40","guid":{"rendered":"https:\/\/antcube.shop\/?page_id=700"},"modified":"2026-02-09T11:09:28","modified_gmt":"2026-02-09T10:09:28","slug":"skudru-turesana","status":"publish","type":"page","link":"https:\/\/antcube.shop\/lv\/skudru-turesana\/","title":{"rendered":"Par skudru tur\u0113\u0161anu"},"content":{"rendered":"<div id=\"page-header-148849066\" class=\"page-header-wrapper\">\n  <div class=\"page-title dark featured-title\">\n\n        <div class=\"page-title-bg\">\n      <div class=\"title-bg fill bg-fill\"\n        data-parallax-container=\".page-title\"\n        data-parallax-background\n data-parallax=\"-\">\n      <\/div>\n      <div class=\"title-overlay fill\"><\/div>\n    <\/div>\n    \n    <div class=\"page-title-inner container align-center flex-row medium-flex-wrap\" >\n              <div class=\"title-wrapper flex-col text-left medium-text-center\">\n          <h1 class=\"entry-title mb-0\">\n            Par skudru tur\u0113\u0161anu          <\/h1>\n        <\/div>\n                    <div class=\"title-content flex-col flex-right text-right medium-text-center\">\n        <div class=\"title-share pt-half pb-half\"><div class=\"social-icons share-icons share-row relative icon-style-outline\" ><a href=\"whatsapp:\/\/send?text=About%20ant%20keeping - https:\/\/antcube.shop\/lv\/skudru-turesana\/\" data-action=\"share\/whatsapp\/share\" class=\"icon button circle is-outline tooltip whatsapp show-for-medium\" title=\"Dal\u012bties WhatsApp\" aria-label=\"Dal\u012bties WhatsApp\"><i class=\"icon-whatsapp\" aria-hidden=\"true\"><\/i><\/a><a href=\"https:\/\/www.facebook.com\/sharer.php?u=https:\/\/antcube.shop\/lv\/skudru-turesana\/\" data-label=\"Facebook\" onclick=\"window.open(this.href,this.title,'width=500,height=500,top=300px,left=300px'); return false;\" target=\"_blank\" class=\"icon button circle is-outline tooltip facebook\" title=\"Kop\u012bgojiet vietn\u0113 Facebook\" aria-label=\"Kop\u012bgojiet vietn\u0113 Facebook\" rel=\"noopener nofollow\"><i class=\"icon-facebook\" aria-hidden=\"true\"><\/i><\/a><a href=\"https:\/\/twitter.com\/share?url=https:\/\/antcube.shop\/lv\/skudru-turesana\/\" onclick=\"window.open(this.href,this.title,'width=500,height=500,top=300px,left=300px'); return false;\" target=\"_blank\" class=\"icon button circle is-outline tooltip twitter\" title=\"Kop\u012bgojiet vietn\u0113 Twitter\" aria-label=\"Kop\u012bgojiet vietn\u0113 Twitter\" rel=\"noopener nofollow\"><i class=\"icon-twitter\" aria-hidden=\"true\"><\/i><\/a><a href=\"mailto:?subject=About%20ant%20keeping&body=Check%20this%20out%3A%20https%3A%2F%2Fantcube.shop%2Flv%2Fskudru-turesana%2F\" class=\"icon button circle is-outline tooltip email\" title=\"E-pasts draugam\" aria-label=\"E-pasts draugam\" rel=\"nofollow\"><i class=\"icon-envelop\" aria-hidden=\"true\"><\/i><\/a><a href=\"https:\/\/pinterest.com\/pin\/create\/button?url=https:\/\/antcube.shop\/lv\/skudru-turesana\/&media&description=About%20ant%20keeping\" onclick=\"window.open(this.href,this.title,'width=500,height=500,top=300px,left=300px'); return false;\" target=\"_blank\" class=\"icon button circle is-outline tooltip pinterest\" title=\"Piespraust Pinterest\" aria-label=\"Piespraust Pinterest\" rel=\"noopener nofollow\"><i class=\"icon-pinterest\" aria-hidden=\"true\"><\/i><\/a><\/div><\/div>      <\/div>\n    <\/div>\n\n     \n<style>\n#page-header-148849066 .page-title-inner {\n  min-height: 500px;\n}\n#page-header-148849066 {\n  margin-bottom: 0px;\n}\n#page-header-148849066 .title-bg {\n  background-image: url(https:\/\/antcube.shop\/wp-content\/uploads\/2021\/08\/ant-5094995_1920.jpg);\n  background-position: 65% 56%;\n}\n#page-header-148849066 .title-overlay {\n  background-color: rgba(255, 255, 255, 0);\n}\n@media (min-width:550px) {\n  #page-header-148849066 .page-title-inner {\n    min-height: 500px;\n  }\n}\n<\/style>\n  <\/div>\n    <\/div>\n  \n\n\t<div id=\"gap-1908168006\" class=\"gap-element clearfix\" style=\"display:block; height:auto;\">\n\t\t\n<style>\n#gap-1908168006 {\n  padding-top: 15px;\n}\n<\/style>\n\t<\/div>\n\t\n\n<div class=\"row\"  id=\"row-888849694\">\n\n\n\t<div id=\"col-600088665\" class=\"col medium-6 small-12 large-6\"  >\n\t\t\t\t<div class=\"col-inner\"  >\n\t\t\t\n\t\t\t\n\n<h3>Kas ir skudru tur\u0113\u0161ana?<\/h3>\n<p>Skudru audz\u0113\u0161ana ir skudru un skudru koloniju kop\u0161ana un nov\u0113ro\u0161ana. P\u0113d\u0113jos gados skudru tur\u0113\u0161ana ir k\u013cuvusi par \u013coti popul\u0101ru hobiju. Lai gan pirmais zin\u0101mais formik\u0101rijs (ter\u0101rijs skudr\u0101m) tika par\u0101d\u012bts jau Pasaules izst\u0101d\u0113 Par\u012bz\u0113 ap 1900. gadu, tikai \"T\u0113vo\u010da Miltona skudru ferm\u0101\" ap 1956. gadu bija br\u012bvi nop\u0113rkami pirmie formik\u0101riji.<\/p>\n<p>Jau vair\u0101kus gadus ir daudz da\u017e\u0101du formik\u0101riju pieg\u0101d\u0101t\u0101ju, no kuriem liel\u0101k\u0101 da\u013ca ir izgatavoti no plastmasas. Parasti formik\u0101rijs sast\u0101v no fermas, kas kalpo k\u0101 dz\u012bvnieku ligzdo\u0161anas vieta, un ar\u0113nas, kas tiek izmantota dz\u012bvnieku baro\u0161anai un k\u0101 pastaigu laukums.<\/p>\n\n\t\t<\/div>\n\t\t\t\t\t<\/div>\n\n\t\n\n\t<div id=\"col-619169853\" class=\"col medium-6 small-12 large-6\"  >\n\t\t\t\t<div class=\"col-inner\"  >\n\t\t\t\n\t\t\t\n\n\t<div class=\"img has-hover x md-x lg-x y md-y lg-y\" id=\"image_974319518\">\n\t\t<a class=\"image-lightbox lightbox-gallery\" title=\"\" href=\"https:\/\/i0.wp.com\/antcube.shop\/wp-content\/uploads\/2021\/07\/Meranoplus-Bicolor-scaled.jpg?fit=900%2C600&#038;ssl=1\">\t\t\t\t\t\t<div class=\"img-inner image-zoom-long dark\" >\n\t\t\t<img data-recalc-dims=\"1\" loading=\"lazy\" decoding=\"async\" width=\"1020\" height=\"680\" src=\"https:\/\/i0.wp.com\/antcube.shop\/wp-content\/uploads\/2021\/07\/Meranoplus-Bicolor-scaled.jpg?resize=1020%2C680&#038;ssl=1\" class=\"attachment-original size-original\" alt=\"Meranoplus bicolor skudru suga uz papardes lapas makro ANTSTORE ANTCUBE\" srcset=\"https:\/\/i0.wp.com\/antcube.shop\/wp-content\/uploads\/2021\/07\/Meranoplus-Bicolor-scaled.jpg?w=2560&amp;ssl=1 2560w, https:\/\/i0.wp.com\/antcube.shop\/wp-content\/uploads\/2021\/07\/Meranoplus-Bicolor-scaled.jpg?resize=510%2C340&amp;ssl=1 510w, https:\/\/i0.wp.com\/antcube.shop\/wp-content\/uploads\/2021\/07\/Meranoplus-Bicolor-scaled.jpg?resize=600%2C400&amp;ssl=1 600w, https:\/\/i0.wp.com\/antcube.shop\/wp-content\/uploads\/2021\/07\/Meranoplus-Bicolor-scaled.jpg?resize=1200%2C800&amp;ssl=1 1200w, https:\/\/i0.wp.com\/antcube.shop\/wp-content\/uploads\/2021\/07\/Meranoplus-Bicolor-scaled.jpg?resize=768%2C512&amp;ssl=1 768w, https:\/\/i0.wp.com\/antcube.shop\/wp-content\/uploads\/2021\/07\/Meranoplus-Bicolor-scaled.jpg?resize=1536%2C1024&amp;ssl=1 1536w, https:\/\/i0.wp.com\/antcube.shop\/wp-content\/uploads\/2021\/07\/Meranoplus-Bicolor-scaled.jpg?resize=2048%2C1365&amp;ssl=1 2048w\" sizes=\"auto, (max-width: 1020px) 100vw, 1020px\" \/>\t\t\t\t\t\t\n\t\t\t\t\t<\/div>\n\t\t\t\t\t\t<\/a>\t\t\n<style>\n#image_974319518 {\n  width: 100%;\n}\n<\/style>\n\t<\/div>\n\t\n\n\t<div id=\"text-1906711664\" class=\"text\">\n\t\t\n\n<p>Meranoplus bicolor<\/p>\n\t\t\n<style>\n#text-1906711664 {\n  text-align: center;\n}\n<\/style>\n\t<\/div>\n\t\n\n\t\t<\/div>\n\t\t\t\t\t<\/div>\n\n\t\n\n<\/div>\n<div class=\"row\"  id=\"row-586030412\">\n\n\n\t<div id=\"col-64801490\" class=\"col medium-6 small-12 large-6\"  >\n\t\t\t\t<div class=\"col-inner\"  >\n\t\t\t\n\t\t\t\n\n<h3>K\u0101da ir skudru tur\u0113\u0161anas f\u0101zin\u0101cija?<\/h3>\n<p>Skudras ir neticami aizraujo\u0161as. V\u0113rot, k\u0101 viena karaliene gadu gait\u0101 audzina pirmos str\u0101dniekus un p\u0113c tam gadu gait\u0101, pateicoties ide\u0101lai sadarb\u012bbai un resursu izmanto\u0161anai, kolonija izaug l\u012bdz t\u016bksto\u0161iem locek\u013cu, ir unik\u0101la pieredze. T\u0101s ir \u0101rk\u0101rt\u012bgi soci\u0101li dz\u012bvnieki, un da\u017eas sugas veido da\u017e\u0101das kastas, piem\u0113ram, str\u0101dnieku, karav\u012bru, lauksaimnieku vai pat medm\u0101su. Un uzminiet, kas t\u0101s visas ir m\u0101t\u012btes.<\/p>\n<p>Skudras ir \u0101rk\u0101rt\u012bgi svar\u012bgas m\u016bsu videi. T\u0101s ne tikai ir sastopamas vis\u0101s pasaules apdz\u012bvojam\u0101s ekosist\u0113m\u0101s, bet ar\u012b ir specializ\u0113t\u0101kas un daudzpus\u012bg\u0101kas nek\u0101 jebkura cita suga. Skudras ir l\u012bdz\u012bgas mums ar\u012b p\u0113c dz\u012bvesveida. Darba dal\u012b\u0161ana, kop\u012bga dz\u012bve liel\u0101s kolonij\u0101s ierobe\u017eot\u0101 telp\u0101 un da\u017e\u0101du bar\u012bbas \u0137\u0113des l\u012bme\u0146u izmanto\u0161ana vis\u0101s ekosist\u0113m\u0101s padara t\u0101s tik veiksm\u012bgas, t\u0101pat k\u0101 m\u016bs, cilv\u0113kus. Vien\u012bg\u0101 at\u0161\u0137ir\u012bba ir t\u0101, ka m\u0113s ne tuvu neesam tik efekt\u012bvi, un skudras past\u0101v jau vair\u0101k nek\u0101 130 miljonus gadu, bet cilv\u0113ki tikai aptuveni 300 000 gadu.<\/p>\n<p>\u00a0<\/p>\n<p>Lai pal\u012bdz\u0113tu izlemt, kuras skudru sugas v\u0113laties saglab\u0101t, varat izmantot m\u016bsu <a href=\"https:\/\/antcube.shop\/ant-finder\/\">&#8220;<strong>Skudru mekl\u0113t\u0101js<\/strong>&#8220;<\/a><\/p>\n\n\t\t<\/div>\n\t\t\t\t\t<\/div>\n\n\t\n\n\t<div id=\"col-145078217\" class=\"col medium-6 small-12 large-6\"  >\n\t\t\t\t<div class=\"col-inner\"  >\n\t\t\t\n\t\t\t\n\n\t<div class=\"img has-hover x md-x lg-x y md-y lg-y\" id=\"image_618732385\">\n\t\t<a class=\"image-lightbox lightbox-gallery\" title=\"\" href=\"https:\/\/i0.wp.com\/antcube.shop\/wp-content\/uploads\/2021\/07\/Camponotus-micans-Startbild.jpg?fit=800%2C600&#038;ssl=1\">\t\t\t\t\t\t<div class=\"img-inner image-zoom-long dark\" >\n\t\t\t<img data-recalc-dims=\"1\" loading=\"lazy\" decoding=\"async\" width=\"1020\" height=\"765\" src=\"https:\/\/i0.wp.com\/antcube.shop\/wp-content\/uploads\/2021\/07\/Camponotus-micans-Startbild.jpg?resize=1020%2C765&#038;ssl=1\" class=\"attachment-original size-original\" alt=\"Camponotus micans skudru m\u0101te ar mazu\u013ciem un str\u0101dniekiem makro uz balta fona\" srcset=\"https:\/\/i0.wp.com\/antcube.shop\/wp-content\/uploads\/2021\/07\/Camponotus-micans-Startbild.jpg?w=2048&amp;ssl=1 2048w, https:\/\/i0.wp.com\/antcube.shop\/wp-content\/uploads\/2021\/07\/Camponotus-micans-Startbild.jpg?resize=510%2C383&amp;ssl=1 510w, https:\/\/i0.wp.com\/antcube.shop\/wp-content\/uploads\/2021\/07\/Camponotus-micans-Startbild.jpg?resize=533%2C400&amp;ssl=1 533w, https:\/\/i0.wp.com\/antcube.shop\/wp-content\/uploads\/2021\/07\/Camponotus-micans-Startbild.jpg?resize=1067%2C800&amp;ssl=1 1067w, https:\/\/i0.wp.com\/antcube.shop\/wp-content\/uploads\/2021\/07\/Camponotus-micans-Startbild.jpg?resize=768%2C576&amp;ssl=1 768w, https:\/\/i0.wp.com\/antcube.shop\/wp-content\/uploads\/2021\/07\/Camponotus-micans-Startbild.jpg?resize=1536%2C1152&amp;ssl=1 1536w\" sizes=\"auto, (max-width: 1020px) 100vw, 1020px\" \/>\t\t\t\t\t\t\n\t\t\t\t\t<\/div>\n\t\t\t\t\t\t<\/a>\t\t\n<style>\n#image_618732385 {\n  width: 100%;\n}\n<\/style>\n\t<\/div>\n\t\n\n\t<div id=\"text-2673038915\" class=\"text\">\n\t\t\n\n<p>Camponotus micans<\/p>\n\t\t\n<style>\n#text-2673038915 {\n  text-align: center;\n}\n<\/style>\n\t<\/div>\n\t\n\n\t\t<\/div>\n\t\t\t\t\t<\/div>\n\n\t\n\n<\/div>\n<div class=\"row\"  id=\"row-1554896558\">\n\n\n\t<div id=\"col-1286658400\" class=\"col medium-6 small-12 large-6\"  >\n\t\t\t\t<div class=\"col-inner\"  >\n\t\t\t\n\t\t\t\n\n<h3>K\u0101ds formik\u0101rijs man ir nepiecie\u0161ams?<\/h3>\n<p>T\u0101 k\u0101 skudras sastopamas gandr\u012bz vis\u0101s da\u017e\u0101d\u0101s ekosist\u0113m\u0101s, ar\u012b to uztur\u0113\u0161anas vajadz\u012bbas ir at\u0161\u0137ir\u012bgas. Skudras dz\u012bvo m\u016bsu pils\u0113t\u0101s, me\u017eos, tuksne\u0161os, kalnos, tropu re\u0123ionos un pat mangrovju audz\u0113s un subarktiskos re\u0123ionos.<\/p>\n<p>T\u0101pat k\u0101 at\u0161\u0137iras apdz\u012bvot\u0101s dz\u012bvotnes, at\u0161\u0137iras ar\u012b ligzdu tipi. Visizplat\u012bt\u0101k\u0101 ligzdas forma ir ligzda uz zemes. Citas sugas dz\u012bvo, piem\u0113ram, atmiru\u0161\u0101 koksn\u0113, koku dobumos un starp akme\u0146iem, pilskalna ligzd\u0101s vai t\u0101 sauktajos skudru augos. Citi ret\u0101k sastopamie ligzdu tipi ir dz\u0113r\u0101ju skudru bivaku ligzdas, aud\u0113ju skudru z\u012bda ligzdas vai Lasisus fuliginosus kartona ligzdas.<\/p>\n<p>Ir pier\u0101d\u012bjies, ka, lai veiksm\u012bgi tur\u0113tu skudras, ir nepiecie\u0161ams p\u0113c iesp\u0113jas prec\u012bz\u0101k imit\u0113t dabiskos apst\u0101k\u013cus. T\u0101p\u0113c m\u0113s ilgu laiku esam eksperiment\u0113ju\u0161i ar da\u017e\u0101diem materi\u0101liem un ligzdu un ar\u0113nu laukumu kombin\u0101cij\u0101m un esam izstr\u0101d\u0101ju\u0161i starta komplektu vis\u0101m tirdzniec\u012bb\u0101 pieejamaj\u0101m skudru sug\u0101m.<\/p>\n<p>\u00a0<\/p>\n<p>Lai atrastu s\u0101kuma komplektu, kas vislab\u0101k piem\u0113rots skudru sugai, kuru v\u0113laties tur\u0113t, izmantojiet, piem\u0113ram, m\u016bsu \"<strong><a href=\"https:\/\/antcube.shop\/formicarium-finder\/\">S\u0101kuma komplekta mekl\u0113t\u0101js<\/a><\/strong>&#8221;\u00a0<\/p>\n\n\t\t<\/div>\n\t\t\t\t\t<\/div>\n\n\t\n\n\t<div id=\"col-829795528\" class=\"col medium-6 small-12 large-6\"  >\n\t\t\t\t<div class=\"col-inner\"  >\n\t\t\t\n\t\t\t\n\n\t<div class=\"img has-hover x md-x lg-x y md-y lg-y\" id=\"image_802524936\">\n\t\t\t\t\t\t<div data-animate=\"fadeInUp\">\t\t<div class=\"img-inner image-zoom-long dark\" >\n\t\t\t<img data-recalc-dims=\"1\" loading=\"lazy\" decoding=\"async\" width=\"1020\" height=\"1020\" src=\"https:\/\/i0.wp.com\/antcube.shop\/wp-content\/uploads\/2021\/07\/Starter-Set-Combi.jpg?resize=1020%2C1020&#038;ssl=1\" class=\"attachment-original size-original\" alt=\"ANTCUBE Starter Set Combi - l\u0113ts skudru audz\u0113\u0161anas s\u0101kums. \u0160aj\u0101 komplekt\u0101 ietilpst ar\u0113na ar integr\u0113tu ligzdu zonu skudru kolonijai.\" srcset=\"https:\/\/i0.wp.com\/antcube.shop\/wp-content\/uploads\/2021\/07\/Starter-Set-Combi.jpg?w=2000&amp;ssl=1 2000w, https:\/\/i0.wp.com\/antcube.shop\/wp-content\/uploads\/2021\/07\/Starter-Set-Combi.jpg?resize=247%2C247&amp;ssl=1 247w, https:\/\/i0.wp.com\/antcube.shop\/wp-content\/uploads\/2021\/07\/Starter-Set-Combi.jpg?resize=100%2C100&amp;ssl=1 100w, https:\/\/i0.wp.com\/antcube.shop\/wp-content\/uploads\/2021\/07\/Starter-Set-Combi.jpg?resize=510%2C510&amp;ssl=1 510w, https:\/\/i0.wp.com\/antcube.shop\/wp-content\/uploads\/2021\/07\/Starter-Set-Combi.jpg?resize=400%2C400&amp;ssl=1 400w, https:\/\/i0.wp.com\/antcube.shop\/wp-content\/uploads\/2021\/07\/Starter-Set-Combi.jpg?resize=800%2C800&amp;ssl=1 800w, https:\/\/i0.wp.com\/antcube.shop\/wp-content\/uploads\/2021\/07\/Starter-Set-Combi.jpg?resize=280%2C280&amp;ssl=1 280w, https:\/\/i0.wp.com\/antcube.shop\/wp-content\/uploads\/2021\/07\/Starter-Set-Combi.jpg?resize=768%2C768&amp;ssl=1 768w, https:\/\/i0.wp.com\/antcube.shop\/wp-content\/uploads\/2021\/07\/Starter-Set-Combi.jpg?resize=1536%2C1536&amp;ssl=1 1536w\" sizes=\"auto, (max-width: 1020px) 100vw, 1020px\" \/>\t\t\t\t\t\t\n\t\t\t\t\t<\/div>\n\t\t<\/div>\t\t\t\t\t\t\n<style>\n#image_802524936 {\n  width: 100%;\n}\n<\/style>\n\t<\/div>\n\t\n\n\n\t\t<\/div>\n\t\t\t\t\t<\/div>\n\n\t\n\n<\/div>","protected":false},"excerpt":{"rendered":"","protected":false},"author":1,"featured_media":0,"parent":0,"menu_order":0,"comment_status":"closed","ping_status":"closed","template":"","meta":{"_acf_changed":false,"content-type":"","_monsterinsights_skip_tracking":false,"_monsterinsights_sitenote_active":false,"_monsterinsights_sitenote_note":"","_monsterinsights_sitenote_category":0,"footnotes":""},"class_list":["post-700","page","type-page","status-publish","hentry"],"acf":[],"aioseo_notices":[],"jetpack_sharing_enabled":true,"_links":{"self":[{"href":"https:\/\/antcube.shop\/lv\/wp-json\/wp\/v2\/pages\/700","targetHints":{"allow":["GET"]}}],"collection":[{"href":"https:\/\/antcube.shop\/lv\/wp-json\/wp\/v2\/pages"}],"about":[{"href":"https:\/\/antcube.shop\/lv\/wp-json\/wp\/v2\/types\/page"}],"author":[{"embeddable":true,"href":"https:\/\/antcube.shop\/lv\/wp-json\/wp\/v2\/users\/1"}],"replies":[{"embeddable":true,"href":"https:\/\/antcube.shop\/lv\/wp-json\/wp\/v2\/comments?post=700"}],"version-history":[{"count":10,"href":"https:\/\/antcube.shop\/lv\/wp-json\/wp\/v2\/pages\/700\/revisions"}],"predecessor-version":[{"id":7096,"href":"https:\/\/antcube.shop\/lv\/wp-json\/wp\/v2\/pages\/700\/revisions\/7096"}],"wp:attachment":[{"href":"https:\/\/antcube.shop\/lv\/wp-json\/wp\/v2\/media?parent=700"}],"curies":[{"name":"wp","href":"https:\/\/api.w.org\/{rel}","templated":true}]}}