{"id":645,"date":"2021-07-30T13:36:43","date_gmt":"2021-07-30T11:36:43","guid":{"rendered":"https:\/\/antcube.shop\/?page_id=645"},"modified":"2024-11-29T15:29:21","modified_gmt":"2024-11-29T14:29:21","slug":"reach-regulation","status":"publish","type":"page","link":"https:\/\/antcube.shop\/lv\/reach-regulation\/","title":{"rendered":"REACH regula"},"content":{"rendered":"<div id=\"gap-1384682378\" class=\"gap-element clearfix\" style=\"display:block; height:auto;\">\n\t\t\n<style>\n#gap-1384682378 {\n  padding-top: 198px;\n}\n@media (min-width:850px) {\n  #gap-1384682378 {\n    padding-top: 190px;\n  }\n}\n<\/style>\n\t<\/div>\n\t\n\n<div class=\"row\"  id=\"row-210180051\">\n\n\n\t<div id=\"col-792972581\" class=\"col small-12 large-12\"  >\n\t\t\t\t<div class=\"col-inner\"  >\n\t\t\t\n\t\t\t\n\n<h3><b>M\u016bsu izstr\u0101d\u0101jumu atbilst\u012bba REACH<\/b><\/h3>\n<ol>\n<li><b> m\u016bsu produktu statuss saska\u0146\u0101 ar REACH regulu <\/b><b><br \/><\/b><span style=\"font-weight: 400;\">ANTSTORE produktus defin\u0113 k\u0101 <\/span><b>raksti <\/b><span style=\"font-weight: 400;\">saska\u0146\u0101 ar REACH regulu.<\/span><\/li>\n<\/ol>\n<ul>\n<li style=\"font-weight: 400;\" aria-level=\"1\"><span style=\"font-weight: 400;\">To funkciju galvenok\u0101rt nosaka <\/span><b>to forma, forma un virsma.<\/b><span style=\"font-weight: 400;\">, nevis p\u0113c to \u0137\u012bmisk\u0101 sast\u0101va.<\/span><\/li>\n<li style=\"font-weight: 400;\" aria-level=\"1\"><b>Re\u0123istr\u0113ties nav oblig\u0101ti <\/b><span style=\"font-weight: 400;\">\u0161iem produktiem saska\u0146\u0101 ar REACH regulu.<\/span><\/li>\n<\/ul>\n<ol start=\"2\">\n<li><b> SVHC vielas (vielas, kas rada \u013coti lielas ba\u017eas)<\/b><\/li>\n<\/ol>\n<ul>\n<li style=\"font-weight: 400;\" aria-level=\"1\"><span style=\"font-weight: 400;\">M\u016bsu produkti <\/span><b>nesatur nek\u0101das vielas <\/b><span style=\"font-weight: 400;\">ar saturu vair\u0101k nek\u0101 0,1 % no masas, kas defin\u0113ti k\u0101 <\/span><b>SVHC <\/b><span style=\"font-weight: 400;\">(vielas, kas rada \u013coti lielas ba\u017eas) saska\u0146\u0101 ar REACH regulas 57. pantu un iek\u013cautas regulas XIV pielikum\u0101 (t\u0101 sauktaj\u0101 \"kandid\u0101tu sarakst\u0101\").<\/span><\/li>\n<\/ul>\n<p><b>3 Pak\u0101rtot\u0101 lietot\u0101ja loma <\/b><b><br \/><\/b><span style=\"font-weight: 400;\">Saska\u0146\u0101 ar REACH regulu m\u016bsu uz\u0146\u0113mums tiek uzskat\u012bts par <\/span><b>pak\u0101rtotais lietot\u0101js<\/b><span style=\"font-weight: 400;\">.<\/span><\/p>\n<ul>\n<li style=\"font-weight: 400;\" aria-level=\"1\"><span style=\"font-weight: 400;\">Vis\u0101m ra\u017eo\u0161anas proces\u0101 izmantotaj\u0101m viel\u0101m un prepar\u0101tiem (piem\u0113ram, l\u012bm\u0113m, kr\u0101s\u0101m, sm\u0113rviel\u0101m):<\/span>\n<ul>\n<li style=\"font-weight: 400;\" aria-level=\"2\"><span style=\"font-weight: 400;\">Vai esam sa\u0146\u0113mu\u0161i apstiprin\u0101jumus un deklar\u0101cijas no m\u016bsu pieg\u0101d\u0101t\u0101jiem par paredz\u0113to izmanto\u0161anu un (pa\u0161reiz\u0113jo) <\/span><b>iepriek\u0161\u0113ja re\u0123istr\u0101cija<\/b><span style=\"font-weight: 400;\">?<\/span><\/li>\n<li style=\"font-weight: 400;\" aria-level=\"2\"><span style=\"font-weight: 400;\">M\u0113s cie\u0161i sadarbojamies ar saviem pieg\u0101d\u0101t\u0101jiem, lai nodro\u0161in\u0101tu atbilst\u012bbu REACH.<\/span><\/li>\n<\/ul>\n<\/li>\n<li style=\"font-weight: 400;\" aria-level=\"1\"><span style=\"font-weight: 400;\">M\u0113s neizmantojam nek\u0101das vielas vai prepar\u0101tus, kuriem m\u016bsu uz\u0146\u0113mumam b\u016btu nepiecie\u0161ama sava (iepriek\u0161\u0113ja) re\u0123istr\u0101cija.<\/span><\/li>\n<\/ul>\n<p><span style=\"font-weight: 400;\">Ja jums ir v\u0113l k\u0101di jaut\u0101jumi par m\u016bsu izstr\u0101d\u0101jumu atbilst\u012bbu REACH, l\u016bdzu, sazinieties ar mums.<\/span><\/p>\n<p>\u00a0<\/p>\n<p>\u00a0<\/p>\n<p><a href=\"https:\/\/www.antstore.net\/shop\/images\/documents\/ant%20escape%20protection%20lacquer%20EN.pdf\" target=\"_blank\" rel=\"noopener\"><span style=\"font-family: verdana,arial,helvetica,sans-serif;\"><img data-recalc-dims=\"1\" decoding=\"async\" src=\"https:\/\/i0.wp.com\/www.antstore.net\/shop\/images\/pdf_logo.gif?w=1020&#038;ssl=1\" alt=\"\" border=\"0\" \/>\u00a0Materi\u0101la dro\u0161\u012bbas datu lapa lakai aizsardz\u012bbai pret skudru izb\u0113g\u0161anu<\/span><\/a>\u00a0(ang\u013cu valod\u0101) , (PDF 0,2 MB)<br \/><span style=\"color: #666666; font-family: arial,helvetica,sans-serif; font-size: xx-small;\">(saturs: dro\u0161\u012bbas instrukcijas)<\/span><\/p>\n<p><a href=\"https:\/\/www.antstore.net\/shop\/images\/documents\/ant_escape_protection_oil_en.pdf\" target=\"_blank\" rel=\"noopener\"><span style=\"font-family: verdana,arial,helvetica,sans-serif;\"><img data-recalc-dims=\"1\" decoding=\"async\" src=\"https:\/\/i0.wp.com\/www.antstore.net\/shop\/images\/pdf_logo.gif?w=1020&#038;ssl=1\" alt=\"\" border=\"0\" \/>\u00a0Materi\u0101la dro\u0161\u012bbas datu lapa aizsardz\u012bbai pret skudru izk\u013c\u016b\u0161anu e\u013c\u013cai<\/span><\/a>\u00a0(ang\u013cu valod\u0101) , (PDF 0,1 MB)<br \/><span style=\"color: #666666; font-family: arial,helvetica,sans-serif; font-size: xx-small;\">(saturs: dro\u0161\u012bbas instrukcijas)<\/span>\u00a0<\/p>\n\n\t\t<\/div>\n\t\t\t\t\t<\/div>\n\n\t\n\n<\/div>","protected":false},"excerpt":{"rendered":"","protected":false},"author":1,"featured_media":0,"parent":0,"menu_order":0,"comment_status":"closed","ping_status":"closed","template":"","meta":{"_acf_changed":false,"content-type":"","_monsterinsights_skip_tracking":false,"_monsterinsights_sitenote_active":false,"_monsterinsights_sitenote_note":"","_monsterinsights_sitenote_category":0,"footnotes":""},"class_list":["post-645","page","type-page","status-publish","hentry"],"acf":[],"aioseo_notices":[],"jetpack_sharing_enabled":true,"_links":{"self":[{"href":"https:\/\/antcube.shop\/lv\/wp-json\/wp\/v2\/pages\/645","targetHints":{"allow":["GET"]}}],"collection":[{"href":"https:\/\/antcube.shop\/lv\/wp-json\/wp\/v2\/pages"}],"about":[{"href":"https:\/\/antcube.shop\/lv\/wp-json\/wp\/v2\/types\/page"}],"author":[{"embeddable":true,"href":"https:\/\/antcube.shop\/lv\/wp-json\/wp\/v2\/users\/1"}],"replies":[{"embeddable":true,"href":"https:\/\/antcube.shop\/lv\/wp-json\/wp\/v2\/comments?post=645"}],"version-history":[{"count":10,"href":"https:\/\/antcube.shop\/lv\/wp-json\/wp\/v2\/pages\/645\/revisions"}],"predecessor-version":[{"id":10640,"href":"https:\/\/antcube.shop\/lv\/wp-json\/wp\/v2\/pages\/645\/revisions\/10640"}],"wp:attachment":[{"href":"https:\/\/antcube.shop\/lv\/wp-json\/wp\/v2\/media?parent=645"}],"curies":[{"name":"wp","href":"https:\/\/api.w.org\/{rel}","templated":true}]}}