{"id":643,"date":"2021-07-30T13:36:12","date_gmt":"2021-07-30T11:36:12","guid":{"rendered":"https:\/\/antcube.shop\/?page_id=643"},"modified":"2024-11-29T15:31:27","modified_gmt":"2024-11-29T14:31:27","slug":"elektrisko-iericu-likums","status":"publish","type":"page","link":"https:\/\/antcube.shop\/lv\/elektrisko-iericu-likums\/","title":{"rendered":"Elektrisko ier\u012b\u010du likums"},"content":{"rendered":"<div id=\"gap-751199919\" class=\"gap-element clearfix\" style=\"display:block; height:auto;\">\n\t\t\n<style>\n#gap-751199919 {\n  padding-top: 190px;\n}\n<\/style>\n\t<\/div>\n\t\n\n<div class=\"row\"  id=\"row-1323356767\">\n\n\n\t<div id=\"col-885949302\" class=\"col small-12 large-12\"  >\n\t\t\t\t<div class=\"col-inner\"  >\n\t\t\t\n\t\t\t\n\n\t<div id=\"text-422934022\" class=\"text\">\n\t\t\n\n<h3><b>Inform\u0101cija saska\u0146\u0101 ar V\u0101cijas Elektrisko un elektronisko iek\u0101rtu likumu (ElektroG)<\/b><\/h3>\n<p><span style=\"font-weight: 400;\">M\u016bsu EEIA re\u0123istr\u0101cijas numurs: <\/span><b>DE 54590387<\/b><\/p>\n<p><b>1 Ievads <\/b><b><br \/><\/b><span style=\"font-weight: 400;\">ElektroG regul\u0113 <\/span><b>lai\u0161ana tirg\u016b<\/b><span style=\"font-weight: 400;\">, <\/span><b>pie\u0146em\u0161ana atpaka\u013c <\/b><span style=\"font-weight: 400;\">un <\/span><b>videi nekait\u012bga apglab\u0101\u0161ana <\/b><span style=\"font-weight: 400;\">elektrisk\u0101s un elektronisk\u0101s iek\u0101rtas. M\u0113r\u0137is ir veicin\u0101t vides aizsardz\u012bbu un nodro\u0161in\u0101t v\u0113rt\u012bgu izejvielu p\u0101rstr\u0101di.<\/span><\/p>\n<ol start=\"2\">\n<li><b> pat\u0113r\u0113t\u0101ju juridiskie pien\u0101kumi<\/b><\/li>\n<\/ol>\n<ul>\n<li style=\"font-weight: 400;\" aria-level=\"1\"><b>Aizliegums apglab\u0101t atliku\u0161ajos atkritumos<\/b><span style=\"font-weight: 400;\">: Vecas elektroier\u012bces nedr\u012bkst izmest p\u0101r\u0113jos atkritumos.<\/span><\/li>\n<li style=\"font-weight: 400;\" aria-level=\"1\"><b>Pien\u0101kums atgriezties<\/b><span style=\"font-weight: 400;\">: Pat\u0113r\u0113t\u0101jiem ir juridisks pien\u0101kums nolietot\u0101s nolietot\u0101s elektrisk\u0101s un elektronisk\u0101s iek\u0101rtas nodot sadz\u012bves atkritumu sav\u0101k\u0161anas centros (\u00d6RE - publisk\u0101s atkritumu apglab\u0101\u0161anas iest\u0101des) vai attiec\u012bgaj\u0101s atpaka\u013cpie\u0146em\u0161anas sist\u0113m\u0101s.<\/span><\/li>\n<li style=\"font-weight: 400;\" aria-level=\"1\"><b>Pies\u0101r\u0146ot\u0101ji un otrreiz\u0113j\u0101 p\u0101rstr\u0101de<\/b><span style=\"font-weight: 400;\">:<\/span>\n<ul>\n<li style=\"font-weight: 400;\" aria-level=\"2\"><span style=\"font-weight: 400;\">Vec\u0101s elektroier\u012bces var satur\u0113t kait\u012bgas vielas, kas var kait\u0113t videi un vesel\u012bbai, ja t\u0101s netiek pareizi uzglab\u0101tas vai izn\u012bcin\u0101tas.<\/span><\/li>\n<li style=\"font-weight: 400;\" aria-level=\"2\"><span style=\"font-weight: 400;\">Taj\u0101 pa\u0161\u0101 laik\u0101 tie satur v\u0113rt\u012bgas izejvielas, piem\u0113ram, dzelzi, plastmasu, sudrabu vai stiklu, ko var p\u0101rstr\u0101d\u0101t.<\/span><\/li>\n<\/ul>\n<\/li>\n<\/ul>\n<p><b>3 Uz kur\u0101m ier\u012bc\u0113m tas attiecas? <\/b><b><br \/><\/b><span style=\"font-weight: 400;\">ElektroG attiecas uz liel\u0101ko da\u013cu elektrisko un elektronisko ier\u012b\u010du, ko darbina elektr\u012bba vai elektromagn\u0113tiskie lauki. T\u0101s cita starp\u0101 ietver:<\/span><\/p>\n<ul>\n<li style=\"font-weight: 400;\" aria-level=\"1\"><span style=\"font-weight: 400;\">Klimata dators<\/span><\/li>\n<li style=\"font-weight: 400;\" aria-level=\"1\"><span style=\"font-weight: 400;\">Sild\u012b\u0161anas pakl\u0101ji un kabe\u013ci<\/span><\/li>\n<li style=\"font-weight: 400;\" aria-level=\"1\"><span style=\"font-weight: 400;\">Digit\u0101lais termometrs un higrometrs<\/span><\/li>\n<li style=\"font-weight: 400;\" aria-level=\"1\"><span style=\"font-weight: 400;\">Mitrin\u0101t\u0101ji (miglot\u0101ji)<\/span><\/li>\n<li style=\"font-weight: 400;\" aria-level=\"1\"><span style=\"font-weight: 400;\">Ventilators<\/span><\/li>\n<\/ul>\n<p><span style=\"font-weight: 400;\">Piln\u012bgs attiec\u012bgo kategoriju saraksts ir iek\u013cauts sp\u0113k\u0101 eso\u0161aj\u0101 ties\u012bbu direkt\u012bv\u0101.<\/span><\/p>\n<p><b>4 Ietekm\u0113to ier\u012b\u010du mar\u0137\u0113\u0161ana <\/b><b><br \/><\/b><span style=\"font-weight: 400;\">Ra\u017eojumi, uz kuriem attiecas ElektroG, ir mar\u0137\u0113ti ar simbolu. <\/span><b>p\u0101rsv\u012btrota atkritumu urna<\/b><span style=\"font-weight: 400;\">. Tas nor\u0101da, ka ier\u012bci nedr\u012bkst izmest kop\u0101 ar p\u0101r\u0113jiem atkritumiem, bet t\u0101 ir j\u0101izn\u012bcina, izmantojot sav\u0101k\u0161anas centrus vai atpaka\u013c pie\u0146em\u0161anas sist\u0113mas.<\/span><\/p>\n<p><b>5 ANTSTORE pien\u0101kumi saska\u0146\u0101 ar ElektroG <\/b><b><br \/><\/b><span style=\"font-weight: 400;\">ANTSTORE ir izpild\u012bjis visus ElektroG noteiktos pien\u0101kumus, lai nodro\u0161in\u0101tu videi nekait\u012bgu apglab\u0101\u0161anu:<\/span><\/p>\n<ul>\n<li style=\"font-weight: 400;\" aria-level=\"1\"><b>Re\u0123istr\u0101cija EAR<\/b><span style=\"font-weight: 400;\">:<\/span>\n<ul>\n<li style=\"font-weight: 400;\" aria-level=\"2\"><span style=\"font-weight: 400;\">ANTSTORE ir re\u0123istr\u0113ts EAR (Elektrisko un elektronisko iek\u0101rtu atkritumu re\u0123istra) fond\u0101.<\/span><\/li>\n<li style=\"font-weight: 400;\" aria-level=\"2\"><span style=\"font-weight: 400;\">M\u016bsu EEIA re\u0123istr\u0101cijas numurs: <\/span><b>DE <\/b><span style=\"font-weight: 400;\">54590387.<\/span><\/li>\n<\/ul>\n<\/li>\n<li style=\"font-weight: 400;\" aria-level=\"1\"><b>Pieg\u0101d\u0101t\u0101ju p\u0101rbaude<\/b><span style=\"font-weight: 400;\">:<\/span>\n<ul>\n<li style=\"font-weight: 400;\" aria-level=\"2\"><span style=\"font-weight: 400;\">Visi pieg\u0101d\u0101t\u0101ji ir p\u0101rbaud\u012bti un past\u0101v\u012bgi tiek p\u0101rbaud\u012bti, lai p\u0101rliecin\u0101tos par atbilst\u012bbu re\u0123istr\u0101cijas saist\u012bb\u0101m.<\/span><\/li>\n<\/ul>\n<\/li>\n<li style=\"font-weight: 400;\" aria-level=\"1\"><b>Mar\u0137\u0113\u0161anas pien\u0101kums<\/b><span style=\"font-weight: 400;\">:<\/span>\n<ul>\n<li style=\"font-weight: 400;\" aria-level=\"2\"><span style=\"font-weight: 400;\">Visi ES ra\u017eotie un import\u0113tie produkti ir pien\u0101c\u012bgi mar\u0137\u0113ti.<\/span><\/li>\n<\/ul>\n<\/li>\n<\/ul>\n<ol start=\"6\">\n<li><b> atgrie\u0161anas opcijas ANTSTORE fili\u0101l\u0113 <\/b><b><br \/><\/b><span style=\"font-weight: 400;\">Papildus pa\u0161vald\u012bbu sav\u0101k\u0161anas punktiem ANTSTORE saviem klientiem pied\u0101v\u0101 ar\u012b <\/span><b>br\u012bvpr\u0101t\u012bga atgrie\u0161an\u0101s <\/b><span style=\"font-weight: 400;\">vec\u0101s ier\u012bces:<\/span><\/li>\n<\/ol>\n<ul>\n<li style=\"font-weight: 400;\" aria-level=\"1\"><span style=\"font-weight: 400;\">Klienti var atdot vec\u0101s ier\u012bces <\/span><b>bez maksas <\/b><span style=\"font-weight: 400;\">iep\u0113rkoties m\u016bsu veikal\u0101.<\/span><\/li>\n<li style=\"font-weight: 400;\" aria-level=\"1\"><span style=\"font-weight: 400;\">T\u0101d\u0113j\u0101di m\u0113s atbalst\u0101m \u0113rtu un videi draudz\u012bgu nolietoto elektroier\u012b\u010du utiliz\u0101ciju.<\/span><\/li>\n<\/ul>\n<p><b>Kopsavilkums pat\u0113r\u0113t\u0101jiem<\/b><\/p>\n<ul>\n<li style=\"font-weight: 400;\" aria-level=\"1\"><span style=\"font-weight: 400;\">Izmantojiet sadz\u012bves atkritumu sav\u0101k\u0161anas centrus (\u00d6RE) vai m\u016bsu atpaka\u013c nodo\u0161anas sist\u0113mas veikal\u0101.<\/span><\/li>\n<li style=\"font-weight: 400;\" aria-level=\"1\"><span style=\"font-weight: 400;\">Nekad neizmetiet vecas elektroier\u012bces atkritumos.<\/span><\/li>\n<li style=\"font-weight: 400;\" aria-level=\"1\"><span style=\"font-weight: 400;\">Pal\u012bdziet aizsarg\u0101t vidi un resursus, pareizi atbr\u012bvojoties no atkritumiem.<\/span><\/li>\n<\/ul>\n<p><span style=\"font-weight: 400;\">Ja jums ir v\u0113l k\u0101di jaut\u0101jumi par m\u016bsu atpaka\u013cpie\u0146em\u0161anas un apglab\u0101\u0161anas pakalpojumiem, l\u016bdzu, sazinieties ar mums.<\/span><\/p>\n<p><b>Papildu inform\u0101cija:<\/b><\/p>\n<p><a href=\"https:\/\/www.stiftung-ear.de\/de\/home\"><span style=\"font-weight: 400;\">www.stiftung-ear.de<\/span><\/a><\/p>\n<p><a href=\"https:\/\/www.bmuv.de\/themen\/kreislaufwirtschaft\/abfallarten-und-abfallstroeme\/uebersicht-abfallarten-und-abfallstroeme\"><span style=\"font-weight: 400;\">www.bmu.de<\/span><\/a><\/p>\n\n\t\t\n<style>\n#text-422934022 {\n  text-align: left;\n}\n<\/style>\n\t<\/div>\n\t\n\n\t\t<\/div>\n\t\t\t\t\t<\/div>\n\n\t\n\n<\/div>","protected":false},"excerpt":{"rendered":"","protected":false},"author":1,"featured_media":0,"parent":0,"menu_order":0,"comment_status":"closed","ping_status":"closed","template":"","meta":{"_acf_changed":false,"content-type":"","_monsterinsights_skip_tracking":false,"_monsterinsights_sitenote_active":false,"_monsterinsights_sitenote_note":"","_monsterinsights_sitenote_category":0,"footnotes":""},"class_list":["post-643","page","type-page","status-publish","hentry"],"acf":[],"aioseo_notices":[],"jetpack_sharing_enabled":true,"_links":{"self":[{"href":"https:\/\/antcube.shop\/lv\/wp-json\/wp\/v2\/pages\/643","targetHints":{"allow":["GET"]}}],"collection":[{"href":"https:\/\/antcube.shop\/lv\/wp-json\/wp\/v2\/pages"}],"about":[{"href":"https:\/\/antcube.shop\/lv\/wp-json\/wp\/v2\/types\/page"}],"author":[{"embeddable":true,"href":"https:\/\/antcube.shop\/lv\/wp-json\/wp\/v2\/users\/1"}],"replies":[{"embeddable":true,"href":"https:\/\/antcube.shop\/lv\/wp-json\/wp\/v2\/comments?post=643"}],"version-history":[{"count":6,"href":"https:\/\/antcube.shop\/lv\/wp-json\/wp\/v2\/pages\/643\/revisions"}],"predecessor-version":[{"id":10641,"href":"https:\/\/antcube.shop\/lv\/wp-json\/wp\/v2\/pages\/643\/revisions\/10641"}],"wp:attachment":[{"href":"https:\/\/antcube.shop\/lv\/wp-json\/wp\/v2\/media?parent=643"}],"curies":[{"name":"wp","href":"https:\/\/api.w.org\/{rel}","templated":true}]}}