{"id":641,"date":"2021-07-30T13:35:42","date_gmt":"2021-07-30T11:35:42","guid":{"rendered":"https:\/\/antcube.shop\/?page_id=641"},"modified":"2024-11-29T15:44:57","modified_gmt":"2024-11-29T14:44:57","slug":"bateriju-likums","status":"publish","type":"page","link":"https:\/\/antcube.shop\/lv\/bateriju-likums\/","title":{"rendered":"Akumulatora likums"},"content":{"rendered":"<div id=\"gap-1639681352\" class=\"gap-element clearfix\" style=\"display:block; height:auto;\">\n\t\t\n<style>\n#gap-1639681352 {\n  padding-top: 190px;\n}\n<\/style>\n\t<\/div>\n\t\n\n<div class=\"row\"  id=\"row-597831881\">\n\n\n\t<div id=\"col-378196435\" class=\"col small-12 large-12\"  >\n\t\t\t\t<div class=\"col-inner\"  >\n\t\t\t\n\t\t\t\n\n<h3><b>Piez\u012bmes par Battery Act (BattG)<\/b><\/h3>\n<ol>\n<li><b> baterijas un uzl\u0101d\u0113jamas baterijas ier\u012bc\u0113s <\/b><b><br \/><\/b><span style=\"font-weight: 400;\">Daudzos m\u016bsu produktos ir baterijas vai uzl\u0101d\u0113jamas baterijas, kuras izmanto, piem\u0113ram, t\u0101lvad\u012bbas pults darbin\u0101\u0161anai vai k\u0101 past\u0101v\u012bgi uzst\u0101d\u012btas ier\u012bc\u0113s. Saist\u012bb\u0101 ar \u0161o bateriju vai uzl\u0101d\u0113jamu bateriju p\u0101rdo\u0161anu m\u0113s v\u0113lamies v\u0113rst j\u016bsu uzman\u012bbu uz \u0161\u0101diem jaut\u0101jumiem:<\/span><\/li>\n<li><b> juridiskais pien\u0101kums atgriezt<\/b><\/li>\n<\/ol>\n<ul>\n<li style=\"font-weight: 400;\" aria-level=\"1\"><b>Izlietoto bateriju izn\u012bcin\u0101\u0161ana<\/b><span style=\"font-weight: 400;\"><br \/><\/span><span style=\"font-weight: 400;\"> Saska\u0146\u0101 ar Bateriju likumu izlietot\u0101s baterijas ir bez maksas j\u0101izmet pa\u0161vald\u012bbas atkritumu sav\u0101k\u0161anas centr\u0101, \u012bpa\u0161os izlietoto bateriju konteineros vai pie viet\u0113j\u0101 mazumtirgot\u0101ja.<\/span><\/li>\n<li style=\"font-weight: 400;\" aria-level=\"1\"><b>Aizliegums izmest sadz\u012bves atkritumos<\/b><span style=\"font-weight: 400;\"><br \/><\/span><span style=\"font-weight: 400;\">Izmest baterijas sadz\u012bves atkritumos ir kategoriski aizliegts.<\/span><\/li>\n<\/ul>\n<ol start=\"3\">\n<li><b> atgrie\u0161anas iesp\u0113jas ANTSTORE <\/b><b><br \/><\/b><span style=\"font-weight: 400;\">Ja nev\u0113laties izmantot pa\u0161vald\u012bbas sav\u0101k\u0161anas punktu vai viet\u0113jo mazumtirgot\u0101ju, m\u0113s pied\u0101v\u0101jam jums \u0161\u0101das iesp\u0113jas, k\u0101 atgriezt m\u016bsu pieg\u0101d\u0101t\u0101s baterijas:<\/span><\/li>\n<\/ol>\n<ul>\n<li style=\"font-weight: 400;\" aria-level=\"1\"><b>Bezmaksas atgrie\u0161ana uz vietas<\/b><span style=\"font-weight: 400;\"><br \/><\/span><span style=\"font-weight: 400;\">Akumulatorus varat atgriezt tie\u0161i m\u016bsu veikal\u0101.<\/span><\/li>\n<li style=\"font-weight: 400;\" aria-level=\"1\"><b>Atgrie\u0161an\u0101s pa pastu<\/b><span style=\"font-weight: 400;\"><br \/><\/span><span style=\"font-weight: 400;\">Nos\u016btiet baterijas uz:<\/span><span style=\"font-weight: 400;\"><br \/><\/span><b>ANTSTORE<\/b><b><br \/><\/b><b>Selerweg 41<\/b><b><br \/><\/b><b>D-12169 Berl\u012bne<\/b><\/li>\n<\/ul>\n<ol start=\"4\">\n<li><b> kait\u012bgas vielas saturo\u0161u bateriju mar\u0137\u0113\u0161ana <\/b><b><br \/><\/b><span style=\"font-weight: 400;\">Baterijas, kas satur kait\u012bgas vielas, ir mar\u0137\u0113tas ar simbolu. <\/span><b>p\u0101rsv\u012btrota atkritumu urna<\/b><span style=\"font-weight: 400;\">. Zem \u0161\u012b simbola ir nor\u0101d\u012bti \u0137\u012bmiskie sa\u012bsin\u0101jumi, kas apz\u012bm\u0113 taj\u0101 eso\u0161\u0101s kait\u012bg\u0101s vielas:<\/span><\/li>\n<\/ol>\n<ul>\n<li style=\"font-weight: 400;\" aria-level=\"1\"><b>Pb <\/b><span style=\"font-weight: 400;\">= akumulators satur svinu<\/span><\/li>\n<li style=\"font-weight: 400;\" aria-level=\"1\"><b>Cd <\/b><span style=\"font-weight: 400;\">= baterija satur kadmiju<\/span><\/li>\n<li style=\"font-weight: 400;\" aria-level=\"1\"><b>Hg <\/b><span style=\"font-weight: 400;\">= baterija satur dz\u012bvsudrabu<\/span><\/li>\n<\/ul>\n<ol start=\"5\">\n<li><b> papildu inform\u0101cija<\/b><\/li>\n<\/ol>\n<ul>\n<li style=\"font-weight: 400;\" aria-level=\"1\"><span style=\"font-weight: 400;\">J\u016bs atrad\u012bsiet detaliz\u0113tu inform\u0101ciju:<\/span>\n<ul>\n<li style=\"font-weight: 400;\" aria-level=\"2\"><span style=\"font-weight: 400;\">Pre\u010du pieg\u0101des pavaddokumentos.<\/span><\/li>\n<li style=\"font-weight: 400;\" aria-level=\"2\"><span style=\"font-weight: 400;\">Attiec\u012bg\u0101s ier\u012bces ra\u017eot\u0101ja lieto\u0161anas instrukcij\u0101.<\/span><\/li>\n<\/ul>\n<\/li>\n<li style=\"font-weight: 400;\" aria-level=\"1\"><span style=\"font-weight: 400;\">S\u012bk\u0101ku inform\u0101ciju var ieg\u016bt Battery Act:<\/span>\n<ul>\n<li style=\"font-weight: 400;\" aria-level=\"2\"><span style=\"font-weight: 400;\">Feder\u0101laj\u0101 vides, dabas aizsardz\u012bbas un kodoldro\u0161\u012bbas ministrij\u0101 <\/span><a href=\"http:\/\/www.bmu.de\/abfallwirtschaft\"><span style=\"font-weight: 400;\">(<\/span><span style=\"font-weight: 400;\">www.bmu.de)<\/span><\/a><\/li>\n<li style=\"font-weight: 400;\" aria-level=\"2\"><span style=\"font-weight: 400;\">Feder\u0101laj\u0101 vides a\u0123ent\u016br\u0101 <\/span><a href=\"http:\/\/www.uba.de\"><span style=\"font-weight: 400;\">(<\/span><span style=\"font-weight: 400;\">www.uba.de)<\/span><\/a><\/li>\n<\/ul>\n<\/li>\n<\/ul>\n<p><b>Kopsavilkums<\/b><\/p>\n<ul>\n<li style=\"font-weight: 400;\" aria-level=\"1\"><span style=\"font-weight: 400;\">Baterijas neietilpst sadz\u012bves atkritumos.<\/span><\/li>\n<li style=\"font-weight: 400;\" aria-level=\"1\"><span style=\"font-weight: 400;\">Izmantojiet pa\u0161vald\u012bbu atkritumu sav\u0101k\u0161anas punktus, izlietoto bateriju konteinerus vai atgrie\u0161anas iesp\u0113jas ANTSTORE.<\/span><\/li>\n<li style=\"font-weight: 400;\" aria-level=\"1\"><span style=\"font-weight: 400;\">Piev\u0113rsiet uzman\u012bbu p\u0101rsv\u012btrota atkritumu tvertnes simbolam un pies\u0101r\u0146ot\u0101ju mar\u0137\u0113jumam.<\/span><\/li>\n<\/ul>\n<p><span style=\"font-weight: 400;\">Paldies, ka akt\u012bvi veicin\u0101t vides aizsardz\u012bbu, pareizi atbr\u012bvojoties no baterij\u0101m!<\/span><\/p>\n<h3><br \/><br \/><br \/><br \/><br \/><br \/><\/h3>\n\n\t\t<\/div>\n\t\t\t\t\t<\/div>\n\n\t\n\n<\/div>","protected":false},"excerpt":{"rendered":"","protected":false},"author":1,"featured_media":0,"parent":0,"menu_order":0,"comment_status":"closed","ping_status":"closed","template":"","meta":{"_acf_changed":false,"content-type":"","_monsterinsights_skip_tracking":false,"_monsterinsights_sitenote_active":false,"_monsterinsights_sitenote_note":"","_monsterinsights_sitenote_category":0,"footnotes":""},"class_list":["post-641","page","type-page","status-publish","hentry"],"acf":[],"aioseo_notices":[],"jetpack_sharing_enabled":true,"_links":{"self":[{"href":"https:\/\/antcube.shop\/lv\/wp-json\/wp\/v2\/pages\/641","targetHints":{"allow":["GET"]}}],"collection":[{"href":"https:\/\/antcube.shop\/lv\/wp-json\/wp\/v2\/pages"}],"about":[{"href":"https:\/\/antcube.shop\/lv\/wp-json\/wp\/v2\/types\/page"}],"author":[{"embeddable":true,"href":"https:\/\/antcube.shop\/lv\/wp-json\/wp\/v2\/users\/1"}],"replies":[{"embeddable":true,"href":"https:\/\/antcube.shop\/lv\/wp-json\/wp\/v2\/comments?post=641"}],"version-history":[{"count":3,"href":"https:\/\/antcube.shop\/lv\/wp-json\/wp\/v2\/pages\/641\/revisions"}],"predecessor-version":[{"id":10643,"href":"https:\/\/antcube.shop\/lv\/wp-json\/wp\/v2\/pages\/641\/revisions\/10643"}],"wp:attachment":[{"href":"https:\/\/antcube.shop\/lv\/wp-json\/wp\/v2\/media?parent=641"}],"curies":[{"name":"wp","href":"https:\/\/api.w.org\/{rel}","templated":true}]}}