{"id":639,"date":"2021-07-30T13:35:18","date_gmt":"2021-07-30T11:35:18","guid":{"rendered":"https:\/\/antcube.shop\/?page_id=639"},"modified":"2025-10-16T12:04:23","modified_gmt":"2025-10-16T10:04:23","slug":"maksajumu-veidi","status":"publish","type":"page","link":"https:\/\/antcube.shop\/lv\/maksajumu-veidi\/","title":{"rendered":"Maks\u0101juma metodes"},"content":{"rendered":"<div id=\"gap-398346325\" class=\"gap-element clearfix\" style=\"display:block; height:auto;\">\n\t\t\n<style>\n#gap-398346325 {\n  padding-top: 202px;\n}\n@media (min-width:850px) {\n  #gap-398346325 {\n    padding-top: 172px;\n  }\n}\n<\/style>\n\t<\/div>\n\t\n\n<div class=\"row\"  id=\"row-1170404878\">\n\n\n\t<div id=\"col-1793020332\" class=\"col small-12 large-12\"  >\n\t\t\t\t<div class=\"col-inner\"  >\n\t\t\t\n\t\t\t\n\n<h1>Maks\u0101jumu veidi<\/h1>\n<h3><strong>1. Maks\u0101jumu veidi<\/strong><\/h3>\n<h3><strong>- Priek\u0161apmaksa<\/strong><\/h3>\n<p><img data-recalc-dims=\"1\" loading=\"lazy\" decoding=\"async\" class=\"\" src=\"https:\/\/i0.wp.com\/www.antstore.net\/shop\/images\/icons\/vorkasse.jpg?resize=301%2C97&#038;ssl=1\" alt=\"\" width=\"301\" height=\"97\" \/><\/p>\n<h3><strong>- Sofort\u00fcberweisung \/ Klarna<\/strong><\/h3>\n<p><img data-recalc-dims=\"1\" loading=\"lazy\" decoding=\"async\" class=\"\" src=\"https:\/\/i0.wp.com\/www.antstore.net\/shop\/images\/icons\/sofort.jpg?resize=309%2C99&#038;ssl=1\" alt=\"\" width=\"309\" height=\"99\" \/><\/p>\n<h3><strong>- PayPal<\/strong><\/h3>\n<p><img data-recalc-dims=\"1\" loading=\"lazy\" decoding=\"async\" class=\"\" src=\"https:\/\/i0.wp.com\/www.antstore.net\/shop\/images\/icons\/paypal.jpg?resize=294%2C95&#038;ssl=1\" alt=\"\" width=\"294\" height=\"95\" \/><\/p>\n<p><strong>&#8211;\u00a0<\/strong>- P\u0113c izv\u0113les kred\u012btkarte (Visa vai Mastercard) un tie\u0161ais debets (PayPal pakalpojums).<\/p>\n<p><img data-recalc-dims=\"1\" loading=\"lazy\" decoding=\"async\" class=\"\" src=\"https:\/\/i0.wp.com\/www.antstore.net\/shop\/images\/icons\/visa-master.JPG?resize=270%2C87&#038;ssl=1\" alt=\"\" width=\"270\" height=\"87\" \/><\/p>\n<p>- Kred\u012btkarte (Visa, MasterCard) un tie\u0161ais debets (PayPal pakalpojums).<\/p>\n<h3><strong>2. Maksa par attiec\u012bgo maks\u0101juma veidu:<\/strong><\/h3>\n<p>Par pied\u0101v\u0101tajiem maks\u0101\u0161anas veidiem ES netiek iekas\u0113ta nek\u0101da maksa.<\/p>\n<h3><strong>3. Val\u016bta<\/strong><\/h3>\n<p>Pas\u016bt\u012bjumus var iesniegt un maks\u0101jumus veikt tikai eiro (standarta val\u016bt\u0101). Visas p\u0101r\u0113j\u0101s iesp\u0113jam\u0101s nor\u0101d\u012bt\u0101s val\u016btas kalpo tikai aptuvenam p\u0101rskatam.<br \/>M\u0113s nesniedzam nek\u0101das garantijas par val\u016btas kursa datu aktualit\u0101ti!<\/p>\n<h3><strong>4. Cenas un nodok\u013ci<\/strong><\/h3>\n<p>V\u0101cija: Visas cenas ir ar sp\u0113k\u0101 eso\u0161o PVN.<br \/>Eiropas Savien\u012bba (ne V\u0101cija). Vis\u0101s cen\u0101s ir iek\u013cauts sp\u0113k\u0101 eso\u0161ais PVN, kas attiecas uz komerci\u0101liem klientiem, kuriem ir PVN maks\u0101t\u0101ja apliec\u012bba. tiks piem\u0113rotas neto cenas (bez PVN).<\/p>\n\n\t\t<\/div>\n\t\t\t\t\t<\/div>\n\n\t\n\n<\/div>","protected":false},"excerpt":{"rendered":"","protected":false},"author":1,"featured_media":0,"parent":0,"menu_order":0,"comment_status":"closed","ping_status":"closed","template":"","meta":{"_acf_changed":false,"content-type":"","_monsterinsights_skip_tracking":false,"_monsterinsights_sitenote_active":false,"_monsterinsights_sitenote_note":"","_monsterinsights_sitenote_category":0,"footnotes":""},"class_list":["post-639","page","type-page","status-publish","hentry"],"acf":[],"aioseo_notices":[],"jetpack_sharing_enabled":true,"_links":{"self":[{"href":"https:\/\/antcube.shop\/lv\/wp-json\/wp\/v2\/pages\/639","targetHints":{"allow":["GET"]}}],"collection":[{"href":"https:\/\/antcube.shop\/lv\/wp-json\/wp\/v2\/pages"}],"about":[{"href":"https:\/\/antcube.shop\/lv\/wp-json\/wp\/v2\/types\/page"}],"author":[{"embeddable":true,"href":"https:\/\/antcube.shop\/lv\/wp-json\/wp\/v2\/users\/1"}],"replies":[{"embeddable":true,"href":"https:\/\/antcube.shop\/lv\/wp-json\/wp\/v2\/comments?post=639"}],"version-history":[{"count":9,"href":"https:\/\/antcube.shop\/lv\/wp-json\/wp\/v2\/pages\/639\/revisions"}],"predecessor-version":[{"id":6880,"href":"https:\/\/antcube.shop\/lv\/wp-json\/wp\/v2\/pages\/639\/revisions\/6880"}],"wp:attachment":[{"href":"https:\/\/antcube.shop\/lv\/wp-json\/wp\/v2\/media?parent=639"}],"curies":[{"name":"wp","href":"https:\/\/api.w.org\/{rel}","templated":true}]}}