{"id":630,"date":"2021-07-30T13:32:17","date_gmt":"2021-07-30T11:32:17","guid":{"rendered":"https:\/\/antcube.shop\/?page_id=630"},"modified":"2025-07-23T17:23:54","modified_gmt":"2025-07-23T15:23:54","slug":"juridisks-pazinojums","status":"publish","type":"page","link":"https:\/\/antcube.shop\/lv\/juridisks-pazinojums\/","title":{"rendered":"Juridiskais pazi\u0146ojums"},"content":{"rendered":"<div id=\"gap-1400405478\" class=\"gap-element clearfix\" style=\"display:block; height:auto;\">\n\t\t\n<style>\n#gap-1400405478 {\n  padding-top: 199px;\n}\n@media (min-width:850px) {\n  #gap-1400405478 {\n    padding-top: 190px;\n  }\n}\n<\/style>\n\t<\/div>\n\t\n\n<div class=\"row\"  id=\"row-275954963\">\n\n\n\t<div id=\"col-1310316727\" class=\"col small-12 large-12\"  >\n\t\t\t\t<div class=\"col-inner\"  >\n\t\t\t\n\t\t\t\n\n<h1>Juridiskais pazi\u0146ojums<\/h1>\n<p><strong>ANTCUBE by <\/strong><b>ANTSTORE, Martin Sebesta<\/b><b><br \/><\/b><span style=\"font-weight: 400;\">Selerweg 41<\/span><span style=\"font-weight: 400;\"><br \/><\/span><span style=\"font-weight: 400;\">D-12169 Berl\u012bne<\/span><\/p>\n<p><b>Sazinieties ar<\/b><b><br \/><\/b><span style=\"font-weight: 400;\">T\u0101lrunis: +49 30 439703870<\/span><span style=\"font-weight: 400;\"><br \/><\/span><span style=\"font-weight: 400;\">E-mail:law@ants.de\u00a0<\/span><\/p>\n<p><b>P\u0101rdo\u0161anas nodok\u013ca identifik\u0101cijas numurs: <\/b><span style=\"font-weight: 400;\">DE215167549 <\/span><span style=\"font-weight: 400;\"><br \/><\/span><b>WEEE re\u0123. nr: <\/b><span style=\"font-weight: 400;\">DE54590387<\/span><\/p>\n<p><b>Atbild\u012bgs par saturu saska\u0146\u0101 ar \u00a7 55 Abs. 2 RStV: <\/b><b><br \/><\/b><span style=\"font-weight: 400;\">Martin Sebesta (adrese k\u0101 iepriek\u0161)<\/span><\/p>\n<p><b>Inform\u0101cija par t\u012bmek\u013ca vietnes izmanto\u0161anu<\/b><b><br \/><\/b><span style=\"font-weight: 400;\">Atsevi\u0161\u0137u m\u016bsu vietnes lapu vai sada\u013cu lejupiel\u0101de vai izdruk\u0101\u0161ana ir at\u013cauta priv\u0101tai lieto\u0161anai.<\/span><span style=\"font-weight: 400;\"><br \/><\/span><span style=\"font-weight: 400;\"> \u0160\u012bs vietnes piln\u012bga vai da\u013c\u0113ja reproduc\u0113\u0161ana, izplat\u012b\u0161ana, p\u0101rs\u016bt\u012b\u0161ana (elektroniski vai cit\u0101di), p\u0101rveido\u0161ana vai izmanto\u0161ana publiskos vai komerci\u0101los nol\u016bkos ir aizliegta bez m\u016bsu iepriek\u0161\u0113jas rakstiskas piekri\u0161anas.<\/span><\/p>\n<p><b>At\u013cauta izmanto\u0161ana nekomerci\u0101liem m\u0113r\u0137iem: <\/b><b><br \/><\/b><span style=\"font-weight: 400;\">M\u016bsu produktu att\u0113lu izmanto\u0161ana rekl\u0101mai viet\u0113jos veikalos ir at\u013cauta ar \u0161\u0101diem nosac\u012bjumiem:<\/span><\/p>\n<ul>\n<li style=\"font-weight: 400;\" aria-level=\"1\"><span style=\"font-weight: 400;\">Uz visiem att\u0113liem j\u0101b\u016bt nor\u0101d\u012btam avotam un m\u016bsu logotipam (ANTSTORE\/ ANTCUBE\/ PLANTCUBE). <\/span><span style=\"font-weight: 400;\"><br \/><\/span><b>Iespiestie materi\u0101li: <\/b><span style=\"font-weight: 400;\">Avots: <\/span><a href=\"https:\/\/www.antstore.de\"><span style=\"font-weight: 400;\">www.antstore.de<\/span><span style=\"font-weight: 400;\"><br \/><\/span><\/a><b> T\u012bmek\u013ca vietnes: <\/b><span style=\"font-weight: 400;\">Avots: <\/span><a href=\"https:\/\/www.antstore.de\"><span style=\"font-weight: 400;\">www.antstore.de<\/span><\/a><span style=\"font-weight: 400;\"> (ar saiti uz www.antstore.net\/shop\/) vai <\/span><a href=\"https:\/\/www.antcube.shop\"><span style=\"font-weight: 400;\">www.antcube.shop<\/span><\/a><\/li>\n<\/ul>\n<p><span style=\"font-weight: 400;\">Ja jums ir jaut\u0101jumi par logotipa pareizu izvietojumu un v\u0113laties sa\u0146emt logotipu digit\u0101l\u0101 fail\u0101, l\u016bdzu, sazinieties ar mums, rakstot uz marketing@antcube.de.<\/span><\/p>\n<p><b>Svar\u012bga piez\u012bme: <\/b><b><br \/><\/b><span style=\"font-weight: 400;\">M\u016bsu att\u0113lu izmanto\u0161ana tie\u0161saistes veikalos vai citos komerci\u0101los nol\u016bkos bez rakstiskas at\u013caujas ir aizliegta.<\/span><\/p>\n<p><b>Piez\u012bme par sait\u0113m t\u012bmek\u013ca vietn\u0113 <\/b><b><br \/><\/b><span style=\"font-weight: 400;\">M\u016bsu vietn\u0113 ir saites uz \u0101r\u0113j\u0101m vietn\u0113m. M\u0113s neuz\u0146emamies nek\u0101du atbild\u012bbu par \u0161o t\u012bmek\u013ca viet\u0146u saturu, jo mums nav nek\u0101das ietekmes uz to dizainu un saturu.<\/span><\/p>\n<p><span style=\"font-weight: 400;\">M\u0113s nep\u0101rprotami pazi\u0146ojam, ka nepie\u0146emam \u0101r\u0113jo viet\u0146u saturu k\u0101 savu.<\/span><span style=\"font-weight: 400;\"><br \/><\/span><span style=\"font-weight: 400;\"> Saites m\u016bsu t\u012bmek\u013ca vietn\u0113 ir j\u0101saprot k\u0101 \"dz\u012bvas\" (dinamiskas) atsauces.<\/span><span style=\"font-weight: 400;\"><br \/><\/span><span style=\"font-weight: 400;\"> Ja m\u0113s konstat\u0113sim, ka konkr\u0113ts pied\u0101v\u0101jums, uz kuru esam izveidoju\u0161i saiti, izraisa civiltiesisku vai krimin\u0101latbild\u012bbu, m\u0113s \u0161o saiti no\u0146emsim, ja tas b\u016bs tehniski iesp\u0113jams un pamatoti.<\/span><\/p>\n<p>Dizains, saturs un tehnisk\u0101 \u012bsteno\u0161ana, ko veic: Janik Wiedemann<\/p>\n\n\t\t<\/div>\n\t\t\t\t\t<\/div>\n\n\t\n\n<\/div>","protected":false},"excerpt":{"rendered":"","protected":false},"author":1,"featured_media":0,"parent":0,"menu_order":0,"comment_status":"closed","ping_status":"closed","template":"","meta":{"_acf_changed":false,"content-type":"","_monsterinsights_skip_tracking":false,"_monsterinsights_sitenote_active":false,"_monsterinsights_sitenote_note":"","_monsterinsights_sitenote_category":0,"footnotes":""},"class_list":["post-630","page","type-page","status-publish","hentry"],"acf":[],"aioseo_notices":[],"jetpack_sharing_enabled":true,"_links":{"self":[{"href":"https:\/\/antcube.shop\/lv\/wp-json\/wp\/v2\/pages\/630","targetHints":{"allow":["GET"]}}],"collection":[{"href":"https:\/\/antcube.shop\/lv\/wp-json\/wp\/v2\/pages"}],"about":[{"href":"https:\/\/antcube.shop\/lv\/wp-json\/wp\/v2\/types\/page"}],"author":[{"embeddable":true,"href":"https:\/\/antcube.shop\/lv\/wp-json\/wp\/v2\/users\/1"}],"replies":[{"embeddable":true,"href":"https:\/\/antcube.shop\/lv\/wp-json\/wp\/v2\/comments?post=630"}],"version-history":[{"count":10,"href":"https:\/\/antcube.shop\/lv\/wp-json\/wp\/v2\/pages\/630\/revisions"}],"predecessor-version":[{"id":12006,"href":"https:\/\/antcube.shop\/lv\/wp-json\/wp\/v2\/pages\/630\/revisions\/12006"}],"wp:attachment":[{"href":"https:\/\/antcube.shop\/lv\/wp-json\/wp\/v2\/media?parent=630"}],"curies":[{"name":"wp","href":"https:\/\/api.w.org\/{rel}","templated":true}]}}