{"id":628,"date":"2021-07-30T13:29:33","date_gmt":"2021-07-30T11:29:33","guid":{"rendered":"https:\/\/antcube.shop\/?page_id=628"},"modified":"2025-11-17T11:20:38","modified_gmt":"2025-11-17T10:20:38","slug":"talakpardevejs","status":"publish","type":"page","link":"https:\/\/antcube.shop\/lv\/talakpardevejs\/","title":{"rendered":"K\u013c\u016bsti par t\u0101l\u0101kp\u0101rdev\u0113ju"},"content":{"rendered":"<div id=\"gap-576768412\" class=\"gap-element clearfix\" style=\"display:block; height:auto;\">\n\t\t\n<style>\n#gap-576768412 {\n  padding-top: 181px;\n}\n@media (min-width:550px) {\n  #gap-576768412 {\n    padding-top: 185px;\n  }\n}\n@media (min-width:850px) {\n  #gap-576768412 {\n    padding-top: 137px;\n  }\n}\n<\/style>\n\t<\/div>\n\t\n\n\n  <div class=\"banner has-hover\" id=\"banner-1743988980\">\n          <div class=\"banner-inner fill\">\n        <div class=\"banner-bg fill\" >\n            <img loading=\"lazy\" decoding=\"async\" width=\"900\" height=\"600\" src=\"https:\/\/i0.wp.com\/antcube.shop\/wp-content\/uploads\/2021\/09\/pexels-thirdman-5684382-scaled.jpg?fit=900%2C600&amp;ssl=1\" class=\"bg attachment-large size-large\" alt=\"\" \/>                        <div class=\"overlay\"><\/div>            \n                    <\/div>\n\t\t\n        <div class=\"banner-layers container\">\n            <div class=\"fill banner-link\"><\/div>            \n\n   <div id=\"text-box-602503652\" class=\"text-box banner-layer x0 md-x50 lg-x50 y50 md-y85 lg-y35 res-text\">\n                                <div class=\"text-box-content text dark text-shadow-3\">\n              \n              <div class=\"text-inner text-center\">\n                  \n\n\t<div id=\"text-3513681314\" class=\"text\">\n\t\t\n\n<h1><strong>M\u0113s mekl\u0113jam t\u0101l\u0101kp\u0101rdev\u0113jus!<\/strong><\/h1>\n<p>M\u0113s mekl\u0113jam t\u0101l\u0101kp\u0101rdev\u0113jus un partnerus, lai p\u0101rdotu m\u016bsu ANTCUBE produktus skudru tur\u0113t\u0101jiem vis\u0101 pasaul\u0113. Ja v\u0113laties mums pievienoties un piedal\u012bties skudru un dabas m\u012b\u013cot\u0101ju kopienas veido\u0161an\u0101 vis\u0101 pasaul\u0113.<\/p>\n\t\t\n<style>\n#text-3513681314 {\n  font-size: 0.75rem;\n  line-height: 1;\n  text-align: center;\n}\n@media (min-width:550px) {\n  #text-3513681314 {\n    font-size: 0.95rem;\n  }\n}\n@media (min-width:850px) {\n  #text-3513681314 {\n    font-size: 1.25rem;\n  }\n}\n<\/style>\n\t<\/div>\n\t\n\t<div id=\"text-2120765019\" class=\"text\">\n\t\t\n\n<p>Sazinieties ar mums pa t\u0101lruni\u00a0<\/p>\n\t\t\n<style>\n#text-2120765019 {\n  font-size: 1.05rem;\n  line-height: 0.75;\n}\n@media (min-width:550px) {\n  #text-2120765019 {\n    font-size: 2.25rem;\n  }\n}\n<\/style>\n\t<\/div>\n\t\n\t<div id=\"text-3093763411\" class=\"text\">\n\t\t\n\n<p>sales@antcube.de<\/p>\n\t\t\n<style>\n#text-3093763411 {\n  font-size: 0.75rem;\n  line-height: 0.75;\n}\n@media (min-width:550px) {\n  #text-3093763411 {\n    font-size: 2.25rem;\n  }\n}\n<\/style>\n\t<\/div>\n\t\n\n              <\/div>\n           <\/div>\n                            \n<style>\n#text-box-602503652 {\n  width: 100%;\n}\n#text-box-602503652 .text-box-content {\n  font-size: 100%;\n}\n@media (min-width:550px) {\n  #text-box-602503652 {\n    width: 87%;\n  }\n}\n<\/style>\n    <\/div>\n \n\n        <\/div>\n      <\/div>\n\n              <div class=\"height-fix is-invisible\"><img loading=\"lazy\" decoding=\"async\" width=\"900\" height=\"600\" src=\"https:\/\/i0.wp.com\/antcube.shop\/wp-content\/uploads\/2021\/09\/pexels-thirdman-5684382-scaled.jpg?fit=900%2C600&amp;ssl=1\" class=\"attachment-large size-large\" alt=\"\" srcset=\"https:\/\/i0.wp.com\/antcube.shop\/wp-content\/uploads\/2021\/09\/pexels-thirdman-5684382-scaled.jpg?w=2560&amp;ssl=1 2560w, https:\/\/i0.wp.com\/antcube.shop\/wp-content\/uploads\/2021\/09\/pexels-thirdman-5684382-scaled.jpg?resize=510%2C340&amp;ssl=1 510w, https:\/\/i0.wp.com\/antcube.shop\/wp-content\/uploads\/2021\/09\/pexels-thirdman-5684382-scaled.jpg?resize=600%2C400&amp;ssl=1 600w, https:\/\/i0.wp.com\/antcube.shop\/wp-content\/uploads\/2021\/09\/pexels-thirdman-5684382-scaled.jpg?resize=1200%2C800&amp;ssl=1 1200w, https:\/\/i0.wp.com\/antcube.shop\/wp-content\/uploads\/2021\/09\/pexels-thirdman-5684382-scaled.jpg?resize=768%2C512&amp;ssl=1 768w, https:\/\/i0.wp.com\/antcube.shop\/wp-content\/uploads\/2021\/09\/pexels-thirdman-5684382-scaled.jpg?resize=1536%2C1024&amp;ssl=1 1536w, https:\/\/i0.wp.com\/antcube.shop\/wp-content\/uploads\/2021\/09\/pexels-thirdman-5684382-scaled.jpg?resize=2048%2C1365&amp;ssl=1 2048w\" sizes=\"auto, (max-width: 900px) 100vw, 900px\" \/><\/div>\n            \n<style>\n#banner-1743988980 .overlay {\n  background-color: rgba(0, 0, 0, 0.174);\n}\n#banner-1743988980 .banner-bg img {\n  object-position: 50% 45%;\n}\n<\/style>\n  <\/div>\n\n\n\t<div id=\"gap-1097319386\" class=\"gap-element clearfix\" style=\"display:block; height:auto;\">\n\t\t\n<style>\n#gap-1097319386 {\n  padding-top: 30px;\n}\n<\/style>\n\t<\/div>\n\t\n\n<div class=\"row\"  id=\"row-308444213\">\n\n\n\t<div id=\"col-576858756\" class=\"col small-12 large-12\"  >\n\t\t\t\t<div class=\"col-inner\"  >\n\t\t\t\n\t\t\t\n\n<div class=\"wp-block-cover alignfull has-nv-site-bg-background-color has-background-dim\">\n<div class=\"wp-block-cover__inner-container\">\n<h2 class=\"has-text-align-center has-neve-text-color-color has-text-color\">Vai j\u016bs interes\u0113 m\u016bsu produktu p\u0101rdo\u0161ana?<\/h2>\n<\/div>\n<\/div>\n<h2 class=\"has-text-align-center has-medium-font-size\">M\u016bsu m\u0113r\u0137is<\/h2>\n<p class=\"has-text-align-center\">M\u0113s mekl\u0113jam t\u0101l\u0101kp\u0101rdev\u0113jus un partnerus, lai p\u0101rdotu m\u016bsu ANTCUBE produktus skudru tur\u0113t\u0101jiem vis\u0101 pasaul\u0113. M\u0113s v\u0113lamies izveidot starptautisku veikalu \u012bpa\u0161nieku un hobiju cien\u012bt\u0101ju kopienu, lai skudru audz\u0113\u0161ana k\u013c\u016btu popul\u0101r\u0101ka un profesion\u0101l\u0101ka. Ja jums jau pieder veikals vai mekl\u0113jat jaunas biznesa iesp\u0113jas, sazinieties ar mums.<\/p>\n<h2 class=\"has-text-align-center has-medium-font-size\">Skudru tur\u0113\u0161ana ir augo\u0161s bizness<\/h2>\n<p class=\"has-text-align-center\">P\u0113d\u0113jos gados skudru audz\u0113\u0161ana ir k\u013cuvusi \u013coti popul\u0101ra. M\u0113s esam liecinieki tam, ka aizvien pieaug kaisl\u012bgu skudru m\u012b\u013cot\u0101ju kopiena no visas pasaules. Turkl\u0101t m\u0113s sa\u0146emam arvien vair\u0101k piepras\u012bjumu no uz\u0146\u0113mumiem, zoolo\u0123iskajiem d\u0101rziem, muzejiem, universit\u0101t\u0113m, zin\u0101tniskaj\u0101m iest\u0101d\u0113m u. c.<\/p>\n<h2 class=\"has-text-align-center has-medium-font-size\" style=\"font-size: 23.04px;\">\u00a0<\/h2>\n<p><img data-recalc-dims=\"1\" loading=\"lazy\" decoding=\"async\" class=\"size-medium wp-image-3944 aligncenter\" src=\"https:\/\/i0.wp.com\/antcube.shop\/wp-content\/uploads\/2021\/11\/Palette-Beispiel-mit-Export-600x400.jpg?resize=600%2C400&#038;ssl=1\" alt=\"\" width=\"600\" height=\"400\" srcset=\"https:\/\/i0.wp.com\/antcube.shop\/wp-content\/uploads\/2021\/11\/Palette-Beispiel-mit-Export-scaled.jpg?resize=600%2C400&amp;ssl=1 600w, https:\/\/i0.wp.com\/antcube.shop\/wp-content\/uploads\/2021\/11\/Palette-Beispiel-mit-Export-scaled.jpg?resize=1200%2C800&amp;ssl=1 1200w, https:\/\/i0.wp.com\/antcube.shop\/wp-content\/uploads\/2021\/11\/Palette-Beispiel-mit-Export-scaled.jpg?resize=768%2C512&amp;ssl=1 768w, https:\/\/i0.wp.com\/antcube.shop\/wp-content\/uploads\/2021\/11\/Palette-Beispiel-mit-Export-scaled.jpg?resize=1536%2C1024&amp;ssl=1 1536w, https:\/\/i0.wp.com\/antcube.shop\/wp-content\/uploads\/2021\/11\/Palette-Beispiel-mit-Export-scaled.jpg?resize=2048%2C1365&amp;ssl=1 2048w, https:\/\/i0.wp.com\/antcube.shop\/wp-content\/uploads\/2021\/11\/Palette-Beispiel-mit-Export-scaled.jpg?resize=18%2C12&amp;ssl=1 18w, https:\/\/i0.wp.com\/antcube.shop\/wp-content\/uploads\/2021\/11\/Palette-Beispiel-mit-Export-scaled.jpg?resize=510%2C340&amp;ssl=1 510w\" sizes=\"auto, (max-width: 600px) 100vw, 600px\" \/><\/p>\n<h2 class=\"has-text-align-center has-medium-font-size\">K\u0101p\u0113c ANTCUBE?<\/h2>\n<p class=\"has-text-align-center\">M\u0113s esam viens no liel\u0101kajiem un visilg\u0101k past\u0101vo\u0161ajiem skudru veikaliem pasaul\u0113. Vair\u0101k nek\u0101 20 gadu pieredze skudru audz\u0113\u0161an\u0101 un formik\u0101riju veido\u0161an\u0101 ir padar\u012bjusi m\u016bs par to, kas m\u0113s esam \u0161odien. M\u0113s esam p\u0101rliecin\u0101ti, ka kvalit\u0101te, iztur\u012bba un ilgtsp\u0113ja k\u013c\u016bst arvien svar\u012bg\u0101ka. T\u0101p\u0113c m\u0113s koncentr\u0113jamies uz stiklu k\u0101 formik\u0101riju materi\u0101lu. At\u0161\u0137ir\u012bb\u0101 no akrila un plastmasas stikls atst\u0101j daudz maz\u0101ku ekolo\u0123isko ietekmi. Turkl\u0101t m\u0113s str\u0101d\u0101jam pie piln\u012bb\u0101 p\u0101rstr\u0101d\u0101jama iepakojuma.<\/p>\n<p class=\"has-text-align-center\">Stikla priek\u0161roc\u012bba ir ar\u012b t\u0101, ka tas neboj\u0101jas nevien\u0101 skudru tur\u0113\u0161anai piem\u0113rot\u0101 temperat\u016br\u0101 vai mitrum\u0101. Stikla pl\u0101ksnes tik \u0101tri nesaskr\u0101p\u0113, nedeform\u0113jas un neizbal\u0113. T\u012br\u012b\u0161ana un ekspluat\u0101cija ir vienk\u0101r\u0161a, izskats ir \u013coti dabisks un \u0161iks. M\u016bsu aizsardz\u012bba pret izb\u0113g\u0161anu ir \u013coti efekt\u012bva pat \u012bpa\u0161i maz\u0101m skudru sug\u0101m, un ir bezgal\u012bgas piel\u0101go\u0161anas un papla\u0161in\u0101\u0161anas iesp\u0113jas.<\/p>\n<h2 class=\"has-text-align-center has-medium-font-size\">K\u0101p\u0113c skudru tur\u0113\u0161ana?<\/h2>\n<p class=\"has-text-align-center\">Skudras atkar\u012bb\u0101 no sugas ir \u013coti viegli tur\u0113t. Nepiecie\u0161ams maz vietas, un t\u0101s var barot gandr\u012bz ar jebko. Skudras nerada gandr\u012bz nek\u0101das smakas, ir \u013coti t\u012bri dz\u012bvnieki, nerada troksni un p\u0113c kolonijas un formik\u0101rija ieg\u0101des nerada gandr\u012bz nek\u0101das izmaksas. Turkl\u0101t t\u0101s nekad nav j\u0101ved pie veterin\u0101r\u0101rsta.<\/p>\n<p class=\"has-text-align-center\">Skudras ir neticami aizraujo\u0161as. V\u0113rot, k\u0101 viena karaliene gadu gait\u0101 audzina pirmos str\u0101dniekus un p\u0113c tam gadu gait\u0101, pateicoties ide\u0101lai sadarb\u012bbai un resursu izmanto\u0161anai, kolonija izaug l\u012bdz t\u016bksto\u0161iem locek\u013cu, ir unik\u0101la pieredze. T\u0101s ir \u0101rk\u0101rt\u012bgi soci\u0101li dz\u012bvnieki, un da\u017eas sugas veido da\u017e\u0101das kastas, piem\u0113ram, str\u0101dnieku, kareivju, lauksaimnieku vai pat m\u0101su, un uzminiet, kas t\u0101s visas ir m\u0101t\u012btes. Skudras ir ar\u012b \u0101rk\u0101rt\u012bgi svar\u012bgas m\u016bsu apk\u0101rt\u0113jai videi. T\u0101s ne tikai ir sastopamas vis\u0101s apdz\u012bvot\u0101s ekosist\u0113m\u0101s pasaul\u0113, bet ar\u012b ir specializ\u0113t\u0101kas un daudzpus\u012bg\u0101kas nek\u0101 jebkura cita suga. Skudras ir l\u012bdz\u012bgas mums ar\u012b p\u0113c dz\u012bvesveida. Darba dal\u012b\u0161ana, kop\u012bga dz\u012bve liel\u0101s kolonij\u0101s ierobe\u017eot\u0101 telp\u0101 un da\u017e\u0101du bar\u012bbas \u0137\u0113des l\u012bme\u0146u izmanto\u0161ana vis\u0101s ekosist\u0113m\u0101s padara t\u0101s tik veiksm\u012bgas, t\u0101pat k\u0101 m\u016bs, cilv\u0113kus. Vien\u012bg\u0101 at\u0161\u0137ir\u012bba ir t\u0101, ka m\u0113s ne tuvu neesam tik efekt\u012bvi, un skudras past\u0101v jau vair\u0101k nek\u0101 130 miljonus gadu, kam\u0113r cilv\u0113ki tikai aptuveni 300 000 gadu.<\/p>\n\n\t\t<\/div>\n\t\t\t\t\t<\/div>\n\n\t\n\n<\/div>\n<div class=\"row\"  id=\"row-1270397165\">\n\n\n\t<div id=\"col-1176286875\" class=\"col medium-6 large-6\"  >\n\t\t\t\t<div class=\"col-inner\" style=\"background-color:#61ca9f;\" >\n\t\t\t\n\t\t\t\n\n<div class=\"container section-title-container\" ><h3 class=\"section-title section-title-normal\"><b aria-hidden=\"true\"><\/b><span class=\"section-title-main\" ><i class=\"icon-envelop\" aria-hidden=\"true\"><\/i>Sazinieties ar mums<\/span><b aria-hidden=\"true\"><\/b><\/h3><\/div>\n\n\t<div id=\"text-3678972160\" class=\"text\">\n\t\t\n\n<\/p>\n<ul>\n<li><strong>E-pasts<\/strong>: sales@antcube.de<\/li>\n<li><strong>T\u0101lrunis<\/strong>: +49 30 439703870<\/li>\n<\/ul>\n<p><strong>Darba laiks <\/strong>(UTC\/GMT +1):<\/p>\n<ul>\n<li>No otrdienas l\u012bdz piektdienai no 10:00 l\u012bdz 18:00<\/li>\n<\/ul>\n\n\t\t\n<style>\n#text-3678972160 {\n  font-size: 0.75rem;\n}\n@media (min-width:550px) {\n  #text-3678972160 {\n    font-size: 1.5rem;\n  }\n}\n<\/style>\n\t<\/div>\n\t\n\t<div id=\"gap-1399473529\" class=\"gap-element clearfix\" style=\"display:block; height:auto;\">\n\t\t\n<style>\n#gap-1399473529 {\n  padding-top: 60px;\n}\n<\/style>\n\t<\/div>\n\t\n\n\t<div class=\"img has-hover x md-x lg-x y md-y lg-y\" id=\"image_1530351009\">\n\t\t\t\t\t\t\t\t<div class=\"img-inner dark\" >\n\t\t\t<img data-recalc-dims=\"1\" loading=\"lazy\" decoding=\"async\" width=\"900\" height=\"900\" src=\"https:\/\/i0.wp.com\/antcube.shop\/wp-content\/uploads\/2021\/09\/Firmeneingang.jpg?resize=900%2C900&#038;ssl=1\" class=\"attachment-original size-original\" alt=\"ANTSTORE ieeja\" srcset=\"https:\/\/i0.wp.com\/antcube.shop\/wp-content\/uploads\/2021\/09\/Firmeneingang.jpg?w=900&amp;ssl=1 900w, https:\/\/i0.wp.com\/antcube.shop\/wp-content\/uploads\/2021\/09\/Firmeneingang.jpg?resize=247%2C247&amp;ssl=1 247w, https:\/\/i0.wp.com\/antcube.shop\/wp-content\/uploads\/2021\/09\/Firmeneingang.jpg?resize=100%2C100&amp;ssl=1 100w, https:\/\/i0.wp.com\/antcube.shop\/wp-content\/uploads\/2021\/09\/Firmeneingang.jpg?resize=510%2C510&amp;ssl=1 510w, https:\/\/i0.wp.com\/antcube.shop\/wp-content\/uploads\/2021\/09\/Firmeneingang.jpg?resize=400%2C400&amp;ssl=1 400w, https:\/\/i0.wp.com\/antcube.shop\/wp-content\/uploads\/2021\/09\/Firmeneingang.jpg?resize=800%2C800&amp;ssl=1 800w, https:\/\/i0.wp.com\/antcube.shop\/wp-content\/uploads\/2021\/09\/Firmeneingang.jpg?resize=280%2C280&amp;ssl=1 280w, https:\/\/i0.wp.com\/antcube.shop\/wp-content\/uploads\/2021\/09\/Firmeneingang.jpg?resize=768%2C768&amp;ssl=1 768w\" sizes=\"auto, (max-width: 900px) 100vw, 900px\" \/>\t\t\t\t\t\t\n\t\t\t\t\t<\/div>\n\t\t\t\t\t\t\t\t\n<style>\n#image_1530351009 {\n  width: 100%;\n}\n<\/style>\n\t<\/div>\n\t\n\n\n\t\t<\/div>\n\t\t\t\t\t<\/div>\n\n\t\n\n\t<div id=\"col-1507416040\" class=\"col medium-6 large-6\"  >\n\t\t\t\t<div class=\"col-inner\"  >\n\t\t\t\n\t\t\t\n\n<div class=\"container section-title-container\" ><h3 class=\"section-title section-title-normal\"><b aria-hidden=\"true\"><\/b><span class=\"section-title-main\" >Apmekl\u0113jiet m\u016bsu veikalu<\/span><b aria-hidden=\"true\"><\/b><\/h3><\/div>\n\n\t<div id=\"text-1060939883\" class=\"text\">\n\t\t\n\n<p><strong>Adrese:<\/strong><\/p>\n<ul>\n<li>ielas: Selerweg 41<\/li>\n<li>Pasta indekss: D - 12169<\/li>\n<li>Pils\u0113ta: Berl\u012bne<\/li>\n<li>Valsts: V\u0101cija<\/li>\n<li>Rajons: Steglitz-Zehlendorf<\/li>\n<\/ul>\n<p><strong>Darba laiks<\/strong> (UTC\/GMT +1)<\/p>\n<ul>\n<li>No otrdienas l\u012bdz piektdienai 13:00 - 18:00<\/li>\n<\/ul>\n<p><strong>COVID-19 PIEZ\u012aME:<\/strong> M\u016bsu mazumtirdzniec\u012bbas veikals ir <strong>sl\u0113gts no 2020. gada marta<\/strong> vai v\u0113l nav pieejami apmekl\u0113t\u0101jiem. Tom\u0113r j\u016bs varat pas\u016bt\u012bt un samaks\u0101t par m\u016bsu produktiem tie\u0161saist\u0113 un p\u0113c tam vai nu sa\u0146emt visu pie m\u016bsu durv\u012bm, vai ar\u012b m\u0113s nos\u016bt\u012bsim produktus ar paku uz j\u016bsu m\u0101j\u0101m. M\u016bsu atbalsta komanda joproj\u0101m ir pieejama j\u016bsu piepras\u012bjumiem pa e-pastu vai t\u0101lruni! M\u0113s j\u016bs inform\u0113sim par jaun\u0101ko inform\u0101ciju.<\/p>\n<p><iframe loading=\"lazy\" style=\"border: 0;\" src=\"https:\/\/www.google.com\/maps\/embed?pb=!1m18!1m12!1m3!1d2431.3708399886823!2d13.335121715997175!3d52.454311048847416!2m3!1f0!2f0!3f0!3m2!1i1024!2i768!4f13.1!3m3!1m2!1s0x47a85a9242e5bc07%3A0xc44ee1d5a0728440!2sANTSTORE!5e0!3m2!1sde!2sde!4v1632470583913!5m2!1sde!2sde\" width=\"600\" height=\"450\" allowfullscreen=\"allowfullscreen\"><\/iframe><\/p>\n\t\t\n<style>\n#text-1060939883 {\n  font-size: 0.75rem;\n}\n<\/style>\n\t<\/div>\n\t\n\n\t\t<\/div>\n\t\t\t\t\t<\/div>\n\n\t\n\n<\/div>","protected":false},"excerpt":{"rendered":"","protected":false},"author":1,"featured_media":0,"parent":0,"menu_order":0,"comment_status":"closed","ping_status":"closed","template":"","meta":{"_acf_changed":false,"content-type":"","_monsterinsights_skip_tracking":false,"_monsterinsights_sitenote_active":false,"_monsterinsights_sitenote_note":"","_monsterinsights_sitenote_category":0,"footnotes":""},"class_list":["post-628","page","type-page","status-publish","hentry"],"acf":[],"aioseo_notices":[],"jetpack_sharing_enabled":true,"_links":{"self":[{"href":"https:\/\/antcube.shop\/lv\/wp-json\/wp\/v2\/pages\/628","targetHints":{"allow":["GET"]}}],"collection":[{"href":"https:\/\/antcube.shop\/lv\/wp-json\/wp\/v2\/pages"}],"about":[{"href":"https:\/\/antcube.shop\/lv\/wp-json\/wp\/v2\/types\/page"}],"author":[{"embeddable":true,"href":"https:\/\/antcube.shop\/lv\/wp-json\/wp\/v2\/users\/1"}],"replies":[{"embeddable":true,"href":"https:\/\/antcube.shop\/lv\/wp-json\/wp\/v2\/comments?post=628"}],"version-history":[{"count":10,"href":"https:\/\/antcube.shop\/lv\/wp-json\/wp\/v2\/pages\/628\/revisions"}],"predecessor-version":[{"id":12738,"href":"https:\/\/antcube.shop\/lv\/wp-json\/wp\/v2\/pages\/628\/revisions\/12738"}],"wp:attachment":[{"href":"https:\/\/antcube.shop\/lv\/wp-json\/wp\/v2\/media?parent=628"}],"curies":[{"name":"wp","href":"https:\/\/api.w.org\/{rel}","templated":true}]}}