{"id":616,"date":"2021-07-30T13:10:43","date_gmt":"2021-07-30T11:10:43","guid":{"rendered":"https:\/\/antcube.shop\/?page_id=616"},"modified":"2023-12-15T13:09:49","modified_gmt":"2023-12-15T12:09:49","slug":"lejupieladet","status":"publish","type":"page","link":"https:\/\/antcube.shop\/lv\/lejupieladet\/","title":{"rendered":"Lejupiel\u0101d\u0113t"},"content":{"rendered":"<div id=\"gap-918250938\" class=\"gap-element clearfix\" style=\"display:block; height:auto;\">\n\t\t\n<style>\n#gap-918250938 {\n  padding-top: 196px;\n}\n@media (min-width:850px) {\n  #gap-918250938 {\n    padding-top: 171px;\n  }\n}\n<\/style>\n\t<\/div>\n\t\n\n<div class=\"row\"  id=\"row-1656263561\">\n\n\n\t<div id=\"col-2138411098\" class=\"col small-12 large-12\"  >\n\t\t\t\t<div class=\"col-inner\"  >\n\t\t\t\n\t\t\t\n\n<h1 style=\"text-align: center;\">Lejupiel\u0101d\u0113t<\/h1>\n<p style=\"text-align: center;\">\u0160eit atrad\u012bsiet p\u0101rskatu par m\u016bsu bezmaksas lejupiel\u0101d\u0113jamo saturu.<\/p>\n<h3 class=\"accordion_title\">Lietot\u0101ja rokasgr\u0101matas m\u016bsu starta komplektiem<\/h3><div class=\"accordion\">\n\n\t<div id=\"accordion-688605750\" class=\"accordion-item\">\n\t\t<a id=\"accordion-688605750-label\" class=\"accordion-title plain\" href=\"#accordion-item-german-user-manuals\" aria-expanded=\"false\" aria-controls=\"accordion-688605750-content\">\n\t\t\t<button class=\"toggle\" aria-label=\"P\u0101rsl\u0113gt\"><i class=\"icon-angle-down\" aria-hidden=\"true\"><\/i><\/button>\n\t\t\t<span>V\u0101cu valodas lietot\u0101ja rokasgr\u0101matas<\/span>\n\t\t<\/a>\n\t\t<div id=\"accordion-688605750-content\" class=\"accordion-inner\" aria-labelledby=\"accordion-688605750-label\">\n\t\t\t\n\n<p><a href=\"https:\/\/antcube.shop\/wp-content\/uploads\/2021\/10\/Gebrauchsanweisung-Starter-Set-Combi-1.pdf\">Gebrauchsanweisung Starter Set Combi<\/a><\/p>\n<p><a href=\"https:\/\/antcube.shop\/wp-content\/uploads\/2021\/10\/Gebrauchsanweisung-Starter-Set-Digfix-1.pdf\">Gebrauchsanweisung Starter Set Digfix<\/a><\/p>\n<p><a href=\"https:\/\/antcube.shop\/wp-content\/uploads\/2021\/10\/Gebrauchsanweisung-Starter-Set-Gips.pdf\">Gebrauchsanweisung Starter Set Gips<\/a><\/p>\n<p><a href=\"https:\/\/antcube.shop\/wp-content\/uploads\/2021\/10\/Gebrauchsanweisung-Starter-Set-Habitat-1.pdf\">Gebrauchsanweisung Starter Set Habitat<\/a><\/p>\n<p><a href=\"https:\/\/antcube.shop\/wp-content\/uploads\/2021\/10\/Gebrauchsanweisung-Starter-Set-Kork.pdf\">Gebrauchsanweisung Starter Set Kork<\/a><\/p>\n<p><a href=\"https:\/\/antcube.shop\/wp-content\/uploads\/2021\/10\/Gebrauchsanweisung-Starter-Set-Ernteameisen.pdf\">Gebrauchsanweisung Starter Set Ernteameisen<\/a><\/p>\n\n\t\t<\/div>\n\t<\/div>\n\t\n\t<div id=\"accordion-1241725372\" class=\"accordion-item\">\n\t\t<a id=\"accordion-1241725372-label\" class=\"accordion-title plain\" href=\"#accordion-item-english-user-manuals\" aria-expanded=\"false\" aria-controls=\"accordion-1241725372-content\">\n\t\t\t<button class=\"toggle\" aria-label=\"P\u0101rsl\u0113gt\"><i class=\"icon-angle-down\" aria-hidden=\"true\"><\/i><\/button>\n\t\t\t<span>Lietot\u0101ja rokasgr\u0101matas ang\u013cu valod\u0101<\/span>\n\t\t<\/a>\n\t\t<div id=\"accordion-1241725372-content\" class=\"accordion-inner\" aria-labelledby=\"accordion-1241725372-label\">\n\t\t\t\n\n<p><a href=\"https:\/\/antcube.shop\/wp-content\/uploads\/2021\/10\/User-manual-Starter-Set-Combi.docx1_.pdf\">Lietot\u0101ja rokasgr\u0101mata - Starter komplekts Combi<\/a><\/p>\n<p><a href=\"https:\/\/antcube.shop\/wp-content\/uploads\/2021\/10\/User-manual-Starter-Set-Digfix-.docx1_.pdf\">Lietot\u0101ja rokasgr\u0101mata - Starter komplekts Digfix<\/a><\/p>\n<p><a href=\"https:\/\/antcube.shop\/wp-content\/uploads\/2021\/10\/User-manual-Starter-Set-Plaster.docx1_.pdf\">Lietot\u0101ja rokasgr\u0101mata - Starter komplekts \u0122ipsis\/\u0123ipsis<\/a><\/p>\n<p><a href=\"https:\/\/antcube.shop\/wp-content\/uploads\/2021\/10\/User-manual-Starter-Set-Habitat.docx1_.pdf\">Lietot\u0101ja rokasgr\u0101mata - S\u0101kuma komplekts Habitat<\/a><\/p>\n<p><a href=\"https:\/\/antcube.shop\/wp-content\/uploads\/2021\/10\/User-manual-Starter-Set-Cork-.docx1_.pdf\">Lietot\u0101ja rokasgr\u0101mata - Starter komplekts Cork<\/a><\/p>\n<p><a href=\"https:\/\/antcube.shop\/wp-content\/uploads\/2021\/10\/User-manual-Starter-Set-for-Harvester-Ants.docx1_.pdf\">Lietot\u0101ja rokasgr\u0101mata - Starta komplekts skudrul\u012b\u0161iem harvesteriem<\/a><\/p>\n\n\t\t<\/div>\n\t<\/div>\n\t\n\t<div id=\"accordion-3320601760\" class=\"accordion-item\">\n\t\t<a id=\"accordion-3320601760-label\" class=\"accordion-title plain\" href=\"#accordion-item-spanish-user-manuals\" aria-expanded=\"false\" aria-controls=\"accordion-3320601760-content\">\n\t\t\t<button class=\"toggle\" aria-label=\"P\u0101rsl\u0113gt\"><i class=\"icon-angle-down\" aria-hidden=\"true\"><\/i><\/button>\n\t\t\t<span>Sp\u0101\u0146u valodas lietot\u0101ja rokasgr\u0101matas<\/span>\n\t\t<\/a>\n\t\t<div id=\"accordion-3320601760-content\" class=\"accordion-inner\" aria-labelledby=\"accordion-3320601760-label\">\n\t\t\t\n\n<p><a href=\"https:\/\/antcube.shop\/wp-content\/uploads\/2021\/10\/Manual-de-instrucciones-Set-de-inicio-Combi.docx1_.pdf\">Manual de instrucciones - Komplekts Combi<\/a><\/p>\n<p><a href=\"https:\/\/antcube.shop\/wp-content\/uploads\/2021\/10\/Manual-de-instrucciones-Set-de-inicio-Digfix.docx1_.pdf\">Instrukciju rokasgr\u0101mata - Komplekts Digfix<\/a><\/p>\n<p><a href=\"https:\/\/antcube.shop\/wp-content\/uploads\/2021\/10\/Manual-de-instrucciones-Set-de-inicio-de-yeso-.docx1_.pdf\">Manual de instrucciones - Set de inicio de yeso<\/a><\/p>\n<p><a href=\"https:\/\/antcube.shop\/wp-content\/uploads\/2021\/10\/Manual-de-instrucciones-Set-de-inicio-Habitat.docx1_.pdf\">Manual de instrucciones - Set de inicio H\u00e1bitat<\/a><\/p>\n<p><a href=\"https:\/\/antcube.shop\/wp-content\/uploads\/2021\/10\/Manual-de-instrucciones-Set-de-inicio-de-corcho-.docx1_.pdf\">Manual de instrucciones - Set de inicio de corcho<\/a><\/p>\n<p><a href=\"https:\/\/antcube.shop\/wp-content\/uploads\/2021\/10\/Manual-de-instrucciones-Set-de-inicio-para-las-hormigas-de-la-cosecha-_-messor.docx1_.pdf\">Manual de instrucciones - Set de inicio para las hormigas de la cosecha - messor<\/a><\/p>\n\n\t\t<\/div>\n\t<\/div>\n\t\n\t<div id=\"accordion-1291603115\" class=\"accordion-item\">\n\t\t<a id=\"accordion-1291603115-label\" class=\"accordion-title plain\" href=\"#accordion-item-french-user-manuals\" aria-expanded=\"false\" aria-controls=\"accordion-1291603115-content\">\n\t\t\t<button class=\"toggle\" aria-label=\"P\u0101rsl\u0113gt\"><i class=\"icon-angle-down\" aria-hidden=\"true\"><\/i><\/button>\n\t\t\t<span>Fran\u010du valodas lietot\u0101ja rokasgr\u0101matas<\/span>\n\t\t<\/a>\n\t\t<div id=\"accordion-1291603115-content\" class=\"accordion-inner\" aria-labelledby=\"accordion-1291603115-label\">\n\t\t\t\n\n<p><a href=\"https:\/\/antcube.shop\/wp-content\/uploads\/2021\/10\/Manuel-dinstruction-Kit-de-demarrage-Combi.docx1_.pdf\">Manu\u0101ls ar instrukciju - Combi demar\u0101\u017eas komplekts - Kit de d\u00e9marrage Combi<\/a><\/p>\n<p><a href=\"https:\/\/antcube.shop\/wp-content\/uploads\/2021\/10\/Manuel-dinstruction-Kit-de-demarrage-Digfix.docx1_.pdf\">Manu\u0101ls ar instrukcij\u0101m - Digfix demar\u0101\u017eas komplekts - Kit de d\u00e9marrage Digfix<\/a><\/p>\n<p><a href=\"https:\/\/antcube.shop\/wp-content\/uploads\/2021\/10\/Manuel-dinstruction-Set-de-demarrage-platre.docx1_.pdf\">Manu\u0101ls ar instrukcij\u0101m - Demar\u0101\u017eas komplekts pl\u00e2tre<\/a><\/p>\n<p><a href=\"https:\/\/antcube.shop\/wp-content\/uploads\/2021\/10\/Manuel-dinstruction-Kit-de-demarrage-Habitat.docx1_.pdf\">Manu\u0101ls ar instrukcij\u0101m - Demar\u0101\u017eas komplekts Habitat<\/a><\/p>\n<p><a href=\"https:\/\/antcube.shop\/wp-content\/uploads\/2021\/10\/Manuel-dinstruction-Kit-de-demarrage-en-liege.docx1_.pdf\">Manuel d'instruction - Kit de d\u00e9marrage en li\u00e8ge<\/a><\/p>\n<p><a href=\"https:\/\/antcube.shop\/wp-content\/uploads\/2021\/10\/Manuel-dinstruction-Kit-de-demarrage-pour-les-fourmis-moissonneuses_-Messor.docx2_.pdf\">Manuel d'instruction - Kit de d\u00e9marrage pour les fourmis moissonneuses_ Messor<\/a><\/p>\n\n\t\t<\/div>\n\t<\/div>\n\t\n\n<\/div>\n\n\t\t<\/div>\n\t\t\t\t\t<\/div>\n\n\t\n\n<\/div>","protected":false},"excerpt":{"rendered":"","protected":false},"author":1,"featured_media":0,"parent":0,"menu_order":0,"comment_status":"closed","ping_status":"closed","template":"","meta":{"_acf_changed":false,"content-type":"","_monsterinsights_skip_tracking":false,"_monsterinsights_sitenote_active":false,"_monsterinsights_sitenote_note":"","_monsterinsights_sitenote_category":0,"footnotes":""},"class_list":["post-616","page","type-page","status-publish","hentry"],"acf":[],"aioseo_notices":[],"jetpack_sharing_enabled":true,"_links":{"self":[{"href":"https:\/\/antcube.shop\/lv\/wp-json\/wp\/v2\/pages\/616","targetHints":{"allow":["GET"]}}],"collection":[{"href":"https:\/\/antcube.shop\/lv\/wp-json\/wp\/v2\/pages"}],"about":[{"href":"https:\/\/antcube.shop\/lv\/wp-json\/wp\/v2\/types\/page"}],"author":[{"embeddable":true,"href":"https:\/\/antcube.shop\/lv\/wp-json\/wp\/v2\/users\/1"}],"replies":[{"embeddable":true,"href":"https:\/\/antcube.shop\/lv\/wp-json\/wp\/v2\/comments?post=616"}],"version-history":[{"count":10,"href":"https:\/\/antcube.shop\/lv\/wp-json\/wp\/v2\/pages\/616\/revisions"}],"predecessor-version":[{"id":6886,"href":"https:\/\/antcube.shop\/lv\/wp-json\/wp\/v2\/pages\/616\/revisions\/6886"}],"wp:attachment":[{"href":"https:\/\/antcube.shop\/lv\/wp-json\/wp\/v2\/media?parent=616"}],"curies":[{"name":"wp","href":"https:\/\/api.w.org\/{rel}","templated":true}]}}