{"id":500,"date":"2021-07-21T10:22:03","date_gmt":"2021-07-21T08:22:03","guid":{"rendered":"https:\/\/antcube.shop\/?page_id=500"},"modified":"2024-12-03T12:41:56","modified_gmt":"2024-12-03T11:41:56","slug":"noteikumi-un-nosacijumi","status":"publish","type":"page","link":"https:\/\/antcube.shop\/lv\/noteikumi-un-nosacijumi\/","title":{"rendered":"Noteikumi un nosac\u012bjumi"},"content":{"rendered":"<div id=\"gap-1660656533\" class=\"gap-element clearfix\" style=\"display:block; height:auto;\">\n\t\t\n<style>\n#gap-1660656533 {\n  padding-top: 196px;\n}\n@media (min-width:850px) {\n  #gap-1660656533 {\n    padding-top: 190px;\n  }\n}\n<\/style>\n\t<\/div>\n\t\n\n<div class=\"row\"  id=\"row-118800447\">\n\n\n\t<div id=\"col-869011559\" class=\"col small-12 large-12\"  >\n\t\t\t\t<div class=\"col-inner\"  >\n\t\t\t\n\t\t\t\n\n<h1><b>Visp\u0101r\u012bgie noteikumi un nosac\u012bjumi <\/b><\/h1>\n<p><b>vietn\u0113 <\/b><a href=\"http:\/\/www.antcube.shop\"><b>www.antcube.shop<\/b><\/a><span style=\"font-weight: 400;\"> ANTSTORE, Martin Sebesta, Selerweg 41, 12169 Berlin, turpm\u0101k tekst\u0101 \"P\u0101rdev\u0113js\".<\/span><\/p>\n<h2><b>\u00a7 1 Piem\u0113ro\u0161anas joma, visp\u0101r\u012bga inform\u0101cija, defin\u012bcijas<\/b><\/h2>\n<p><span style=\"font-weight: 400;\">(1) \u0160ie Visp\u0101r\u012bgie noteikumi un nosac\u012bjumi (VTN) attiecas uz visiem pre\u010du un pakalpojumu pas\u016bt\u012bjumiem, izmantojot t\u012bmek\u013ca vietnes tie\u0161saistes veikalu. <\/span><b>antcube.shop<\/b><span style=\"font-weight: 400;\">, ko p\u0101rvalda ANTSTORE, Martin Sebesta, Selerweg 41, 12169 Berlin. E-pasts: <\/span><a href=\"mailto:verkauf@antstore.de\"><span style=\"font-weight: 400;\">verkauf@antstore.de<\/span><\/a><span style=\"font-weight: 400;\"> \/ law@ants.de\u00a0<\/span><\/p>\n<p><span style=\"font-weight: 400;\">(2) P\u0101rdev\u0113js sav\u0101 tie\u0161saistes veikal\u0101 pied\u0101v\u0101 produktus skudru tur\u0113\u0161anai un aksesu\u0101rus. Visp\u0101r\u012bgie dar\u012bjumu noteikumi attiecas uz dar\u012bjumu attiec\u012bb\u0101m starp p\u0101rdev\u0113ju un pirc\u0113ju t\u0101d\u0101 redakcij\u0101, k\u0101da t\u0101 ir sp\u0113k\u0101 pas\u016bt\u012bjuma veik\u0161anas br\u012bd\u012b.<\/span><\/p>\n<p><span style=\"font-weight: 400;\">(3) Pat\u0113r\u0113t\u0101js \u0161o Visp\u0101r\u012bgo dar\u012bjumu noteikumu izpratn\u0113 ir jebkura fiziska persona, kas nosl\u0113dz tiesisku dar\u012bjumu nol\u016bkos, kuri p\u0101rsvar\u0101 ir \u0101rpus t\u0101s tirdzniec\u012bbas, uz\u0146\u0113m\u0113jdarb\u012bbas vai profesijas. Uz\u0146\u0113m\u0113ji ir fiziskas vai juridiskas personas vai person\u0101lsabiedr\u012bbas, kas, sl\u0113dzot tiesisku dar\u012bjumu, r\u012bkojas, veicot komercdarb\u012bbu vai pa\u0161nodarbin\u0101t\u012bbu.<\/span><\/p>\n<p><span style=\"font-weight: 400;\">(4) Atsevi\u0161\u0137iem l\u012bgumiem ir augst\u0101ks sp\u0113ks nek\u0101 \u0161iem Visp\u0101r\u012bgajiem noteikumiem. Atk\u0101pes no klienta noteikumiem un nosac\u012bjumiem tiek atz\u012btas tikai tad, ja p\u0101rdev\u0113js tiem ir skaidri piekritis.<\/span><\/p>\n<h2><b>\u00a7 2 L\u012bguma nosl\u0113g\u0161ana<\/b><\/h2>\n<p><span style=\"font-weight: 400;\">(1) Ja vien attiec\u012bg\u0101 produkta lap\u0101 nav nor\u0101d\u012bts cit\u0101di, pieg\u0101des teritorija ietver Eiropas Savien\u012bbu.<\/span><\/p>\n<p><span style=\"font-weight: 400;\">(2) Pre\u010du prezent\u0101cija p\u0101rdev\u0113ja t\u012bmek\u013ca vietn\u0113 ir saisto\u0161s pied\u0101v\u0101jums. Pas\u016bt\u012bt\u0101s preces var nedaudz at\u0161\u0137irties no internet\u0101 att\u0113lotaj\u0101m prec\u0113m sapr\u0101t\u012bg\u0101s robe\u017e\u0101s, kas saist\u012btas ar tehnisk\u0101m noform\u0113juma iesp\u0113j\u0101m, jo \u012bpa\u0161i iesp\u0113jamas kr\u0101su novirzes, cikt\u0101l tas ir pamatoti.<\/span><\/p>\n<p><span style=\"font-weight: 400;\">(3) Atz\u012bm\u0113jot zilo lodzi\u0146u \"<\/span><span style=\"font-weight: 400;\">Ar savu pas\u016bt\u012bjumu j\u016bs apliecin\u0101t, ka esat izlas\u012bjis un sapratis m\u016bsu pied\u0101v\u0101jumu.<\/span><b>&#8221; <\/b><span style=\"font-weight: 400;\">un p\u0113c tam <\/span><span style=\"font-weight: 400;\">noklik\u0161\u0137inot uz pogas \"Pirkt tagad\" vai tiekot novirz\u012btam uz PayPal, izmantojot pogu \"Maks\u0101t ar PayPal\", un pabeidzot maks\u0101juma procesu tur, klients iesniedz saisto\u0161u pied\u0101v\u0101jumu ieg\u0101d\u0101ties preces, kas atrodas iepirkumu groz\u0101, un piekr\u012bt \u0161o Visp\u0101r\u012bgo dar\u012bjumu noteikumu sp\u0113k\u0101 esam\u012bbai.<\/span><\/p>\n<p><span style=\"font-weight: 400;\">(4) P\u0101rdev\u0113js apstiprina pas\u016bt\u012bjuma sa\u0146em\u0161anu pa e-pastu (pas\u016bt\u012bjuma apstiprin\u0101jums). Tom\u0113r \u0161is pas\u016bt\u012bjuma apstiprin\u0101jums nav uzskat\u0101ms par pied\u0101v\u0101juma pie\u0146em\u0161anu. L\u012bgums tiek nosl\u0113gts tikai tad, kad tiek nos\u016bt\u012bts pas\u016bt\u012bjuma apstiprin\u0101jums vai nos\u016bt\u012b\u0161anas apstiprin\u0101jums.<\/span><\/p>\n<p><span style=\"font-weight: 400;\">(5) P\u0101rdev\u0113js patur ties\u012bbas pie\u0146emt vai noraid\u012bt pas\u016bt\u012bjumus piecu darba dienu laik\u0101. Ja pas\u016bt\u012bjums netiek pie\u0146emts, klients par to tiek inform\u0113ts pa e-pastu.<\/span><\/p>\n<p><span style=\"font-weight: 400;\">(6) Gad\u012bjum\u0101, ja rodas neparedz\u0113tas pieg\u0101des probl\u0113mas vai preces nav pieejamas, par ko p\u0101rdev\u0113js nav atbild\u012bgs, gan p\u0101rdev\u0113js, gan klients var atk\u0101pties no l\u012bguma. Klients tiks nekav\u0113joties inform\u0113ts, un veiktie maks\u0101jumi tiks nekav\u0113joties atmaks\u0101ti.<\/span><\/p>\n<p><span style=\"font-weight: 400;\">(7) Ja klients preces pas\u016bta elektroniski, p\u0101rdev\u0113js saglab\u0101 l\u012bguma tekstu un p\u0113c l\u012bguma nosl\u0113g\u0161anas nos\u016bta to klientam kop\u0101 ar juridiski sp\u0113k\u0101 eso\u0161ajiem VDN pa e-pastu.<\/span><\/p>\n<h2><b>\u00a7 3 Klienta konts<\/b><\/h2>\n<p><span style=\"font-weight: 400;\">(1) Iepirkumi m\u016bsu t\u012bmek\u013ca vietn\u0113 parasti ir iesp\u0113jami tikai p\u0113c re\u0123istr\u0101cijas. Tom\u0113r, lai piek\u013c\u016btu noteikt\u0101m funkcij\u0101m, var b\u016bt nepiecie\u0161ams izveidot klienta kontu.<\/span><\/p>\n<p><span style=\"font-weight: 400;\">(2) Uz klienta kontu nav ties\u012bbu. Re\u0123istr\u0113ties var tikai pilngad\u012bgas fiziskas personas, kas kontu izmanto priv\u0101t\u0101m vajadz\u012bb\u0101m, vai uz\u0146\u0113m\u0113ji un juridiskas personas vai person\u0101lsabiedr\u012bbas, kas, sl\u0113dzot tiesisku dar\u012bjumu, darbojas, veicot komercdarb\u012bbu vai patst\u0101v\u012bgu profesion\u0101lo darb\u012bbu. Piek\u013cuves dati ir j\u0101apstr\u0101d\u0101 konfidenci\u0101li, un tos nedr\u012bkst nodot tre\u0161\u0101m person\u0101m.<\/span><\/p>\n<p><span style=\"font-weight: 400;\">(3) Vair\u0101kas re\u0123istr\u0101cijas nav at\u013cautas. Klienti var dz\u0113st savu kontu jebkur\u0101 laik\u0101, izmantojot konta p\u0101rvald\u012bbu.<\/span><\/p>\n<h2><b>\u00a7 4 \u012apa\u0161umties\u012bbu saglab\u0101\u0161ana<\/b><\/h2>\n<p><span style=\"font-weight: 400;\">(1) Pat\u0113r\u0113t\u0101ju gad\u012bjum\u0101 p\u0101rdev\u0113js saglab\u0101 \u012bpa\u0161umties\u012bbas uz preci l\u012bdz piln\u012bgai pirkuma cenas samaksai. Uz\u0146\u0113m\u0113ju gad\u012bjum\u0101 tas ir sp\u0113k\u0101 l\u012bdz br\u012bdim, kad tiek nok\u0101rtotas visas pras\u012bbas, kas izriet no pa\u0161reiz\u0113j\u0101m dar\u012bjumu attiec\u012bb\u0101m.<\/span><\/p>\n<p><span style=\"font-weight: 400;\">(2) Ja klients p\u0101rk\u0101pj l\u012bgumu, jo \u012bpa\u0161i, ja klients nav veicis maks\u0101jumu, sniedzis nepatiesu inform\u0101ciju par savu kred\u012btsp\u0113ju vai ja ir iesniegts pieteikums par maks\u0101tnesp\u0113jas procesa uzs\u0101k\u0161anu, p\u0101rdev\u0113jam ir ties\u012bbas - ja nepiecie\u0161ams, p\u0113c termi\u0146a noteik\u0161anas - atk\u0101pties no l\u012bguma un piepras\u012bt pre\u010du atdo\u0161anu, ja klients v\u0113l nav samaks\u0101jis atl\u012bdz\u012bbu vai nav samaks\u0101jis to piln\u012bb\u0101.<\/span><\/p>\n<p><span style=\"font-weight: 400;\">(3) Uz\u0146\u0113m\u0113jam ir at\u013cauts t\u0101l\u0101k p\u0101rdot preces parast\u0101 uz\u0146\u0113m\u0113jdarb\u012bbas gait\u0101. Ar \u0161o vi\u0146\u0161 nodod P\u0101rdev\u0113jam visus pras\u012bjumus r\u0113\u0137ina summas apm\u0113r\u0101, kas vi\u0146am rodas pret tre\u0161o personu t\u0101l\u0101kp\u0101rdo\u0161anas rezult\u0101t\u0101. P\u0101rdev\u0113js pie\u0146em cesiju. P\u0113c cesijas uz\u0146\u0113m\u0113js ir pilnvarots piedz\u012bt pras\u012bjumu. P\u0101rdev\u0113js patur ties\u012bbas pras\u012bjumu piedz\u012bt pats, tikl\u012bdz uz\u0146\u0113m\u0113js pien\u0101c\u012bgi nepilda savas maks\u0101jumu saist\u012bbas un kav\u0113 maks\u0101jumu.<\/span><\/p>\n<p><span style=\"font-weight: 400;\">(4) P\u0101rdev\u0113js ap\u0146emas p\u0113c Pirc\u0113ja piepras\u012bjuma atbr\u012bvot nodro\u0161in\u0101jumus, uz kuriem tam ir ties\u012bbas, ja nodro\u0161in\u0101jumu realiz\u0101cijas v\u0113rt\u012bba p\u0101rsniedz nodro\u0161in\u0101mo pras\u012bjumu par vair\u0101k nek\u0101 10%. Par atbr\u012bvojamo v\u0113rtspap\u012bru izv\u0113li ir atbild\u012bgs P\u0101rdev\u0113js.<\/span><\/p>\n<h2><b>\u00a7 5 Cenas un maks\u0101\u0161anas noteikumi<\/b><\/h2>\n<p><span style=\"font-weight: 400;\">(1) Nor\u0101d\u012bt\u0101s cenas ir bruto cenas, t\u0101s ir saisto\u0161as un ietver likum\u0101 noteikto PVN, un taj\u0101s nav iek\u013cauts PVN. <a href=\"https:\/\/antcube.shop\/en\/shipping-costs-delivery-restrictions\/\">nos\u016bt\u012b\u0161anas izmaksas<\/a> radu\u0161ies izdevumi, ieskaitot PVN. Tiek piem\u0113rota summa, kas nor\u0101d\u012bta pas\u016bt\u012bjuma veik\u0161anas br\u012bd\u012b. Cena, ieskaitot PVN un pieg\u0101des izmaksas, tiks nor\u0101d\u012bta ar\u012b pas\u016bt\u012bjuma veidlap\u0101, pirms klients iesniegs pas\u016bt\u012bjumu. Pieg\u0101des izmaksas var atrast ar\u012b m\u016bsu <\/span><a href=\"https:\/\/antcube.shop\/en\/shipping-costs-delivery-restrictions\/\"><b>ku\u0123o\u0161anas izmaksu p\u0101rskats.<\/b><\/a><\/p>\n<p><span style=\"font-weight: 400;\">(2) Klients ap\u0146emas samaks\u0101t kop\u0113jo cenu 14 dienu laik\u0101 p\u0113c pas\u016bt\u012bjuma apstiprin\u0101juma sa\u0146em\u0161anas pa e-pastu vai r\u0113\u0137ina sa\u0146em\u0161anas. P\u0113c \u0161\u012b termi\u0146a beig\u0101m klients kav\u0113 maks\u0101jumu. Par kav\u0113juma periodu pat\u0113r\u0113t\u0101js maks\u0101 procentus par par\u0101du 5 procentu punktu apm\u0113r\u0101 virs pamatlikmes. Kav\u0113juma period\u0101 uz\u0146\u0113m\u0113js maks\u0101 procentus par par\u0101du 9 procentu punktu apm\u0113r\u0101 virs pamatlikmes. Maks\u0101juma pras\u012bbas neizpildes gad\u012bjum\u0101 uz\u0146\u0113m\u0113jam ir j\u0101maks\u0101 ar\u012b vienreiz\u0113js maks\u0101jums 40 euro apm\u0113r\u0101. Tas attiecas ar\u012b uz gad\u012bjumiem, ja uz\u0146\u0113m\u0113js kav\u0113 avansa maks\u0101jumu vai citu maks\u0101jumu. P\u0101rdev\u0113js patur ties\u012bbas piepras\u012bt no uz\u0146\u0113m\u0113ja liel\u0101ku zaud\u0113jumu atl\u012bdz\u012bbu par saist\u012bbu neizpildi. Vienreiz\u0113jo maks\u0101jumu saska\u0146\u0101 ar 5. teikumu ieskaita pras\u012bb\u0101 par zaud\u0113jumu atl\u012bdz\u012bbu, cikt\u0101l zaud\u0113jumu pamat\u0101 ir tiesved\u012bbas izmaksas.<\/span><\/p>\n<p><span style=\"font-weight: 400;\">(3) Pirc\u0113jam ir ties\u012bbas veikt ieskaitu tikai tad, ja vi\u0146a pretpras\u012bbas ir likum\u012bgi noteiktas, atz\u012btas vai p\u0101rdev\u0113js t\u0101s neapstr\u012bd. Tas neietekm\u0113 klienta ties\u012bbas veikt ieskaitu pret l\u012bgumiskiem un citiem pras\u012bjumiem, kas radu\u0161ies \u0161o l\u012bgumattiec\u012bbu uzs\u0101k\u0161anas vai izpildes rezult\u0101t\u0101. Klients var izmantot aiztur\u0113juma ties\u012bbas tikai tad, ja vi\u0146a pretpras\u012bba pamatojas uz t\u0101m pa\u0161\u0101m l\u012bgumattiec\u012bb\u0101m.<\/span><\/p>\n<p><span style=\"font-weight: 400;\">(4) P\u0101rdev\u0113js p\u0113c l\u012bguma nosl\u0113g\u0161anas iesp\u0113ju robe\u017e\u0101s \u0146ems v\u0113r\u0101 pas\u016bt\u012bjuma izmai\u0146as, pagarin\u0101jumus un ierobe\u017eojumus. P\u0101rdev\u0113js par to iekas\u0113s apstr\u0101des maksu 10,00 \u20ac ar PVN, ja vien tie nav atcel\u0161anas vai garantijas pras\u012bbas gad\u012bjumi. Par manu\u0101li apstr\u0101d\u0101jamiem pas\u016bt\u012bjumiem, kas netiek apstr\u0101d\u0101ti ar interneta veikala starpniec\u012bbu, m\u0113s iekas\u0113jam apstr\u0101des maksu 20,00 \u20ac apm\u0113r\u0101. \u0160\u012b maksa neattiecas uz pas\u016bt\u012bjumiem ar prec\u0113m, kuras nevar pas\u016bt\u012bt, izmantojot tie\u0161saistes veikalu, piem\u0113ram, individualiz\u0113tiem produktiem.<\/span><\/p>\n<p><span style=\"font-weight: 400;\">(5) Par pas\u016bt\u012btajiem dz\u012bvniekiem, kuri p\u0113c klienta piepras\u012bjuma j\u0101nos\u016bta v\u0113l\u0101k, nek\u0101 noteikts l\u012bgum\u0101, tiks iekas\u0113ta maksa 2,00 \u20ac ar PVN par dienu un gyne (apr\u016bpes centieni) no pas\u016bt\u012bjuma dienas l\u012bdz nos\u016bt\u012b\u0161anas dienai. Maksim\u0101lais termi\u0146\u0161 ir 30 dienas.<\/span><\/p>\n<h2><b>\u00a7 6 <a href=\"https:\/\/antcube.shop\/en\/payment-methods-and-conditions\/\">Maks\u0101juma metodes<\/a><\/b><\/h2>\n<p><span style=\"font-weight: 400;\">(1) Pirkuma cenu var samaks\u0101t avans\u0101, ar bankas p\u0101rskait\u012bjumu, kred\u012btkarti vai PayPal. Maks\u0101jot ar PayPal, tiek piem\u0113roti t\u0101s lieto\u0161anas noteikumi. S\u012bk\u0101ka inform\u0101cija ir atrodama m\u016bsu priv\u0101tuma politik\u0101. <a href=\"https:\/\/antcube.shop\/en\/privacy-policy\/\">priv\u0101tuma politika<\/a>.<\/span><\/p>\n<h2><b>\u00a7 7 Nos\u016bt\u012b\u0161anas un pieg\u0101des nosac\u012bjumi<\/b><\/h2>\n<p><span style=\"font-weight: 400;\">(1) M\u0113s s\u016bt\u012bjumus s\u016bt\u0101m tikai uz Eiropas Savien\u012bbas dal\u012bbvalst\u012bm, iz\u0146emot Eiropas aizj\u016bras teritorijas vai ekskl\u0101vus un re\u0123ionus ar fisk\u0101lu autonomiju (ko Eiropas Savien\u012bba d\u0113v\u0113 par \"att\u0101l\u0101kajiem re\u0123ioniem\"). Paredzamais pieg\u0101des laiks V\u0101cijai un cit\u0101m valst\u012bm ir nor\u0101d\u012bts m\u016bsu <\/span><a href=\"https:\/\/antcube.shop\/en\/shipping-costs-delivery-restrictions\/\"><b>ku\u0123o\u0161anas izmaksu p\u0101rskats.<\/b><\/a><\/p>\n<p><span style=\"font-weight: 400;\">(2) Pieg\u0101des termi\u0146\u0161 s\u0101kas vienu dienu p\u0113c tam, kad ir autoriz\u0113ts maks\u0101jums avansa\/banku p\u0101rskait\u012bjuma vai PayPal maks\u0101juma gad\u012bjum\u0101. Citu maks\u0101jumu veidu gad\u012bjum\u0101 termi\u0146\u0161 s\u0101kas vienu dienu p\u0113c pas\u016bt\u012bjuma veik\u0161anas.<\/span><\/p>\n<p><span style=\"font-weight: 400;\">(3) Ja termi\u0146a s\u0101kums vai beigas iekr\u012bt sestdien\u0101, sv\u0113tdien\u0101 vai sv\u0113tku dien\u0101, termi\u0146a s\u0101kums vai beigas tiek p\u0101rceltas uz n\u0101kamo darbdienu.<\/span><\/p>\n<p><span style=\"font-weight: 400;\">(4) P\u0101rdev\u0113jam ir ties\u012bbas veikt da\u013c\u0113jas pieg\u0101des, ja tas ir pamatoti klientam. Tas klientam nerada nek\u0101das papildu izmaksas.<\/span><\/p>\n<p><span style=\"font-weight: 400;\">(5) Ja klients izv\u0113las sa\u0146emt savu pas\u016bt\u012bjumu m\u016bsu veikal\u0101, vi\u0146\u0161 tiks inform\u0113ts pa e-pastu, ka pas\u016bt\u012bjums ir gatavs sa\u0146em\u0161anai.<\/span><\/p>\n<h2><b>\u00a7 8 Riska nodo\u0161ana<\/b><\/h2>\n<p><span style=\"font-weight: 400;\">(1) Pat\u0113r\u0113t\u0101ju gad\u012bjum\u0101 pre\u010du nejau\u0161as boj\u0101\u0161an\u0101s un boj\u0101\u0161an\u0101s risks p\u0101riet uz klientu ar pre\u010du nodo\u0161anas br\u012bdi.<\/span><\/p>\n<p><span style=\"font-weight: 400;\">(2) Uz\u0146\u0113m\u0113ju gad\u012bjum\u0101 risks p\u0101riet klientam, nododot kravu transporta uz\u0146\u0113mumam.<\/span><\/p>\n<p><span style=\"font-weight: 400;\">(3) Ja klients nav veicis pie\u0146em\u0161anu, tas tiek uzskat\u012bts par l\u012bdzv\u0113rt\u012bgu nodo\u0161anai.<\/span><\/p>\n<h2><b>\u00a7 9. pants Garantija<\/b><\/h2>\n<p><span style=\"font-weight: 400;\">(1) Garantiju reglament\u0113 ties\u012bbu aktu noteikumi. Garantijas termi\u0146\u0161 pat\u0113r\u0113t\u0101jiem ir 2 gadi no pre\u010du pieg\u0101des. Atk\u0101pjoties no t\u0101, garantijas termi\u0146\u0161 uz\u0146\u0113m\u0113jiem ir 1 gads no preces pieg\u0101des. Ar\u012b lietotu pre\u010du garantijas termi\u0146\u0161 ir 1 gads no pre\u010du pieg\u0101des. Viena gada garantijas termi\u0146\u0161 netiek piem\u0113rots, ja p\u0101rdev\u0113ju var aps\u016bdz\u0113t rupj\u0101 nolaid\u012bb\u0101, k\u0101 ar\u012b gad\u012bjum\u0101, ja p\u0101rdev\u0113js ir vainojams fizisku ievainojumu un vesel\u012bbas boj\u0101jumu nodar\u012b\u0161an\u0101, k\u0101 ar\u012b klienta dz\u012bv\u012bbas zaud\u0113\u0161anas gad\u012bjum\u0101, garantijas gad\u012bjum\u0101 un pieg\u0101des regresa gad\u012bjum\u0101 saska\u0146\u0101 ar BGB 478., 479. pantu. Tas neietekm\u0113 p\u0101rdev\u0113ja atbild\u012bbu saska\u0146\u0101 ar Likumu par atbild\u012bbu par prec\u0113m.<\/span><\/p>\n<p><span style=\"font-weight: 400;\">(2) Neatkar\u012bgi no. 1, parasto noilguma termi\u0146u piem\u0113ro, ja p\u0101rdev\u0113js ir kr\u0101pnieciski sl\u0113pis defektu.<\/span><\/p>\n<p><span style=\"font-weight: 400;\">(3) Pas\u016bt\u012bt\u0101s preces var nedaudz at\u0161\u0137irties no internet\u0101 redzamaj\u0101m prec\u0113m sapr\u0101t\u012bg\u0101s robe\u017e\u0101s. Atsauce ir izdar\u012bta uz \u0161o VDN 2. panta 2. punktu.<\/span><\/p>\n<p><span style=\"font-weight: 400;\">(4) Pat\u0113r\u0113t\u0101ji var izv\u0113l\u0113ties starp remontu vai nomai\u0146u. P\u0101rdev\u0113js var atteikties no izv\u0113l\u0113t\u0101 turpm\u0101k\u0101s izpildes veida, ja tas ir iesp\u0113jams tikai ar nesam\u0113r\u012bg\u0101m izmaks\u0101m.<\/span><\/p>\n<p><span style=\"font-weight: 400;\">(5) Par ac\u012bmredzamiem defektiem uz\u0146\u0113m\u0113jiem j\u0101zi\u0146o divu ned\u0113\u013cu laik\u0101 p\u0113c pre\u010du sa\u0146em\u0161anas. Pret\u0113j\u0101 gad\u012bjum\u0101 garantijas pras\u012bba tiek izsl\u0113gta. Lai iev\u0113rotu \u0161o termi\u0146u, pietiek ar savlaic\u012bgu nos\u016bt\u012b\u0161anu vai pazi\u0146o\u0161anu. Uz komersantiem attiecas HGB 377. pants.<\/span><\/p>\n<p><span style=\"font-weight: 400;\">(6) Garantija neattiecas uz boj\u0101jumiem, kas radu\u0161ies nepareizas lieto\u0161anas d\u0113\u013c. Ra\u017eot\u0101ja garantijas netiek skartas.<\/span><\/p>\n<h2><b>\u00a7 10 Atbild\u012bbas ierobe\u017eojumi<\/b><\/h2>\n<p><span style=\"font-weight: 400;\">(1) Nelielas neuzman\u012bbas gad\u012bjum\u0101 P\u0101rdev\u0113js ir atbild\u012bgs tikai par paredzamiem zaud\u0113jumiem, kas ir tipiski l\u012bgumam. \u0160is ierobe\u017eojums attiecas ar\u012b uz p\u0101rdev\u0113ja p\u0101rst\u0101vjiem.<\/span><\/p>\n<p><span style=\"font-weight: 400;\">(2) Atbild\u012bbas ierobe\u017eojumi nav piem\u0113rojami kr\u0101pniecisku nodomu, b\u016btisku l\u012bgumsaist\u012bbu neizpildes vai kait\u0113juma dz\u012bv\u012bbai, vesel\u012bbai vai vesel\u012bbai gad\u012bjum\u0101.<\/span><\/p>\n<p><span style=\"font-weight: 400;\">(3) Klienta pien\u0101kums ir veikt atbilsto\u0161us pas\u0101kumus, lai nov\u0113rstu un mazin\u0101tu kait\u0113jumu.<\/span><\/p>\n<p><span style=\"font-weight: 400;\">(4) P\u0101rdev\u0113js ir atbild\u012bgs tikai par savu tie\u0161saistes veikala t\u012bmek\u013ca vietnes saturu. Cikt\u0101l saites nodro\u0161ina piek\u013cuvi cit\u0101m t\u012bmek\u013ca vietn\u0113m, p\u0101rdev\u0113js nav atbild\u012bgs par taj\u0101s eso\u0161o tre\u0161o personu saturu. Vi\u0146\u0161 nepie\u0146em tre\u0161o personu saturu k\u0101 savu. Ja p\u0101rdev\u0113js uzzina par nelikum\u012bgu saturu \u0101r\u0113j\u0101s t\u012bmek\u013ca vietn\u0113s, vi\u0146\u0161 nekav\u0113joties blo\u0137\u0113 piek\u013cuvi \u0161\u012bm lap\u0101m.<\/span><\/p>\n<h2><b>\u00a7 11 Datu aizsardz\u012bba<\/b><\/h2>\n<p><span style=\"font-weight: 400;\">Pas\u016bt\u012b\u0161anas proces\u0101 sav\u0101ktie dati tiek apstr\u0101d\u0101ti, lai izpild\u012btu l\u012bgumu. S\u012bk\u0101ka inform\u0101cija, jo \u012bpa\u0161i par datu nodo\u0161anu tre\u0161\u0101m person\u0101m, ir atrodama sada\u013c\u0101 <a href=\"https:\/\/antcube.shop\/en\/privacy-policy\/\">priv\u0101tuma politika<\/a> m\u016bsu t\u012bmek\u013ca vietn\u0113.<\/span><\/p>\n<h2><b>\u00a7 12 Nobeiguma noteikumi un str\u012bdu iz\u0161\u0137ir\u0161ana<\/b><\/h2>\n<p><span style=\"font-weight: 400;\">(1) Piem\u0113ro V\u0101cijas Federat\u012bv\u0101s Republikas ties\u012bbu aktus. Attiec\u012bb\u0101 uz pat\u0113r\u0113t\u0101jiem tie ir piem\u0113rojami tikai tikt\u0101l, cikt\u0101l pie\u0161\u0137irt\u0101 aizsardz\u012bba nav ierobe\u017eota ar t\u0101s valsts imperat\u012bvajiem noteikumiem, kur\u0101 ir pat\u0113r\u0113t\u0101ja past\u0101v\u012bg\u0101 dz\u012bvesvieta. ANO Konvencijas par starptautiskajiem pre\u010du pirkuma-p\u0101rdevuma l\u012bgumiem noteikumi nav piem\u0113rojami. \u00a7 16. panta 1. punkts. TDSG 14. panta 2. teikuma 6. punkts netiek skarts.<\/span><\/p>\n<p><span style=\"font-weight: 400;\">(2) Eiropas Komisija nodro\u0161ina platformu str\u012bdu iz\u0161\u0137ir\u0161anai tie\u0161saist\u0113 (OS), kas ir pieejama t\u012bmek\u013ca vietn\u0113 https:\/\/ec.europa.eu\/consumers\/odr. M\u016bsu e-pasta adrese ir: law@ants.de\u00a0<\/span><\/p>\n<p><a href=\"https:\/\/antcube.shop\/en\/shipping-costs-delivery-restrictions\/\"><b>Pieg\u0101des izmaksas\/nos\u016bt\u012b\u0161anas nosac\u012bjumi<\/b><\/a><\/p>\n<p><a href=\"https:\/\/antcube.shop\/en\/privacy-policy\/\"><b>Konfidencialit\u0101tes politika<\/b><\/a><\/p>\n<p><a href=\"https:\/\/antcube.shop\/en\/payment-methods-and-conditions\/\"><b>Maks\u0101jumu iesp\u0113jas<\/b><\/a><\/p>\n<p><a href=\"https:\/\/antcube.shop\/en\/refund-policy\/\"><b>Atcel\u0161anas ties\u012bbas<\/b><\/a><\/p>\n\n\t\t<\/div>\n\t\t\t\t\t<\/div>\n\n\t\n\n<\/div>","protected":false},"excerpt":{"rendered":"","protected":false},"author":1,"featured_media":0,"parent":0,"menu_order":0,"comment_status":"closed","ping_status":"closed","template":"","meta":{"_acf_changed":false,"content-type":"","_monsterinsights_skip_tracking":false,"_monsterinsights_sitenote_active":false,"_monsterinsights_sitenote_note":"","_monsterinsights_sitenote_category":0,"footnotes":""},"class_list":["post-500","page","type-page","status-publish","hentry"],"acf":[],"aioseo_notices":[],"jetpack_sharing_enabled":true,"_links":{"self":[{"href":"https:\/\/antcube.shop\/lv\/wp-json\/wp\/v2\/pages\/500","targetHints":{"allow":["GET"]}}],"collection":[{"href":"https:\/\/antcube.shop\/lv\/wp-json\/wp\/v2\/pages"}],"about":[{"href":"https:\/\/antcube.shop\/lv\/wp-json\/wp\/v2\/types\/page"}],"author":[{"embeddable":true,"href":"https:\/\/antcube.shop\/lv\/wp-json\/wp\/v2\/users\/1"}],"replies":[{"embeddable":true,"href":"https:\/\/antcube.shop\/lv\/wp-json\/wp\/v2\/comments?post=500"}],"version-history":[{"count":10,"href":"https:\/\/antcube.shop\/lv\/wp-json\/wp\/v2\/pages\/500\/revisions"}],"predecessor-version":[{"id":10710,"href":"https:\/\/antcube.shop\/lv\/wp-json\/wp\/v2\/pages\/500\/revisions\/10710"}],"wp:attachment":[{"href":"https:\/\/antcube.shop\/lv\/wp-json\/wp\/v2\/media?parent=500"}],"curies":[{"name":"wp","href":"https:\/\/api.w.org\/{rel}","templated":true}]}}