{"id":2479,"date":"2021-09-30T10:43:05","date_gmt":"2021-09-30T08:43:05","guid":{"rendered":"https:\/\/antcube.shop\/?page_id=2479"},"modified":"2023-12-14T13:31:40","modified_gmt":"2023-12-14T12:31:40","slug":"4-solis","status":"publish","type":"page","link":"https:\/\/antcube.shop\/lv\/skudru-mekletajs\/starpposma\/4-solis\/","title":{"rendered":"4. solis"},"content":{"rendered":"<div id=\"gap-2063926608\" class=\"gap-element clearfix\" style=\"display:block; height:auto;\">\n\t\t\n<style>\n#gap-2063926608 {\n  padding-top: 200px;\n}\n@media (min-width:850px) {\n  #gap-2063926608 {\n    padding-top: 175px;\n  }\n}\n<\/style>\n\t<\/div>\n\t\n\n<div class=\"row\"  id=\"row-865016984\">\n\n\n\t<div id=\"col-303065634\" class=\"col small-12 large-12\"  >\n\t\t\t\t<div class=\"col-inner\"  >\n\t\t\t\n\t\t\t\n\n\t<div id=\"text-3109618402\" class=\"text\">\n\t\t\n\n<h3>Skudras pieredz\u0113ju\u0161iem skudru tur\u0113t\u0101jiem<\/h3>\n<p>T\u0101 k\u0101 skudras dz\u012bvo \u013coti at\u0161\u0137ir\u012bgos biotopos ar \u013coti at\u0161\u0137ir\u012bgiem klimatiskajiem apst\u0101k\u013ciem, jums j\u0101p\u0101rliecin\u0101s, ka varat nodro\u0161in\u0101t atbilsto\u0161u temperat\u016bru un mitrumu.<\/p>\n<p>Lai uztur\u0113tu pareizo mitruma l\u012bmeni, jums vienk\u0101r\u0161i nepiecie\u0161ams mitrin\u0101t skudru fermu, piem\u0113ram, ar smidzin\u0101t\u0101ja pudeli. Tom\u0113r, kad runa ir par pareizas temperat\u016bras uztur\u0113\u0161anu, tas k\u013c\u016bst nedaudz sare\u017e\u0123\u012bt\u0101k. Jums ir nepiecie\u0161ama vai nu sildlampa, sild\u012b\u0161anas pakl\u0101js vai kabelis, vai ar\u012b j\u0101silda telpa, kur\u0101 j\u016bs turat skudras, l\u012bdz pareizai temperat\u016brai.<\/p>\n<p>Tom\u0113r ir daudzas sugas, ko var tur\u0113t istabas temperat\u016br\u0101. Pat ja t\u0101 ir par 1-3 \u00b0C zem\u0101ka par ieteicamo temperat\u016bru, tas parasti nerada probl\u0113mas.\u00a0<\/p>\n\t\t\n<style>\n#text-3109618402 {\n  text-align: center;\n}\n<\/style>\n\t<\/div>\n\t\n\n\t\t<\/div>\n\t\t\t\t\t<\/div>\n\n\t\n\n<\/div>\n\t<div id=\"text-3077846082\" class=\"text\">\n\t\t\n\n<p><strong>Jaut\u0101jums: Vai j\u016bs mekl\u0113jat skudru sugu, kuru var tur\u0113t istabas temperat\u016br\u0101?<\/strong><\/p>\n\t\t\n<style>\n#text-3077846082 {\n  font-size: 1.8rem;\n  text-align: center;\n}\n<\/style>\n\t<\/div>\n\t\n<div class=\"row\"  id=\"row-1045008744\">\n\n\n\t<div id=\"col-1975040987\" class=\"col medium-6 small-12 large-6\"  >\n\t\t\t\t<div class=\"col-inner\"  >\n\t\t\t\n\t\t\t\n\n<a href=\"https:\/\/antcube.shop\/ant-finder\/intermediate\/step-4\/step-7\/\" class=\"button secondary expand\" >\n\t\t<span>J\u0101, es gribu tos uzglab\u0101t istabas temperat\u016br\u0101.<\/span>\n\t<\/a>\n\n\n\n\t\t<\/div>\n\t\t\t\t\t<\/div>\n\n\t\n\n\t<div id=\"col-642172454\" class=\"col medium-6 small-12 large-6\"  >\n\t\t\t\t<div class=\"col-inner\"  >\n\t\t\t\n\t\t\t\n\n<a href=\"https:\/\/antcube.shop\/ant-finder\/intermediate\/step-4\/step-8\/\" class=\"button secondary expand\" >\n\t\t<span>N\u0113, es nodro\u0161in\u0101\u0161u nepiecie\u0161amo temperat\u016bru<\/span>\n\t<\/a>\n\n\n\n\t\t<\/div>\n\t\t\t\t\t<\/div>\n\n\t\n\n<\/div>","protected":false},"excerpt":{"rendered":"","protected":false},"author":1,"featured_media":0,"parent":2468,"menu_order":0,"comment_status":"closed","ping_status":"closed","template":"","meta":{"_acf_changed":false,"content-type":"","_monsterinsights_skip_tracking":false,"_monsterinsights_sitenote_active":false,"_monsterinsights_sitenote_note":"","_monsterinsights_sitenote_category":0,"footnotes":""},"class_list":["post-2479","page","type-page","status-publish","hentry"],"acf":[],"aioseo_notices":[],"jetpack_sharing_enabled":true,"_links":{"self":[{"href":"https:\/\/antcube.shop\/lv\/wp-json\/wp\/v2\/pages\/2479","targetHints":{"allow":["GET"]}}],"collection":[{"href":"https:\/\/antcube.shop\/lv\/wp-json\/wp\/v2\/pages"}],"about":[{"href":"https:\/\/antcube.shop\/lv\/wp-json\/wp\/v2\/types\/page"}],"author":[{"embeddable":true,"href":"https:\/\/antcube.shop\/lv\/wp-json\/wp\/v2\/users\/1"}],"replies":[{"embeddable":true,"href":"https:\/\/antcube.shop\/lv\/wp-json\/wp\/v2\/comments?post=2479"}],"version-history":[{"count":10,"href":"https:\/\/antcube.shop\/lv\/wp-json\/wp\/v2\/pages\/2479\/revisions"}],"predecessor-version":[{"id":6793,"href":"https:\/\/antcube.shop\/lv\/wp-json\/wp\/v2\/pages\/2479\/revisions\/6793"}],"up":[{"embeddable":true,"href":"https:\/\/antcube.shop\/lv\/wp-json\/wp\/v2\/pages\/2468"}],"wp:attachment":[{"href":"https:\/\/antcube.shop\/lv\/wp-json\/wp\/v2\/media?parent=2479"}],"curies":[{"name":"wp","href":"https:\/\/api.w.org\/{rel}","templated":true}]}}