{"id":2468,"date":"2021-09-30T10:04:30","date_gmt":"2021-09-30T08:04:30","guid":{"rendered":"https:\/\/antcube.shop\/?page_id=2468"},"modified":"2023-12-15T12:50:52","modified_gmt":"2023-12-15T11:50:52","slug":"starpposma","status":"publish","type":"page","link":"https:\/\/antcube.shop\/lv\/skudru-mekletajs\/starpposma\/","title":{"rendered":"starpposma"},"content":{"rendered":"<div id=\"gap-307615567\" class=\"gap-element clearfix\" style=\"display:block; height:auto;\">\n\t\t\n<style>\n#gap-307615567 {\n  padding-top: 200px;\n}\n@media (min-width:850px) {\n  #gap-307615567 {\n    padding-top: 175px;\n  }\n}\n<\/style>\n\t<\/div>\n\t\n\n<div class=\"row\"  id=\"row-1537076501\">\n\n\n\t<div id=\"col-1423186988\" class=\"col small-12 large-12\"  >\n\t\t\t\t<div class=\"col-inner\"  >\n\t\t\t\n\t\t\t\n\n\t<div id=\"text-271713268\" class=\"text\">\n\t\t\n\n<h3>Skudras pieredz\u0113ju\u0161iem skudru tur\u0113t\u0101jiem<\/h3>\n<p>Daudz\u0101m aukst\u0101ku re\u0123ionu skudru sug\u0101m ir nepiecie\u0161ams ziemas miegs. Tas at\u0161\u0137iras atkar\u012bb\u0101 no sugas izcelsmes. Skudr\u0101m, kas ziemas miegu p\u0101rziemo savva\u013c\u0101, tas pats j\u0101dara ar\u012b j\u016bsu m\u0101j\u0101s. Ja j\u016bs nedosiet dz\u012bvniekiem dabisko p\u0101rtraukumu, tad kolonijas izaugsme var pal\u0113nin\u0101ties vai m\u0101t\u012bte var nomirt \u013coti agri.\u00a0<\/p>\n<p>Da\u017eas skudras p\u0101rziemo tikai tr\u012bs m\u0113ne\u0161us, bet cit\u0101m nepiecie\u0161ams \u010detru l\u012bdz piecu m\u0113ne\u0161u periods (parasti no novembra l\u012bdz martam). Ar\u012b temperat\u016bra, kas da\u017e\u0101m sug\u0101m nepiecie\u0161ama ziemas miegam, ir at\u0161\u0137ir\u012bga. Piem\u0113ram, Zieme\u013ceiropas sug\u0101m nepiecie\u0161ama temperat\u016bra no 5 \u00b0C l\u012bdz 8 \u00b0C, bet Dienvideiropas sug\u0101m - aptuveni 15 \u00b0C. Zieme\u013ceiropas sugas hibern\u0101cijas laik\u0101 piln\u012bb\u0101 p\u0101rtrauc aktivit\u0101ti, bet Dienvideiropas sugas joproj\u0101m ir nedaudz akt\u012bvas.<\/p>\n\t\t\n<style>\n#text-271713268 {\n  text-align: center;\n}\n<\/style>\n\t<\/div>\n\t\n\n\t\t<\/div>\n\t\t\t\t\t<\/div>\n\n\t\n\n<\/div>\n\t<div id=\"text-369229068\" class=\"text\">\n\t\t\n\n<p><strong>Jaut\u0101jums: Vai j\u016bs mekl\u0113jat skudru sugu ar vai bez ziemas miega?<\/strong><\/p>\n\t\t\n<style>\n#text-369229068 {\n  font-size: 1.8rem;\n  text-align: center;\n}\n<\/style>\n\t<\/div>\n\t\n<div class=\"row\" style=\"max-width:650px\" id=\"row-672487265\">\n\n\n\t<div id=\"col-419972580\" class=\"col medium-6 small-12 large-6\"  >\n\t\t\t\t<div class=\"col-inner\"  >\n\t\t\t\n\t\t\t\n\n<a href=\"https:\/\/antcube.shop\/ant-finder\/intermediate\/step-3\/\" class=\"button secondary expand\" >\n\t\t<span>Skudras, kur\u0101m nepiecie\u0161ama hibern\u0101cija<\/span>\n\t<\/a>\n\n\n\n\t\t<\/div>\n\t\t\t\t\t<\/div>\n\n\t\n\n\t<div id=\"col-1433657312\" class=\"col medium-6 small-12 large-6\"  >\n\t\t\t\t<div class=\"col-inner\"  >\n\t\t\t\n\t\t\t\n\n<a href=\"https:\/\/antcube.shop\/ant-finder\/intermediate\/step-4\/\" class=\"button secondary expand\" >\n\t\t<span>nav hibern\u0101cijas<\/span>\n\t<\/a>\n\n\n\n\t\t<\/div>\n\t\t\t\t\t<\/div>\n\n\t\n\n<\/div>","protected":false},"excerpt":{"rendered":"","protected":false},"author":1,"featured_media":0,"parent":721,"menu_order":0,"comment_status":"closed","ping_status":"closed","template":"","meta":{"_acf_changed":false,"content-type":"","_monsterinsights_skip_tracking":false,"_monsterinsights_sitenote_active":false,"_monsterinsights_sitenote_note":"","_monsterinsights_sitenote_category":0,"footnotes":""},"class_list":["post-2468","page","type-page","status-publish","hentry"],"acf":[],"aioseo_notices":[],"jetpack_sharing_enabled":true,"_links":{"self":[{"href":"https:\/\/antcube.shop\/lv\/wp-json\/wp\/v2\/pages\/2468","targetHints":{"allow":["GET"]}}],"collection":[{"href":"https:\/\/antcube.shop\/lv\/wp-json\/wp\/v2\/pages"}],"about":[{"href":"https:\/\/antcube.shop\/lv\/wp-json\/wp\/v2\/types\/page"}],"author":[{"embeddable":true,"href":"https:\/\/antcube.shop\/lv\/wp-json\/wp\/v2\/users\/1"}],"replies":[{"embeddable":true,"href":"https:\/\/antcube.shop\/lv\/wp-json\/wp\/v2\/comments?post=2468"}],"version-history":[{"count":10,"href":"https:\/\/antcube.shop\/lv\/wp-json\/wp\/v2\/pages\/2468\/revisions"}],"predecessor-version":[{"id":6870,"href":"https:\/\/antcube.shop\/lv\/wp-json\/wp\/v2\/pages\/2468\/revisions\/6870"}],"up":[{"embeddable":true,"href":"https:\/\/antcube.shop\/lv\/wp-json\/wp\/v2\/pages\/721"}],"wp:attachment":[{"href":"https:\/\/antcube.shop\/lv\/wp-json\/wp\/v2\/media?parent=2468"}],"curies":[{"name":"wp","href":"https:\/\/api.w.org\/{rel}","templated":true}]}}