{"id":1345,"date":"2021-09-10T12:00:31","date_gmt":"2021-09-10T10:00:31","guid":{"rendered":"https:\/\/antcube.shop\/?page_id=1345"},"modified":"2023-12-15T10:59:52","modified_gmt":"2023-12-15T09:59:52","slug":"akmens-ligzda","status":"publish","type":"page","link":"https:\/\/antcube.shop\/lv\/formicarium-finder\/ligzdas-tipa\/akmens-ligzda\/","title":{"rendered":"Akmens ligzda"},"content":{"rendered":"<div id=\"gap-102275211\" class=\"gap-element clearfix\" style=\"display:block; height:auto;\">\n\t\t\n<style>\n#gap-102275211 {\n  padding-top: 202px;\n}\n@media (min-width:550px) {\n  #gap-102275211 {\n    padding-top: 196px;\n  }\n}\n@media (min-width:850px) {\n  #gap-102275211 {\n    padding-top: 166px;\n  }\n}\n<\/style>\n\t<\/div>\n\t\n\n\n  <div class=\"banner has-hover\" id=\"banner-1668331004\">\n          <div class=\"banner-inner fill\">\n        <div class=\"banner-bg fill\" >\n            <img data-recalc-dims=\"1\" loading=\"lazy\" decoding=\"async\" width=\"1020\" height=\"765\" src=\"https:\/\/i0.wp.com\/antcube.shop\/wp-content\/uploads\/2021\/09\/Starter-Set-Gips.jpg?resize=1020%2C765&#038;ssl=1\" class=\"bg attachment-original size-original\" alt=\"ANTCUBE Starter Set \u0123ipsis skudr\u0101m\" \/>                                    \n                    <\/div>\n\t\t\n        <div class=\"banner-layers container\">\n            <a class=\"fill\" href=\"https:\/\/antcube.shop\/produkt\/antcube-starter-set-l-20x20-gips\/\"><div class=\"fill banner-link\"><\/div><\/a>            \n\n   <div id=\"text-box-514847651\" class=\"text-box banner-layer x50 md-x50 lg-x50 y5 md-y5 lg-y5 res-text\">\n                                <div class=\"text-box-content text dark text-shadow-4\">\n              \n              <div class=\"text-inner text-center\">\n                  \n\n\t<div id=\"text-536860106\" class=\"text\">\n\t\t\n\n<h3 class=\"uppercase\"><strong>S\u0101kuma komplekti skudr\u0101m, kas ligzdo zem vai starp akme\u0146iem<\/strong><\/h3>\n\n\t\t\n<style>\n#text-536860106 {\n  font-size: 0.75rem;\n  color: rgb(0,0,0);\n}\n#text-536860106 > * {\n  color: rgb(0,0,0);\n}\n<\/style>\n\t<\/div>\n\t\n\n              <\/div>\n           <\/div>\n                            \n<style>\n#text-box-514847651 {\n  width: 100%;\n}\n#text-box-514847651 .text-box-content {\n  font-size: 100%;\n}\n@media (min-width:550px) {\n  #text-box-514847651 {\n    width: 60%;\n  }\n}\n<\/style>\n    <\/div>\n \n\n        <\/div>\n      <\/div>\n\n            \n<style>\n#banner-1668331004 {\n  padding-top: 70.95%;\n}\n#banner-1668331004 .banner-bg img {\n  object-position: 50% 48%;\n}\n@media (min-width:550px) {\n  #banner-1668331004 {\n    padding-top: 50%;\n  }\n}\n@media (min-width:850px) {\n  #banner-1668331004 {\n    padding-top: 700px;\n  }\n}\n<\/style>\n  <\/div>\n\n\n\t<div id=\"gap-810444089\" class=\"gap-element clearfix\" style=\"display:block; height:auto;\">\n\t\t\n<style>\n#gap-810444089 {\n  padding-top: 51px;\n}\n<\/style>\n\t<\/div>\n\t\n\n<div class=\"row\"  id=\"row-598307112\">\n\n\n\t<div id=\"col-2025307012\" class=\"col medium-6 small-12 large-6\"  >\n\t\t\t\t<div class=\"col-inner\"  >\n\t\t\t\n\t\t\t\n\n\t<div id=\"text-1224967375\" class=\"text\">\n\t\t\n\n<h3>M\u016bsu formik\u0101riji un s\u0101kuma komplekti skudr\u0101m, kur\u0101m pat\u012bk ligzdot zem akme\u0146iem vai starp tiem.<\/h3>\n<p>M\u0113s pied\u0101v\u0101jam divu veidu iek\u0101rtas skudr\u0101m, kas ligzdo akme\u0146os. Pirmais ir m\u016bsu starta komplekts \u0122ipsis. Tas ir apr\u012bkots ar skudru fermu ar \u0123ip\u0161a ligzdas ieliktni. Taj\u0101 ir saliekam\u0101s kameras un tune\u013ci skudru kolonijai. J\u016bs varat ar\u012b ieg\u0101d\u0101ties m\u016bsu \u0123ip\u0161a ligzdu ielikt\u0146us un ievietot tos L izm\u0113ra skudru ferm\u0101, lai izveidotu savu komplektu.<\/p>\n<p>Otrs veids ir viena no m\u016bsu Ytong ligzd\u0101m. Abas \u013coti labi pie\u0146em daudzas skudru sugas, piem\u0113ram, Camponotus \u0123ints sugas.<\/p>\n<p>Tikl\u012bdz starta komplekts k\u013c\u016bst p\u0101r\u0101k mazs skudru kolonijai, varat to papla\u0161in\u0101t. \u0160im komplektam var pievienot visas m\u016bsu skudru fermas un ar\u0113nas.<\/p>\n\t\t\n<style>\n#text-1224967375 {\n  text-align: center;\n}\n<\/style>\n\t<\/div>\n\t\n\n\t\t<\/div>\n\t\t\t\t\t<\/div>\n\n\t\n\n\t<div id=\"col-573193641\" class=\"col medium-6 small-12 large-6\"  >\n\t\t\t\t<div class=\"col-inner\"  >\n\t\t\t\n\t\t\t\n\n\t<div class=\"img has-hover x md-x lg-x y md-y lg-y\" id=\"image_1281066199\">\n\t\t<a class=\"image-lightbox lightbox-gallery\" title=\"\" href=\"https:\/\/i0.wp.com\/antcube.shop\/wp-content\/uploads\/2021\/07\/Plaster-with-ants.jpg?fit=1020%2C574&#038;ssl=1\">\t\t\t\t\t\t<div class=\"img-inner image-cover dark\" style=\"padding-top:57%;\">\n\t\t\t<img data-recalc-dims=\"1\" loading=\"lazy\" decoding=\"async\" width=\"1020\" height=\"574\" src=\"https:\/\/i0.wp.com\/antcube.shop\/wp-content\/uploads\/2021\/07\/Plaster-with-ants.jpg?resize=1020%2C574&#038;ssl=1\" class=\"attachment-original size-original\" alt=\"Crematogaster auberti ANTCUBE \u0122ip\u0161a vai \u0123ip\u0161a ligzd\u0101\" srcset=\"https:\/\/i0.wp.com\/antcube.shop\/wp-content\/uploads\/2021\/07\/Plaster-with-ants.jpg?w=1920&amp;ssl=1 1920w, https:\/\/i0.wp.com\/antcube.shop\/wp-content\/uploads\/2021\/07\/Plaster-with-ants.jpg?resize=510%2C287&amp;ssl=1 510w, https:\/\/i0.wp.com\/antcube.shop\/wp-content\/uploads\/2021\/07\/Plaster-with-ants.jpg?resize=711%2C400&amp;ssl=1 711w, https:\/\/i0.wp.com\/antcube.shop\/wp-content\/uploads\/2021\/07\/Plaster-with-ants.jpg?resize=1400%2C788&amp;ssl=1 1400w, https:\/\/i0.wp.com\/antcube.shop\/wp-content\/uploads\/2021\/07\/Plaster-with-ants.jpg?resize=768%2C432&amp;ssl=1 768w, https:\/\/i0.wp.com\/antcube.shop\/wp-content\/uploads\/2021\/07\/Plaster-with-ants.jpg?resize=1536%2C864&amp;ssl=1 1536w\" sizes=\"auto, (max-width: 1020px) 100vw, 1020px\" \/>\t\t\t\t\t\t\n\t\t\t\t\t<\/div>\n\t\t\t\t\t\t<\/a>\t\t\n<style>\n#image_1281066199 {\n  width: 100%;\n}\n<\/style>\n\t<\/div>\n\t\n\n\t<div id=\"text-197637926\" class=\"text\">\n\t\t\n\n<p>Crematogaster auberti \u0123ip\u0161a ligzd\u0101<\/p>\n\t\t\n<style>\n#text-197637926 {\n  text-align: center;\n}\n<\/style>\n\t<\/div>\n\t\n\n\t\t<\/div>\n\t\t\t\t\t<\/div>\n\n\t\n\n<\/div>\n<div class=\"row\"  id=\"row-1655024492\">\n\n\n\t<div id=\"col-789832032\" class=\"col small-12 large-12\"  >\n\t\t\t\t<div class=\"col-inner\"  >\n\t\t\t\n\t\t\t\n\n            <div class=\"row\"><div class=\"large-12 col\">\n          <div style=\"background-color:#FFF;\" class=\"slider flipContainer slider-nav-circle slide box-shadow-2\"\n            data-flickity-options='{              \"cellAlign\": \"center\",              \"wrapAround\": true,              \"percentPosition\": true,              \"imagesLoaded\": true,              \"pageDots\": true,              \"contain\": true          }'>\n                        <div class=\"slide\" style=\"background-color:#FFF;\">  <div class=\"row row-collapse align-middle flip-slide\" style=\"width:100%\">\n        <div class=\"large-6 col flip-page-one\">\n        <div class=\"featured-product col-inner\">\n          <a href=\"https:\/\/antcube.shop\/lv\/products\/antcube-starter-set-l-20x20-gips\/\">\n                <div class=\"product-image relative\">\n                   <div class=\"front-image\">\n                    <img loading=\"lazy\" decoding=\"async\" width=\"510\" height=\"510\" src=\"https:\/\/i0.wp.com\/antcube.shop\/wp-content\/uploads\/2023\/02\/Starter-Set-Gips.jpg?fit=510%2C510&amp;ssl=1\" class=\"attachment-woocommerce_single size-woocommerce_single wp-post-image\" alt=\"S\u0101kuma komplekts apmetums\" srcset=\"https:\/\/i0.wp.com\/antcube.shop\/wp-content\/uploads\/2023\/02\/Starter-Set-Gips.jpg?w=750&amp;ssl=1 750w, https:\/\/i0.wp.com\/antcube.shop\/wp-content\/uploads\/2023\/02\/Starter-Set-Gips.jpg?resize=400%2C400&amp;ssl=1 400w, https:\/\/i0.wp.com\/antcube.shop\/wp-content\/uploads\/2023\/02\/Starter-Set-Gips.jpg?resize=280%2C280&amp;ssl=1 280w, https:\/\/i0.wp.com\/antcube.shop\/wp-content\/uploads\/2023\/02\/Starter-Set-Gips.jpg?resize=12%2C12&amp;ssl=1 12w, https:\/\/i0.wp.com\/antcube.shop\/wp-content\/uploads\/2023\/02\/Starter-Set-Gips.jpg?resize=247%2C247&amp;ssl=1 247w, https:\/\/i0.wp.com\/antcube.shop\/wp-content\/uploads\/2023\/02\/Starter-Set-Gips.jpg?resize=510%2C510&amp;ssl=1 510w, https:\/\/i0.wp.com\/antcube.shop\/wp-content\/uploads\/2023\/02\/Starter-Set-Gips.jpg?resize=100%2C100&amp;ssl=1 100w\" sizes=\"auto, (max-width: 510px) 100vw, 510px\" \/>                  <\/div>\n                  \n<div class=\"badge-container absolute left top z-1\">\n\n<\/div>\n                <\/div>\n          <\/a>\n        <\/div>\n        <\/div>\n       <div class=\"large-6 col flip-page-two\">\n        <div class=\"product-info col-inner inner-padding\">\n              <h1 class=\"entry-title\"><a href=\"https:\/\/antcube.shop\/lv\/products\/antcube-starter-set-l-20x20-gips\/\">ANTCUBE Starter Set L - 20\u00d720 - \u0122ipsis<\/a><\/h1>\n              <div class=\"is-divider medium\"><\/div>\n              <div class=\"price-wrapper\">\n\t<p class=\"price product-page-price\">\n  <span class=\"woocommerce-Price-amount amount\"><bdi>199,90&nbsp;<span class=\"woocommerce-Price-currencySymbol\">\u20ac<\/span><\/bdi><\/span><\/p>\n<\/div>\n<div class=\"product-short-description\">\n\t<p>The set consists of 25 parts and is suitable for various ant species, especially those that nest between or under stones and dig in the ground.<br \/>\nIzm\u0113rs: <span style=\"color: #0000ff;\"><strong>L<\/strong><\/span><\/p>\n<\/div>\n<div class=\"product_meta\">\n\n\t\n\n\t\n\t\t<span class=\"sku_wrapper\">SKU: <span class=\"sku\">1005509<\/span><\/span>\n\n\t\n\t<span class=\"posted_in\">Kategorijas: <a href=\"https:\/\/antcube.shop\/lv\/produkta-kategorija\/starteru-komplekti\/\" rel=\"tag\">S\u0101kuma komplekti<\/a>, <a href=\"https:\/\/antcube.shop\/lv\/produkta-kategorija\/starteru-komplekti\/starteru-komplekti-gipsis\/\" rel=\"tag\">S\u0101kuma komplekti \u0122ipsis<\/a><\/span>\n\t\n\t\n<\/div>\n              <a href=\"https:\/\/antcube.shop\/lv\/products\/antcube-starter-set-l-20x20-gips\/\" class=\"button\">Las\u012bt vair\u0101k<\/a>\n         <\/div>\n        <\/div>\n<\/div>\n<\/div>\n                        <div class=\"slide\" style=\"background-color:#FFF;\">  <div class=\"row row-collapse align-middle flip-slide\" style=\"width:100%\">\n        <div class=\"large-6 col flip-page-one\">\n        <div class=\"featured-product col-inner\">\n          <a href=\"https:\/\/antcube.shop\/lv\/products\/ytongnest-40x20-mit-arena\/\">\n                <div class=\"product-image relative\">\n                   <div class=\"front-image\">\n                    <img loading=\"lazy\" decoding=\"async\" width=\"510\" height=\"383\" src=\"https:\/\/i0.wp.com\/antcube.shop\/wp-content\/uploads\/2021\/10\/Ytongnest-40x20-mit-Arena.jpg?fit=510%2C383&amp;ssl=1\" class=\"attachment-woocommerce_single size-woocommerce_single wp-post-image\" alt=\"Ytongnest 40x20 ar ar\u0113nu skudr\u0101m\" srcset=\"https:\/\/i0.wp.com\/antcube.shop\/wp-content\/uploads\/2021\/10\/Ytongnest-40x20-mit-Arena.jpg?w=2048&amp;ssl=1 2048w, https:\/\/i0.wp.com\/antcube.shop\/wp-content\/uploads\/2021\/10\/Ytongnest-40x20-mit-Arena.jpg?resize=510%2C383&amp;ssl=1 510w, https:\/\/i0.wp.com\/antcube.shop\/wp-content\/uploads\/2021\/10\/Ytongnest-40x20-mit-Arena.jpg?resize=533%2C400&amp;ssl=1 533w, https:\/\/i0.wp.com\/antcube.shop\/wp-content\/uploads\/2021\/10\/Ytongnest-40x20-mit-Arena.jpg?resize=1067%2C800&amp;ssl=1 1067w, https:\/\/i0.wp.com\/antcube.shop\/wp-content\/uploads\/2021\/10\/Ytongnest-40x20-mit-Arena.jpg?resize=768%2C576&amp;ssl=1 768w, https:\/\/i0.wp.com\/antcube.shop\/wp-content\/uploads\/2021\/10\/Ytongnest-40x20-mit-Arena.jpg?resize=1536%2C1152&amp;ssl=1 1536w, https:\/\/i0.wp.com\/antcube.shop\/wp-content\/uploads\/2021\/10\/Ytongnest-40x20-mit-Arena.jpg?resize=16%2C12&amp;ssl=1 16w\" sizes=\"auto, (max-width: 510px) 100vw, 510px\" \/>                  <\/div>\n                  \n<div class=\"badge-container absolute left top z-1\">\n\n<\/div>\n                <\/div>\n          <\/a>\n        <\/div>\n        <\/div>\n       <div class=\"large-6 col flip-page-two\">\n        <div class=\"product-info col-inner inner-padding\">\n              <h1 class=\"entry-title\"><a href=\"https:\/\/antcube.shop\/lv\/products\/ytongnest-40x20-mit-arena\/\">Ytongnest - 40\u00d720 ar ar\u0113nu<\/a><\/h1>\n              <div class=\"is-divider medium\"><\/div>\n              <div class=\"price-wrapper\">\n\t<p class=\"price product-page-price\">\n  <span class=\"woocommerce-Price-amount amount\"><bdi>129,90&nbsp;<span class=\"woocommerce-Price-currencySymbol\">\u20ac<\/span><\/bdi><\/span><\/p>\n<\/div>\n<div class=\"product-short-description\">\n\t<p>Savienojums: 1x14mm 1x27mm<br \/>\nIzm\u0113rs: <strong><span style=\"color: #339966;\">M<\/span><\/strong><strong> &#8211; <span style=\"color: #0000ff;\">L<\/span><\/strong><\/p>\n<\/div>\n<div class=\"product_meta\">\n\n\t\n\n\t\n\t\t<span class=\"sku_wrapper\">SKU: <span class=\"sku\">1003123<\/span><\/span>\n\n\t\n\t<span class=\"posted_in\">Kategorijas: <a href=\"https:\/\/antcube.shop\/lv\/produkta-kategorija\/skudru-terarijs\/\" rel=\"tag\">Skudru ar\u0113nas<\/a>, <a href=\"https:\/\/antcube.shop\/lv\/produkta-kategorija\/formikariji\/\" rel=\"tag\">Formik\u0101riji<\/a><\/span>\n\t\n\t\n<\/div>\n              <a href=\"https:\/\/antcube.shop\/lv\/products\/ytongnest-40x20-mit-arena\/\" class=\"button\">Las\u012bt vair\u0101k<\/a>\n         <\/div>\n        <\/div>\n<\/div>\n<\/div>\n                    <\/div>\n          <\/div><\/div>\n          \n\n\n\t\t<\/div>\n\t\t\t\t\t<\/div>\n\n\t\n\n<\/div>","protected":false},"excerpt":{"rendered":"","protected":false},"author":1,"featured_media":0,"parent":1264,"menu_order":0,"comment_status":"closed","ping_status":"closed","template":"","meta":{"_acf_changed":false,"content-type":"","_monsterinsights_skip_tracking":false,"_monsterinsights_sitenote_active":false,"_monsterinsights_sitenote_note":"","_monsterinsights_sitenote_category":0,"footnotes":""},"class_list":["post-1345","page","type-page","status-publish","hentry"],"acf":[],"aioseo_notices":[],"jetpack_sharing_enabled":true,"_links":{"self":[{"href":"https:\/\/antcube.shop\/lv\/wp-json\/wp\/v2\/pages\/1345","targetHints":{"allow":["GET"]}}],"collection":[{"href":"https:\/\/antcube.shop\/lv\/wp-json\/wp\/v2\/pages"}],"about":[{"href":"https:\/\/antcube.shop\/lv\/wp-json\/wp\/v2\/types\/page"}],"author":[{"embeddable":true,"href":"https:\/\/antcube.shop\/lv\/wp-json\/wp\/v2\/users\/1"}],"replies":[{"embeddable":true,"href":"https:\/\/antcube.shop\/lv\/wp-json\/wp\/v2\/comments?post=1345"}],"version-history":[{"count":10,"href":"https:\/\/antcube.shop\/lv\/wp-json\/wp\/v2\/pages\/1345\/revisions"}],"predecessor-version":[{"id":6835,"href":"https:\/\/antcube.shop\/lv\/wp-json\/wp\/v2\/pages\/1345\/revisions\/6835"}],"up":[{"embeddable":true,"href":"https:\/\/antcube.shop\/lv\/wp-json\/wp\/v2\/pages\/1264"}],"wp:attachment":[{"href":"https:\/\/antcube.shop\/lv\/wp-json\/wp\/v2\/media?parent=1345"}],"curies":[{"name":"wp","href":"https:\/\/api.w.org\/{rel}","templated":true}]}}