{"id":1331,"date":"2021-09-10T10:39:13","date_gmt":"2021-09-10T08:39:13","guid":{"rendered":"https:\/\/antcube.shop\/?page_id=1331"},"modified":"2023-12-15T12:23:13","modified_gmt":"2023-12-15T11:23:13","slug":"augsnes-ligzda","status":"publish","type":"page","link":"https:\/\/antcube.shop\/lv\/formicarium-finder\/ligzdas-tipa\/augsnes-ligzda\/","title":{"rendered":"Augsnes ligzda"},"content":{"rendered":"<div id=\"gap-357348426\" class=\"gap-element clearfix\" style=\"display:block; height:auto;\">\n\t\t\n<style>\n#gap-357348426 {\n  padding-top: 197px;\n}\n@media (min-width:550px) {\n  #gap-357348426 {\n    padding-top: 200px;\n  }\n}\n@media (min-width:850px) {\n  #gap-357348426 {\n    padding-top: 171px;\n  }\n}\n<\/style>\n\t<\/div>\n\t\n\n<div class=\"row\"  id=\"row-1315121935\">\n\n\n\t<div id=\"col-539559870\" class=\"col small-12 large-12\"  >\n\t\t\t\t<div class=\"col-inner\"  >\n\t\t\t\n\t\t\t\n\n\t<div id=\"text-443030426\" class=\"text\">\n\t\t\n\n<p><strong>Jaut\u0101jums: <\/strong><strong>No kurienes n\u0101k j\u016bsu v\u0113lam\u0101 skudru suga vai kuru biotopu t\u0101 izv\u0113las?<\/strong><\/p>\n\t\t\n<style>\n#text-443030426 {\n  font-size: 1.45rem;\n  text-align: center;\n}\n@media (min-width:550px) {\n  #text-443030426 {\n    font-size: 1.95rem;\n  }\n}\n<\/style>\n\t<\/div>\n\t\n\t<div id=\"text-735431039\" class=\"text\">\n\t\t\n\n<p style=\"text-align: center;\"><strong>\u0160aj\u0101 m\u016bsu \"Formik\u0101riju mekl\u0113t\u0101ja\" posm\u0101 jums b\u016bs j\u0101izlemj, no kuras dz\u012bvotnes vai dabisk\u0101s vides n\u0101k j\u016bsu skudru suga. <\/strong>Ja neesat p\u0101rliecin\u0101ts, vienk\u0101r\u0161i p\u0101rbaudiet attiec\u012bg\u0101s skudru sugas produkta aprakstu. Tur atrad\u012bsiet nepiecie\u0161amo inform\u0101ciju.<\/p>\n\t\t\n<style>\n#text-735431039 {\n  text-align: center;\n}\n<\/style>\n\t<\/div>\n\t\n\n\t\t<\/div>\n\t\t\t\t\t<\/div>\n\n\t\n\n<\/div>\n<div class=\"row\"  id=\"row-1580101971\">\n\n\n\t<div id=\"col-229679571\" class=\"col medium-3 small-6 large-3\"  >\n\t\t\t\t<div class=\"col-inner\"  >\n\t\t\t\n\t\t\t\n\n\n  <div class=\"banner has-hover\" id=\"banner-1224661286\">\n          <div class=\"banner-inner fill\">\n        <div class=\"banner-bg fill\" >\n            <img loading=\"lazy\" decoding=\"async\" width=\"906\" height=\"600\" src=\"https:\/\/i0.wp.com\/antcube.shop\/wp-content\/uploads\/2021\/08\/walter-sturn-HOCCH6oPVmw-unsplash-scaled.jpg?fit=906%2C600&amp;ssl=1\" class=\"bg attachment-large size-large\" alt=\"\" \/>                        <div class=\"overlay\"><\/div>            \n                    <\/div>\n\t\t\n        <div class=\"banner-layers container\">\n            <a class=\"fill\" href=\"https:\/\/antcube.shop\/formicarium-finder\/nest-type\/soil-nest\/habitat-meadow\/\"><div class=\"fill banner-link\"><\/div><\/a>            \n\n   <div id=\"text-box-1277477320\" class=\"text-box banner-layer x50 md-x50 lg-x50 y5 md-y5 lg-y20 res-text\">\n                                <div class=\"text-box-content text dark text-shadow-5\">\n              \n              <div class=\"text-inner text-center\">\n                  \n\n\t<div id=\"text-3697220098\" class=\"text\">\n\t\t\n\n<h3 class=\"uppercase\"><strong>P\u013cava<\/strong><\/h3>\n\t\t\n<style>\n#text-3697220098 {\n  font-size: 0.75rem;\n}\n@media (min-width:550px) {\n  #text-3697220098 {\n    font-size: 0.75rem;\n  }\n}\n@media (min-width:850px) {\n  #text-3697220098 {\n    font-size: 1.1rem;\n  }\n}\n<\/style>\n\t<\/div>\n\t\n\n              <\/div>\n           <\/div>\n                            \n<style>\n#text-box-1277477320 {\n  width: 100%;\n}\n#text-box-1277477320 .text-box-content {\n  font-size: 100%;\n}\n@media (min-width:550px) {\n  #text-box-1277477320 {\n    width: 100%;\n  }\n}\n@media (min-width:850px) {\n  #text-box-1277477320 {\n    width: 60%;\n  }\n}\n<\/style>\n    <\/div>\n \n\n        <\/div>\n      <\/div>\n\n            \n<style>\n#banner-1224661286 {\n  padding-top: 99.99%;\n}\n#banner-1224661286 .overlay {\n  background-color: rgba(0, 0, 0, 0);\n}\n<\/style>\n  <\/div>\n\n\n\n\t\t<\/div>\n\t\t\t\t\t<\/div>\n\n\t\n\n\t<div id=\"col-70993885\" class=\"col medium-3 small-6 large-3\"  >\n\t\t\t\t<div class=\"col-inner\"  >\n\t\t\t\n\t\t\t\n\n\n  <div class=\"banner has-hover\" id=\"banner-745820193\">\n          <div class=\"banner-inner fill\">\n        <div class=\"banner-bg fill\" >\n            <img loading=\"lazy\" decoding=\"async\" width=\"401\" height=\"600\" src=\"https:\/\/i0.wp.com\/antcube.shop\/wp-content\/uploads\/2021\/08\/daniel-sessler-78kaMQmUUq4-unsplash-scaled.jpg?fit=401%2C600&amp;ssl=1\" class=\"bg attachment-large size-large\" alt=\"\" \/>                        <div class=\"overlay\"><\/div>            \n                    <\/div>\n\t\t\n        <div class=\"banner-layers container\">\n            <a class=\"fill\" href=\"https:\/\/antcube.shop\/formicarium-finder\/nest-type\/soil-nest\/habitat-forest\/\"><div class=\"fill banner-link\"><\/div><\/a>            \n\n   <div id=\"text-box-1634021140\" class=\"text-box banner-layer x50 md-x50 lg-x50 y5 md-y5 lg-y20 res-text\">\n                                <div class=\"text-box-content text dark text-shadow-5\">\n              \n              <div class=\"text-inner text-center\">\n                  \n\n\t<div id=\"text-2063172011\" class=\"text\">\n\t\t\n\n<h3 class=\"uppercase\"><strong>Forest<\/strong><\/h3>\n\t\t\n<style>\n#text-2063172011 {\n  font-size: 0.75rem;\n}\n@media (min-width:550px) {\n  #text-2063172011 {\n    font-size: 0.75rem;\n  }\n}\n@media (min-width:850px) {\n  #text-2063172011 {\n    font-size: 1.1rem;\n  }\n}\n<\/style>\n\t<\/div>\n\t\n\n              <\/div>\n           <\/div>\n                            \n<style>\n#text-box-1634021140 {\n  width: 100%;\n}\n#text-box-1634021140 .text-box-content {\n  font-size: 100%;\n}\n@media (min-width:550px) {\n  #text-box-1634021140 {\n    width: 100%;\n  }\n}\n@media (min-width:850px) {\n  #text-box-1634021140 {\n    width: 60%;\n  }\n}\n<\/style>\n    <\/div>\n \n\n        <\/div>\n      <\/div>\n\n            \n<style>\n#banner-745820193 {\n  padding-top: 99.99%;\n}\n#banner-745820193 .overlay {\n  background-color: rgba(0, 0, 0, 0);\n}\n#banner-745820193 .banner-bg img {\n  object-position: 25% 69%;\n}\n<\/style>\n  <\/div>\n\n\n\n\t\t<\/div>\n\t\t\t\t\t<\/div>\n\n\t\n\n\t<div id=\"col-160223456\" class=\"col medium-3 small-6 large-3\"  >\n\t\t\t\t<div class=\"col-inner\"  >\n\t\t\t\n\t\t\t\n\n\n  <div class=\"banner has-hover\" id=\"banner-437600237\">\n          <div class=\"banner-inner fill\">\n        <div class=\"banner-bg fill\" >\n            <img loading=\"lazy\" decoding=\"async\" width=\"400\" height=\"600\" src=\"https:\/\/i0.wp.com\/antcube.shop\/wp-content\/uploads\/2021\/08\/huper-by-joshua-earle-mErSbLOqSJk-unsplash-scaled.jpg?fit=400%2C600&amp;ssl=1\" class=\"bg attachment-large size-large\" alt=\"\" \/>                        <div class=\"overlay\"><\/div>            \n                    <\/div>\n\t\t\n        <div class=\"banner-layers container\">\n            <a class=\"fill\" href=\"https:\/\/antcube.shop\/formicarium-finder\/nest-type\/soil-nest\/habitat-desert\/\"><div class=\"fill banner-link\"><\/div><\/a>            \n\n   <div id=\"text-box-1922503301\" class=\"text-box banner-layer x0 md-x50 lg-x50 y0 md-y5 lg-y10 res-text\">\n                                <div class=\"text-box-content text dark text-shadow-5\">\n              \n              <div class=\"text-inner text-center\">\n                  \n\n\t<div id=\"text-2586510591\" class=\"text\">\n\t\t\n\n<h3 class=\"uppercase\"><strong>Tuksne\u0161i vai stepes<\/strong><\/h3>\n\t\t\n<style>\n#text-2586510591 {\n  font-size: 0.75rem;\n  text-align: center;\n}\n@media (min-width:550px) {\n  #text-2586510591 {\n    font-size: 0.75rem;\n  }\n}\n@media (min-width:850px) {\n  #text-2586510591 {\n    font-size: 1.1rem;\n  }\n}\n<\/style>\n\t<\/div>\n\t\n\n              <\/div>\n           <\/div>\n                            \n<style>\n#text-box-1922503301 {\n  width: 100%;\n}\n#text-box-1922503301 .text-box-content {\n  font-size: 100%;\n}\n@media (min-width:550px) {\n  #text-box-1922503301 {\n    width: 100%;\n  }\n}\n@media (min-width:850px) {\n  #text-box-1922503301 {\n    width: 60%;\n  }\n}\n<\/style>\n    <\/div>\n \n\n        <\/div>\n      <\/div>\n\n            \n<style>\n#banner-437600237 {\n  padding-top: 99.99%;\n}\n#banner-437600237 .overlay {\n  background-color: rgba(0, 0, 0, 0);\n}\n#banner-437600237 .banner-bg img {\n  object-position: 51% 61%;\n}\n<\/style>\n  <\/div>\n\n\n\n\t\t<\/div>\n\t\t\t\t\t<\/div>\n\n\t\n\n\t<div id=\"col-315194628\" class=\"col medium-3 small-6 large-3\"  >\n\t\t\t\t<div class=\"col-inner\"  >\n\t\t\t\n\t\t\t\n\n\n  <div class=\"banner has-hover\" id=\"banner-1548040594\">\n          <div class=\"banner-inner fill\">\n        <div class=\"banner-bg fill\" >\n            <img loading=\"lazy\" decoding=\"async\" width=\"402\" height=\"600\" src=\"https:\/\/i0.wp.com\/antcube.shop\/wp-content\/uploads\/2021\/08\/david-clode-SF4Gj1xvqk0-unsplash-scaled.jpg?fit=402%2C600&amp;ssl=1\" class=\"bg attachment-large size-large\" alt=\"\" \/>                        <div class=\"overlay\"><\/div>            \n                    <\/div>\n\t\t\n        <div class=\"banner-layers container\">\n            <a class=\"fill\" href=\"https:\/\/antcube.shop\/formicarium-finder\/nest-type\/soil-nest\/habitat-rainforest\/\"><div class=\"fill banner-link\"><\/div><\/a>            \n\n   <div id=\"text-box-1033254851\" class=\"text-box banner-layer x0 md-x0 lg-x50 y5 md-y5 lg-y20 res-text\">\n                                <div class=\"text-box-content text dark text-shadow-5\">\n              \n              <div class=\"text-inner text-center\">\n                  \n\n\t<div id=\"text-244780201\" class=\"text\">\n\t\t\n\n<h3 class=\"uppercase\"><strong>Lietus me\u017ei<\/strong><\/h3>\n\t\t\n<style>\n#text-244780201 {\n  font-size: 0.75rem;\n  text-align: center;\n}\n@media (min-width:550px) {\n  #text-244780201 {\n    font-size: 0.75rem;\n  }\n}\n@media (min-width:850px) {\n  #text-244780201 {\n    font-size: 1.1rem;\n  }\n}\n<\/style>\n\t<\/div>\n\t\n\n              <\/div>\n           <\/div>\n                            \n<style>\n#text-box-1033254851 {\n  width: 100%;\n}\n#text-box-1033254851 .text-box-content {\n  font-size: 100%;\n}\n@media (min-width:550px) {\n  #text-box-1033254851 {\n    width: 100%;\n  }\n}\n@media (min-width:850px) {\n  #text-box-1033254851 {\n    width: 82%;\n  }\n}\n<\/style>\n    <\/div>\n \n\n        <\/div>\n      <\/div>\n\n            \n<style>\n#banner-1548040594 {\n  padding-top: 99.99%;\n}\n#banner-1548040594 .overlay {\n  background-color: rgba(0, 0, 0, 0);\n}\n#banner-1548040594 .banner-bg img {\n  object-position: 65% 69%;\n}\n<\/style>\n  <\/div>\n\n\n\n\t\t<\/div>\n\t\t\t\t\t<\/div>\n\n\t\n\n<\/div>\n\t<div id=\"gap-350595086\" class=\"gap-element clearfix\" style=\"display:block; height:auto;\">\n\t\t\n<style>\n#gap-350595086 {\n  padding-top: 50px;\n}\n<\/style>\n\t<\/div>","protected":false},"excerpt":{"rendered":"","protected":false},"author":1,"featured_media":0,"parent":1264,"menu_order":0,"comment_status":"closed","ping_status":"closed","template":"","meta":{"_acf_changed":false,"content-type":"","_monsterinsights_skip_tracking":false,"_monsterinsights_sitenote_active":false,"_monsterinsights_sitenote_note":"","_monsterinsights_sitenote_category":0,"footnotes":""},"class_list":["post-1331","page","type-page","status-publish","hentry"],"acf":[],"aioseo_notices":[],"jetpack_sharing_enabled":true,"_links":{"self":[{"href":"https:\/\/antcube.shop\/lv\/wp-json\/wp\/v2\/pages\/1331","targetHints":{"allow":["GET"]}}],"collection":[{"href":"https:\/\/antcube.shop\/lv\/wp-json\/wp\/v2\/pages"}],"about":[{"href":"https:\/\/antcube.shop\/lv\/wp-json\/wp\/v2\/types\/page"}],"author":[{"embeddable":true,"href":"https:\/\/antcube.shop\/lv\/wp-json\/wp\/v2\/users\/1"}],"replies":[{"embeddable":true,"href":"https:\/\/antcube.shop\/lv\/wp-json\/wp\/v2\/comments?post=1331"}],"version-history":[{"count":10,"href":"https:\/\/antcube.shop\/lv\/wp-json\/wp\/v2\/pages\/1331\/revisions"}],"predecessor-version":[{"id":6850,"href":"https:\/\/antcube.shop\/lv\/wp-json\/wp\/v2\/pages\/1331\/revisions\/6850"}],"up":[{"embeddable":true,"href":"https:\/\/antcube.shop\/lv\/wp-json\/wp\/v2\/pages\/1264"}],"wp:attachment":[{"href":"https:\/\/antcube.shop\/lv\/wp-json\/wp\/v2\/media?parent=1331"}],"curies":[{"name":"wp","href":"https:\/\/api.w.org\/{rel}","templated":true}]}}