{"id":1135,"date":"2021-09-08T09:48:21","date_gmt":"2021-09-08T07:48:21","guid":{"rendered":"https:\/\/antcube.shop\/?page_id=1135"},"modified":"2024-10-24T14:32:46","modified_gmt":"2024-10-24T12:32:46","slug":"ilgtspeja","status":"publish","type":"page","link":"https:\/\/antcube.shop\/lv\/par-mums\/ilgtspeja\/","title":{"rendered":"Ilgtsp\u0113ja"},"content":{"rendered":"<div id=\"gap-186070065\" class=\"gap-element clearfix\" style=\"display:block; height:auto;\">\n\t\t\n<style>\n#gap-186070065 {\n  padding-top: 181px;\n}\n@media (min-width:850px) {\n  #gap-186070065 {\n    padding-top: 75px;\n  }\n}\n<\/style>\n\t<\/div>\n\t\n\n\n  <div class=\"banner has-hover\" id=\"banner-877532903\">\n          <div class=\"banner-inner fill\">\n        <div class=\"banner-bg fill\" >\n            <img data-recalc-dims=\"1\" loading=\"lazy\" decoding=\"async\" width=\"1020\" height=\"574\" src=\"https:\/\/i0.wp.com\/antcube.shop\/wp-content\/uploads\/2021\/08\/caspian-dahlstrom-xXbaTOP31M4-unsplash-scaled.jpg?resize=1020%2C574&#038;ssl=1\" class=\"bg attachment-original size-original\" alt=\"\" \/>                        <div class=\"overlay\"><\/div>            \n                    <\/div>\n\t\t\n        <div class=\"banner-layers container\">\n            <div class=\"fill banner-link\"><\/div>            \n\n   <div id=\"text-box-1385380981\" class=\"text-box banner-layer x50 md-x50 lg-x50 y50 md-y50 lg-y50 res-text\">\n                                <div class=\"text-box-content text dark\">\n              \n              <div class=\"text-inner text-center\">\n                  \n\n<h3 class=\"uppercase\"><strong>Ilgtsp\u0113ja<\/strong><\/h3>\n<p>\u00a0<\/p>\n\n              <\/div>\n           <\/div>\n                            \n<style>\n#text-box-1385380981 {\n  width: 60%;\n}\n#text-box-1385380981 .text-box-content {\n  font-size: 100%;\n}\n<\/style>\n    <\/div>\n \n\n        <\/div>\n      <\/div>\n\n            \n<style>\n#banner-877532903 {\n  padding-top: 60%;\n}\n#banner-877532903 .overlay {\n  background-color: rgba(0, 0, 0, 0);\n}\n#banner-877532903 .banner-bg img {\n  object-position: 51% 51%;\n}\n@media (min-width:550px) {\n  #banner-877532903 {\n    padding-top: 500px;\n  }\n}\n<\/style>\n  <\/div>\n\n\n\t<div id=\"gap-589510724\" class=\"gap-element clearfix\" style=\"display:block; height:auto;\">\n\t\t\n<style>\n#gap-589510724 {\n  padding-top: 40px;\n}\n<\/style>\n\t<\/div>\n\t\n\n<div class=\"row\"  id=\"row-244055478\">\n\n\n\t<div id=\"col-115053076\" class=\"col medium-7 small-12 large-6\"  >\n\t\t\t\t<div class=\"col-inner\"  >\n\t\t\t\n\t\t\t\n\n\t<div id=\"text-1359983110\" class=\"text\">\n\t\t\n\n<h2>K\u0101 m\u0113s str\u0101d\u0101jam, lai k\u013c\u016btu videi draudz\u012bg\u0101ki<\/h2>\n<p align=\"CENTER\"><strong><span style=\"color: #ff0000;\">M\u0113s visi esam atbild\u012bgi par \u0161o plan\u0113tu!<\/span><\/strong><\/p>\n<p>Tas bija m\u016bsu dibin\u0101t\u0101ja pr\u0101t\u0101 jau pirms 20 gadiem, kad vi\u0146\u0161 s\u0101ka ANTSTORE darb\u012bbu. Saglab\u0101t dabu, izmantojot stikla skudru tur\u0113\u0161anas iek\u0101rtas akrila viet\u0101.<\/p>\n<p>M\u0113s saprotam, ka Zemei neesam vajadz\u012bgi m\u0113s, bet m\u0113s esam vajadz\u012bgi \u0161ai br\u012bni\u0161\u0137\u012bgajai plan\u0113tai. T\u0101p\u0113c str\u0101d\u0101sim kop\u0101, lai saglab\u0101tu m\u016bsu dabu, un m\u0113s esam pateic\u012bgi par pal\u012bdz\u012bbu videi draudz\u012bgu un p\u0101rstr\u0101d\u0101jamu iepakojumu izp\u0113t\u0113 un att\u012bst\u012bb\u0101, lai vairs nepalielin\u0101tu polietil\u0113na da\u013ci\u0146u procentu\u0101lo daudzumu m\u016bsu \u016bden\u012b.<\/p>\n<p>T\u0101p\u0113c m\u0113s tagad speram pirmos so\u013cus, lai p\u0113c 2022. gada izmantotu tikai videi draudz\u012bgu iepakojumu. M\u0113s zin\u0101m, ka iepakojuma mai\u0146a ir tikai neliels solis, lai uz\u0146\u0113mums k\u013c\u016btu ilgtsp\u0113j\u012bgs, t\u0101p\u0113c m\u0113s str\u0101d\u0101jam ar\u012b pie digitaliz\u0101cijas, transporta mar\u0161rutu optimiz\u0101cijas un izgl\u012bt\u012bbas.<\/p>\n<p>J\u016bs varat m\u016bs atbalst\u012bt, ieg\u0101d\u0101joties m\u016bsu produktus. Pal\u012bdziet mums pild\u012bt savu pien\u0101kumu saglab\u0101t \u0161o br\u012bni\u0161\u0137\u012bgo za\u013co plan\u0113tu ar vis\u0101m t\u0101s daudzveid\u012bgaj\u0101m dz\u012bv\u012bbas form\u0101m. Ar savu pirkumu j\u016bs mudin\u0101t m\u016bsu p\u0113tniec\u012bbas un att\u012bst\u012bbas noda\u013cu izstr\u0101d\u0101t v\u0113l ilgtsp\u0113j\u012bg\u0101kus risin\u0101jumus m\u016bsu visu lab\u0101.<\/p>\n<p>Turkl\u0101t m\u0113s pl\u0101nojam sadarboties ar \"St\u0101du fondu\", lai m\u016bsu me\u017ei atkal s\u0101ktu augt. Tie ir vieni no svar\u012bg\u0101kajiem biotopiem ar\u012b skudr\u0101m! Dr\u012bzum\u0101 m\u0113s j\u016bs inform\u0113sim par jaunumiem.<\/p>\n\t\t\n<style>\n#text-1359983110 {\n  text-align: center;\n}\n<\/style>\n\t<\/div>\n\t\n\n\t\t<\/div>\n\t\t\t\t\t<\/div>\n\n\t\n\n\t<div id=\"col-1989748030\" class=\"col medium-5 small-12 large-6\"  >\n\t\t\t\t<div class=\"col-inner\"  >\n\t\t\t\n\t\t\t\n\n\t<div class=\"img has-hover x md-x lg-x y md-y lg-y\" id=\"image_251299494\">\n\t\t\t\t\t\t\t\t<div class=\"img-inner dark\" >\n\t\t\t<img data-recalc-dims=\"1\" loading=\"lazy\" decoding=\"async\" width=\"1020\" height=\"681\" src=\"https:\/\/i0.wp.com\/antcube.shop\/wp-content\/uploads\/2021\/08\/mark-AddyORqTyCg-unsplash-scaled.jpg?resize=1020%2C681&#038;ssl=1\" class=\"attachment-original size-original\" alt=\"\" srcset=\"https:\/\/i0.wp.com\/antcube.shop\/wp-content\/uploads\/2021\/08\/mark-AddyORqTyCg-unsplash-scaled.jpg?w=2560&amp;ssl=1 2560w, https:\/\/i0.wp.com\/antcube.shop\/wp-content\/uploads\/2021\/08\/mark-AddyORqTyCg-unsplash-scaled.jpg?resize=510%2C341&amp;ssl=1 510w, https:\/\/i0.wp.com\/antcube.shop\/wp-content\/uploads\/2021\/08\/mark-AddyORqTyCg-unsplash-scaled.jpg?resize=599%2C400&amp;ssl=1 599w, https:\/\/i0.wp.com\/antcube.shop\/wp-content\/uploads\/2021\/08\/mark-AddyORqTyCg-unsplash-scaled.jpg?resize=1198%2C800&amp;ssl=1 1198w, https:\/\/i0.wp.com\/antcube.shop\/wp-content\/uploads\/2021\/08\/mark-AddyORqTyCg-unsplash-scaled.jpg?resize=768%2C513&amp;ssl=1 768w, https:\/\/i0.wp.com\/antcube.shop\/wp-content\/uploads\/2021\/08\/mark-AddyORqTyCg-unsplash-scaled.jpg?resize=1536%2C1026&amp;ssl=1 1536w, https:\/\/i0.wp.com\/antcube.shop\/wp-content\/uploads\/2021\/08\/mark-AddyORqTyCg-unsplash-scaled.jpg?resize=2048%2C1368&amp;ssl=1 2048w\" sizes=\"auto, (max-width: 1020px) 100vw, 1020px\" \/>\t\t\t\t\t\t\n\t\t\t\t\t<\/div>\n\t\t\t\t\t\t\t\t\n<style>\n#image_251299494 {\n  width: 100%;\n}\n<\/style>\n\t<\/div>\n\t\n\n\n\t\t<\/div>\n\t\t\t\t\t<\/div>\n\n\t\n\n<\/div>","protected":false},"excerpt":{"rendered":"","protected":false},"author":1,"featured_media":0,"parent":104,"menu_order":0,"comment_status":"closed","ping_status":"closed","template":"","meta":{"_acf_changed":false,"content-type":"","_monsterinsights_skip_tracking":false,"_monsterinsights_sitenote_active":false,"_monsterinsights_sitenote_note":"","_monsterinsights_sitenote_category":0,"footnotes":""},"class_list":["post-1135","page","type-page","status-publish","hentry"],"acf":[],"aioseo_notices":[],"jetpack_sharing_enabled":true,"_links":{"self":[{"href":"https:\/\/antcube.shop\/lv\/wp-json\/wp\/v2\/pages\/1135","targetHints":{"allow":["GET"]}}],"collection":[{"href":"https:\/\/antcube.shop\/lv\/wp-json\/wp\/v2\/pages"}],"about":[{"href":"https:\/\/antcube.shop\/lv\/wp-json\/wp\/v2\/types\/page"}],"author":[{"embeddable":true,"href":"https:\/\/antcube.shop\/lv\/wp-json\/wp\/v2\/users\/1"}],"replies":[{"embeddable":true,"href":"https:\/\/antcube.shop\/lv\/wp-json\/wp\/v2\/comments?post=1135"}],"version-history":[{"count":10,"href":"https:\/\/antcube.shop\/lv\/wp-json\/wp\/v2\/pages\/1135\/revisions"}],"predecessor-version":[{"id":10349,"href":"https:\/\/antcube.shop\/lv\/wp-json\/wp\/v2\/pages\/1135\/revisions\/10349"}],"up":[{"embeddable":true,"href":"https:\/\/antcube.shop\/lv\/wp-json\/wp\/v2\/pages\/104"}],"wp:attachment":[{"href":"https:\/\/antcube.shop\/lv\/wp-json\/wp\/v2\/media?parent=1135"}],"curies":[{"name":"wp","href":"https:\/\/api.w.org\/{rel}","templated":true}]}}