{"id":10607,"date":"2024-11-29T12:11:26","date_gmt":"2024-11-29T11:11:26","guid":{"rendered":"https:\/\/antcube.shop\/?page_id=10607"},"modified":"2024-12-03T12:53:14","modified_gmt":"2024-12-03T11:53:14","slug":"skudru-turesanas-vadlinijas","status":"publish","type":"page","link":"https:\/\/antcube.shop\/lv\/skudru-turesanas-vadlinijas\/","title":{"rendered":"Skudru tur\u0113\u0161anas vadl\u012bnijas"},"content":{"rendered":"<div id=\"gap-1085528031\" class=\"gap-element clearfix\" style=\"display:block; height:auto;\">\n\t\t\n<style>\n#gap-1085528031 {\n  padding-top: 190px;\n}\n<\/style>\n\t<\/div>\n\t\n\n<div class=\"row\"  id=\"row-1998476473\">\n\n\n\t<div id=\"col-1192911507\" class=\"col small-12 large-12\"  >\n\t\t\t\t<div class=\"col-inner\"  >\n\t\t\t\n\t\t\t\n\n<h1><b>Vadl\u012bnijas skudru tur\u0113\u0161anai<\/b><\/h1>\n<h2><b>Svar\u012bga piez\u012bme par sug\u0101m un dabas aizsardz\u012bbu<\/b><\/h2>\n<ul>\n<li style=\"font-weight: 400;\" aria-level=\"1\"><b>Boj\u0101jumu un slim\u012bbu risks:<\/b><span style=\"font-weight: 400;\"> Dz\u012bvi dz\u012bvnieki var nodar\u012bt kait\u0113jumu vai p\u0101rn\u0113s\u0101t slim\u012bbas. \u012apa\u0161i piesardz\u012bgiem j\u0101b\u016bt aler\u0123iskiem cilv\u0113kiem.<\/span><\/li>\n<li style=\"font-weight: 400;\" aria-level=\"1\"><b>Atbr\u012bvo\u0161ana aizliegta:<\/b><span style=\"font-weight: 400;\"> Lai aizsarg\u0101tu viet\u0113jo un sve\u0161zemju floru un faunu, skudras nek\u0101d\u0101 gad\u012bjum\u0101 nedr\u012bkst izlaist br\u012bv\u0101 dab\u0101. Skudru izlai\u0161ana bez ofici\u0101las at\u013caujas ir sod\u0101ms p\u0101rk\u0101pums saska\u0146\u0101 ar dabas aizsardz\u012bbas ties\u012bbu aktiem. M\u0113s pied\u0101v\u0101jam bez maksas pie\u0146emt atpaka\u013c vec\u0101s kolonijas.<\/span><\/li>\n<li style=\"font-weight: 400;\" aria-level=\"1\"><b>Sugas identifik\u0101cija: <\/b><span style=\"font-weight: 400;\">Skudru sugas ir identific\u0113tas, cik mums zin\u0101ms. Turpm\u0101ku izmai\u0146u gad\u012bjum\u0101 jums ir ties\u012bbas atgriezt koloniju.<\/span><\/li>\n<\/ul>\n<h2><b>Skudru nos\u016bt\u012b\u0161ana<\/b><\/h2>\n<ul>\n<li style=\"font-weight: 400;\" aria-level=\"1\"><b>Pieg\u0101des zona: <\/b><span style=\"font-weight: 400;\">Dz\u012bvi dz\u012bvnieki tiek s\u016bt\u012bti tikai ES teritorij\u0101. Re\u0123ion\u0101lie importa noteikumi j\u0101sa\u0146em viet\u0113j\u0101 veterin\u0101raj\u0101 dienest\u0101.<\/span><\/li>\n<li style=\"font-weight: 400;\" aria-level=\"1\"><b>Temperat\u016bra nos\u016bt\u012b\u0161anas laik\u0101:<\/b>\n<ul>\n<li style=\"font-weight: 400;\" aria-level=\"2\"><b>Nakts temperat\u016bra:<\/b>\n<ul>\n<li style=\"font-weight: 400;\" aria-level=\"3\"><span style=\"font-weight: 400;\">Zieme\u013ceiropas un Centr\u0101leiropas sugas: <span data-text-color=\"alert\">&gt;0\u00b0C<\/span> (Express: <span data-text-color=\"alert\">&gt;-5\u00b0C<\/span> ar izol\u0101ciju)<\/span><\/li>\n<li style=\"font-weight: 400;\" aria-level=\"3\"><span style=\"font-weight: 400;\">Dienvideiropas sugas: <span data-text-color=\"secondary\">&gt;+5\u00b0C<\/span> (Express: <span data-text-color=\"secondary\">&gt;0\u00b0C<\/span> ar izol\u0101ciju)<\/span><\/li>\n<li style=\"font-weight: 400;\" aria-level=\"3\"><span style=\"font-weight: 400;\">Tropu sugas: <span data-text-color=\"secondary\">&gt;+10\u00b0C<\/span> (Express: <span data-text-color=\"secondary\">&gt;+5\u00b0C<\/span> ar siltuma iepakojumu)<\/span><\/li>\n<\/ul>\n<\/li>\n<li style=\"font-weight: 400;\" aria-level=\"2\"><b>Dienas temperat\u016bra: <\/b><span style=\"font-weight: 400;\">Maksim\u0101lais <span data-text-color=\"alert\">+30\u00b0C<\/span> vis\u0101m sug\u0101m.<\/span><\/li>\n<\/ul>\n<\/li>\n<\/ul>\n<p><span style=\"font-weight: 400;\">Pas\u016bt\u012bt\u0101s skudras netiks nos\u016bt\u012btas \u0101rpus nor\u0101d\u012btajiem temperat\u016bras diapazoniem. T\u0101s tiks nos\u016bt\u012btas p\u0113c iesp\u0113jas \u0101tr\u0101k.<\/span><\/p>\n<p><span style=\"font-weight: 400;\">J\u016bs tiksiet inform\u0113ts atsevi\u0161\u0137i pa e-pastu.\u00a0<\/span><\/p>\n<h2><b>Skudru tur\u0113\u0161ana<\/b><\/h2>\n<ul>\n<li style=\"font-weight: 400;\" aria-level=\"1\"><span style=\"font-weight: 400;\">S\u012bk\u0101ka inform\u0101cija par audz\u0113\u0161anu ir atrodama attiec\u012bgo sugu produktu aprakstos.<\/span><\/li>\n<\/ul>\n<h3><b>Probl\u0113mas ar skudru tur\u0113\u0161anu<\/b><\/h3>\n<ol>\n<li><b> skudru mirst\u012bba - iesp\u0113jamie c\u0113lo\u0146i<\/b><\/li>\n<\/ol>\n<ul>\n<li style=\"font-weight: 400;\" aria-level=\"1\"><b>\u016adens kvalit\u0101te:<\/b>\n<ul>\n<li style=\"font-weight: 400;\" aria-level=\"2\"><span style=\"font-weight: 400;\">\u016adens no kr\u0101na var b\u016bt toksisks skudr\u0101m hlora vai vara d\u0113\u013c.<\/span><\/li>\n<li style=\"font-weight: 400;\" aria-level=\"2\"><b>Ieteikums: <\/b><span style=\"font-weight: 400;\">Izmantojiet filtr\u0113tu vai lietus \u016bdeni, nevis destil\u0113tu \u016bdeni.<\/span><\/li>\n<\/ul>\n<\/li>\n<li style=\"font-weight: 400;\" aria-level=\"1\"><b>Substr\u0101ts:<\/b>\n<ul>\n<li style=\"font-weight: 400;\" aria-level=\"2\"><span style=\"font-weight: 400;\">Putnu smiltis satur dezinfekcijas l\u012bdzek\u013cus, kas var kait\u0113t skudr\u0101m.<\/span><\/li>\n<li style=\"font-weight: 400;\" aria-level=\"2\"><b>Ieteikums: <\/b><span style=\"font-weight: 400;\">Izmantojiet m\u016bsu gatavos <\/span><b>gr\u012bdas pamatnes <\/b><span style=\"font-weight: 400;\">vai neapstr\u0101d\u0101tas kvarca smiltis un pirms tam nomazg\u0101jiet vai izcepiet.<\/span><\/li>\n<\/ul>\n<\/li>\n<li style=\"font-weight: 400;\" aria-level=\"1\"><b>Augi:<\/b>\n<ul>\n<li style=\"font-weight: 400;\" aria-level=\"2\"><span style=\"font-weight: 400;\">Dz\u012bvi augi no DIY veikaliem vai d\u0101rza centriem bie\u017ei vien ir apstr\u0101d\u0101ti ar pestic\u012bdiem.<\/span><\/li>\n<li style=\"font-weight: 400;\" aria-level=\"2\"><b>Ieteikums: <\/b><span style=\"font-weight: 400;\">Izmantojiet biolo\u0123iskus augus vai augus no specializ\u0113tiem ter\u0101rija veikaliem.<\/span><\/li>\n<li style=\"font-weight: 400;\" aria-level=\"2\"><span style=\"font-weight: 400;\">Var izmantot ar\u012b augus, kas vismaz gadu ir tur\u0113ti m\u0101j\u0101s bez pestic\u012bdu vai m\u0113slojuma lieto\u0161anas.<\/span><\/li>\n<\/ul>\n<\/li>\n<li style=\"font-weight: 400;\" aria-level=\"1\"><b>T\u012br\u012b\u0161ana:<\/b>\n<ul>\n<li style=\"font-weight: 400;\" aria-level=\"2\"><span style=\"font-weight: 400;\">Stikla t\u012br\u012b\u0161anas l\u012bdzek\u013ci un \u0137\u012bmisk\u0101s vielas ir kait\u012bgas.<\/span><\/li>\n<li style=\"font-weight: 400;\" aria-level=\"2\"><b>Ieteikums: <\/b><span style=\"font-weight: 400;\">Izmantojiet t\u012bru \u016bdeni vai organisko t\u012br\u012b\u0161anas l\u012bdzekli.<\/span><\/li>\n<\/ul>\n<\/li>\n<li style=\"font-weight: 400;\" aria-level=\"1\"><b>Formik\u0101rija konstrukcija:<\/b>\n<ul>\n<li style=\"font-weight: 400;\" aria-level=\"2\"><span style=\"font-weight: 400;\">Materi\u0101li ar \u0161\u0137\u012bdin\u0101t\u0101jiem vai antibakteri\u0101lu silikonu nav piem\u0113roti.<\/span><\/li>\n<li style=\"font-weight: 400;\" aria-level=\"2\"><b>Ieteikums: <\/b><span style=\"font-weight: 400;\">Izmantojiet vielas, kas nesatur \u0161\u0137\u012bdin\u0101t\u0101jus, vai akv\u0101rija silikonu.<\/span><\/li>\n<\/ul>\n<\/li>\n<li style=\"font-weight: 400;\" aria-level=\"1\"><b>Baro\u0161ana:<\/b>\n<ul>\n<li style=\"font-weight: 400;\" aria-level=\"2\"><span style=\"font-weight: 400;\">Konservanti un paraz\u012bti p\u0101rtikas dz\u012bvniekos var b\u016bt kait\u012bgi. Turkl\u0101t masveid\u0101 audz\u0113ti p\u0101rtikas dz\u012bvnieki bie\u017ei ir invad\u0113ti ar \u0113rc\u0113m, kas var kait\u0113t skudr\u0101m.\u00a0<\/span><\/li>\n<li style=\"font-weight: 400;\" aria-level=\"2\"><b>Ieteikums: <\/b><span style=\"font-weight: 400;\">Lietojiet biolo\u0123isko p\u0101rtiku vai dab\u0101 ieg\u016btus kukai\u0146us, kas sav\u0101kti prom no ce\u013ciem un laukiem, kuri var b\u016bt pies\u0101r\u0146oti ar pestic\u012bdiem.<\/span><\/li>\n<\/ul>\n<\/li>\n<li style=\"font-weight: 400;\" aria-level=\"1\"><b>Temperat\u016bra:<\/b>\n<ul>\n<li style=\"font-weight: 400;\" aria-level=\"2\"><span style=\"font-weight: 400;\">Formik\u0101rija var iev\u0113rojami sakarst tie\u0161u saules staru d\u0113\u013c.<\/span><\/li>\n<li style=\"font-weight: 400;\" aria-level=\"2\"><b>Ieteikums: <\/b><span style=\"font-weight: 400;\">Izmantojiet termometru ar min\/max funkciju.<\/span><\/li>\n<\/ul>\n<\/li>\n<li style=\"font-weight: 400;\" aria-level=\"1\"><b>Hibern\u0101cija:<\/b>\n<ul>\n<li style=\"font-weight: 400;\" aria-level=\"2\"><span style=\"font-weight: 400;\">Hibern\u0101cijas laik\u0101 p\u0101rliecinieties, ka ligzda ir mitra, lai izvair\u012btos no iz\u017e\u016b\u0161anas.<\/span><\/li>\n<\/ul>\n<\/li>\n<\/ul>\n<ol start=\"2\">\n<li><b> karaliene d\u0113j olas - iesp\u0113jamie iemesli<\/b><\/li>\n<\/ol>\n<ul>\n<li style=\"font-weight: 400;\" aria-level=\"1\"><b>Sezona: <\/b><span style=\"font-weight: 400;\">Eiropas sugas ned\u0113j olas ruden\u012b\/ziem\u0101<\/span><b>.<\/b><\/li>\n<li style=\"font-weight: 400;\" aria-level=\"1\"><b>Stress: <\/b><span style=\"font-weight: 400;\">P\u0101rvieto\u0161anas vai ligzdas trauc\u0113jumi var izjaukt m\u0101ti.<\/span><\/li>\n<li style=\"font-weight: 400;\" aria-level=\"1\"><b>Olbaltumvielu tr\u016bkums: <\/b><span style=\"font-weight: 400;\">M\u0101tes att\u012bst\u012bbai nepiecie\u0161ama olbaltumviel\u0101m bag\u0101ta bar\u012bba.<\/span><\/li>\n<li style=\"font-weight: 400;\" aria-level=\"1\"><b>Sl\u0113pt\u0101s olas: <\/b><span style=\"font-weight: 400;\">Olas var atrast transport\u0113\u0161anas trauk\u0101 vai vates apvalk\u0101.<\/span><\/li>\n<li style=\"font-weight: 400;\" aria-level=\"1\"><b>Klimats: <\/b><span style=\"font-weight: 400;\">B\u016btiski ir optim\u0101li apst\u0101k\u013ci (substr\u0101ts, tumsa, temperat\u016bra, mitrums).<\/span><\/li>\n<li style=\"font-weight: 400;\" aria-level=\"1\"><b>Ieteikums: <\/b><span style=\"font-weight: 400;\">Ies\u0101c\u0113jiem vajadz\u0113tu izv\u0113l\u0113ties sugas, par kur\u0101m ir pieejami daudzi pieredzes zi\u0146ojumi.<\/span><\/li>\n<\/ul>\n<p><span style=\"font-weight: 400;\">\u0160aj\u0101s vadl\u012bnij\u0101s sniegta pamatinform\u0101cija par to, k\u0101 veiksm\u012bgi tur\u0113t skudras. Ja jums rodas jaut\u0101jumi vai probl\u0113mas, ieteicams sazin\u0101ties ar pieredz\u0113ju\u0161iem skudru tur\u0113t\u0101jiem vai specializ\u0113tiem veikaliem.<\/span><\/p>\n\n\t\t<\/div>\n\t\t\t\t\t<\/div>\n\n\t\n\n<\/div>","protected":false},"excerpt":{"rendered":"","protected":false},"author":1,"featured_media":0,"parent":0,"menu_order":0,"comment_status":"closed","ping_status":"closed","template":"","meta":{"_acf_changed":false,"content-type":"","_monsterinsights_skip_tracking":false,"_monsterinsights_sitenote_active":false,"_monsterinsights_sitenote_note":"","_monsterinsights_sitenote_category":0,"footnotes":""},"class_list":["post-10607","page","type-page","status-publish","hentry"],"acf":[],"aioseo_notices":[],"jetpack_sharing_enabled":true,"_links":{"self":[{"href":"https:\/\/antcube.shop\/lv\/wp-json\/wp\/v2\/pages\/10607","targetHints":{"allow":["GET"]}}],"collection":[{"href":"https:\/\/antcube.shop\/lv\/wp-json\/wp\/v2\/pages"}],"about":[{"href":"https:\/\/antcube.shop\/lv\/wp-json\/wp\/v2\/types\/page"}],"author":[{"embeddable":true,"href":"https:\/\/antcube.shop\/lv\/wp-json\/wp\/v2\/users\/1"}],"replies":[{"embeddable":true,"href":"https:\/\/antcube.shop\/lv\/wp-json\/wp\/v2\/comments?post=10607"}],"version-history":[{"count":5,"href":"https:\/\/antcube.shop\/lv\/wp-json\/wp\/v2\/pages\/10607\/revisions"}],"predecessor-version":[{"id":10717,"href":"https:\/\/antcube.shop\/lv\/wp-json\/wp\/v2\/pages\/10607\/revisions\/10717"}],"wp:attachment":[{"href":"https:\/\/antcube.shop\/lv\/wp-json\/wp\/v2\/media?parent=10607"}],"curies":[{"name":"wp","href":"https:\/\/api.w.org\/{rel}","templated":true}]}}