{"id":102,"date":"2013-08-11T19:22:53","date_gmt":"2013-08-11T19:22:53","guid":{"rendered":"http:\/\/localhost:8888\/test\/?page_id=532"},"modified":"2025-02-17T15:02:29","modified_gmt":"2025-02-17T14:02:29","slug":"sazinaties-ar","status":"publish","type":"page","link":"https:\/\/antcube.shop\/lv\/sazinaties-ar\/","title":{"rendered":"Sazinieties ar"},"content":{"rendered":"<div id=\"gap-1280887457\" class=\"gap-element clearfix\" style=\"display:block; height:auto;\">\n\t\t\n<style>\n#gap-1280887457 {\n  padding-top: 30px;\n}\n<\/style>\n\t<\/div>\n\t\n\n<div class=\"row\"  id=\"row-1328604625\">\n\n\n\t<div id=\"col-498107715\" class=\"col medium-6 large-6\"  >\n\t\t\t\t<div class=\"col-inner\"  >\n\t\t\t\n\t\t\t\n\n<div class=\"container section-title-container\" ><h3 class=\"section-title section-title-normal\"><b aria-hidden=\"true\"><\/b><span class=\"section-title-main\" >Bie\u017e\u0101k uzdotie jaut\u0101jumi<\/span><b aria-hidden=\"true\"><\/b><\/h3><\/div>\n\n<p class=\"lead\">L\u016bdzu, izlasiet m\u016bsu <a href=\"https:\/\/antcube.shop\/faq-shop\/\">BIE\u017d\u0100K UZDOTIE JAUT\u0100JUMI<\/a> pirms zi\u0146ojuma nos\u016bt\u012b\u0161anas.<\/p>\n<div class=\"accordion\">\n\n\t<div id=\"accordion-832740820\" class=\"accordion-item\">\n\t\t<a id=\"accordion-832740820-label\" class=\"accordion-title plain\" href=\"#accordion-item-you-do-not-know-what-ant-species-to-keep-or-which-formicarium-you-should-use?\" aria-expanded=\"false\" aria-controls=\"accordion-832740820-content\">\n\t\t\t<button class=\"toggle\" aria-label=\"P\u0101rsl\u0113gt\"><i class=\"icon-angle-down\" aria-hidden=\"true\"><\/i><\/button>\n\t\t\t<span>J\u016bs nezin\u0101t, k\u0101das skudru sugas tur\u0113t vai k\u0101du formik\u0101riju izmantot?<\/span>\n\t\t<\/a>\n\t\t<div id=\"accordion-832740820-content\" class=\"accordion-inner\" aria-labelledby=\"accordion-832740820-label\">\n\t\t\t\n\n<p>Izm\u0113\u0123iniet m\u016bsu \"Skudru mekl\u0113t\u0101ju\" vai \"Formik\u0101riju mekl\u0113t\u0101ju\" - M\u016bsu tie\u0161saistes klientu apkalpo\u0161anas dienests<\/p>\n<p><a href=\"https:\/\/antcube.shop\/ant-finder\/\">Atrodiet savu skudru sugu<\/a><\/p>\n<p><a href=\"https:\/\/antcube.shop\/formicarium-finder\/\">Atrodiet savu formik\u0101riju<\/a><\/p>\n\n\t\t<\/div>\n\t<\/div>\n\t\n\t<div id=\"accordion-3480489385\" class=\"accordion-item\">\n\t\t<a id=\"accordion-3480489385-label\" class=\"accordion-title plain\" href=\"#accordion-item-what-are-the-delivery-times-and-charges-for-orders-from-the-online-shop?\" aria-expanded=\"false\" aria-controls=\"accordion-3480489385-content\">\n\t\t\t<button class=\"toggle\" aria-label=\"P\u0101rsl\u0113gt\"><i class=\"icon-angle-down\" aria-hidden=\"true\"><\/i><\/button>\n\t\t\t<span>K\u0101di ir pieg\u0101des termi\u0146i un maksa par pas\u016bt\u012bjumiem no interneta veikala?<\/span>\n\t\t<\/a>\n\t\t<div id=\"accordion-3480489385-content\" class=\"accordion-inner\" aria-labelledby=\"accordion-3480489385-label\">\n\t\t\t\n\n<p>Inform\u0101ciju par paredzamo pieg\u0101des laiku varat atrast \u0161eit:<\/p>\n<p><a href=\"https:\/\/antcube.shop\/delivery-times\/\">Pieg\u0101des laiki<\/a><\/p>\n<p>Ja v\u0113laties uzzin\u0101t par paredzamaj\u0101m pieg\u0101des izmaks\u0101m un pieg\u0101des ierobe\u017eojumiem, l\u016bdzu, skatiet \u0161eit:<\/p>\n<p><a href=\"https:\/\/antcube.shop\/shipping-costs-delivery-restrictions\/\">Pieg\u0101des izmaksas\/pieg\u0101des ierobe\u017eojumi<\/a><\/p>\n\n\t\t<\/div>\n\t<\/div>\n\t\n\t<div id=\"accordion-12535907\" class=\"accordion-item\">\n\t\t<a id=\"accordion-12535907-label\" class=\"accordion-title plain\" href=\"#accordion-item-you-have-questions-about-returns-or-refunds?\" aria-expanded=\"false\" aria-controls=\"accordion-12535907-content\">\n\t\t\t<button class=\"toggle\" aria-label=\"P\u0101rsl\u0113gt\"><i class=\"icon-angle-down\" aria-hidden=\"true\"><\/i><\/button>\n\t\t\t<span>Jums ir jaut\u0101jumi par atgrie\u0161anu vai atmaksu?<\/span>\n\t\t<\/a>\n\t\t<div id=\"accordion-12535907-content\" class=\"accordion-inner\" aria-labelledby=\"accordion-12535907-label\">\n\t\t\t\n\n<p><a href=\"https:\/\/antcube.shop\/refund-policy\/\">Atmaks\u0101\u0161anas politika<\/a><\/p>\n<p><a href=\"https:\/\/antcube.shop\/terms-and-conditions\/\">Noteikumi un nosac\u012bjumi<\/a><\/p>\n\n\t\t<\/div>\n\t<\/div>\n\t\n\t<div id=\"accordion-2095745828\" class=\"accordion-item\">\n\t\t<a id=\"accordion-2095745828-label\" class=\"accordion-title plain\" href=\"#accordion-item-which-payment-methods-are-accepted-in-the-online-shop?\" aria-expanded=\"false\" aria-controls=\"accordion-2095745828-content\">\n\t\t\t<button class=\"toggle\" aria-label=\"P\u0101rsl\u0113gt\"><i class=\"icon-angle-down\" aria-hidden=\"true\"><\/i><\/button>\n\t\t\t<span>K\u0101di maks\u0101jumu veidi tiek pie\u0146emti tie\u0161saistes veikal\u0101?<\/span>\n\t\t<\/a>\n\t\t<div id=\"accordion-2095745828-content\" class=\"accordion-inner\" aria-labelledby=\"accordion-2095745828-label\">\n\t\t\t\n\n<p>P\u0101rskatu par m\u016bsu pie\u0146emtaj\u0101m maks\u0101jumu metod\u0113m varat atrast \u0161eit:<\/p>\n<p><a href=\"https:\/\/antcube.shop\/payment-methods\/\">Maks\u0101juma metodes<\/a><\/p>\n\n\t\t<\/div>\n\t<\/div>\n\t\n\t<div id=\"accordion-2819114838\" class=\"accordion-item\">\n\t\t<a id=\"accordion-2819114838-label\" class=\"accordion-title plain\" href=\"#accordion-item-you-are-looking-for-user-manuals-for-your-starter-set?\" aria-expanded=\"false\" aria-controls=\"accordion-2819114838-content\">\n\t\t\t<button class=\"toggle\" aria-label=\"P\u0101rsl\u0113gt\"><i class=\"icon-angle-down\" aria-hidden=\"true\"><\/i><\/button>\n\t\t\t<span>J\u016bs mekl\u0113jat lietot\u0101ja rokasgr\u0101matas savam s\u0101kuma komplektam?<\/span>\n\t\t<\/a>\n\t\t<div id=\"accordion-2819114838-content\" class=\"accordion-inner\" aria-labelledby=\"accordion-2819114838-label\">\n\t\t\t\n\n<p>Atrodiet PDF lietot\u0101ja rokasgr\u0101matas, lai t\u0101s izdruk\u0101tu vai lejupiel\u0101d\u0113tu \u0161eit:<\/p>\n<p><a href=\"https:\/\/antcube.shop\/download\/\">Lejupiel\u0101d\u0113t<\/a><\/p>\n\n\t\t<\/div>\n\t<\/div>\n\t\n\t<div id=\"accordion-3290063221\" class=\"accordion-item\">\n\t\t<a id=\"accordion-3290063221-label\" class=\"accordion-title plain\" href=\"#accordion-item-you-need-more-information-about-certain-ant-species-or-ant-keeping-in-general?\" aria-expanded=\"false\" aria-controls=\"accordion-3290063221-content\">\n\t\t\t<button class=\"toggle\" aria-label=\"P\u0101rsl\u0113gt\"><i class=\"icon-angle-down\" aria-hidden=\"true\"><\/i><\/button>\n\t\t\t<span>Jums ir nepiecie\u0161ama pla\u0161\u0101ka inform\u0101cija par konkr\u0113t\u0101m skudru sug\u0101m vai skudru audz\u0113\u0161anu kopum\u0101?<\/span>\n\t\t<\/a>\n\t\t<div id=\"accordion-3290063221-content\" class=\"accordion-inner\" aria-labelledby=\"accordion-3290063221-label\">\n\t\t\t\n\n<p>Bie\u017e\u0101k uzdotie jaut\u0101jumi par skudr\u0101m un skudru audz\u0113\u0161anu atrodami \u0161eit:<\/p>\n<p><a href=\"https:\/\/antcube.shop\/faq-ants\/\">Bie\u017e\u0101k uzdotie jaut\u0101jumi skudras<\/a><\/p>\n<p><a href=\"https:\/\/antcube.shop\/catching-queen-ants\/\">K\u0101 no\u0137ert skudru karalieni<\/a><\/p>\n<p><a href=\"https:\/\/antcube.shop\/ant-species\/\">Uzzini vair\u0101k par skudr\u0101m<\/a><\/p>\n<p><a href=\"https:\/\/antcube.shop\/social-media\/\">P\u0101rbaudiet m\u016bsu YouTube kan\u0101lus, tur varat atrast noder\u012bgus padomus un inform\u0101ciju.<\/a><\/p>\n\n\t\t<\/div>\n\t<\/div>\n\t\n\t<div id=\"accordion-953451446\" class=\"accordion-item\">\n\t\t<a id=\"accordion-953451446-label\" class=\"accordion-title plain\" href=\"#accordion-item-you-have-questions-about-our-products?\" aria-expanded=\"false\" aria-controls=\"accordion-953451446-content\">\n\t\t\t<button class=\"toggle\" aria-label=\"P\u0101rsl\u0113gt\"><i class=\"icon-angle-down\" aria-hidden=\"true\"><\/i><\/button>\n\t\t\t<span>Jums ir jaut\u0101jumi par m\u016bsu produktiem?<\/span>\n\t\t<\/a>\n\t\t<div id=\"accordion-953451446-content\" class=\"accordion-inner\" aria-labelledby=\"accordion-953451446-label\">\n\t\t\t\n\n<p>Ja jums ir jaut\u0101jumi par m\u016bsu produktiem, l\u016bdzu, vispirms apskatiet attiec\u012bgo produktu aprakstu m\u016bsu veikal\u0101.<\/p>\n<p>Cit\u0101di vair\u0101k inform\u0101cijas var atrast \u0161eit:<\/p>\n<p><a href=\"https:\/\/antcube.shop\/product-information\/\">Inform\u0101cija par produktu<\/a><\/p>\n\n\t\t<\/div>\n\t<\/div>\n\t\n\n<\/div>\n\t<div id=\"gap-1348485504\" class=\"gap-element clearfix\" style=\"display:block; height:auto;\">\n\t\t\n<style>\n#gap-1348485504 {\n  padding-top: 60px;\n}\n<\/style>\n\t<\/div>\n\t\n\n\t<div class=\"img has-hover x md-x lg-x y md-y lg-y\" id=\"image_304936004\">\n\t\t\t\t\t\t\t\t<div class=\"img-inner dark\" >\n\t\t\t<img data-recalc-dims=\"1\" loading=\"lazy\" decoding=\"async\" width=\"900\" height=\"900\" src=\"https:\/\/i0.wp.com\/antcube.shop\/wp-content\/uploads\/2021\/09\/Firmeneingang.jpg?resize=900%2C900&#038;ssl=1\" class=\"attachment-original size-original\" alt=\"ANTSTORE ieeja\" srcset=\"https:\/\/i0.wp.com\/antcube.shop\/wp-content\/uploads\/2021\/09\/Firmeneingang.jpg?w=900&amp;ssl=1 900w, https:\/\/i0.wp.com\/antcube.shop\/wp-content\/uploads\/2021\/09\/Firmeneingang.jpg?resize=247%2C247&amp;ssl=1 247w, https:\/\/i0.wp.com\/antcube.shop\/wp-content\/uploads\/2021\/09\/Firmeneingang.jpg?resize=100%2C100&amp;ssl=1 100w, https:\/\/i0.wp.com\/antcube.shop\/wp-content\/uploads\/2021\/09\/Firmeneingang.jpg?resize=510%2C510&amp;ssl=1 510w, https:\/\/i0.wp.com\/antcube.shop\/wp-content\/uploads\/2021\/09\/Firmeneingang.jpg?resize=400%2C400&amp;ssl=1 400w, https:\/\/i0.wp.com\/antcube.shop\/wp-content\/uploads\/2021\/09\/Firmeneingang.jpg?resize=800%2C800&amp;ssl=1 800w, https:\/\/i0.wp.com\/antcube.shop\/wp-content\/uploads\/2021\/09\/Firmeneingang.jpg?resize=280%2C280&amp;ssl=1 280w, https:\/\/i0.wp.com\/antcube.shop\/wp-content\/uploads\/2021\/09\/Firmeneingang.jpg?resize=768%2C768&amp;ssl=1 768w\" sizes=\"auto, (max-width: 900px) 100vw, 900px\" \/>\t\t\t\t\t\t\n\t\t\t\t\t<\/div>\n\t\t\t\t\t\t\t\t\n<style>\n#image_304936004 {\n  width: 100%;\n}\n<\/style>\n\t<\/div>\n\t\n\n\n\t\t<\/div>\n\t\t\t\t\t<\/div>\n\n\t\n\n\t<div id=\"col-906548656\" class=\"col medium-6 large-6\"  >\n\t\t\t\t<div class=\"col-inner\"  >\n\t\t\t\n\t\t\t\n\n<div class=\"container section-title-container\" ><h3 class=\"section-title section-title-normal\"><b aria-hidden=\"true\"><\/b><span class=\"section-title-main\" >Sazinieties ar mums<\/span><b aria-hidden=\"true\"><\/b><\/h3><\/div>\n\n<ul>\n<li><strong>E-pasts<\/strong>: contact@antcube.de<\/li>\n<li><strong>T\u0101lrunis<\/strong>: <a href=\"tel:+49 30 439703870\">+49 30 439703870<\/a><\/li>\n<\/ul>\n<p><strong>Darba laiks <\/strong>(UTC\/GMT +1):<\/p>\n<ul>\n<li>No otrdienas l\u012bdz piektdienai no plkst. 10:00 l\u012bdz 12:00 un no plkst. 13:00 l\u012bdz 18:00.<\/li>\n<\/ul>\n<div class=\"container section-title-container\" ><h3 class=\"section-title section-title-normal\"><b aria-hidden=\"true\"><\/b><span class=\"section-title-main\" >Apmekl\u0113jiet m\u016bsu veikalu<\/span><b aria-hidden=\"true\"><\/b><\/h3><\/div>\n\n<p><strong>Adrese:<\/strong><\/p>\n<ul>\n<li>ielas: Selerweg 41<\/li>\n<li>Pasta indekss: D - 12169<\/li>\n<li>Pils\u0113ta: Berl\u012bne<\/li>\n<li>Valsts: V\u0101cija<\/li>\n<li>Rajons: Steglitz-Zehlendorf<\/li>\n<\/ul>\n<p><strong>Darba laiks<\/strong> (UTC\/GMT +1)<\/p>\n<ul>\n<li>No otrdienas l\u012bdz piektdienai 13:00 - 18:00<\/li>\n<\/ul>\n<p><iframe loading=\"lazy\" style=\"border: 0;\" src=\"https:\/\/www.google.com\/maps\/embed?pb=!1m18!1m12!1m3!1d2431.3708399886823!2d13.335121715997175!3d52.454311048847416!2m3!1f0!2f0!3f0!3m2!1i1024!2i768!4f13.1!3m3!1m2!1s0x47a85a9242e5bc07%3A0xc44ee1d5a0728440!2sANTSTORE!5e0!3m2!1sde!2sde!4v1632470583913!5m2!1sde!2sde\" width=\"600\" height=\"450\" allowfullscreen=\"allowfullscreen\"><\/iframe><\/p>\n\n\t\t<\/div>\n\t\t\t\t\t<\/div>\n\n\t\n\n<\/div>","protected":false},"excerpt":{"rendered":"","protected":false},"author":1,"featured_media":27,"parent":0,"menu_order":0,"comment_status":"closed","ping_status":"closed","template":"page-blank.php","meta":{"_acf_changed":false,"content-type":"","_monsterinsights_skip_tracking":false,"_monsterinsights_sitenote_active":false,"_monsterinsights_sitenote_note":"","_monsterinsights_sitenote_category":0,"footnotes":""},"class_list":["post-102","page","type-page","status-publish","has-post-thumbnail","hentry"],"acf":[],"aioseo_notices":[],"jetpack_sharing_enabled":true,"_links":{"self":[{"href":"https:\/\/antcube.shop\/lv\/wp-json\/wp\/v2\/pages\/102","targetHints":{"allow":["GET"]}}],"collection":[{"href":"https:\/\/antcube.shop\/lv\/wp-json\/wp\/v2\/pages"}],"about":[{"href":"https:\/\/antcube.shop\/lv\/wp-json\/wp\/v2\/types\/page"}],"author":[{"embeddable":true,"href":"https:\/\/antcube.shop\/lv\/wp-json\/wp\/v2\/users\/1"}],"replies":[{"embeddable":true,"href":"https:\/\/antcube.shop\/lv\/wp-json\/wp\/v2\/comments?post=102"}],"version-history":[{"count":10,"href":"https:\/\/antcube.shop\/lv\/wp-json\/wp\/v2\/pages\/102\/revisions"}],"predecessor-version":[{"id":11083,"href":"https:\/\/antcube.shop\/lv\/wp-json\/wp\/v2\/pages\/102\/revisions\/11083"}],"wp:featuredmedia":[{"embeddable":true,"href":"https:\/\/antcube.shop\/lv\/wp-json\/wp\/v2\/media\/27"}],"wp:attachment":[{"href":"https:\/\/antcube.shop\/lv\/wp-json\/wp\/v2\/media?parent=102"}],"curies":[{"name":"wp","href":"https:\/\/api.w.org\/{rel}","templated":true}]}}