{"id":9887,"date":"2024-10-08T15:19:57","date_gmt":"2024-10-08T13:19:57","guid":{"rendered":"https:\/\/antcube.shop\/en\/product\/ameisenarena-rahmen-60x30-5cm\/"},"modified":"2026-04-13T10:48:43","modified_gmt":"2026-04-13T08:48:43","slug":"skruzdelyno-remas-60x30-5cm","status":"publish","type":"product","link":"https:\/\/antcube.shop\/lt\/produktas\/skruzdelyno-remas-60x30-5cm\/","title":{"rendered":"Skruzd\u0117lyno r\u0117mas 60\u00d730 - 5 cm"},"content":{"rendered":"<p><strong>Matmenys (Dx\u0160xV):<\/strong> 60x30x0,4 cm<br \/>\n5 cm plo\u010dio<\/p>\n<p><span data-text-color=\"alert\"><strong>D\u0116MESIO: tinka tik m\u016bs\u0173 stiklo ir tinklelio dang\u010diams 60\u00d730!<\/strong><\/span><\/p>\n<p><strong>Med\u017eiaga:<\/strong> Pl\u016bdusis stiklas<\/p>\n<p><strong>Spalva:<\/strong> kri\u0161tolo skaidrumo \/ skaidrus<\/p>\n<p><strong>Turinys:<\/strong><br \/>\n1x skruzd\u0117lyno r\u0117mas<\/p>\n<p><strong>Apra\u0161ymas:<\/strong><br \/>\nStiklo r\u0117mas skruzd\u0117lynui kaip apsauga nuo pab\u0117gimo<\/p>\n<p><strong>Taikymas:<\/strong><br \/>\nSkruzd\u0117lyno r\u0117mas - tai i\u0161 stiklo pagamintas r\u0117mas, dedamas ant skruzd\u0117lyno vir\u0161aus ir apa\u010dioje padengiamas apsaugine priemone (aliejumi, milteliais arba da\u017eais), kad skruzd\u0117s negal\u0117t\u0173 i\u0161tr\u016bkti.<\/p>\n<p><strong>Pastaba:<\/strong><br \/>\nKadangi gaminys pagamintas i\u0161 stiklo, tod\u0117l yra trapus, su juo reikia elgtis labai atsargiai. Stiklas pjaustomas pagal DIN 1249 reikalavimus, leistina paklaida +\/- 1 mm. Itin ma\u017eoms skruzd\u0117li\u0173 r\u016b\u0161ims b\u016btina papildoma apsauga nuo i\u0161dau\u017eimo.<\/p>","protected":false},"excerpt":{"rendered":"<p>Matmenys (Dx\u0160xV): 60x30x0,4 cm 5 cm plo\u010dio D\u0116MESIO: tinka tik m\u016bs\u0173 stiklo ir tinklelio dang\u010diams 60x30! Med\u017eiaga: Spalva: kri\u0161tolo skaidrumo \/ permatoma Sud\u0117tis: Stiklas su plaukiojan\u010diu stiklu: Sud\u0117tis: 1x skruzd\u0117lyno r\u0117mas Apra\u0161ymas: Stiklo r\u0117melis skruzd\u0117lynui kaip apsauga nuo pab\u0117gimo: Skruzd\u0117lyno r\u0117melis yra stiklo r\u0117melis, kuris dedamas ant skruzd\u0117lyno.","protected":false},"featured_media":10125,"comment_status":"open","ping_status":"closed","template":"","meta":{"_acf_changed":false,"content-type":"","_monsterinsights_skip_tracking":false,"_monsterinsights_sitenote_active":false,"_monsterinsights_sitenote_note":"","_monsterinsights_sitenote_category":0},"product_brand":[484],"product_cat":[91,93],"product_tag":[],"class_list":{"0":"post-9887","1":"product","2":"type-product","3":"status-publish","4":"has-post-thumbnail","6":"product_brand-antcube","7":"product_cat-formicarium-modules","8":"product_cat-arena-frame","10":"first","11":"instock","12":"taxable","13":"shipping-taxable","14":"purchasable","15":"product-type-simple"},"acf":[],"aioseo_notices":[],"jetpack_sharing_enabled":true,"_links":{"self":[{"href":"https:\/\/antcube.shop\/lt\/wp-json\/wp\/v2\/product\/9887","targetHints":{"allow":["GET"]}}],"collection":[{"href":"https:\/\/antcube.shop\/lt\/wp-json\/wp\/v2\/product"}],"about":[{"href":"https:\/\/antcube.shop\/lt\/wp-json\/wp\/v2\/types\/product"}],"replies":[{"embeddable":true,"href":"https:\/\/antcube.shop\/lt\/wp-json\/wp\/v2\/comments?post=9887"}],"wp:featuredmedia":[{"embeddable":true,"href":"https:\/\/antcube.shop\/lt\/wp-json\/wp\/v2\/media\/10125"}],"wp:attachment":[{"href":"https:\/\/antcube.shop\/lt\/wp-json\/wp\/v2\/media?parent=9887"}],"wp:term":[{"taxonomy":"product_brand","embeddable":true,"href":"https:\/\/antcube.shop\/lt\/wp-json\/wp\/v2\/product_brand?post=9887"},{"taxonomy":"product_cat","embeddable":true,"href":"https:\/\/antcube.shop\/lt\/wp-json\/wp\/v2\/product_cat?post=9887"},{"taxonomy":"product_tag","embeddable":true,"href":"https:\/\/antcube.shop\/lt\/wp-json\/wp\/v2\/product_tag?post=9887"}],"curies":[{"name":"wp","href":"https:\/\/api.w.org\/{rel}","templated":true}]}}