{"id":9886,"date":"2024-10-08T15:19:28","date_gmt":"2024-10-08T13:19:28","guid":{"rendered":"https:\/\/antcube.shop\/en\/product\/ameisenarena-rahmen-30x30-5cm\/"},"modified":"2026-04-02T09:54:47","modified_gmt":"2026-04-02T07:54:47","slug":"skruzdelyno-remas-30x30-5cm","status":"publish","type":"product","link":"https:\/\/antcube.shop\/lt\/produktas\/skruzdelyno-remas-30x30-5cm\/","title":{"rendered":"Skruzd\u0117lyno r\u0117mas 30\u00d730 - 5 cm"},"content":{"rendered":"<p><strong>Matmenys (Dx\u0160xV):<\/strong> 30x30x0,4 cm<br \/>\n5 cm plo\u010dio<\/p>\n<p><strong>Med\u017eiaga:<\/strong> floatinis stiklas<\/p>\n<p><strong>Spalva:<\/strong> kri\u0161tolo skaidrumo \/ skaidrus<\/p>\n<p><strong>Turinys:<\/strong><br \/>\n1x skruzd\u0117lyno r\u0117mas<\/p>\n<p><strong>Apra\u0161ymas:<\/strong><br \/>\nStiklo r\u0117mas skruzd\u0117lynui kaip apsauga nuo pab\u0117gimo<\/p>\n<p><strong>Taikymas:<\/strong><br \/>\nSkruzd\u0117lyno r\u0117mas - tai i\u0161 stiklo pagamintas r\u0117mas, dedamas ant skruzd\u0117lyno vir\u0161aus ir apa\u010dioje padengiamas apsaugine priemone (aliejumi, milteliais arba da\u017eais), kad skruzd\u0117s negal\u0117t\u0173 i\u0161tr\u016bkti.<\/p>\n<p><strong>Pastaba:<\/strong><br \/>\nKadangi gaminys pagamintas i\u0161 stiklo, tod\u0117l yra trapus, su juo reikia elgtis labai atsargiai. Stiklas pjaustomas pagal DIN 1249 reikalavimus, leistina paklaida +\/- 1 mm. Itin ma\u017eoms skruzd\u0117li\u0173 r\u016b\u0161ims b\u016btina papildoma apsauga nuo i\u0161dau\u017eimo.<\/p>","protected":false},"excerpt":{"rendered":"<p>Matmenys (Dx\u0160xV): 30x30x0,4 cm 5 cm plo\u010dio Med\u017eiaga: flotacinis stiklas Spalva: kri\u0161tolo skaidrumo \/ permatoma Turinys: 1x skruzd\u0117lyno r\u0117mas Apra\u0161ymas: Stiklo r\u0117melis skruzd\u0117lynui kaip apsauga nuo pab\u0117gimo: Skruzd\u0117lyno r\u0117melis - tai stiklinis r\u0117melis, kuris dedamas ant skruzd\u0117lyno vir\u0161aus ir suteikia apsaug\u0105 nuo pab\u0117gimo.","protected":false},"featured_media":10126,"comment_status":"open","ping_status":"closed","template":"","meta":{"_acf_changed":false,"content-type":"","_monsterinsights_skip_tracking":false,"_monsterinsights_sitenote_active":false,"_monsterinsights_sitenote_note":"","_monsterinsights_sitenote_category":0},"product_brand":[484],"product_cat":[91,93],"product_tag":[],"class_list":{"0":"post-9886","1":"product","2":"type-product","3":"status-publish","4":"has-post-thumbnail","6":"product_brand-antcube","7":"product_cat-formicarium-modules","8":"product_cat-arena-frame","10":"first","11":"instock","12":"taxable","13":"shipping-taxable","14":"purchasable","15":"product-type-simple"},"acf":[],"aioseo_notices":[],"jetpack_sharing_enabled":true,"_links":{"self":[{"href":"https:\/\/antcube.shop\/lt\/wp-json\/wp\/v2\/product\/9886","targetHints":{"allow":["GET"]}}],"collection":[{"href":"https:\/\/antcube.shop\/lt\/wp-json\/wp\/v2\/product"}],"about":[{"href":"https:\/\/antcube.shop\/lt\/wp-json\/wp\/v2\/types\/product"}],"replies":[{"embeddable":true,"href":"https:\/\/antcube.shop\/lt\/wp-json\/wp\/v2\/comments?post=9886"}],"wp:featuredmedia":[{"embeddable":true,"href":"https:\/\/antcube.shop\/lt\/wp-json\/wp\/v2\/media\/10126"}],"wp:attachment":[{"href":"https:\/\/antcube.shop\/lt\/wp-json\/wp\/v2\/media?parent=9886"}],"wp:term":[{"taxonomy":"product_brand","embeddable":true,"href":"https:\/\/antcube.shop\/lt\/wp-json\/wp\/v2\/product_brand?post=9886"},{"taxonomy":"product_cat","embeddable":true,"href":"https:\/\/antcube.shop\/lt\/wp-json\/wp\/v2\/product_cat?post=9886"},{"taxonomy":"product_tag","embeddable":true,"href":"https:\/\/antcube.shop\/lt\/wp-json\/wp\/v2\/product_tag?post=9886"}],"curies":[{"name":"wp","href":"https:\/\/api.w.org\/{rel}","templated":true}]}}