{"id":9885,"date":"2024-10-08T15:18:52","date_gmt":"2024-10-08T13:18:52","guid":{"rendered":"https:\/\/antcube.shop\/en\/product\/abdeckung-hybrid-30x30\/"},"modified":"2026-03-31T15:36:01","modified_gmt":"2026-03-31T13:36:01","slug":"hibridinis-dangtis-30x30","status":"publish","type":"product","link":"https:\/\/antcube.shop\/lt\/produktas\/hibridinis-dangtis-30x30\/","title":{"rendered":"Hibridinis dangtis 30\u00d730"},"content":{"rendered":"<p>Saugus nuo skruzd\u0117li\u0173 ir drozofil\u0173 stiklas + ner\u016bdijan\u010dio plieno tinklelio dangtelis. Pro plon\u0105 ner\u016bdijan\u010dio plieno tinklel\u012f negali prasiskverbti net ma\u017eiausios skruzd\u0117l\u0117s ir net lapus pjaunan\u010dios skruzd\u0117l\u0117s.<\/p>\n<p><strong>Matmenys (Dx\u0160xV):<\/strong> 30x30x0,4 cm<br \/>\n<strong>Ry\u0161iai:<\/strong> 2x 50 mm skyl\u0117<br \/>\n11,7 x 17,5 cm ventiliacijos plotas<\/p>\n<p><strong>Med\u017eiaga:<\/strong> Float stiklas, ner\u016bdijan\u010dio plieno grotel\u0117s<\/p>\n<p><strong>Spalva:<\/strong> kri\u0161tolo skaidrumo \/ skaidrus<\/p>\n<p><strong>Turinys:<\/strong><br \/>\n1x hibridinis 30\u00d730 u\u017evalkalas<br \/>\n1x tvirtinimo ta\u0161kai \u00e0 4 vnt.<\/p>\n<p><strong>Apra\u0161ymas:<\/strong><br \/>\nStiklo dangtis skruzd\u0117lynui kaip apsauga nuo pab\u0117gimo<\/p>\n<p><strong>Taikymas:<\/strong><br \/>\nStiklinis skruzd\u0117lyno dangtis dedamas ant skruzd\u0117lyno ir taip pat naudojamas klimatui reguliuoti.<br \/>\n\u012e 50 mm angas galima \u012fstatyti \u012fvairius klimato kontrol\u0117s modulius, pvz., v\u0117dinimo groteles, ap\u0161vietim\u0105 ar dr\u0117kinim\u0105.<br \/>\nKad skruzd\u0117s negal\u0117t\u0173 i\u0161tr\u016bkti pro angas, apatin\u0119 pus\u0119 aplink angas reikia patepti apsaugine priemone (aliejumi, milteliais arba laku).<\/p>\n<p><strong>Pastaba:<\/strong><br \/>\nKadangi gaminys pagamintas i\u0161 stiklo, tod\u0117l yra trapus, su juo reikia elgtis labai atsargiai.<\/p>","protected":false},"excerpt":{"rendered":"<p>Saugus nuo skruzd\u0117li\u0173 ir drozofil\u0173 stiklas + ner\u016bdijan\u010dio plieno tinklelio dangtelis. Pro plon\u0105 ner\u016bdijan\u010dio plieno tinklel\u012f negali prasiskverbti net ma\u017eiausios skruzd\u0117l\u0117s ir net lapus pjaunan\u010dios skruzd\u0117l\u0117s. Matmenys (Dx\u0160xV): 30x30x0,4 cm Jungtys: Med\u017eiaga: flotacinis stiklas, ner\u016bdijan\u010dio plieno grotel\u0117s Spalva: kri\u0161tolo skaidrumo \/ skaidri","protected":false},"featured_media":9890,"comment_status":"open","ping_status":"closed","template":"","meta":{"_acf_changed":false,"content-type":"","_monsterinsights_skip_tracking":false,"_monsterinsights_sitenote_active":false,"_monsterinsights_sitenote_note":"","_monsterinsights_sitenote_category":0},"product_brand":[484],"product_cat":[257,91,92],"product_tag":[],"class_list":{"0":"post-9885","1":"product","2":"type-product","3":"status-publish","4":"has-post-thumbnail","6":"product_brand-antcube","7":"product_cat-new-innovatve-products","8":"product_cat-formicarium-modules","9":"product_cat-arena-cover","11":"first","12":"instock","13":"taxable","14":"shipping-taxable","15":"purchasable","16":"product-type-simple"},"acf":[],"aioseo_notices":[],"jetpack_sharing_enabled":true,"_links":{"self":[{"href":"https:\/\/antcube.shop\/lt\/wp-json\/wp\/v2\/product\/9885","targetHints":{"allow":["GET"]}}],"collection":[{"href":"https:\/\/antcube.shop\/lt\/wp-json\/wp\/v2\/product"}],"about":[{"href":"https:\/\/antcube.shop\/lt\/wp-json\/wp\/v2\/types\/product"}],"replies":[{"embeddable":true,"href":"https:\/\/antcube.shop\/lt\/wp-json\/wp\/v2\/comments?post=9885"}],"wp:featuredmedia":[{"embeddable":true,"href":"https:\/\/antcube.shop\/lt\/wp-json\/wp\/v2\/media\/9890"}],"wp:attachment":[{"href":"https:\/\/antcube.shop\/lt\/wp-json\/wp\/v2\/media?parent=9885"}],"wp:term":[{"taxonomy":"product_brand","embeddable":true,"href":"https:\/\/antcube.shop\/lt\/wp-json\/wp\/v2\/product_brand?post=9885"},{"taxonomy":"product_cat","embeddable":true,"href":"https:\/\/antcube.shop\/lt\/wp-json\/wp\/v2\/product_cat?post=9885"},{"taxonomy":"product_tag","embeddable":true,"href":"https:\/\/antcube.shop\/lt\/wp-json\/wp\/v2\/product_tag?post=9885"}],"curies":[{"name":"wp","href":"https:\/\/api.w.org\/{rel}","templated":true}]}}